{"id":185,"date":"2024-05-09T15:52:20","date_gmt":"2024-05-09T18:52:20","guid":{"rendered":"https:\/\/www.ufsm.br\/projetos\/pesquisa\/cedeittec\/?page_id=185"},"modified":"2024-06-05T12:03:42","modified_gmt":"2024-06-05T15:03:42","slug":"comite-gestor","status":"publish","type":"page","link":"https:\/\/www.ufsm.br\/projetos\/pesquisa\/cedeittec\/comite-gestor","title":{"rendered":"Comit\u00ea Gestor"},"content":{"rendered":"\t\t<div data-elementor-type=\"wp-page\" data-elementor-id=\"185\" class=\"elementor elementor-185\">\n\t\t\t\t\t\t<section class=\"elementor-section elementor-top-section elementor-element elementor-element-98ab99f elementor-section-boxed elementor-section-height-default elementor-section-height-default\" data-id=\"98ab99f\" data-element_type=\"section\">\n\t\t\t\t\t\t<div class=\"elementor-container elementor-column-gap-default\">\n\t\t\t\t\t<div class=\"elementor-column elementor-col-100 elementor-top-column elementor-element elementor-element-55c3248\" data-id=\"55c3248\" data-element_type=\"column\">\n\t\t\t<div class=\"elementor-widget-wrap elementor-element-populated\">\n\t\t\t\t\t\t<div class=\"elementor-element elementor-element-6ad9272 elementor-widget elementor-widget-heading\" data-id=\"6ad9272\" data-element_type=\"widget\" data-widget_type=\"heading.default\">\n\t\t\t\t<div class=\"elementor-widget-container\">\n\t\t\t<h5 class=\"elementor-heading-title elementor-size-default\">COMIT\u00ca GESTOR<\/h5>\t\t<\/div>\n\t\t\t\t<\/div>\n\t\t\t\t\t<\/div>\n\t\t<\/div>\n\t\t\t\t\t<\/div>\n\t\t<\/section>\n\t\t\t\t<section class=\"elementor-section elementor-top-section elementor-element elementor-element-4d5d5ba elementor-section-boxed elementor-section-height-default elementor-section-height-default\" data-id=\"4d5d5ba\" data-element_type=\"section\">\n\t\t\t\t\t\t<div class=\"elementor-container elementor-column-gap-default\">\n\t\t\t\t\t<div class=\"elementor-column elementor-col-100 elementor-top-column elementor-element elementor-element-fb6775b\" data-id=\"fb6775b\" data-element_type=\"column\">\n\t\t\t<div class=\"elementor-widget-wrap elementor-element-populated\">\n\t\t\t\t\t\t<div class=\"elementor-element elementor-element-6b7e8cc elementor-widget elementor-widget-text-editor\" data-id=\"6b7e8cc\" data-element_type=\"widget\" data-widget_type=\"text-editor.default\">\n\t\t\t\t<div class=\"elementor-widget-container\">\n\t\t\t\t\t\t\t<p><span style=\"font-weight: 400\">A UFSM \u00e9 a sede da governan\u00e7a do CEDEITTEC Bioinsumos, que conta com um Comit\u00ea Gestor, composto por 11 pessoas de diferentes institui\u00e7\u00f5es parceiras. Esse Comit\u00ea \u00e9 presidido pelo Prof. Marcio Mazutti da UFSM e tem como vice-presidente o Prof. Jerson Guedes da mesma institui\u00e7\u00e3o. Cada n\u00facleo do CEDEITTEC tem seu representante e todos os segmentos est\u00e3o representados por pelo menos uma pessoa, conforme descrito abaixo:<\/span><\/p><p><span style=\"font-weight: 400\">Prof. Marcio Mazutti &#8211; presidente \u2013 CT UFSM<\/span><\/p><p><span style=\"font-weight: 400\">Prof. Jerson Guedes \u2013 vice-presidente \u2013 CCR UFSM<\/span><\/p><p><span style=\"font-weight: 400\">Prof. Gilson Zeni &#8211; CCNE UFSM<\/span><\/p><p><span style=\"font-weight: 400\">Prof. Giovani Zabot \u2013 UFSM Campus de Cachoeira do Sul\u00a0<\/span><\/p><p><span style=\"font-weight: 400\">Profa. Denise Schimidt \u2013 UFSM Campus de Frederico Westphalen\u00a0<\/span><\/p><p><span style=\"font-weight: 400\">Profa. Emanuele Junges &#8211; Representante ICT\u2019s externas<\/span><\/p><p><span style=\"font-weight: 400\">Sra. Maria Daniele Dutra &#8211; Representante Inova Parque da UFSM<\/span><\/p><p><span style=\"font-weight: 400\">Dr. Luiz Eduardo Curioletti &#8211; Representante Startups<\/span><\/p><p><span style=\"font-weight: 400\">Sr. Luis Fernando Cantele &#8211; Representante Empresas Consolidadas<\/span><\/p><p><span style=\"font-weight: 400\">Dr. Elder Dal Pr\u00e1 \u2013 Representante Emater (Extens\u00e3o rural)<\/span><\/p><p><span style=\"font-weight: 400\">Sr. Jos\u00e9 Paulo Salermo &#8211; Representante Sociedade civil<\/span><\/p><p><span style=\"font-weight: 400\">A governan\u00e7a do CEDEITTEC Bioinsumos se d\u00e1 por meio desse comit\u00ea e baseado no seu um estatuto que est\u00e1 dispon\u00edvel no s\u00edtio (<a href=\"https:\/\/www.ufsm.br\/projetos\/pesquisa\/cedeittec\" target=\"_blank\" rel=\"noopener\">https:\/\/www.ufsm.br\/projetos\/pesquisa\/cedeittec<\/a>), aprovado no Conselho da Unidade. Entretanto, al\u00e9m do comit\u00ea gestor as avalia\u00e7\u00f5es peri\u00f3dicas do atendimento e funcionamento do ambiente, entre elas os acessos, agendamentos e regras de utiliza\u00e7\u00e3o da infraestrutura s\u00e3o efetuadas em parceria com o <strong>Comit\u00ea de usu\u00e1rios<\/strong> (nominata abaixo). O acesso e agendamento de utiliza\u00e7\u00e3o s\u00e3o realizados de forma on line utilizando o link do centro (<a href=\"https:\/\/www.ufsm.br\/projetos\/pesquisa\/cedeittec\" target=\"_blank\" rel=\"noopener\">https:\/\/www.ufsm.br\/projetos\/pesquisa\/cedeittec<\/a>).\u00a0<\/span><\/p><p><span style=\"font-weight: 400\">Prof. Gilson Zeni &#8211; presidente \u2013 CT UFSM<\/span><\/p><p><span style=\"font-weight: 400\">Prof. Giovani Zabot \u2013 UFSM Campus de Cachoeira do Sul\u00a0<\/span><\/p><p><span style=\"font-weight: 400\">Profa. Emanuele Junges &#8211; Representante ICT\u2019s externas<\/span><\/p><p><span style=\"font-weight: 400\">Sra. Maria Daniele Dutra &#8211; Representante Inova Parque da UFSM<\/span><\/p><p><span style=\"font-weight: 400\">\u00c9 importante salientar que o CEDEITTEC Bioinsumos possui uma infraestrutura dotada de equipe e instala\u00e7\u00f5es de apoio \u00e0s atividades de P&amp;D com uso compartilhado, oferecendo servi\u00e7os, executados por t\u00e9cnicos de laborat\u00f3rio e servidores administrativos e apoiados por professores e alunos de p\u00f3s-doutorado, aos usu\u00e1rios internos e externos a UFSM.<\/span><\/p><p style=\"text-align: justify\">\u00a0<\/p>\t\t\t\t\t\t<\/div>\n\t\t\t\t<\/div>\n\t\t\t\t\t<\/div>\n\t\t<\/div>\n\t\t\t\t\t<\/div>\n\t\t<\/section>\n\t\t\t\t<\/div>\n\t\t","protected":false},"excerpt":{"rendered":"<p>COMIT\u00ca GESTOR A UFSM \u00e9 a sede da governan\u00e7a do CEDEITTEC Bioinsumos, que conta com um Comit\u00ea Gestor, composto por 11 pessoas de diferentes institui\u00e7\u00f5es parceiras. Esse Comit\u00ea \u00e9 presidido pelo Prof. Marcio Mazutti da UFSM e tem como vice-presidente o Prof. Jerson Guedes da mesma institui\u00e7\u00e3o. Cada n\u00facleo do CEDEITTEC tem seu representante e [&hellip;]<\/p>\n","protected":false},"author":2006,"featured_media":0,"parent":0,"menu_order":0,"comment_status":"closed","ping_status":"closed","template":"","meta":{"footnotes":""},"categories":[],"tags":[],"class_list":["post-185","page","type-page","status-publish","hentry"],"acf":[],"_links":{"self":[{"href":"https:\/\/www.ufsm.br\/projetos\/pesquisa\/cedeittec\/wp-json\/wp\/v2\/pages\/185","targetHints":{"allow":["GET"]}}],"collection":[{"href":"https:\/\/www.ufsm.br\/projetos\/pesquisa\/cedeittec\/wp-json\/wp\/v2\/pages"}],"about":[{"href":"https:\/\/www.ufsm.br\/projetos\/pesquisa\/cedeittec\/wp-json\/wp\/v2\/types\/page"}],"author":[{"embeddable":true,"href":"https:\/\/www.ufsm.br\/projetos\/pesquisa\/cedeittec\/wp-json\/wp\/v2\/users\/2006"}],"replies":[{"embeddable":true,"href":"https:\/\/www.ufsm.br\/projetos\/pesquisa\/cedeittec\/wp-json\/wp\/v2\/comments?post=185"}],"version-history":[{"count":0,"href":"https:\/\/www.ufsm.br\/projetos\/pesquisa\/cedeittec\/wp-json\/wp\/v2\/pages\/185\/revisions"}],"wp:attachment":[{"href":"https:\/\/www.ufsm.br\/projetos\/pesquisa\/cedeittec\/wp-json\/wp\/v2\/media?parent=185"}],"wp:term":[{"taxonomy":"category","embeddable":true,"href":"https:\/\/www.ufsm.br\/projetos\/pesquisa\/cedeittec\/wp-json\/wp\/v2\/categories?post=185"},{"taxonomy":"post_tag","embeddable":true,"href":"https:\/\/www.ufsm.br\/projetos\/pesquisa\/cedeittec\/wp-json\/wp\/v2\/tags?post=185"}],"curies":[{"name":"wp","href":"https:\/\/api.w.org\/{rel}","templated":true}]}}