{"id":222,"date":"2025-11-13T12:15:30","date_gmt":"2025-11-13T15:15:30","guid":{"rendered":"https:\/\/www.ufsm.br\/projetos\/pesquisa\/elirv\/?page_id=222"},"modified":"2026-04-02T15:04:06","modified_gmt":"2026-04-02T18:04:06","slug":"areas-de-atuacao","status":"publish","type":"page","link":"https:\/\/www.ufsm.br\/projetos\/pesquisa\/elirv\/areas-de-atuacao","title":{"rendered":""},"content":{"rendered":"\t\t<div data-elementor-type=\"wp-page\" data-elementor-id=\"222\" class=\"elementor elementor-222\">\n\t\t\t\t\t\t<section class=\"elementor-section elementor-top-section elementor-element elementor-element-9c21c87 elementor-section-boxed elementor-section-height-default elementor-section-height-default\" data-id=\"9c21c87\" data-element_type=\"section\">\n\t\t\t\t\t\t<div class=\"elementor-container elementor-column-gap-default\">\n\t\t\t\t\t<div class=\"elementor-column elementor-col-50 elementor-top-column elementor-element elementor-element-5d034ad\" data-id=\"5d034ad\" data-element_type=\"column\">\n\t\t\t<div class=\"elementor-widget-wrap elementor-element-populated\">\n\t\t\t\t\t\t<div class=\"elementor-element elementor-element-415968f elementor-widget__width-initial elementor-widget elementor-widget-image\" data-id=\"415968f\" data-element_type=\"widget\" data-widget_type=\"image.default\">\n\t\t\t\t<div class=\"elementor-widget-container\">\n\t\t\t\t\t\t\t\t\t\t\t\t\t<img decoding=\"async\" src=\"https:\/\/www.ufsm.br\/app\/uploads\/sites\/980\/elementor\/thumbs\/Nova-logo-ELI-RV-e1774451912322-rl18bjeon6j3vasmnph7tzonrn3p2mf51v36i4yhuo.png\" title=\"Nova logo ELI-RV\" alt=\"Nova logo ELI-RV\" loading=\"lazy\" \/>\t\t\t\t\t\t\t\t\t\t\t\t\t<\/div>\n\t\t\t\t<\/div>\n\t\t\t\t\t<\/div>\n\t\t<\/div>\n\t\t\t\t<div class=\"elementor-column elementor-col-50 elementor-top-column elementor-element elementor-element-455e6a4\" data-id=\"455e6a4\" data-element_type=\"column\">\n\t\t\t<div class=\"elementor-widget-wrap elementor-element-populated\">\n\t\t\t\t\t\t<div class=\"elementor-element elementor-element-6e9ce03 elementor-widget elementor-widget-heading\" data-id=\"6e9ce03\" data-element_type=\"widget\" data-widget_type=\"heading.default\">\n\t\t\t\t<div class=\"elementor-widget-container\">\n\t\t\t<h1 class=\"elementor-heading-title elementor-size-default\"><br>Escrit\u00f3rio Local de Inova\u00e7\u00e3o Rio da V\u00e1rzea<\/h1>\t\t<\/div>\n\t\t\t\t<\/div>\n\t\t\t\t\t<\/div>\n\t\t<\/div>\n\t\t\t\t\t<\/div>\n\t\t<\/section>\n\t\t\t\t<section class=\"elementor-section elementor-top-section elementor-element elementor-element-bbeac8a elementor-section-boxed elementor-section-height-default elementor-section-height-default\" data-id=\"bbeac8a\" data-element_type=\"section\">\n\t\t\t\t\t\t<div class=\"elementor-container elementor-column-gap-default\">\n\t\t\t\t\t<div class=\"elementor-column elementor-col-100 elementor-top-column elementor-element elementor-element-885baf2\" data-id=\"885baf2\" data-element_type=\"column\">\n\t\t\t<div class=\"elementor-widget-wrap elementor-element-populated\">\n\t\t\t\t\t\t<div class=\"elementor-element elementor-element-5d910ed elementor-widget-divider--view-line elementor-widget elementor-widget-divider\" data-id=\"5d910ed\" data-element_type=\"widget\" data-widget_type=\"divider.default\">\n\t\t\t\t<div class=\"elementor-widget-container\">\n\t\t\t\t\t<div class=\"elementor-divider\">\n\t\t\t<span class=\"elementor-divider-separator\">\n\t\t\t\t\t\t<\/span>\n\t\t<\/div>\n\t\t\t\t<\/div>\n\t\t\t\t<\/div>\n\t\t\t\t<section class=\"elementor-section elementor-inner-section elementor-element elementor-element-247bf0d elementor-section-full_width elementor-section-content-middle elementor-section-height-default elementor-section-height-default\" data-id=\"247bf0d\" data-element_type=\"section\" data-settings=\"{&quot;animation&quot;:&quot;none&quot;}\">\n\t\t\t\t\t\t<div class=\"elementor-container elementor-column-gap-narrow\">\n\t\t\t\t\t<div class=\"elementor-column elementor-col-14 elementor-inner-column elementor-element elementor-element-a89c334\" data-id=\"a89c334\" data-element_type=\"column\">\n\t\t\t<div class=\"elementor-widget-wrap elementor-element-populated\">\n\t\t\t\t\t\t<div class=\"elementor-element elementor-element-b511826 elementor-align-justify elementor-button-info elementor-widget elementor-widget-button\" data-id=\"b511826\" data-element_type=\"widget\" data-widget_type=\"button.default\">\n\t\t\t\t<div class=\"elementor-widget-container\">\n\t\t\t\t\t\t\t<div class=\"elementor-button-wrapper\">\n\t\t\t\t\t<a class=\"elementor-button elementor-button-link elementor-size-sm\" href=\"https:\/\/www.ufsm.br\/projetos\/pesquisa\/elirv\">\n\t\t\t\t\t\t<span class=\"elementor-button-content-wrapper\">\n\t\t\t\t\t\t\t\t\t<span class=\"elementor-button-text\">In\u00edcio<\/span>\n\t\t\t\t\t<\/span>\n\t\t\t\t\t<\/a>\n\t\t\t\t<\/div>\n\t\t\t\t\t\t<\/div>\n\t\t\t\t<\/div>\n\t\t\t\t\t<\/div>\n\t\t<\/div>\n\t\t\t\t<div class=\"elementor-column elementor-col-14 elementor-inner-column elementor-element elementor-element-b89ff95\" data-id=\"b89ff95\" data-element_type=\"column\">\n\t\t\t<div class=\"elementor-widget-wrap elementor-element-populated\">\n\t\t\t\t\t\t<div class=\"elementor-element elementor-element-5192600 elementor-align-justify elementor-button-info elementor-widget elementor-widget-button\" data-id=\"5192600\" data-element_type=\"widget\" data-widget_type=\"button.default\">\n\t\t\t\t<div class=\"elementor-widget-container\">\n\t\t\t\t\t\t\t<div class=\"elementor-button-wrapper\">\n\t\t\t\t\t<a class=\"elementor-button elementor-button-link elementor-size-sm\" href=\"https:\/\/www.ufsm.br\/projetos\/pesquisa\/elirv\/quem-somos\">\n\t\t\t\t\t\t<span class=\"elementor-button-content-wrapper\">\n\t\t\t\t\t\t\t\t\t<span class=\"elementor-button-text\">Quem Somos?<\/span>\n\t\t\t\t\t<\/span>\n\t\t\t\t\t<\/a>\n\t\t\t\t<\/div>\n\t\t\t\t\t\t<\/div>\n\t\t\t\t<\/div>\n\t\t\t\t\t<\/div>\n\t\t<\/div>\n\t\t\t\t<div class=\"elementor-column elementor-col-14 elementor-inner-column elementor-element elementor-element-7d4bc1b\" data-id=\"7d4bc1b\" data-element_type=\"column\">\n\t\t\t<div class=\"elementor-widget-wrap elementor-element-populated\">\n\t\t\t\t\t\t<div class=\"elementor-element elementor-element-427861f elementor-align-justify elementor-button-info elementor-widget elementor-widget-button\" data-id=\"427861f\" data-element_type=\"widget\" data-widget_type=\"button.default\">\n\t\t\t\t<div class=\"elementor-widget-container\">\n\t\t\t\t\t\t\t<div class=\"elementor-button-wrapper\">\n\t\t\t\t\t<a class=\"elementor-button elementor-button-link elementor-size-sm\" href=\"https:\/\/www.ufsm.br\/projetos\/pesquisa\/elirv\/equipe\">\n\t\t\t\t\t\t<span class=\"elementor-button-content-wrapper\">\n\t\t\t\t\t\t\t\t\t<span class=\"elementor-button-text\">Equipe<\/span>\n\t\t\t\t\t<\/span>\n\t\t\t\t\t<\/a>\n\t\t\t\t<\/div>\n\t\t\t\t\t\t<\/div>\n\t\t\t\t<\/div>\n\t\t\t\t\t<\/div>\n\t\t<\/div>\n\t\t\t\t<div class=\"elementor-column elementor-col-14 elementor-inner-column elementor-element elementor-element-021a3a9\" data-id=\"021a3a9\" data-element_type=\"column\">\n\t\t\t<div class=\"elementor-widget-wrap elementor-element-populated\">\n\t\t\t\t\t\t<div class=\"elementor-element elementor-element-0b44d17 elementor-align-justify elementor-button-info elementor-widget elementor-widget-button\" data-id=\"0b44d17\" data-element_type=\"widget\" data-widget_type=\"button.default\">\n\t\t\t\t<div class=\"elementor-widget-container\">\n\t\t\t\t\t\t\t<div class=\"elementor-button-wrapper\">\n\t\t\t\t\t<a class=\"elementor-button elementor-button-link elementor-size-sm\" href=\"https:\/\/www.ufsm.br\/projetos\/pesquisa\/elirv\/publicacoes\">\n\t\t\t\t\t\t<span class=\"elementor-button-content-wrapper\">\n\t\t\t\t\t\t\t\t\t<span class=\"elementor-button-text\">Publica\u00e7\u00f5es<\/span>\n\t\t\t\t\t<\/span>\n\t\t\t\t\t<\/a>\n\t\t\t\t<\/div>\n\t\t\t\t\t\t<\/div>\n\t\t\t\t<\/div>\n\t\t\t\t\t<\/div>\n\t\t<\/div>\n\t\t\t\t<div class=\"elementor-column elementor-col-14 elementor-inner-column elementor-element elementor-element-975a4aa\" data-id=\"975a4aa\" data-element_type=\"column\">\n\t\t\t<div class=\"elementor-widget-wrap elementor-element-populated\">\n\t\t\t\t\t\t<div class=\"elementor-element elementor-element-b607f10 elementor-align-justify elementor-button-info elementor-widget elementor-widget-button\" data-id=\"b607f10\" data-element_type=\"widget\" data-widget_type=\"button.default\">\n\t\t\t\t<div class=\"elementor-widget-container\">\n\t\t\t\t\t\t\t<div class=\"elementor-button-wrapper\">\n\t\t\t\t\t<a class=\"elementor-button elementor-button-link elementor-size-sm\" href=\"https:\/\/www.ufsm.br\/projetos\/pesquisa\/elirv\/pesquisa-e-desenvolvimento-clima\">\n\t\t\t\t\t\t<span class=\"elementor-button-content-wrapper\">\n\t\t\t\t\t\t\t\t\t<span class=\"elementor-button-text\">P&amp;D Clima<\/span>\n\t\t\t\t\t<\/span>\n\t\t\t\t\t<\/a>\n\t\t\t\t<\/div>\n\t\t\t\t\t\t<\/div>\n\t\t\t\t<\/div>\n\t\t\t\t\t<\/div>\n\t\t<\/div>\n\t\t\t\t<div class=\"elementor-column elementor-col-14 elementor-inner-column elementor-element elementor-element-9477b81\" data-id=\"9477b81\" data-element_type=\"column\">\n\t\t\t<div class=\"elementor-widget-wrap elementor-element-populated\">\n\t\t\t\t\t\t<div class=\"elementor-element elementor-element-59b67cf elementor-align-justify elementor-button-info elementor-widget elementor-widget-button\" data-id=\"59b67cf\" data-element_type=\"widget\" data-widget_type=\"button.default\">\n\t\t\t\t<div class=\"elementor-widget-container\">\n\t\t\t\t\t\t\t<div class=\"elementor-button-wrapper\">\n\t\t\t\t\t<a class=\"elementor-button elementor-button-link elementor-size-sm\" href=\"https:\/\/www.ufsm.br\/projetos\/pesquisa\/elirv\/areas-de-atuacao\">\n\t\t\t\t\t\t<span class=\"elementor-button-content-wrapper\">\n\t\t\t\t\t\t\t\t\t<span class=\"elementor-button-text\">Atua\u00e7\u00e3o<\/span>\n\t\t\t\t\t<\/span>\n\t\t\t\t\t<\/a>\n\t\t\t\t<\/div>\n\t\t\t\t\t\t<\/div>\n\t\t\t\t<\/div>\n\t\t\t\t\t<\/div>\n\t\t<\/div>\n\t\t\t\t<div class=\"elementor-column elementor-col-14 elementor-inner-column elementor-element elementor-element-116ba68\" data-id=\"116ba68\" data-element_type=\"column\">\n\t\t\t<div class=\"elementor-widget-wrap elementor-element-populated\">\n\t\t\t\t\t\t<div class=\"elementor-element elementor-element-fd82717 elementor-align-justify elementor-button-info elementor-widget elementor-widget-button\" data-id=\"fd82717\" data-element_type=\"widget\" data-widget_type=\"button.default\">\n\t\t\t\t<div class=\"elementor-widget-container\">\n\t\t\t\t\t\t\t<div class=\"elementor-button-wrapper\">\n\t\t\t\t\t<a class=\"elementor-button elementor-button-link elementor-size-sm\" href=\"https:\/\/www.ufsm.br\/projetos\/pesquisa\/elirv\/contato-eli-rv\">\n\t\t\t\t\t\t<span class=\"elementor-button-content-wrapper\">\n\t\t\t\t\t\t\t\t\t<span class=\"elementor-button-text\">Contato<\/span>\n\t\t\t\t\t<\/span>\n\t\t\t\t\t<\/a>\n\t\t\t\t<\/div>\n\t\t\t\t\t\t<\/div>\n\t\t\t\t<\/div>\n\t\t\t\t\t<\/div>\n\t\t<\/div>\n\t\t\t\t\t<\/div>\n\t\t<\/section>\n\t\t\t\t<div class=\"elementor-element elementor-element-b1653e8 elementor-widget-divider--view-line elementor-widget elementor-widget-divider\" data-id=\"b1653e8\" data-element_type=\"widget\" data-widget_type=\"divider.default\">\n\t\t\t\t<div class=\"elementor-widget-container\">\n\t\t\t\t\t<div class=\"elementor-divider\">\n\t\t\t<span class=\"elementor-divider-separator\">\n\t\t\t\t\t\t<\/span>\n\t\t<\/div>\n\t\t\t\t<\/div>\n\t\t\t\t<\/div>\n\t\t\t\t\t<\/div>\n\t\t<\/div>\n\t\t\t\t\t<\/div>\n\t\t<\/section>\n\t\t\t\t<section class=\"elementor-section elementor-top-section elementor-element elementor-element-750081d elementor-section-boxed elementor-section-height-default elementor-section-height-default\" data-id=\"750081d\" data-element_type=\"section\">\n\t\t\t\t\t\t<div class=\"elementor-container elementor-column-gap-default\">\n\t\t\t\t\t<div class=\"elementor-column elementor-col-100 elementor-top-column elementor-element elementor-element-69260950\" data-id=\"69260950\" data-element_type=\"column\">\n\t\t\t<div class=\"elementor-widget-wrap elementor-element-populated\">\n\t\t\t\t\t\t<div class=\"elementor-element elementor-element-3bf6d6d elementor-widget elementor-widget-heading\" data-id=\"3bf6d6d\" data-element_type=\"widget\" data-widget_type=\"heading.default\">\n\t\t\t\t<div class=\"elementor-widget-container\">\n\t\t\t<h5 class=\"elementor-heading-title elementor-size-default\"><b>\u00c1reas de Atua\u00e7\u00e3o do ELI-RV<\/b><\/h5>\t\t<\/div>\n\t\t\t\t<\/div>\n\t\t\t\t<div class=\"elementor-element elementor-element-874a934 elementor-widget elementor-widget-spacer\" data-id=\"874a934\" data-element_type=\"widget\" data-widget_type=\"spacer.default\">\n\t\t\t\t<div class=\"elementor-widget-container\">\n\t\t\t\t\t<div class=\"elementor-spacer\">\n\t\t\t<div class=\"elementor-spacer-inner\"><\/div>\n\t\t<\/div>\n\t\t\t\t<\/div>\n\t\t\t\t<\/div>\n\t\t\t\t<div class=\"elementor-element elementor-element-6296a86c elementor-widget elementor-widget-text-editor\" data-id=\"6296a86c\" data-element_type=\"widget\" data-widget_type=\"text-editor.default\">\n\t\t\t\t<div class=\"elementor-widget-container\">\n\t\t\t\t\t\t\t<p>O <strong>Escrit\u00f3rio Local de Inova\u00e7\u00e3o Rio da V\u00e1rzea (ELI-RV)<\/strong> atua em diferentes frentes estrat\u00e9gicas, com o prop\u00f3sito de impulsionar o <strong>desenvolvimento regional<\/strong>, fortalecer o <strong>empreendedorismo<\/strong> e estimular a cultura de <strong>inova\u00e7\u00e3o<\/strong> nos 20 munic\u00edpios que comp\u00f5em o <strong>COREDE Rio da V\u00e1rzea<\/strong>.\u00a0<span style=\"color: #000000;font-size: 1rem\">Seu trabalho se baseia na colabora\u00e7\u00e3o entre <\/span><strong style=\"color: #000000;font-size: 1rem\" data-start=\"585\" data-end=\"644\">universidade, governo, empresas e sociedade civil<\/strong><span style=\"color: #000000;font-size: 1rem\">, construindo rela\u00e7\u00f5es que transformam ideias em a\u00e7\u00f5es. A seguir, apresentamos as principais \u00e1reas em que o Escrit\u00f3rio tem concentrado seus esfor\u00e7os:<\/span><\/p>\t\t\t\t\t\t<\/div>\n\t\t\t\t<\/div>\n\t\t\t\t<div class=\"elementor-element elementor-element-4e537a1 elementor-widget elementor-widget-text-editor\" data-id=\"4e537a1\" data-element_type=\"widget\" data-widget_type=\"text-editor.default\">\n\t\t\t\t<div class=\"elementor-widget-container\">\n\t\t\t\t\t\t\t<ul>\n<li><strong>Empreendedorismo e Desenvolvimento Regional<\/strong><\/li>\n<\/ul>\n<p style=\"padding-left: 40px\">Apoiamos o surgimento e a consolida\u00e7\u00e3o de novos neg\u00f3cios, oferecendo <strong>orienta\u00e7\u00e3o t\u00e9cnica, capacita\u00e7\u00e3o e acompanhamento<\/strong> a empreendedores e pequenas empresas. As iniciativas buscam gerar <strong>emprego, renda e sustentabilidade,<\/strong> estimulando o fortalecimento das economias locais.<\/p>\t\t\t\t\t\t<\/div>\n\t\t\t\t<\/div>\n\t\t\t\t<div class=\"elementor-element elementor-element-abd0dba elementor-widget elementor-widget-text-editor\" data-id=\"abd0dba\" data-element_type=\"widget\" data-widget_type=\"text-editor.default\">\n\t\t\t\t<div class=\"elementor-widget-container\">\n\t\t\t\t\t\t\t<ul>\n<li><strong>Inova\u00e7\u00e3o e Tecnologia<\/strong><\/li>\n<\/ul>\n<p style=\"padding-left: 40px\">A inova\u00e7\u00e3o \u00e9 um dos pilares centrais da nossa atua\u00e7\u00e3o, s\u00e3o desenvolvidas <strong data-start=\"1494\" data-end=\"1537\">a\u00e7\u00f5es voltadas a difus\u00e3o de tecnologias<\/strong>, ao est\u00edmulo a <strong data-start=\"1553\" data-end=\"1574\">pesquisa aplicada<\/strong> e a cria\u00e7\u00e3o de <strong>solu\u00e7\u00f5es inovadoras<\/strong> que atendam as demandas locais. Promovemos a transfer\u00eancia de conhecimento e o uso de tecnologias acess\u00edveis, capazes de melhorar processos, aumentar a competitividade e gerar impacto positivo na sociedade.<\/p>\t\t\t\t\t\t<\/div>\n\t\t\t\t<\/div>\n\t\t\t\t<div class=\"elementor-element elementor-element-e79397f elementor-widget elementor-widget-text-editor\" data-id=\"e79397f\" data-element_type=\"widget\" data-widget_type=\"text-editor.default\">\n\t\t\t\t<div class=\"elementor-widget-container\">\n\t\t\t\t\t\t\t<ul>\n<li><strong>Sustentabilidade e Responsabilidade Social<\/strong><\/li>\n<\/ul>\n<p style=\"padding-left: 40px\">A sustentabilidade est\u00e1 sempre presente em nossas iniciativas, com a\u00e7\u00f5es que buscam <strong data-start=\"2535\" data-end=\"2626\">equilibrar o crescimento econ\u00f4mico com o respeito ao meio ambiente e o bem-estar social<\/strong>, incentivando pr\u00e1ticas produtivas respons\u00e1veis e inovadoras. O Escrit\u00f3rio estimula a cria\u00e7\u00e3o de solu\u00e7\u00f5es locais que gerem impactos positivos dur\u00e1veis.<\/p>\t\t\t\t\t\t<\/div>\n\t\t\t\t<\/div>\n\t\t\t\t<div class=\"elementor-element elementor-element-acf7d38 elementor-widget elementor-widget-text-editor\" data-id=\"acf7d38\" data-element_type=\"widget\" data-widget_type=\"text-editor.default\">\n\t\t\t\t<div class=\"elementor-widget-container\">\n\t\t\t\t\t\t\t<p>A nossa atua\u00e7\u00e3o baseia-se na ideia de que <strong data-start=\"227\" data-end=\"264\">a inova\u00e7\u00e3o \u00e9 um processo coletivo<\/strong>, sustentado pela <strong data-start=\"282\" data-end=\"337\">intera\u00e7\u00e3o entre os quatro eixos da h\u00e9lice qu\u00e1drupla (governo, universidades, setor produtivo e sociedade civil)<\/strong>. \u00c9 por meio dessa integra\u00e7\u00e3o que se tornam poss\u00edveis solu\u00e7\u00f5es mais eficientes, colaborativas e alinhadas \u00e0s reais necessidades da regi\u00e3o. \u00c9 dessa forma que o <strong data-start=\"546\" data-end=\"592\">Escrit\u00f3rio Local de Inova\u00e7\u00e3o Rio da V\u00e1rzea (ELI-RV)<\/strong> segue comprometido em <strong data-start=\"615\" data-end=\"697\">criar oportunidades, desenvolver compet\u00eancias e transformar desafios em solu\u00e7\u00f5es<\/strong>, contribuindo para um <strong data-start=\"720\" data-end=\"768\">futuro mais pr\u00f3spero, inovador e sustent\u00e1vel<\/strong> para toda a regi\u00e3o.<\/p>\t\t\t\t\t\t<\/div>\n\t\t\t\t<\/div>\n\t\t\t\t\t<\/div>\n\t\t<\/div>\n\t\t\t\t\t<\/div>\n\t\t<\/section>\n\t\t\t\t<section class=\"elementor-section elementor-top-section elementor-element elementor-element-157294e elementor-section-boxed elementor-section-height-default elementor-section-height-default\" data-id=\"157294e\" data-element_type=\"section\">\n\t\t\t\t\t\t<div class=\"elementor-container elementor-column-gap-default\">\n\t\t\t\t\t<div class=\"elementor-column elementor-col-100 elementor-top-column elementor-element elementor-element-c05c219\" data-id=\"c05c219\" data-element_type=\"column\">\n\t\t\t<div class=\"elementor-widget-wrap elementor-element-populated\">\n\t\t\t\t\t\t<div class=\"elementor-element elementor-element-fbe6be5 elementor-widget elementor-widget-html\" data-id=\"fbe6be5\" data-element_type=\"widget\" data-widget_type=\"html.default\">\n\t\t\t\t<div class=\"elementor-widget-container\">\n\t\t\t<footer style=\"background:#eee;text-align:center;padding:15px\">\r\n        <p>\u00a9 2026 ELI-RV UFSM. \r\n        <\/p>\r\n<\/footer>\t\t<\/div>\n\t\t\t\t<\/div>\n\t\t\t\t\t<\/div>\n\t\t<\/div>\n\t\t\t\t\t<\/div>\n\t\t<\/section>\n\t\t\t\t<\/div>\n\t\t","protected":false},"excerpt":{"rendered":"<p>Escrit\u00f3rio Local de Inova\u00e7\u00e3o Rio da V\u00e1rzea In\u00edcio Quem Somos? Equipe Publica\u00e7\u00f5es P&amp;D Clima Atua\u00e7\u00e3o Contato \u00c1reas de Atua\u00e7\u00e3o do ELI-RV O Escrit\u00f3rio Local de Inova\u00e7\u00e3o Rio da V\u00e1rzea (ELI-RV) atua em diferentes frentes estrat\u00e9gicas, com o prop\u00f3sito de impulsionar o desenvolvimento regional, fortalecer o empreendedorismo e estimular a cultura de inova\u00e7\u00e3o nos 20 munic\u00edpios [&hellip;]<\/p>\n","protected":false},"author":9113,"featured_media":0,"parent":0,"menu_order":0,"comment_status":"closed","ping_status":"closed","template":"","meta":{"footnotes":""},"categories":[],"tags":[],"class_list":["post-222","page","type-page","status-publish","hentry"],"acf":[],"_links":{"self":[{"href":"https:\/\/www.ufsm.br\/projetos\/pesquisa\/elirv\/wp-json\/wp\/v2\/pages\/222","targetHints":{"allow":["GET"]}}],"collection":[{"href":"https:\/\/www.ufsm.br\/projetos\/pesquisa\/elirv\/wp-json\/wp\/v2\/pages"}],"about":[{"href":"https:\/\/www.ufsm.br\/projetos\/pesquisa\/elirv\/wp-json\/wp\/v2\/types\/page"}],"author":[{"embeddable":true,"href":"https:\/\/www.ufsm.br\/projetos\/pesquisa\/elirv\/wp-json\/wp\/v2\/users\/9113"}],"replies":[{"embeddable":true,"href":"https:\/\/www.ufsm.br\/projetos\/pesquisa\/elirv\/wp-json\/wp\/v2\/comments?post=222"}],"version-history":[{"count":0,"href":"https:\/\/www.ufsm.br\/projetos\/pesquisa\/elirv\/wp-json\/wp\/v2\/pages\/222\/revisions"}],"wp:attachment":[{"href":"https:\/\/www.ufsm.br\/projetos\/pesquisa\/elirv\/wp-json\/wp\/v2\/media?parent=222"}],"wp:term":[{"taxonomy":"category","embeddable":true,"href":"https:\/\/www.ufsm.br\/projetos\/pesquisa\/elirv\/wp-json\/wp\/v2\/categories?post=222"},{"taxonomy":"post_tag","embeddable":true,"href":"https:\/\/www.ufsm.br\/projetos\/pesquisa\/elirv\/wp-json\/wp\/v2\/tags?post=222"}],"curies":[{"name":"wp","href":"https:\/\/api.w.org\/{rel}","templated":true}]}}