{"id":236,"date":"2026-03-24T19:42:17","date_gmt":"2026-03-24T22:42:17","guid":{"rendered":"https:\/\/www.ufsm.br\/projetos\/pesquisa\/elirv\/?page_id=236"},"modified":"2026-04-03T20:08:51","modified_gmt":"2026-04-03T23:08:51","slug":"equipe","status":"publish","type":"page","link":"https:\/\/www.ufsm.br\/projetos\/pesquisa\/elirv\/equipe","title":{"rendered":"Equipe"},"content":{"rendered":"<p><img decoding=\"async\" src=\"https:\/\/www.ufsm.br\/app\/uploads\/sites\/980\/2025\/09\/Nova-logo-ELI-RV-e1774451912322-150x150.png\" title=\"Nova logo ELI-RV\" alt=\"Nova logo ELI-RV\" loading=\"lazy\" \/>\t\t\t\t\t\t\t\t\t\t\t\t\t<\/p>\n<h1>Escrit\u00f3rio Local de Inova\u00e7\u00e3o Rio da V\u00e1rzea<\/h1>\n<p>\t\t\t\t\t<a href=\"https:\/\/www.ufsm.br\/projetos\/pesquisa\/elirv\"><br \/>\n\t\t\t\t\t\t\t\t\tIn\u00edcio<br \/>\n\t\t\t\t\t<\/a><br \/>\n\t\t\t\t\t<a href=\"https:\/\/www.ufsm.br\/projetos\/pesquisa\/elirv\/quem-somos\"><br \/>\n\t\t\t\t\t\t\t\t\tQuem Somos?<br \/>\n\t\t\t\t\t<\/a><br \/>\n\t\t\t\t\t<a href=\"https:\/\/www.ufsm.br\/projetos\/pesquisa\/elirv\/equipe\"><br \/>\n\t\t\t\t\t\t\t\t\tEquipe<br \/>\n\t\t\t\t\t<\/a><br \/>\n\t\t\t\t\t<a href=\"https:\/\/www.ufsm.br\/projetos\/pesquisa\/elirv\/publicacoes\"><br \/>\n\t\t\t\t\t\t\t\t\tPublica\u00e7\u00f5es<br \/>\n\t\t\t\t\t<\/a><br \/>\n\t\t\t\t\t<a href=\"https:\/\/www.ufsm.br\/projetos\/pesquisa\/elirv\/pesquisa-e-desenvolvimento-clima\"><br \/>\n\t\t\t\t\t\t\t\t\tP&amp;D Clima<br \/>\n\t\t\t\t\t<\/a><br \/>\n\t\t\t\t\t<a href=\"https:\/\/www.ufsm.br\/projetos\/pesquisa\/elirv\/areas-de-atuacao\"><br \/>\n\t\t\t\t\t\t\t\t\tAtua\u00e7\u00e3o<br \/>\n\t\t\t\t\t<\/a><br \/>\n\t\t\t\t\t<a href=\"https:\/\/www.ufsm.br\/projetos\/pesquisa\/elirv\/contato-eli-rv\"><br \/>\n\t\t\t\t\t\t\t\t\tContato<br \/>\n\t\t\t\t\t<\/a><\/p>\n<h2>Coordenador<\/h2>\n<figure><a href=\"http:\/\/lattes.cnpq.br\/5647891554789516\"><img fetchpriority=\"high\" decoding=\"async\" width=\"600\" height=\"661\" src=\"https:\/\/www.ufsm.br\/app\/uploads\/sites\/980\/2026\/03\/servletrecuperafoto-3-1-e1774452361469.jpg\" alt=\"\" \/><\/a><\/figure>\n<h1><a href=\"http:\/\/lattes.cnpq.br\/5647891554789516\"><\/p>\n<h3 style=\"font-size:18px;font-weight:600;color:#1f3c88;letter-spacing:0.5px;margin:0 0 10px 0\">   Dr. Nelson Guilherme Machado Pinto       <\/h3>\n<p><\/a><\/h1>\n<p>\n    Coordenador do ELI-RV<br \/>\n  <a href=\"http:\/\/lattes.cnpq.br\/5647891554789516\" target=\"_blank\" style=\"align-items:center;text-decoration:none\"><br \/>\n    <img decoding=\"async\" src=\"https:\/\/www.ufsm.br\/app\/uploads\/sites\/980\/2025\/09\/icon-curriculo-lattes.png\" style=\"width:110px\"><br \/>\n  <\/a>\n<\/p>\n<h2>Alunos de Doutorado<\/h2>\n<p>  <!-- FOTO (AGORA CLIC\u00c1VEL) --><br \/>\n  <a href=\"http:\/\/lattes.cnpq.br\/1048626603764858\" target=\"_blank\" style=\"text-decoration:none\"><br \/>\n    <img decoding=\"async\" src=\"https:\/\/www.ufsm.br\/app\/uploads\/sites\/980\/2026\/03\/luis-2.jpg\" style=\"width:140px;height:140px;object-fit:cover;border-radius:50%;margin-bottom:15px;cursor:pointer\"><br \/>\n  <\/a><br \/>\n  <!-- NOME --><br \/>\n    Lu\u00eds Eduardo Carvalho Noskoski<br \/>\n  <!-- CARGO --><br \/>\n    Doutorando<br \/>\n  <!-- LATTES --><br \/>\n  <a href=\"http:\/\/lattes.cnpq.br\/1048626603764858\" target=\"_blank\"><br \/>\n    <img decoding=\"async\" src=\"https:\/\/www.ufsm.br\/app\/uploads\/sites\/980\/2025\/09\/icon-curriculo-lattes.png\" style=\"width:90px;cursor:pointer\"><br \/>\n  <\/a><br \/>\n  <!-- FOTO (AGORA CLIC\u00c1VEL) --><br \/>\n  <a href=\"http:\/\/lattes.cnpq.br\/4789937560743161\" target=\"_blank\" style=\"text-decoration:none\"><br \/>\n    <img decoding=\"async\" src=\"https:\/\/www.ufsm.br\/app\/uploads\/sites\/980\/2026\/03\/daniela1-1-e1774448977856.jpg\" style=\"width:140px;height:140px;object-fit:cover;border-radius:50%;margin-bottom:15px;cursor:pointer\"><br \/>\n  <\/a><br \/>\n  <!-- NOME --><br \/>\n    Daniela Arruda de Vargas<br \/>\n  <!-- CARGO --><br \/>\n    Doutoranda<br \/>\n  <!-- LATTES --><br \/>\n  <a href=\"http:\/\/lattes.cnpq.br\/4789937560743161\" target=\"_blank\"><br \/>\n    <img decoding=\"async\" src=\"https:\/\/www.ufsm.br\/app\/uploads\/sites\/980\/2025\/09\/icon-curriculo-lattes.png\" style=\"width:90px;cursor:pointer\"><br \/>\n  <\/a><br \/>\n  <!-- FOTO (AGORA CLIC\u00c1VEL) --><br \/>\n  <a href=\"http:\/\/lattes.cnpq.br\/4111514859070426\" target=\"_blank\" style=\"text-decoration:none\"><br \/>\n    <img decoding=\"async\" src=\"https:\/\/www.ufsm.br\/app\/uploads\/sites\/980\/2026\/03\/servletrecuperafoto-2.jpg\" style=\"width:140px;height:140px;object-fit:cover;border-radius:50%;margin-bottom:15px;cursor:pointer\"><br \/>\n  <\/a><br \/>\n  <!-- NOME --><br \/>\n    Francieli Diane Merlin Caresia<br \/>\n  <!-- CARGO --><br \/>\n    Doutoranda<br \/>\n  <!-- LATTES --><br \/>\n  <a href=\"http:\/\/lattes.cnpq.br\/4111514859070426\" target=\"_blank\"><br \/>\n    <img decoding=\"async\" src=\"https:\/\/www.ufsm.br\/app\/uploads\/sites\/980\/2025\/09\/icon-curriculo-lattes.png\" style=\"width:90px;cursor:pointer\"><br \/>\n  <\/a><\/p>\n<h2>Alunos de Mestrado<\/h2>\n<p>  <!-- FOTO (AGORA CLIC\u00c1VEL) --><br \/>\n  <a href=\"http:\/\/lattes.cnpq.br\/6800410276253422\" target=\"_blank\" style=\"text-decoration:none\"><br \/>\n    <img decoding=\"async\" src=\"https:\/\/www.ufsm.br\/app\/uploads\/sites\/980\/2026\/03\/Almyr-scaled-e1774449752807.jpg\" style=\"width:140px;height:140px;object-fit:cover;border-radius:50%;margin-bottom:15px;cursor:pointer\"><br \/>\n  <\/a><br \/>\n  <!-- NOME --><br \/>\n    Almyr Heitor Prediger Godoy<br \/>\n  <!-- CARGO --><br \/>\n    Mestrando<br \/>\n  <!-- LATTES --><br \/>\n  <a href=\"http:\/\/lattes.cnpq.br\/6800410276253422\" target=\"_blank\"><br \/>\n    <img decoding=\"async\" src=\"https:\/\/www.ufsm.br\/app\/uploads\/sites\/980\/2025\/09\/icon-curriculo-lattes.png\" style=\"width:90px;cursor:pointer\"><br \/>\n  <\/a><br \/>\n  <!-- FOTO (AGORA CLIC\u00c1VEL) --><br \/>\n  <a href=\"http:\/\/lattes.cnpq.br\/2936729816579127\" target=\"_blank\" style=\"text-decoration:none\"><br \/>\n    <img decoding=\"async\" src=\"https:\/\/www.ufsm.br\/app\/uploads\/sites\/980\/2026\/03\/servletrecuperafoto-2-1-e1774450611264.jpg\" style=\"width:140px;height:140px;object-fit:cover;border-radius:50%;margin-bottom:15px;cursor:pointer\"><br \/>\n  <\/a><br \/>\n  <!-- NOME --><br \/>\n   Gabriel Anderson Wachholz<br \/>\n  <!-- CARGO --><br \/>\n    Mestrando<br \/>\n  <!-- LATTES --><br \/>\n  <a href=\"http:\/\/lattes.cnpq.br\/2936729816579127\" target=\"_blank\"><br \/>\n    <img decoding=\"async\" src=\"https:\/\/www.ufsm.br\/app\/uploads\/sites\/980\/2025\/09\/icon-curriculo-lattes.png\" style=\"width:90px;cursor:pointer\"><br \/>\n  <\/a><br \/>\n  <!-- FOTO (AGORA CLIC\u00c1VEL) --><br \/>\n  <a href=\"http:\/\/lattes.cnpq.br\/9507092227393868\" target=\"_blank\" style=\"text-decoration:none\"><br \/>\n    <img decoding=\"async\" src=\"https:\/\/www.ufsm.br\/app\/uploads\/sites\/980\/2026\/03\/Thb-e1774450828260.jpg\" style=\"width:140px;height:140px;object-fit:cover;border-radius:50%;margin-bottom:15px;cursor:pointer\"><br \/>\n  <\/a><br \/>\n  <!-- NOME --><br \/>\n   Thiago Machado Bud\u00f3<br \/>\n  <!-- CARGO --><br \/>\n    Mestrando<br \/>\n  <!-- LATTES --><br \/>\n  <a href=\"http:\/\/lattes.cnpq.br\/9507092227393868\" target=\"_blank\"><br \/>\n    <img decoding=\"async\" src=\"https:\/\/www.ufsm.br\/app\/uploads\/sites\/980\/2025\/09\/icon-curriculo-lattes.png\" style=\"width:90px;cursor:pointer\"><br \/>\n  <\/a><\/p>\n<h2>Alunos de Gradua\u00e7\u00e3o<\/h2>\n<p>  <!-- FOTO (AGORA CLIC\u00c1VEL) --><br \/>\n  <a href=\"http:\/\/lattes.cnpq.br\/1537869978436510\" target=\"_blank\" style=\"text-decoration:none\"><br \/>\n    <img decoding=\"async\" src=\"https:\/\/www.ufsm.br\/app\/uploads\/sites\/980\/2026\/03\/WhatsApp-Image-2026-03-25-at-14.47.17-e1774461492666.jpeg\" style=\"width:140px;height:140px;object-fit:cover;border-radius:50%;margin-bottom:15px;cursor:pointer\"><br \/>\n  <\/a><br \/>\n  <!-- NOME --><br \/>\n   Ellen Silveira dos Santos<br \/>\n  <!-- NOVA ABA --><br \/>\n    Bolsista PROBIC Fapergs<br \/>\n  <!-- CARGO --><br \/>\n    Graduanda em Administra\u00e7\u00e3o<br \/>\n  <!-- LATTES --><br \/>\n  <a href=\"http:\/\/lattes.cnpq.br\/1537869978436510\" target=\"_blank\"><br \/>\n    <img decoding=\"async\" src=\"https:\/\/www.ufsm.br\/app\/uploads\/sites\/980\/2025\/09\/icon-curriculo-lattes.png\" style=\"width:90px;cursor:pointer\"><br \/>\n  <\/a><br \/>\n  <!-- FOTO (AGORA CLIC\u00c1VEL) --><br \/>\n  <a href=\"http:\/\/lattes.cnpq.br\/9973179761282120\" target=\"_blank\" style=\"text-decoration:none\"><br \/>\n    <img decoding=\"async\" src=\"https:\/\/www.ufsm.br\/app\/uploads\/sites\/980\/2025\/09\/Nova-logo-ELI-RV-e1774451912322.png\" style=\"width:140px;height:140px;object-fit:cover;border-radius:50%;margin-bottom:15px;cursor:pointer\"><br \/>\n  <\/a><br \/>\n  <!-- NOME --><br \/>\n  Joaquim Luiz Tontini<br \/>\n  <!-- NOVA ABA --><br \/>\n    Bolsista PIBITI CNPq<br \/>\n  <!-- CARGO --><br \/>\n    Graduando em Ci\u00ea. Economicas<br \/>\n  <!-- LATTES --><br \/>\n  <a href=\"http:\/\/lattes.cnpq.br\/9973179761282120\" target=\"_blank\"><br \/>\n    <img decoding=\"async\" src=\"https:\/\/www.ufsm.br\/app\/uploads\/sites\/980\/2025\/09\/icon-curriculo-lattes.png\" style=\"width:90px;cursor:pointer\"><br \/>\n  <\/a><br \/>\n  <!-- FOTO (AGORA CLIC\u00c1VEL) --><br \/>\n  <a href=\"http:\/\/lattes.cnpq.br\/0363766305553486\" target=\"_blank\" style=\"text-decoration:none\"><br \/>\n    <img decoding=\"async\" src=\"https:\/\/www.ufsm.br\/app\/uploads\/sites\/980\/2026\/03\/servletrecuperafoto-4-e1774461916540.jpg\" style=\"width:140px;height:140px;object-fit:cover;border-radius:50%;margin-bottom:15px;cursor:pointer\"><br \/>\n  <\/a><br \/>\n  <!-- NOME --><br \/>\n  Hector  Fornier Teixeira<br \/>\n  <!-- NOVA ABA --><br \/>\n    Bolsista PIBIC CNPq<br \/>\n  <!-- CARGO --><br \/>\n    Graduando em Administra\u00e7\u00e3o<br \/>\n  <!-- LATTES --><br \/>\n  <a href=\"http:\/\/lattes.cnpq.br\/0363766305553486\" target=\"_blank\"><br \/>\n    <img decoding=\"async\" src=\"https:\/\/www.ufsm.br\/app\/uploads\/sites\/980\/2025\/09\/icon-curriculo-lattes.png\" style=\"width:90px;cursor:pointer\"><br \/>\n  <\/a><br \/>\n  <!-- FOTO (AGORA CLIC\u00c1VEL) --><br \/>\n  <a href=\"http:\/\/lattes.cnpq.br\/2981977710208784\" target=\"_blank\" style=\"text-decoration:none\"><br \/>\n    <img decoding=\"async\" src=\"https:\/\/www.ufsm.br\/app\/uploads\/sites\/980\/2026\/03\/servletrecuperafoto-5.jpg\" style=\"width:140px;height:140px;object-fit:cover;border-radius:50%;margin-bottom:15px;cursor:pointer\"><br \/>\n  <\/a><br \/>\n  <!-- NOME --><br \/>\n  Eduarda Lagemann Melchior<br \/>\n  <!-- NOVA ABA --><br \/>\n    Bolsista PROBITI Fapergs<br \/>\n  <!-- CARGO --><br \/>\n    Graduanda em Zootecnia<br \/>\n  <!-- LATTES --><br \/>\n  <a href=\"http:\/\/lattes.cnpq.br\/2981977710208784\" target=\"_blank\"><br \/>\n    <img decoding=\"async\" src=\"https:\/\/www.ufsm.br\/app\/uploads\/sites\/980\/2025\/09\/icon-curriculo-lattes.png\" style=\"width:90px;cursor:pointer\"><br \/>\n  <\/a><\/p>\n<h2>Alunos de Ensino M\u00e9dio<\/h2>\n<p>  <!-- FOTO (AGORA CLIC\u00c1VEL) --><br \/>\n  <a href=\"http:\/\/lattes.cnpq.br\/5061805707782770\" target=\"_blank\" style=\"text-decoration:none\"><br \/>\n    <img decoding=\"async\" src=\"https:\/\/www.ufsm.br\/app\/uploads\/sites\/980\/2026\/03\/servletrecuperafoto-6-e1774463120703.jpg\" style=\"width:140px;height:140px;object-fit:cover;border-radius:50%;margin-bottom:15px;cursor:pointer\"><br \/>\n  <\/a><br \/>\n  <!-- NOME --><br \/>\n   Isabelle Bonini Gabbi<br \/>\n  <!-- NOVA ABA --><br \/>\n    Bolsista de Inicia\u00e7\u00e3o Cient\u00edfica J\u00fanior CNPq<br \/>\n  <!-- CARGO --><br \/>\n  <!-- LATTES --><br \/>\n  <a href=\"http:\/\/lattes.cnpq.br\/5061805707782770\" target=\"_blank\"><br \/>\n    <img decoding=\"async\" src=\"https:\/\/www.ufsm.br\/app\/uploads\/sites\/980\/2025\/09\/icon-curriculo-lattes.png\" style=\"width:90px;cursor:pointer\"><br \/>\n  <\/a><br \/>\n  <!-- FOTO (AGORA CLIC\u00c1VEL) --><br \/>\n  <a href=\"http:\/\/lattes.cnpq.br\/6816521125397837\" target=\"_blank\" style=\"text-decoration:none\"><br \/>\n    <img decoding=\"async\" src=\"https:\/\/www.ufsm.br\/app\/uploads\/sites\/980\/2026\/03\/servletrecuperafoto-7-e1774463213278.jpg\" style=\"width:140px;height:140px;object-fit:cover;border-radius:50%;margin-bottom:15px;cursor:pointer\"><br \/>\n  <\/a><br \/>\n  <!-- NOME --><br \/>\nValentina Foresti Piazer<br \/>\n  <!-- NOVA ABA --><br \/>\n Bolsista de Inicia\u00e7\u00e3o Cient\u00edfica J\u00fanior CNPq<br \/>\n  <!-- CARGO --><br \/>\n  <!-- LATTES --><br \/>\n  <a href=\"http:\/\/lattes.cnpq.br\/6816521125397837\" target=\"_blank\"><br \/>\n    <img decoding=\"async\" src=\"https:\/\/www.ufsm.br\/app\/uploads\/sites\/980\/2025\/09\/icon-curriculo-lattes.png\" style=\"width:90px;cursor:pointer\"><br \/>\n  <\/a><\/p>\n<footer style=\"background:#eee;text-align:center;padding:15px\">\n<p>\u00a9 2026 ELI-RV UFSM.\n        <\/p>\n<\/footer>\n","protected":false},"excerpt":{"rendered":"<p>Escrit\u00f3rio Local de Inova\u00e7\u00e3o Rio da V\u00e1rzea In\u00edcio Quem Somos? Equipe Publica\u00e7\u00f5es P&amp;D Clima Atua\u00e7\u00e3o Contato Coordenador Dr. Nelson Guilherme Machado Pinto Coordenador do ELI-RV Alunos de Doutorado Lu\u00eds Eduardo Carvalho Noskoski Doutorando Daniela Arruda de Vargas Doutoranda Francieli Diane Merlin Caresia Doutoranda Alunos de Mestrado Almyr Heitor Prediger Godoy Mestrando Gabriel Anderson Wachholz Mestrando [&hellip;]<\/p>\n","protected":false},"author":9114,"featured_media":0,"parent":0,"menu_order":0,"comment_status":"closed","ping_status":"closed","template":"","meta":{"footnotes":""},"categories":[],"tags":[],"class_list":["post-236","page","type-page","status-publish","hentry"],"acf":[],"_links":{"self":[{"href":"https:\/\/www.ufsm.br\/projetos\/pesquisa\/elirv\/wp-json\/wp\/v2\/pages\/236","targetHints":{"allow":["GET"]}}],"collection":[{"href":"https:\/\/www.ufsm.br\/projetos\/pesquisa\/elirv\/wp-json\/wp\/v2\/pages"}],"about":[{"href":"https:\/\/www.ufsm.br\/projetos\/pesquisa\/elirv\/wp-json\/wp\/v2\/types\/page"}],"author":[{"embeddable":true,"href":"https:\/\/www.ufsm.br\/projetos\/pesquisa\/elirv\/wp-json\/wp\/v2\/users\/9114"}],"replies":[{"embeddable":true,"href":"https:\/\/www.ufsm.br\/projetos\/pesquisa\/elirv\/wp-json\/wp\/v2\/comments?post=236"}],"version-history":[{"count":0,"href":"https:\/\/www.ufsm.br\/projetos\/pesquisa\/elirv\/wp-json\/wp\/v2\/pages\/236\/revisions"}],"wp:attachment":[{"href":"https:\/\/www.ufsm.br\/projetos\/pesquisa\/elirv\/wp-json\/wp\/v2\/media?parent=236"}],"wp:term":[{"taxonomy":"category","embeddable":true,"href":"https:\/\/www.ufsm.br\/projetos\/pesquisa\/elirv\/wp-json\/wp\/v2\/categories?post=236"},{"taxonomy":"post_tag","embeddable":true,"href":"https:\/\/www.ufsm.br\/projetos\/pesquisa\/elirv\/wp-json\/wp\/v2\/tags?post=236"}],"curies":[{"name":"wp","href":"https:\/\/api.w.org\/{rel}","templated":true}]}}