{"id":297,"date":"2026-03-25T16:12:17","date_gmt":"2026-03-25T19:12:17","guid":{"rendered":"https:\/\/www.ufsm.br\/projetos\/pesquisa\/elirv\/?page_id=297"},"modified":"2026-04-02T15:22:10","modified_gmt":"2026-04-02T18:22:10","slug":"publicacoes","status":"publish","type":"page","link":"https:\/\/www.ufsm.br\/projetos\/pesquisa\/elirv\/publicacoes","title":{"rendered":""},"content":{"rendered":"\t\t<div data-elementor-type=\"wp-page\" data-elementor-id=\"297\" class=\"elementor elementor-297\">\n\t\t\t\t\t\t<section class=\"elementor-section elementor-top-section elementor-element elementor-element-b65c7cb elementor-section-boxed elementor-section-height-default elementor-section-height-default\" data-id=\"b65c7cb\" data-element_type=\"section\">\n\t\t\t\t\t\t<div class=\"elementor-container elementor-column-gap-default\">\n\t\t\t\t\t<div class=\"elementor-column elementor-col-50 elementor-top-column elementor-element elementor-element-b64e240\" data-id=\"b64e240\" data-element_type=\"column\">\n\t\t\t<div class=\"elementor-widget-wrap elementor-element-populated\">\n\t\t\t\t\t\t<div class=\"elementor-element elementor-element-ab52828 elementor-widget__width-initial elementor-widget elementor-widget-image\" data-id=\"ab52828\" data-element_type=\"widget\" data-widget_type=\"image.default\">\n\t\t\t\t<div class=\"elementor-widget-container\">\n\t\t\t\t\t\t\t\t\t\t\t\t\t<img decoding=\"async\" src=\"https:\/\/www.ufsm.br\/app\/uploads\/sites\/980\/elementor\/thumbs\/Nova-logo-ELI-RV-e1774451912322-rl18bjeon6j3vasmnph7tzonrn3p2mf51v36i4yhuo.png\" title=\"Nova logo ELI-RV\" alt=\"Nova logo ELI-RV\" loading=\"lazy\" \/>\t\t\t\t\t\t\t\t\t\t\t\t\t<\/div>\n\t\t\t\t<\/div>\n\t\t\t\t\t<\/div>\n\t\t<\/div>\n\t\t\t\t<div class=\"elementor-column elementor-col-50 elementor-top-column elementor-element elementor-element-48f320a\" data-id=\"48f320a\" data-element_type=\"column\">\n\t\t\t<div class=\"elementor-widget-wrap elementor-element-populated\">\n\t\t\t\t\t\t<div class=\"elementor-element elementor-element-ecd8d6a elementor-widget elementor-widget-heading\" data-id=\"ecd8d6a\" data-element_type=\"widget\" data-widget_type=\"heading.default\">\n\t\t\t\t<div class=\"elementor-widget-container\">\n\t\t\t<h1 class=\"elementor-heading-title elementor-size-default\"><br>Escrit\u00f3rio Local de Inova\u00e7\u00e3o Rio da V\u00e1rzea<\/h1>\t\t<\/div>\n\t\t\t\t<\/div>\n\t\t\t\t\t<\/div>\n\t\t<\/div>\n\t\t\t\t\t<\/div>\n\t\t<\/section>\n\t\t\t\t<section class=\"elementor-section elementor-top-section elementor-element elementor-element-6d3f942 elementor-section-boxed elementor-section-height-default elementor-section-height-default\" data-id=\"6d3f942\" data-element_type=\"section\">\n\t\t\t\t\t\t<div class=\"elementor-container elementor-column-gap-default\">\n\t\t\t\t\t<div class=\"elementor-column elementor-col-100 elementor-top-column elementor-element elementor-element-7b016ad\" data-id=\"7b016ad\" data-element_type=\"column\">\n\t\t\t<div class=\"elementor-widget-wrap elementor-element-populated\">\n\t\t\t\t\t\t<div class=\"elementor-element elementor-element-ed4a43c elementor-widget-divider--view-line elementor-widget elementor-widget-divider\" data-id=\"ed4a43c\" data-element_type=\"widget\" data-widget_type=\"divider.default\">\n\t\t\t\t<div class=\"elementor-widget-container\">\n\t\t\t\t\t<div class=\"elementor-divider\">\n\t\t\t<span class=\"elementor-divider-separator\">\n\t\t\t\t\t\t<\/span>\n\t\t<\/div>\n\t\t\t\t<\/div>\n\t\t\t\t<\/div>\n\t\t\t\t<section class=\"elementor-section elementor-inner-section elementor-element elementor-element-2006552 elementor-section-full_width elementor-section-content-middle elementor-section-height-default elementor-section-height-default\" data-id=\"2006552\" data-element_type=\"section\" data-settings=\"{&quot;animation&quot;:&quot;none&quot;}\">\n\t\t\t\t\t\t<div class=\"elementor-container elementor-column-gap-narrow\">\n\t\t\t\t\t<div class=\"elementor-column elementor-col-14 elementor-inner-column elementor-element elementor-element-af28a78\" data-id=\"af28a78\" data-element_type=\"column\">\n\t\t\t<div class=\"elementor-widget-wrap elementor-element-populated\">\n\t\t\t\t\t\t<div class=\"elementor-element elementor-element-341cc70 elementor-align-justify elementor-button-info elementor-widget elementor-widget-button\" data-id=\"341cc70\" data-element_type=\"widget\" data-widget_type=\"button.default\">\n\t\t\t\t<div class=\"elementor-widget-container\">\n\t\t\t\t\t\t\t<div class=\"elementor-button-wrapper\">\n\t\t\t\t\t<a class=\"elementor-button elementor-button-link elementor-size-sm\" href=\"https:\/\/www.ufsm.br\/projetos\/pesquisa\/elirv\">\n\t\t\t\t\t\t<span class=\"elementor-button-content-wrapper\">\n\t\t\t\t\t\t\t\t\t<span class=\"elementor-button-text\">In\u00edcio<\/span>\n\t\t\t\t\t<\/span>\n\t\t\t\t\t<\/a>\n\t\t\t\t<\/div>\n\t\t\t\t\t\t<\/div>\n\t\t\t\t<\/div>\n\t\t\t\t\t<\/div>\n\t\t<\/div>\n\t\t\t\t<div class=\"elementor-column elementor-col-14 elementor-inner-column elementor-element elementor-element-ff7fd2c\" data-id=\"ff7fd2c\" data-element_type=\"column\">\n\t\t\t<div class=\"elementor-widget-wrap elementor-element-populated\">\n\t\t\t\t\t\t<div class=\"elementor-element elementor-element-d55f0be elementor-align-justify elementor-button-info elementor-widget elementor-widget-button\" data-id=\"d55f0be\" data-element_type=\"widget\" data-widget_type=\"button.default\">\n\t\t\t\t<div class=\"elementor-widget-container\">\n\t\t\t\t\t\t\t<div class=\"elementor-button-wrapper\">\n\t\t\t\t\t<a class=\"elementor-button elementor-button-link elementor-size-sm\" href=\"https:\/\/www.ufsm.br\/projetos\/pesquisa\/elirv\/quem-somos\">\n\t\t\t\t\t\t<span class=\"elementor-button-content-wrapper\">\n\t\t\t\t\t\t\t\t\t<span class=\"elementor-button-text\">Quem Somos?<\/span>\n\t\t\t\t\t<\/span>\n\t\t\t\t\t<\/a>\n\t\t\t\t<\/div>\n\t\t\t\t\t\t<\/div>\n\t\t\t\t<\/div>\n\t\t\t\t\t<\/div>\n\t\t<\/div>\n\t\t\t\t<div class=\"elementor-column elementor-col-14 elementor-inner-column elementor-element elementor-element-09ef926\" data-id=\"09ef926\" data-element_type=\"column\">\n\t\t\t<div class=\"elementor-widget-wrap elementor-element-populated\">\n\t\t\t\t\t\t<div class=\"elementor-element elementor-element-ad1d792 elementor-align-justify elementor-button-info elementor-widget elementor-widget-button\" data-id=\"ad1d792\" data-element_type=\"widget\" data-widget_type=\"button.default\">\n\t\t\t\t<div class=\"elementor-widget-container\">\n\t\t\t\t\t\t\t<div class=\"elementor-button-wrapper\">\n\t\t\t\t\t<a class=\"elementor-button elementor-button-link elementor-size-sm\" href=\"https:\/\/www.ufsm.br\/projetos\/pesquisa\/elirv\/equipe\">\n\t\t\t\t\t\t<span class=\"elementor-button-content-wrapper\">\n\t\t\t\t\t\t\t\t\t<span class=\"elementor-button-text\">Equipe<\/span>\n\t\t\t\t\t<\/span>\n\t\t\t\t\t<\/a>\n\t\t\t\t<\/div>\n\t\t\t\t\t\t<\/div>\n\t\t\t\t<\/div>\n\t\t\t\t\t<\/div>\n\t\t<\/div>\n\t\t\t\t<div class=\"elementor-column elementor-col-14 elementor-inner-column elementor-element elementor-element-c42bff3\" data-id=\"c42bff3\" data-element_type=\"column\">\n\t\t\t<div class=\"elementor-widget-wrap elementor-element-populated\">\n\t\t\t\t\t\t<div class=\"elementor-element elementor-element-4f03b19 elementor-align-justify elementor-button-info elementor-widget elementor-widget-button\" data-id=\"4f03b19\" data-element_type=\"widget\" data-widget_type=\"button.default\">\n\t\t\t\t<div class=\"elementor-widget-container\">\n\t\t\t\t\t\t\t<div class=\"elementor-button-wrapper\">\n\t\t\t\t\t<a class=\"elementor-button elementor-button-link elementor-size-sm\" href=\"https:\/\/www.ufsm.br\/projetos\/pesquisa\/elirv\/publicacoes\">\n\t\t\t\t\t\t<span class=\"elementor-button-content-wrapper\">\n\t\t\t\t\t\t\t\t\t<span class=\"elementor-button-text\">Publica\u00e7\u00f5es<\/span>\n\t\t\t\t\t<\/span>\n\t\t\t\t\t<\/a>\n\t\t\t\t<\/div>\n\t\t\t\t\t\t<\/div>\n\t\t\t\t<\/div>\n\t\t\t\t\t<\/div>\n\t\t<\/div>\n\t\t\t\t<div class=\"elementor-column elementor-col-14 elementor-inner-column elementor-element elementor-element-0b1fbcf\" data-id=\"0b1fbcf\" data-element_type=\"column\">\n\t\t\t<div class=\"elementor-widget-wrap elementor-element-populated\">\n\t\t\t\t\t\t<div class=\"elementor-element elementor-element-117dd3a elementor-align-justify elementor-button-info elementor-widget elementor-widget-button\" data-id=\"117dd3a\" data-element_type=\"widget\" data-widget_type=\"button.default\">\n\t\t\t\t<div class=\"elementor-widget-container\">\n\t\t\t\t\t\t\t<div class=\"elementor-button-wrapper\">\n\t\t\t\t\t<a class=\"elementor-button elementor-button-link elementor-size-sm\" href=\"https:\/\/www.ufsm.br\/projetos\/pesquisa\/elirv\/pesquisa-e-desenvolvimento-clima\">\n\t\t\t\t\t\t<span class=\"elementor-button-content-wrapper\">\n\t\t\t\t\t\t\t\t\t<span class=\"elementor-button-text\">P&amp;D Clima<\/span>\n\t\t\t\t\t<\/span>\n\t\t\t\t\t<\/a>\n\t\t\t\t<\/div>\n\t\t\t\t\t\t<\/div>\n\t\t\t\t<\/div>\n\t\t\t\t\t<\/div>\n\t\t<\/div>\n\t\t\t\t<div class=\"elementor-column elementor-col-14 elementor-inner-column elementor-element elementor-element-b645d0e\" data-id=\"b645d0e\" data-element_type=\"column\">\n\t\t\t<div class=\"elementor-widget-wrap elementor-element-populated\">\n\t\t\t\t\t\t<div class=\"elementor-element elementor-element-0fa166d elementor-align-justify elementor-button-info elementor-widget elementor-widget-button\" data-id=\"0fa166d\" data-element_type=\"widget\" data-widget_type=\"button.default\">\n\t\t\t\t<div class=\"elementor-widget-container\">\n\t\t\t\t\t\t\t<div class=\"elementor-button-wrapper\">\n\t\t\t\t\t<a class=\"elementor-button elementor-button-link elementor-size-sm\" href=\"https:\/\/www.ufsm.br\/projetos\/pesquisa\/elirv\/areas-de-atuacao\">\n\t\t\t\t\t\t<span class=\"elementor-button-content-wrapper\">\n\t\t\t\t\t\t\t\t\t<span class=\"elementor-button-text\">Atua\u00e7\u00e3o<\/span>\n\t\t\t\t\t<\/span>\n\t\t\t\t\t<\/a>\n\t\t\t\t<\/div>\n\t\t\t\t\t\t<\/div>\n\t\t\t\t<\/div>\n\t\t\t\t\t<\/div>\n\t\t<\/div>\n\t\t\t\t<div class=\"elementor-column elementor-col-14 elementor-inner-column elementor-element elementor-element-d889d74\" data-id=\"d889d74\" data-element_type=\"column\">\n\t\t\t<div class=\"elementor-widget-wrap elementor-element-populated\">\n\t\t\t\t\t\t<div class=\"elementor-element elementor-element-0ec0507 elementor-align-justify elementor-button-info elementor-widget elementor-widget-button\" data-id=\"0ec0507\" data-element_type=\"widget\" data-widget_type=\"button.default\">\n\t\t\t\t<div class=\"elementor-widget-container\">\n\t\t\t\t\t\t\t<div class=\"elementor-button-wrapper\">\n\t\t\t\t\t<a class=\"elementor-button elementor-button-link elementor-size-sm\" href=\"https:\/\/www.ufsm.br\/projetos\/pesquisa\/elirv\/contato-eli-rv\">\n\t\t\t\t\t\t<span class=\"elementor-button-content-wrapper\">\n\t\t\t\t\t\t\t\t\t<span class=\"elementor-button-text\">Contato<\/span>\n\t\t\t\t\t<\/span>\n\t\t\t\t\t<\/a>\n\t\t\t\t<\/div>\n\t\t\t\t\t\t<\/div>\n\t\t\t\t<\/div>\n\t\t\t\t\t<\/div>\n\t\t<\/div>\n\t\t\t\t\t<\/div>\n\t\t<\/section>\n\t\t\t\t<div class=\"elementor-element elementor-element-3f7ddbd elementor-widget-divider--view-line elementor-widget elementor-widget-divider\" data-id=\"3f7ddbd\" data-element_type=\"widget\" data-widget_type=\"divider.default\">\n\t\t\t\t<div class=\"elementor-widget-container\">\n\t\t\t\t\t<div class=\"elementor-divider\">\n\t\t\t<span class=\"elementor-divider-separator\">\n\t\t\t\t\t\t<\/span>\n\t\t<\/div>\n\t\t\t\t<\/div>\n\t\t\t\t<\/div>\n\t\t\t\t\t<\/div>\n\t\t<\/div>\n\t\t\t\t\t<\/div>\n\t\t<\/section>\n\t\t\t\t<section class=\"elementor-section elementor-top-section elementor-element elementor-element-2c9e5ba elementor-section-boxed elementor-section-height-default elementor-section-height-default\" data-id=\"2c9e5ba\" data-element_type=\"section\">\n\t\t\t\t\t\t<div class=\"elementor-container elementor-column-gap-default\">\n\t\t\t\t\t<div class=\"elementor-column elementor-col-100 elementor-top-column elementor-element elementor-element-34f9e38\" data-id=\"34f9e38\" data-element_type=\"column\">\n\t\t\t<div class=\"elementor-widget-wrap elementor-element-populated\">\n\t\t\t\t\t\t<div class=\"elementor-element elementor-element-9b698ed elementor-widget elementor-widget-html\" data-id=\"9b698ed\" data-element_type=\"widget\" data-widget_type=\"html.default\">\n\t\t\t\t<div class=\"elementor-widget-container\">\n\t\t\t<h2 style=\"color:#1f3c88;margin-bottom:15px\">Publica\u00e7\u00f5es<\/h2>\r\n\r\n<table style=\"width:100%;border-collapse:collapse;font-size:14px\">\r\n\r\n  <tr style=\"background:#f5f7fa\">\r\n    <th style=\"padding:10px;border:1px solid #ddd;text-align:left\">Indicador<\/th>\r\n    <th style=\"padding:10px;border:1px solid #ddd;text-align:left\">Quantidade<\/th>\r\n  <\/tr>\r\n\r\n  <tr>\r\n    <td style=\"padding:10px;border:1px solid #ddd\">Total de publica\u00e7\u00f5es<\/td>\r\n    <td style=\"padding:10px;border:1px solid #ddd\">6<\/td>\r\n  <\/tr>\r\n\r\n  <tr>\r\n    <td style=\"padding:10px;border:1px solid #ddd\">Publica\u00e7\u00f5es em 2026<\/td>\r\n    <td style=\"padding:10px;border:1px solid #ddd\">6<\/td>\r\n  <\/tr>\r\n\r\n<\/table>\t\t<\/div>\n\t\t\t\t<\/div>\n\t\t\t\t\t<\/div>\n\t\t<\/div>\n\t\t\t\t\t<\/div>\n\t\t<\/section>\n\t\t\t\t<section class=\"elementor-section elementor-top-section elementor-element elementor-element-c220f7e elementor-section-boxed elementor-section-height-default elementor-section-height-default\" data-id=\"c220f7e\" data-element_type=\"section\">\n\t\t\t\t\t\t<div class=\"elementor-container elementor-column-gap-default\">\n\t\t\t\t\t<div class=\"elementor-column elementor-col-100 elementor-top-column elementor-element elementor-element-2b80ae2\" data-id=\"2b80ae2\" data-element_type=\"column\">\n\t\t\t<div class=\"elementor-widget-wrap elementor-element-populated\">\n\t\t\t\t\t\t<div class=\"elementor-element elementor-element-1369c5d elementor-widget__width-initial elementor-widget elementor-widget-html\" data-id=\"1369c5d\" data-element_type=\"widget\" data-widget_type=\"html.default\">\n\t\t\t\t<div class=\"elementor-widget-container\">\n\t\t\t<details open>\r\n  <summary style=\"font-size:20px;font-weight:600;color:#1f3c88;margin:15px 0;cursor:pointer\">\r\n    2026\r\n  <\/summary>\r\n  <!-- NOVO ARTIGO -->\r\n<div style=\"border:1px solid #ddd;padding:15px;border-radius:10px;margin-bottom:15px\">\r\n  \r\n  <div style=\"background:#e8f0fe;color:#1f3c88;font-size:11px;font-weight:600;padding:4px 8px;border-radius:6px;margin-bottom:10px\">\r\n    Artigo em peri\u00f3dico\r\n  <\/div>\r\n\r\n  <!-- T\u00cdTULO -->\r\n  <div title=\"COLE O T\u00cdTULO COMPLETO AQUI\" style=\"font-size:16px;font-weight:600;color:#1f3c88;margin:8px 0 5px 0;overflow:hidden\">\r\nDETERMINANTES ECON\u00d4MICOS DAS EMISS\u00d5ES DE CO\u2082 AGR\u00cdCOLAS NO BRASIL\r\n  <\/div>\r\n\r\n  <!-- AUTORES -->\r\n  <div title=\"AUTORES COMPLETOS. (ANO)\" style=\"font-size:14px;color:#555;margin-bottom:4px;line-height:1.4\">\r\n    Lucas Fran\u00e7a Tanaro, Paola Naiara Conti, Taislane Aparecida Theodoro, Lu\u00eds Eduardo Carvalho Noskoski, Nelson Guilherme Machado Pinto e Nilson Luiz Costa. (2026)\r\n  <\/div>\r\n\r\n  <!-- PERI\u00d3DICO -->\r\n  <div style=\"font-size:13px;color:#777;margin-bottom:10px\">\r\n    <em>Revista De Geopol\u00edtica<\/em>\r\n  <\/div>\r\n\r\n  <!-- LINKS -->\r\n  <div style=\"font-size:14px\">\r\n    <a href=\"https:\/\/doi.org\/10.56238\/revgeov17n1-167\" target=\"_blank\">DOI<\/a> |\r\n    <a href=\"https:\/\/revistageo.com.br\/revgeo\/article\/view\/1429\/1058\" target=\"_blank\">PDF<\/a>\r\n  <\/div>\r\n\r\n<\/div>\r\n<!-- NOVO ARTIGO -->\r\n<div style=\"border:1px solid #ddd;padding:15px;border-radius:10px;margin-bottom:15px\">\r\n  \r\n  <div style=\"background:#e8f0fe;color:#1f3c88;font-size:11px;font-weight:600;padding:4px 8px;border-radius:6px;margin-bottom:10px\">\r\n    Artigo em peri\u00f3dico\r\n  <\/div>\r\n\r\n  <!-- T\u00cdTULO -->\r\n  <div title=\"COLE O T\u00cdTULO COMPLETO AQUI\" style=\"font-size:16px;font-weight:600;color:#1f3c88;margin:8px 0 5px 0;overflow:hidden\">\r\nBIOFUELS IN BRAZIL: A NARRATIVE REVIEW ON GRAIN ETHANOL PRODUCTION IN RIO GRANDE DO SUL\r\n  <\/div>\r\n\r\n <!-- AUTORES -->\r\n<div title=\"AUTORES COMPLETOS. (ANO)\" style=\"font-size:14px;color:#555;margin-bottom:4px;line-height:1.4\">\r\n  Lu\u00eds Eduardo Carvalho Noskoski, Maicon Roberto de Maria Weimer, Lucas Fran\u00e7a Tanaro, Nelson Guilherme Machado Pinto, Nelinho Davi Graef, Adriano Lago, Luciana Fagundes Christofari e \u00c9dina Caroline Alves. (2026)\r\n\r\n  <\/div>\r\n\r\n  <!-- PERI\u00d3DICO -->\r\n  <div style=\"font-size:13px;color:#777;margin-bottom:10px\">\r\n    <em>REVISTA MULTIDISCIPLINAR DO NORDESTE MINEIRO<\/em>\r\n  <\/div>\r\n\r\n  <!-- LINKS -->\r\n  <div style=\"font-size:14px\">\r\n    <a href=\"https:\/\/doi.org\/10.61164\/5555zn48\" target=\"_blank\">DOI<\/a> |\r\n    <a href=\"https:\/\/remunom.ojsbr.com\/multidisciplinar\/article\/view\/5378\/5128\" target=\"_blank\">PDF<\/a>\r\n  <\/div>\r\n\r\n<\/div>\r\n<!-- NOVO ARTIGO -->\r\n<div style=\"border:1px solid #ddd;padding:15px;border-radius:10px;margin-bottom:15px\">\r\n  \r\n  <div style=\"background:#e8f0fe;color:#1f3c88;font-size:11px;font-weight:600;padding:4px 8px;border-radius:6px;margin-bottom:10px\">\r\n    Artigo em peri\u00f3dico\r\n  <\/div>\r\n\r\n  <!-- T\u00cdTULO -->\r\n  <div title=\"COLE O T\u00cdTULO COMPLETO AQUI\" style=\"font-size:16px;font-weight:600;color:#1f3c88;margin:8px 0 5px 0;overflow:hidden\">\r\n    LEGISLA\u00c7\u00c3O E POL\u00cdTICAS P\u00daBLICAS FRENTE \u00c0S MUDAN\u00c7AS CLIM\u00c1TICAS: DESAFIOS E SOLU\u00c7\u00d5ES DE QUATRO REGI\u00d5ES, MINAS GERAIS (BRASIL), VAL\u00caNCIA (ESPANHA), NOVA ORLEANS (ESTADOS UNIDOS) E JAP\u00c3O\r\n\r\n  <\/div>\r\n\r\n<!-- AUTORES -->\r\n<div title=\"AUTORES COMPLETOS. (ANO)\" style=\"font-size:14px;color:#555;margin-bottom:4px;line-height:1.4\">\r\n  Patr\u00edcia Figueiredo Stefani, Geferson Gustavo Wagner Mota da Silva, Paloma Mattos Fagundes, Nelson Guilherme Machado Pinto, Gabriel Nunes de Oliveira, Lovana Cristina Wagner Nagel e Suraia de C\u00e1ssia Nasralla Souza. (2026)\r\n  <\/div>\r\n\r\n  <!-- PERI\u00d3DICO -->\r\n  <div style=\"font-size:13px;color:#777;margin-bottom:10px\">\r\n    <em>Revista DCS<\/em>\r\n  <\/div>\r\n\r\n  <!-- LINKS -->\r\n  <div style=\"font-size:14px\">\r\n    <a href=\"https:\/\/doi.org\/10.54899\/dcs.v23i86.4380\" target=\"_blank\">DOI<\/a> |\r\n    <a href=\"https:\/\/ojs.revistadcs.com\/index.php\/revista\/article\/view\/4380\/3386\" target=\"_blank\">PDF<\/a>\r\n  <\/div>\r\n\r\n<\/div>\r\n  <!-- ARTIGO 1 -->\r\n  <div style=\"border:1px solid #ddd;padding:15px;border-radius:10px;margin-bottom:15px\">\r\n    \r\n    <div style=\"background:#e8f0fe;color:#1f3c88;font-size:11px;font-weight:600;padding:4px 8px;border-radius:6px;margin-bottom:10px\">\r\n      Artigo em peri\u00f3dico\r\n    <\/div>\r\n\r\n    <div title=\"T\u00cdTULO COMPLETO DO ARTIGO\" style=\"font-size:16px;font-weight:600;color:#1f3c88;margin:8px 0 5px 0;overflow:hidden\">\r\nEVOLUTION OF INOVAGRO RESOURCE ALLOCATION IN TECHNOLOGICAL INNOVATION IN RIO GRANDE DO SUL AGRICULTURE (2014-2024)\r\n    <\/div>\r\n\r\n   <div title=\"AUTORES COMPLETOS. (ANO)\" style=\"font-size:14px;color:#555;margin-bottom:4px;line-height:1.4\">\r\n  Patricia Stefani, Nelson Guilherme Machado Pinto, Paloma de Mattos Fagundes, Geferson Gustavo Wagner Mota da Silva, Joaquim Luiz Tontini, Cristina de Oliveira Ara\u00fajo, Bianca Jupiara Fortes Schardong e Carolina de Mattos Nogueira (2026)\r\n\r\n    <\/div>\r\n\r\n    <div style=\"font-size:13px;color:#777;margin-bottom:10px\">\r\n      <em>REVISTA MULTIDISCIPLINAR DO NORDESTE MINEIRO<\/em>\r\n    <\/div>\r\n\r\n    <div style=\"font-size:14px\">\r\n      <a href=\"https:\/\/doi.org\/10.66104\/p0dw1p17\" target=\"_blank\">DOI<\/a> |\r\n      <a href=\"https:\/\/remunom.ojsbr.com\/multidisciplinar\/article\/view\/5650\/5288\" target=\"_blank\">PDF<\/a>\r\n    <\/div>\r\n\r\n  <\/div>\r\n\r\n  <!-- ARTIGO 2 -->\r\n  <div style=\"border:1px solid #ddd;padding:15px;border-radius:10px;margin-bottom:15px\">\r\n    \r\n    <div style=\"background:#e8f0fe;color:#1f3c88;font-size:11px;font-weight:600;padding:4px 8px;border-radius:6px;margin-bottom:10px\">\r\n      Artigo em peri\u00f3dico\r\n    <\/div>\r\n\r\n    <div title=\"CLIMATE CALAMITY IN RIO GRANDE DO SUL: A COMPARATIVE ANALYSIS WITH PREVIOUS DISASTERS\" style=\"font-size:16px;font-weight:600;color:#1f3c88;margin:8px 0 5px 0;overflow:hidden\">\r\n      CLIMATE CALAMITY IN RIO GRANDE DO SUL: A COMPARATIVE ANALYSIS WITH PREVIOUS DISASTERS\r\n    <\/div>\r\n\r\n    <div title=\"Nelson Guilherme Machado Pinto, Thiago Machado Bud\u00f3, Gabriel Anderson Wachholz e Almyr Heitor Prediger Godoy. (2026)\" style=\"font-size:14px;color:#555;margin-bottom:4px;line-height:1.4\">\r\n      Nelson Guilherme Machado Pinto, Thiago Machado Bud\u00f3, Gabriel Anderson Wachholz e Almyr Heitor Prediger Godoy. (2026)\r\n    <\/div>\r\n\r\n    <div style=\"font-size:13px;color:#777;margin-bottom:10px\">\r\n      <em>International Journal of Scientific Management and Tourism<\/em>\r\n    <\/div>\r\n\r\n    <div style=\"font-size:14px\">\r\n      <a href=\"https:\/\/doi.org\/10.37497\/eagleSustainable.v16i.628\" target=\"_blank\">DOI<\/a> |\r\n      <a href=\"https:\/\/iberoamericanic.org\/rev\/article\/view\/628\/604\" target=\"_blank\">PDF<\/a>\r\n    <\/div>\r\n\r\n  <\/div>\r\n\r\n  <!-- ARTIGO 3 -->\r\n  <div style=\"border:1px solid #ddd;padding:15px;border-radius:10px;margin-bottom:15px\">\r\n    \r\n    <div style=\"background:#e8f0fe;color:#1f3c88;font-size:11px;font-weight:600;padding:4px 8px;border-radius:6px;margin-bottom:10px\">\r\n      Artigo em peri\u00f3dico\r\n    <\/div>\r\n\r\n    <div title=\"DIFEREN\u00c7AS ENTRE O RENDIMENTO M\u00c9DIO DA PRODU\u00c7\u00c3O DA SOJA DOS ESTADOS BRASILEIROS\" style=\"font-size:16px;font-weight:600;color:#1f3c88;margin:8px 0 5px 0;overflow:hidden\">\r\n      DIFEREN\u00c7AS ENTRE O RENDIMENTO M\u00c9DIO DA PRODU\u00c7\u00c3O DA SOJA DOS ESTADOS BRASILEIROS\r\n    <\/div>\r\n\r\n    <div title=\"Almyr Heitor Prediger Godoy, Nelson Guilherme Machado Pinto, Thiago Machado Bud\u00f3, Joaquim Luiz Tontini, Lu\u00eds Eduardo Carvalho Noskoski e Gabriel Anderson Wachholz. (2026)\" style=\"font-size:14px;color:#555;margin-bottom:4px;line-height:1.4\">\r\n\r\n      Almyr Heitor Prediger Godoy, Nelson Guilherme Machado Pinto, Thiago Machado Bud\u00f3, Joaquim Luiz Tontini, Lu\u00eds Eduardo Carvalho Noskoski e Gabriel Anderson Wachholz. (2026)\r\n    <\/div>\r\n\r\n    <div style=\"font-size:13px;color:#777;margin-bottom:10px\">\r\n      <em>Peri\u00f3dicos Brasil. Pesquisa Cient\u00edfica<\/em>\r\n    <\/div>\r\n\r\n    <div style=\"font-size:14px\">\r\n      <a href=\"https:\/\/doi.org\/10.36557\/2674-9432.2026v5n1p1676-1687\" target=\"_blank\">DOI<\/a> |\r\n      <a href=\"https:\/\/periodicosbrasil.emnuvens.com.br\/revista\/article\/view\/627\/550\" target=\"_blank\">PDF<\/a>\r\n    <\/div>\r\n\r\n  <\/div>\r\n<\/details>\t\t<\/div>\n\t\t\t\t<\/div>\n\t\t\t\t\t<\/div>\n\t\t<\/div>\n\t\t\t\t\t<\/div>\n\t\t<\/section>\n\t\t\t\t<section class=\"elementor-section elementor-top-section elementor-element elementor-element-d91e199 elementor-section-boxed elementor-section-height-default elementor-section-height-default\" data-id=\"d91e199\" data-element_type=\"section\">\n\t\t\t\t\t\t<div class=\"elementor-container elementor-column-gap-default\">\n\t\t\t\t\t<div class=\"elementor-column elementor-col-100 elementor-top-column elementor-element elementor-element-80735c3\" data-id=\"80735c3\" data-element_type=\"column\">\n\t\t\t<div class=\"elementor-widget-wrap elementor-element-populated\">\n\t\t\t\t\t\t<div class=\"elementor-element elementor-element-ee5d1b7 elementor-widget elementor-widget-html\" data-id=\"ee5d1b7\" data-element_type=\"widget\" data-widget_type=\"html.default\">\n\t\t\t\t<div class=\"elementor-widget-container\">\n\t\t\t<footer style=\"background:#eee;text-align:center;padding:15px\">\r\n        <p>\u00a9 2026 ELI-RV UFSM. \r\n        <\/p>\r\n<\/footer>\t\t<\/div>\n\t\t\t\t<\/div>\n\t\t\t\t\t<\/div>\n\t\t<\/div>\n\t\t\t\t\t<\/div>\n\t\t<\/section>\n\t\t\t\t<\/div>\n\t\t","protected":false},"excerpt":{"rendered":"<p>Escrit\u00f3rio Local de Inova\u00e7\u00e3o Rio da V\u00e1rzea In\u00edcio Quem Somos? Equipe Publica\u00e7\u00f5es P&amp;D Clima Atua\u00e7\u00e3o Contato Publica\u00e7\u00f5es Indicador Quantidade Total de publica\u00e7\u00f5es 6 Publica\u00e7\u00f5es em 2026 6 2026 Artigo em peri\u00f3dico DETERMINANTES ECON\u00d4MICOS DAS EMISS\u00d5ES DE CO\u2082 AGR\u00cdCOLAS NO BRASIL Lucas Fran\u00e7a Tanaro, Paola Naiara Conti, Taislane Aparecida Theodoro, Lu\u00eds Eduardo Carvalho Noskoski, Nelson Guilherme [&hellip;]<\/p>\n","protected":false},"author":9114,"featured_media":0,"parent":0,"menu_order":0,"comment_status":"closed","ping_status":"closed","template":"","meta":{"footnotes":""},"categories":[],"tags":[],"class_list":["post-297","page","type-page","status-publish","hentry"],"acf":[],"_links":{"self":[{"href":"https:\/\/www.ufsm.br\/projetos\/pesquisa\/elirv\/wp-json\/wp\/v2\/pages\/297","targetHints":{"allow":["GET"]}}],"collection":[{"href":"https:\/\/www.ufsm.br\/projetos\/pesquisa\/elirv\/wp-json\/wp\/v2\/pages"}],"about":[{"href":"https:\/\/www.ufsm.br\/projetos\/pesquisa\/elirv\/wp-json\/wp\/v2\/types\/page"}],"author":[{"embeddable":true,"href":"https:\/\/www.ufsm.br\/projetos\/pesquisa\/elirv\/wp-json\/wp\/v2\/users\/9114"}],"replies":[{"embeddable":true,"href":"https:\/\/www.ufsm.br\/projetos\/pesquisa\/elirv\/wp-json\/wp\/v2\/comments?post=297"}],"version-history":[{"count":0,"href":"https:\/\/www.ufsm.br\/projetos\/pesquisa\/elirv\/wp-json\/wp\/v2\/pages\/297\/revisions"}],"wp:attachment":[{"href":"https:\/\/www.ufsm.br\/projetos\/pesquisa\/elirv\/wp-json\/wp\/v2\/media?parent=297"}],"wp:term":[{"taxonomy":"category","embeddable":true,"href":"https:\/\/www.ufsm.br\/projetos\/pesquisa\/elirv\/wp-json\/wp\/v2\/categories?post=297"},{"taxonomy":"post_tag","embeddable":true,"href":"https:\/\/www.ufsm.br\/projetos\/pesquisa\/elirv\/wp-json\/wp\/v2\/tags?post=297"}],"curies":[{"name":"wp","href":"https:\/\/api.w.org\/{rel}","templated":true}]}}