{"id":151,"date":"2019-05-20T13:25:09","date_gmt":"2019-05-20T16:25:09","guid":{"rendered":"https:\/\/www.ufsm.br\/projetos\/pesquisa\/fotovoltaica\/?page_id=151"},"modified":"2020-02-19T10:52:27","modified_gmt":"2020-02-19T13:52:27","slug":"dados-basicos","status":"publish","type":"page","link":"https:\/\/www.ufsm.br\/projetos\/pesquisa\/fotovoltaica\/dados-basicos","title":{"rendered":"Dados B\u00e1sicos"},"content":{"rendered":"\n<p>O Grupo de Eletr\u00f4nica de Pot\u00eancia e Controle (<em>GEPOC<\/em>) da Universidade Federal de Santa Maria (UFSM) desenvolve pesquisas nos campos da eletr\u00f4nica de pot\u00eancia e Controle de Processos Industriais. Em eletr\u00f4nica de pot\u00eancia, destaca-se o estudo e desenvolvimento de novas topologias de conversores est\u00e1ticos (retificadores, inversores e conversores CC-CC) para aplica\u00e7\u00f5es que v\u00e3o de fontes CA de pot\u00eancia a conex\u00e3o de fontes renov\u00e1veis de energia (em especial h\u00eddrica, solar fotovoltaica e e\u00f3lica)&nbsp; rede el\u00e9trica. Al\u00e9m disso, tamb\u00e9m s\u00e3o desenvolvidas&nbsp; t\u00e9cnicas de projeto buscando a otimiza\u00e7\u00e3o de conversores com respeito a volume, rendimento e\/ou custo. Com rela\u00e7\u00e3o \u00e0s pesquisas em Controle de Processos, no GEPOC s\u00e3o desenvolvidas t\u00e9cnicas de controle com foco na aplica\u00e7\u00f5es em eletr\u00f4nica de pot\u00eancia, em especial em plantas com varia\u00e7\u00f5es param\u00e9tricas ou modelos parcialmente conhecidos. Dentre as t\u00e9cnicas pesquisadas, destacam-se controle robusto, controle adaptativo, controle por modelo de refer\u00eancia, controle por modos deslizantes, entre outras.<\/p>\n<p><strong>Coordena\u00e7\u00e3o Geral<\/strong><\/p>\n<p>RESPONS\u00c1VEL: Prof. Leandro Michels, Dr. Eng.<\/p>\n<p>GRUPO DE PESQUISA: Grupo de Eletr\u00f4nica de Pot\u00eancia e Controle (<em>GEPOC<\/em>)<\/p>\n<div class=\"linhaInformacoes lInfo06CoordenacaoGeral\">\n<div class=\"textoInfo textoInfoInfDirCoordenacaoGeral\">CONTATO: michels@gepoc.ufsm.br<\/div>\n<div>&nbsp;<\/div>\n<\/div>\n<div>\n<p>RESPONS\u00c1VEL: Prof. Cassiano Rech, Dr. Eng.<\/p>\n<p>GRUPO DE PESQUISA: Grupo de Eletr\u00f4nica de Pot\u00eancia e Controle (<em>GEPOC<\/em>)<\/p>\n<div class=\"linhaInformacoes lInfo06CoordenacaoGeral\">\n<div class=\"textoInfo textoInfoInfDirCoordenacaoGeral\">CONTATO: rech.cassiano@gmail.com<\/div>\n<div>&nbsp;<\/div>\n<\/div>\n<\/div>\n","protected":false},"excerpt":{"rendered":"<p>O Grupo de Eletr\u00f4nica de Pot\u00eancia e Controle (GEPOC) da Universidade Federal de Santa Maria (UFSM) desenvolve pesquisas nos campos da eletr\u00f4nica de pot\u00eancia e Controle de Processos Industriais. Em eletr\u00f4nica de pot\u00eancia, destaca-se o estudo e desenvolvimento de novas topologias de conversores est\u00e1ticos (retificadores, inversores e conversores CC-CC) para aplica\u00e7\u00f5es que v\u00e3o de fontes [&hellip;]<\/p>\n","protected":false},"author":25,"featured_media":0,"parent":0,"menu_order":0,"comment_status":"closed","ping_status":"closed","template":"","meta":{"footnotes":""},"categories":[],"tags":[],"class_list":["post-151","page","type-page","status-publish","hentry"],"acf":[],"_links":{"self":[{"href":"https:\/\/www.ufsm.br\/projetos\/pesquisa\/fotovoltaica\/wp-json\/wp\/v2\/pages\/151","targetHints":{"allow":["GET"]}}],"collection":[{"href":"https:\/\/www.ufsm.br\/projetos\/pesquisa\/fotovoltaica\/wp-json\/wp\/v2\/pages"}],"about":[{"href":"https:\/\/www.ufsm.br\/projetos\/pesquisa\/fotovoltaica\/wp-json\/wp\/v2\/types\/page"}],"author":[{"embeddable":true,"href":"https:\/\/www.ufsm.br\/projetos\/pesquisa\/fotovoltaica\/wp-json\/wp\/v2\/users\/25"}],"replies":[{"embeddable":true,"href":"https:\/\/www.ufsm.br\/projetos\/pesquisa\/fotovoltaica\/wp-json\/wp\/v2\/comments?post=151"}],"version-history":[{"count":0,"href":"https:\/\/www.ufsm.br\/projetos\/pesquisa\/fotovoltaica\/wp-json\/wp\/v2\/pages\/151\/revisions"}],"wp:attachment":[{"href":"https:\/\/www.ufsm.br\/projetos\/pesquisa\/fotovoltaica\/wp-json\/wp\/v2\/media?parent=151"}],"wp:term":[{"taxonomy":"category","embeddable":true,"href":"https:\/\/www.ufsm.br\/projetos\/pesquisa\/fotovoltaica\/wp-json\/wp\/v2\/categories?post=151"},{"taxonomy":"post_tag","embeddable":true,"href":"https:\/\/www.ufsm.br\/projetos\/pesquisa\/fotovoltaica\/wp-json\/wp\/v2\/tags?post=151"}],"curies":[{"name":"wp","href":"https:\/\/api.w.org\/{rel}","templated":true}]}}