{"id":156,"date":"2019-05-20T13:27:39","date_gmt":"2019-05-20T16:27:39","guid":{"rendered":"https:\/\/www.ufsm.br\/projetos\/pesquisa\/fotovoltaica\/?page_id=156"},"modified":"2020-02-19T10:54:00","modified_gmt":"2020-02-19T13:54:00","slug":"plano-de-trabalho","status":"publish","type":"page","link":"https:\/\/www.ufsm.br\/projetos\/pesquisa\/fotovoltaica\/plano-de-trabalho","title":{"rendered":"Plano de Trabalho"},"content":{"rendered":"\n<div>\n<div style=\"text-align: left\"><br \/>DESENVOLVIMENTO DO SISTEMA DE AQUISI\u00c7\u00c3O DE DADOS<\/div>\n<div>\u00a0<\/div>\n<ul>\n<li><strong><em>DATALOGGER E COMUNICA\u00c7\u00c3O DE DADOS<\/em><\/strong><\/li>\n<\/ul>\n<div>RESPONS\u00c1VEL: Luiz Paulo Pietta Jr. &#8211; Mestrando em Eng. El\u00e9trica &#8211; PPGE<\/div>\n<div>\u00a0<\/div>\n<div>GRUPO DE PESQUISA: Grupo de Eletr\u00f4nica de Pot\u00eancia e Controle &#8211; GEPOC<\/div>\n<div>\u00a0<\/div>\n<div>CONTATO: luizpietta@gmail.com<\/div>\n<\/div>\n<div>\u00a0<\/div>\n<div>\n<ul>\n<li><strong>SISTEMA DE COMUNICA\u00c7\u00c3O COM OS INVERSORES<\/strong><\/li>\n<\/ul>\n<div>\n<div>RESPONS\u00c1VEL: Renan Diego Reiter &#8211; Doutorando em Eng. El\u00e9trica &#8211; PPGE<\/div>\n<div>\u00a0<\/div>\n<div>GRUPO DE PESQUISA: Grupo de Eletr\u00f4nica de Pot\u00eancia e Controle &#8211; GEPOC<\/div>\n<div>\u00a0<\/div>\n<div>CONTATO: renandiego@gmail.com<\/div>\n<\/div>\n<\/div>\n<div>\n<ul>\n<li><strong><span id=\"Label1\">PROTOCOLO SUNSPEC<\/span><\/strong><\/li>\n<\/ul>\n<p><span id=\"Label1\">RESPONS\u00c1VEL: <\/span><span id=\"Label1\">Eng. Rogers Reichert<\/span><\/p>\n<p><span id=\"Label1\">GRUPO DE PESQUISA: Grupo de Eletr\u00f4nica de Pot\u00eancia e Controle &#8211; GEPOC<\/span><\/p>\n<p><span id=\"Label1\">CONTATO: rogersreichert@gmail.com<\/span><\/p>\n<ul>\n<li><span id=\"Label1\"><strong>INSTRUMENTA\u00c7\u00c3O DA ESTA\u00c7\u00c3O METEOROL\u00d3GICA<\/strong><\/span><\/li>\n<\/ul>\n<p><span id=\"Label1\">RESPONS\u00c1VEL: <\/span><span id=\"Label1\">Germano Henz &#8211; Graduando em Eng. de Controle e Automa\u00e7\u00e3o<\/span><\/p>\n<p><span id=\"Label1\">GRUPO DE PESQUISA: <\/span><span id=\"Label1\">Grupo de Eletr\u00f4nica de Pot\u00eancia e Controle &#8211; GEPOC<\/span><\/p>\n<p><span id=\"Label1\">CONTATO:\u00a0<\/span><span id=\"Label1\">germanohenz@gmail.com<\/span><\/p>\n<p>\u00a0<\/p>\n<p style=\"text-align: left\">DESENVOLVIMENTO DO SISTEMA DE VISUALIZA\u00c7\u00c3O DE DADOS<\/p>\n<ul>\n<li><strong>APLICATIVO PARA SMARTPHONES ANDROID<\/strong><\/li>\n<\/ul>\n<p>RESPONS\u00c1VEL:Eng. Pedro Xavier<\/p>\n<p>GRUPO DE PESQUISA: Grupo de Eletr\u00f4nica de Pot\u00eancia e Controle &#8211; GEPOC<\/p>\n<p>CONTATO: pedrogx@hotmail.com<\/p>\n<ul>\n<li><strong>APLICATIVO PARA SMARTPHONES<\/strong><\/li>\n<\/ul>\n<p>RESPONS\u00c1VEL: N\u00edcolas Basquera &#8211; Graduando em Eng. de Controle e Automa\u00e7\u00e3o<\/p>\n<p>GRUPO DE PESQUISA: Grupo de Eletr\u00f4nica de Pot\u00eancia e Controle &#8211; GEPOC<\/p>\n<p>CONTATO: nicolas.basquera@gmail.com<\/p>\n<ul>\n<li><strong>BANCO DE DADOS E SISTEMA WEB<\/strong><\/li>\n<\/ul>\n<p>RESPONS\u00c1VEL: Marcos Eduardo Treter &#8211; Mestrando em Eng. El\u00e9trica &#8211; PPGE<\/p>\n<p>GRUPO DE PESQUISA: Grupo de Eletr\u00f4nica de Pot\u00eancia e Controle &#8211; GEPOC<\/p>\n<p>CONTATO: marcostreter@gmail.com<\/p>\n<ul>\n<li><strong>DESIGN \/ IDENTIDADE VISUAL<\/strong><\/li>\n<\/ul>\n<p>RESPONS\u00c1VEL: Fabr\u00edcio Reguelin Auler &#8211; Graduando em Desenho Industrial<\/p>\n<p>GRUPO DE PESQUISA: Grupo de Eletr\u00f4nica de Pot\u00eancia e Controle &#8211; GEPOC<\/p>\n<p>CONTATO: fabricio.reguelin@gmail.com<\/p>\n<p>\u00a0<\/p>\n<\/div>\n","protected":false},"excerpt":{"rendered":"<p>DESENVOLVIMENTO DO SISTEMA DE AQUISI\u00c7\u00c3O DE DADOS \u00a0 DATALOGGER E COMUNICA\u00c7\u00c3O DE DADOS RESPONS\u00c1VEL: Luiz Paulo Pietta Jr. &#8211; Mestrando em Eng. El\u00e9trica &#8211; PPGE \u00a0 GRUPO DE PESQUISA: Grupo de Eletr\u00f4nica de Pot\u00eancia e Controle &#8211; GEPOC \u00a0 CONTATO: luizpietta@gmail.com \u00a0 SISTEMA DE COMUNICA\u00c7\u00c3O COM OS INVERSORES RESPONS\u00c1VEL: Renan Diego Reiter &#8211; Doutorando em [&hellip;]<\/p>\n","protected":false},"author":25,"featured_media":0,"parent":0,"menu_order":0,"comment_status":"closed","ping_status":"closed","template":"","meta":{"footnotes":""},"categories":[],"tags":[],"class_list":["post-156","page","type-page","status-publish","hentry"],"acf":[],"_links":{"self":[{"href":"https:\/\/www.ufsm.br\/projetos\/pesquisa\/fotovoltaica\/wp-json\/wp\/v2\/pages\/156","targetHints":{"allow":["GET"]}}],"collection":[{"href":"https:\/\/www.ufsm.br\/projetos\/pesquisa\/fotovoltaica\/wp-json\/wp\/v2\/pages"}],"about":[{"href":"https:\/\/www.ufsm.br\/projetos\/pesquisa\/fotovoltaica\/wp-json\/wp\/v2\/types\/page"}],"author":[{"embeddable":true,"href":"https:\/\/www.ufsm.br\/projetos\/pesquisa\/fotovoltaica\/wp-json\/wp\/v2\/users\/25"}],"replies":[{"embeddable":true,"href":"https:\/\/www.ufsm.br\/projetos\/pesquisa\/fotovoltaica\/wp-json\/wp\/v2\/comments?post=156"}],"version-history":[{"count":0,"href":"https:\/\/www.ufsm.br\/projetos\/pesquisa\/fotovoltaica\/wp-json\/wp\/v2\/pages\/156\/revisions"}],"wp:attachment":[{"href":"https:\/\/www.ufsm.br\/projetos\/pesquisa\/fotovoltaica\/wp-json\/wp\/v2\/media?parent=156"}],"wp:term":[{"taxonomy":"category","embeddable":true,"href":"https:\/\/www.ufsm.br\/projetos\/pesquisa\/fotovoltaica\/wp-json\/wp\/v2\/categories?post=156"},{"taxonomy":"post_tag","embeddable":true,"href":"https:\/\/www.ufsm.br\/projetos\/pesquisa\/fotovoltaica\/wp-json\/wp\/v2\/tags?post=156"}],"curies":[{"name":"wp","href":"https:\/\/api.w.org\/{rel}","templated":true}]}}