{"id":167,"date":"2020-02-19T10:52:19","date_gmt":"2020-02-19T13:52:19","guid":{"rendered":"https:\/\/www.ufsm.br\/projetos\/pesquisa\/fotovoltaica\/?page_id=167"},"modified":"2020-02-19T10:52:20","modified_gmt":"2020-02-19T13:52:20","slug":"geradores","status":"publish","type":"page","link":"https:\/\/www.ufsm.br\/projetos\/pesquisa\/fotovoltaica\/geradores","title":{"rendered":"Geradores"},"content":{"rendered":"\n<p><strong style=\"font-size: inherit\">GERADOR 01 &#8211; GEPOC 6kW<\/strong><\/p>\n<div>\n<p>RESPONS\u00c1VEL: Prof. Cassiano Rech, Dr. Eng.<\/p>\n<p>FONTE DE FINANCIAMENTO: Fapergs \/ FINEP<\/p>\n<p>EMPRESA RESPONS\u00c1VEL PELA INSTALA\u00c7\u00c3O: Sonnen Energia<\/p>\n<p>CONTATO: rech.cassiano@gmail.com<\/p>\n<p>\u00a0<\/p>\n<p><strong>GERADOR 02 &#8211; GEPOC 2,5kW<\/strong><\/p>\n<p>RESPONS\u00c1VEL: Prof. Cassiano Rech, Dr. Eng.<\/p>\n<p>FONTE DE FINANCIAMENTO: Fapergs \/ FINEP<\/p>\n<p>EMPRESA RESPONS\u00c1VEL PELA INSTALA\u00c7\u00c3O: Sonnen Energia<\/p>\n<p>CONTATO: rech.cassiano@gmail.com<\/p>\n<p>\u00a0<\/p>\n<p><strong>ESTA\u00c7\u00c3O 01 &#8211; GEPOC<\/strong><\/p>\n<p>RESPONS\u00c1VEL: Prof. Humberto Pinheiro, PhD<\/p>\n<p>FONTE DE FINANCIAMENTO: CNPq<\/p>\n<p>EMPRESA RESPONS\u00c1VEL PELA INSTALA\u00c7\u00c3O: Pr\u00f3pria<\/p>\n<p>CONTATO: humberto.ctlab.ufsm.br@gmail.com<\/p>\n<\/div>\n","protected":false},"excerpt":{"rendered":"<p>GERADOR 01 &#8211; GEPOC 6kW RESPONS\u00c1VEL: Prof. Cassiano Rech, Dr. Eng. FONTE DE FINANCIAMENTO: Fapergs \/ FINEP EMPRESA RESPONS\u00c1VEL PELA INSTALA\u00c7\u00c3O: Sonnen Energia CONTATO: rech.cassiano@gmail.com \u00a0 GERADOR 02 &#8211; GEPOC 2,5kW RESPONS\u00c1VEL: Prof. Cassiano Rech, Dr. Eng. FONTE DE FINANCIAMENTO: Fapergs \/ FINEP EMPRESA RESPONS\u00c1VEL PELA INSTALA\u00c7\u00c3O: Sonnen Energia CONTATO: rech.cassiano@gmail.com \u00a0 ESTA\u00c7\u00c3O 01 &#8211; [&hellip;]<\/p>\n","protected":false},"author":2223,"featured_media":0,"parent":0,"menu_order":0,"comment_status":"closed","ping_status":"closed","template":"","meta":{"footnotes":""},"categories":[],"tags":[],"class_list":["post-167","page","type-page","status-publish","hentry"],"acf":[],"_links":{"self":[{"href":"https:\/\/www.ufsm.br\/projetos\/pesquisa\/fotovoltaica\/wp-json\/wp\/v2\/pages\/167","targetHints":{"allow":["GET"]}}],"collection":[{"href":"https:\/\/www.ufsm.br\/projetos\/pesquisa\/fotovoltaica\/wp-json\/wp\/v2\/pages"}],"about":[{"href":"https:\/\/www.ufsm.br\/projetos\/pesquisa\/fotovoltaica\/wp-json\/wp\/v2\/types\/page"}],"author":[{"embeddable":true,"href":"https:\/\/www.ufsm.br\/projetos\/pesquisa\/fotovoltaica\/wp-json\/wp\/v2\/users\/2223"}],"replies":[{"embeddable":true,"href":"https:\/\/www.ufsm.br\/projetos\/pesquisa\/fotovoltaica\/wp-json\/wp\/v2\/comments?post=167"}],"version-history":[{"count":0,"href":"https:\/\/www.ufsm.br\/projetos\/pesquisa\/fotovoltaica\/wp-json\/wp\/v2\/pages\/167\/revisions"}],"wp:attachment":[{"href":"https:\/\/www.ufsm.br\/projetos\/pesquisa\/fotovoltaica\/wp-json\/wp\/v2\/media?parent=167"}],"wp:term":[{"taxonomy":"category","embeddable":true,"href":"https:\/\/www.ufsm.br\/projetos\/pesquisa\/fotovoltaica\/wp-json\/wp\/v2\/categories?post=167"},{"taxonomy":"post_tag","embeddable":true,"href":"https:\/\/www.ufsm.br\/projetos\/pesquisa\/fotovoltaica\/wp-json\/wp\/v2\/tags?post=167"}],"curies":[{"name":"wp","href":"https:\/\/api.w.org\/{rel}","templated":true}]}}