{"id":29,"date":"2018-01-18T09:10:07","date_gmt":"2018-01-18T11:10:07","guid":{"rendered":"https:\/\/www.ufsm.br\/cursos\/graduacao\/nutricao\/12352\/?page_id=29"},"modified":"2020-02-19T10:20:33","modified_gmt":"2020-02-19T13:20:33","slug":"contato","status":"publish","type":"page","link":"https:\/\/www.ufsm.br\/projetos\/pesquisa\/fotovoltaica\/contato","title":{"rendered":"Contato"},"content":{"rendered":"\n<p><strong>Endere\u00e7o<\/strong><\/p>\n<div class=\"linhaEnderecos lEnd06Esq\">Grupo de Eletr\u00f4nica de Pot\u00eancia e Controle (<em>GEPOC<\/em>)<\/div>\n<div>\u00a0<\/div>\n<div>Universidade Federal de Santa Maria &#8211; UFSM<\/div>\n<div>\u00a0<\/div>\n<div>Centro de Tecnologia &#8211; CT<\/div>\n<div>\u00a0<\/div>\n<div>\n<div class=\"linhaEnderecos lEnd04Esq\">N\u00facleo de Pesquisa e Desenvolvimento em Eng. El\u00e9trica &#8211; NUPEDEE<\/div>\n<div>\u00a0<\/div>\n<div class=\"linhaEnderecos lEnd05Esq\">Av. Roraima, 1000, Camobi, Cidade Universit\u00e1ria<\/div>\n<div>\u00a0<\/div>\n<div>CEP: 97105-900, Santa Maria, RS, Brasil<\/div>\n<div>\u00a0<\/div>\n<\/div>\n<p><strong>Contato<\/strong><\/p>\n<p><span id=\"Label1\">Site: http:\/\/www.ufsm.br\/gepoc<\/span><\/p>\n<p><span id=\"Label1\"> Telefone: +55 55 3220-9497<\/span><\/p>\n<p><span id=\"Label1\"> Prof. Jos\u00e9 Renes Pinheiro\u00a0<\/span><\/p>\n<p><span id=\"Label1\"> jrenes@gepoc.ufsm.br<\/span><\/p>\n\n\n\n<p><\/p>\n\n\n","protected":false},"excerpt":{"rendered":"<p>Endere\u00e7o Grupo de Eletr\u00f4nica de Pot\u00eancia e Controle (GEPOC) \u00a0 Universidade Federal de Santa Maria &#8211; UFSM \u00a0 Centro de Tecnologia &#8211; CT \u00a0 N\u00facleo de Pesquisa e Desenvolvimento em Eng. El\u00e9trica &#8211; NUPEDEE \u00a0 Av. Roraima, 1000, Camobi, Cidade Universit\u00e1ria \u00a0 CEP: 97105-900, Santa Maria, RS, Brasil \u00a0 Contato Site: http:\/\/www.ufsm.br\/gepoc Telefone: +55 55 [&hellip;]<\/p>\n","protected":false},"author":8,"featured_media":0,"parent":0,"menu_order":0,"comment_status":"closed","ping_status":"closed","template":"","meta":{"footnotes":""},"categories":[],"tags":[],"class_list":["post-29","page","type-page","status-publish","hentry"],"acf":[],"_links":{"self":[{"href":"https:\/\/www.ufsm.br\/projetos\/pesquisa\/fotovoltaica\/wp-json\/wp\/v2\/pages\/29","targetHints":{"allow":["GET"]}}],"collection":[{"href":"https:\/\/www.ufsm.br\/projetos\/pesquisa\/fotovoltaica\/wp-json\/wp\/v2\/pages"}],"about":[{"href":"https:\/\/www.ufsm.br\/projetos\/pesquisa\/fotovoltaica\/wp-json\/wp\/v2\/types\/page"}],"author":[{"embeddable":true,"href":"https:\/\/www.ufsm.br\/projetos\/pesquisa\/fotovoltaica\/wp-json\/wp\/v2\/users\/8"}],"replies":[{"embeddable":true,"href":"https:\/\/www.ufsm.br\/projetos\/pesquisa\/fotovoltaica\/wp-json\/wp\/v2\/comments?post=29"}],"version-history":[{"count":0,"href":"https:\/\/www.ufsm.br\/projetos\/pesquisa\/fotovoltaica\/wp-json\/wp\/v2\/pages\/29\/revisions"}],"wp:attachment":[{"href":"https:\/\/www.ufsm.br\/projetos\/pesquisa\/fotovoltaica\/wp-json\/wp\/v2\/media?parent=29"}],"wp:term":[{"taxonomy":"category","embeddable":true,"href":"https:\/\/www.ufsm.br\/projetos\/pesquisa\/fotovoltaica\/wp-json\/wp\/v2\/categories?post=29"},{"taxonomy":"post_tag","embeddable":true,"href":"https:\/\/www.ufsm.br\/projetos\/pesquisa\/fotovoltaica\/wp-json\/wp\/v2\/tags?post=29"}],"curies":[{"name":"wp","href":"https:\/\/api.w.org\/{rel}","templated":true}]}}