{"id":5,"date":"2018-01-18T08:39:17","date_gmt":"2018-01-18T10:39:17","guid":{"rendered":"https:\/\/www.ufsm.br\/cursos\/graduacao\/nutricao\/12352\/?page_id=5"},"modified":"2020-02-19T11:24:38","modified_gmt":"2020-02-19T14:24:38","slug":"pagina-inicial","status":"publish","type":"page","link":"https:\/\/www.ufsm.br\/projetos\/pesquisa\/fotovoltaica\/","title":{"rendered":"P\u00e1gina Inicial"},"content":{"rendered":"\t\t<div data-elementor-type=\"wp-post\" data-elementor-id=\"5\" class=\"elementor elementor-5\">\n\t\t\t\t\t\t<section class=\"elementor-section elementor-top-section elementor-element elementor-element-f6a61e1 elementor-section-boxed elementor-section-height-default elementor-section-height-default\" data-id=\"f6a61e1\" data-element_type=\"section\">\n\t\t\t\t\t\t<div class=\"elementor-container elementor-column-gap-default\">\n\t\t\t\t\t<div class=\"elementor-column elementor-col-100 elementor-top-column elementor-element elementor-element-81ce27f\" data-id=\"81ce27f\" data-element_type=\"column\">\n\t\t\t<div class=\"elementor-widget-wrap elementor-element-populated\">\n\t\t\t\t\t\t<div class=\"elementor-element elementor-element-8d1f660 elementor-widget elementor-widget-wp-widget-ufsm_noticias_widget\" data-id=\"8d1f660\" data-element_type=\"widget\" data-widget_type=\"wp-widget-ufsm_noticias_widget.default\">\n\t\t\t\t<div class=\"elementor-widget-container\">\n\t\t\t<div id='ufsm-carousel-1775847145-391211752' class='carousel slide carousel-ufsm' data-bs-ride='carousel' aria-hidden='true'>\n    <div class='carousel-inner'>\n                    \n\n            <div class='carousel-item active' data-bs-interval='4000'>\n                                    <!-- Slider Image -->\n                    <img class='w-100'  style='max-height:250px; object-fit:cover;' alt=\"Com o objetivo de levar \u00e0 popula\u00e7\u00e3o acesso \u00e0 informa\u00e7\u00e3o e a servi\u00e7os de sa\u00fade, o Lions Clube de Palmeira das Miss\u00f5es realiza, no pr\u00f3ximo s\u00e1bado (11), a 16\u00aa edi\u00e7\u00e3o da Feira da Sa\u00fade. A Universidade Federal de Santa Maria&hellip;\" srcset=\"https:\/\/www.ufsm.br\/app\/uploads\/sites\/378\/2026\/04\/feira-300x154.jpg 300w, https:\/\/www.ufsm.br\/app\/uploads\/sites\/378\/2026\/04\/feira-768x394.jpg 768w, https:\/\/www.ufsm.br\/app\/uploads\/sites\/378\/2026\/04\/feira.jpg 823w\">\n                \n                \n                                                            <\/div>\n                    \n\n            <div class='carousel-item ' data-bs-interval='4000'>\n                                    <!-- Slider Image -->\n                    <img class='w-100'  style='max-height:250px; object-fit:cover;' alt=\"A Universidade Federal de Santa Maria campus Palmeira das Miss\u00f5es (UFSM-PM) promoveu, na \u00faltima ter\u00e7a-feira (7), o \u201cEncontro de planejamento e gest\u00e3o de sala de aula no Ensino Superior\u201d. A atividade foi realizada no audit\u00f3rio do campus e integrou as&hellip;\" srcset=\"https:\/\/www.ufsm.br\/app\/uploads\/sites\/378\/2026\/04\/WhatsApp-Image-2026-04-08-at-08.48.40-1-Copia-300x187.jpeg 300w, https:\/\/www.ufsm.br\/app\/uploads\/sites\/378\/2026\/04\/WhatsApp-Image-2026-04-08-at-08.48.40-1-Copia-1024x639.jpeg 1024w, https:\/\/www.ufsm.br\/app\/uploads\/sites\/378\/2026\/04\/WhatsApp-Image-2026-04-08-at-08.48.40-1-Copia-768x479.jpeg 768w, https:\/\/www.ufsm.br\/app\/uploads\/sites\/378\/2026\/04\/WhatsApp-Image-2026-04-08-at-08.48.40-1-Copia.jpeg 1194w\">\n                \n                \n                                                            <\/div>\n                    <!-- Exibi Indicadores -->\n                    <ol class='carousel-indicators carousel-indicators-numbers d-none d-md-flex align-self-end m-0'>\n                <li data-bs-target='#ufsm-carousel-1775847145-391211752' data-bs-slide-to='0' class='d-flex rounded-circle active'><span class='m-auto fw-bold'>1<\/span><\/li><li data-bs-target='#ufsm-carousel-1775847145-391211752' data-bs-slide-to='1' class='d-flex rounded-circle '><span class='m-auto fw-bold'>2<\/span><\/li>            <\/ol>\n            <a class='carousel-control-prev' href='#ufsm-carousel-1775847145-391211752' role='button' data-bs-slide='prev'>\n                <span class='carousel-control-prev-icon' aria-hidden='true'><\/span>\n                <span class='visually-hidden'>Previous<\/span>\n            <\/a>\n            <a class='carousel-control-next' href='#ufsm-carousel-1775847145-391211752' role='button' data-bs-slide='next'>\n                <span class='carousel-control-next-icon' aria-hidden='true'><\/span>\n                <span class='visually-hidden'>Next<\/span>\n            <\/a>\n            <\/div>\n<\/div>\n<!-- Acessibilidade, apenas leitor de tela -->\n<ul class='visually-hidden'>\n    <li><a href='https:\/\/www.ufsm.br\/unidades-universitarias\/palmeira-das-missoes\/2026\/04\/09\/16a-feira-da-saude-tera-participacao-da-ufsm-pm-com-orientacoes-e-servicos-a-comunidade'>16\u00aa Feira da Sa\u00fade ter\u00e1 participa\u00e7\u00e3o da UFSM-PM com orienta\u00e7\u00f5es e servi\u00e7os \u00e0 comunidade<\/a><\/li><li><a href='https:\/\/www.ufsm.br\/unidades-universitarias\/palmeira-das-missoes\/2026\/04\/08\/ufsm-pm-promove-encontro-sobre-planejamento-e-gestao-de-sala-de-aula'>UFSM-PM promove encontro sobre planejamento e gest\u00e3o de sala de aula<\/a><\/li><\/ul>\n\t\t<\/div>\n\t\t\t\t<\/div>\n\t\t\t\t\t<\/div>\n\t\t<\/div>\n\t\t\t\t\t<\/div>\n\t\t<\/section>\n\t\t\t\t<section class=\"elementor-section elementor-top-section elementor-element elementor-element-e5bcc64 elementor-section-boxed elementor-section-height-default elementor-section-height-default\" data-id=\"e5bcc64\" data-element_type=\"section\">\n\t\t\t\t\t\t<div class=\"elementor-container elementor-column-gap-default\">\n\t\t\t\t\t<div class=\"elementor-column elementor-col-100 elementor-top-column elementor-element elementor-element-c09ac3d\" data-id=\"c09ac3d\" data-element_type=\"column\">\n\t\t\t<div class=\"elementor-widget-wrap elementor-element-populated\">\n\t\t\t\t\t\t<div class=\"elementor-element elementor-element-9bf8518 elementor-widget elementor-widget-heading\" data-id=\"9bf8518\" data-element_type=\"widget\" data-widget_type=\"heading.default\">\n\t\t\t\t<div class=\"elementor-widget-container\">\n\t\t\t<h5 class=\"elementor-heading-title elementor-size-default\">Apresenta\u00e7\u00e3o<\/h5>\t\t<\/div>\n\t\t\t\t<\/div>\n\t\t\t\t\t<\/div>\n\t\t<\/div>\n\t\t\t\t\t<\/div>\n\t\t<\/section>\n\t\t\t\t<section class=\"elementor-section elementor-top-section elementor-element elementor-element-0ddec2a elementor-section-boxed elementor-section-height-default elementor-section-height-default\" data-id=\"0ddec2a\" data-element_type=\"section\">\n\t\t\t\t\t\t<div class=\"elementor-container elementor-column-gap-default\">\n\t\t\t\t\t<div class=\"elementor-column elementor-col-100 elementor-top-column elementor-element elementor-element-a4bc9af\" data-id=\"a4bc9af\" data-element_type=\"column\">\n\t\t\t<div class=\"elementor-widget-wrap elementor-element-populated\">\n\t\t\t\t\t\t<div class=\"elementor-element elementor-element-0b01c8b elementor-widget elementor-widget-text-editor\" data-id=\"0b01c8b\" data-element_type=\"widget\" data-widget_type=\"text-editor.default\">\n\t\t\t\t<div class=\"elementor-widget-container\">\n\t\t\t\t\t\t\t<p>O Grupo de Eletr\u00f4nica de Pot\u00eancia e Controle (<em>GEPOC<\/em>) da Universidade Federal de Santa Maria (UFSM) desenvolve pesquisas nos campos da eletr\u00f4nica de pot\u00eancia e Controle de Processos Industriais. Em eletr\u00f4nica de pot\u00eancia, destaca-se o estudo e desenvolvimento de novas topologias de conversores est\u00e1ticos (retificadores, inversores e conversores CC-CC) para aplica\u00e7\u00f5es que v\u00e3o de fontes CA de pot\u00eancia a conex\u00e3o de fontes renov\u00e1veis de energia (em especial h\u00eddrica, solar fotovoltaica e e\u00f3lica)\u00a0 rede el\u00e9trica. Al\u00e9m disso, tamb\u00e9m s\u00e3o desenvolvidas\u00a0 t\u00e9cnicas de projeto buscando a otimiza\u00e7\u00e3o de conversores com respeito a volume, rendimento e\/ou custo. Com rela\u00e7\u00e3o \u00e0s pesquisas em Controle de Processos, no GEPOC s\u00e3o desenvolvidas t\u00e9cnicas de controle com foco na aplica\u00e7\u00f5es em eletr\u00f4nica de pot\u00eancia, em especial em plantas com varia\u00e7\u00f5es param\u00e9tricas ou modelos parcialmente conhecidos. Dentre as t\u00e9cnicas pesquisadas, destacam-se controle robusto, controle adaptativo, controle por modelo de refer\u00eancia, controle por modos deslizantes, entre outras.<\/p>\t\t\t\t\t\t<\/div>\n\t\t\t\t<\/div>\n\t\t\t\t\t<\/div>\n\t\t<\/div>\n\t\t\t\t\t<\/div>\n\t\t<\/section>\n\t\t\t\t<section class=\"elementor-section elementor-top-section elementor-element elementor-element-066c9c2 elementor-section-boxed elementor-section-height-default elementor-section-height-default\" data-id=\"066c9c2\" data-element_type=\"section\">\n\t\t\t\t\t\t<div class=\"elementor-container elementor-column-gap-default\">\n\t\t\t\t\t<div class=\"elementor-column elementor-col-100 elementor-top-column elementor-element elementor-element-ad5d8f1\" data-id=\"ad5d8f1\" data-element_type=\"column\">\n\t\t\t<div class=\"elementor-widget-wrap elementor-element-populated\">\n\t\t\t\t\t\t<div class=\"elementor-element elementor-element-9a437fd elementor-widget elementor-widget-heading\" data-id=\"9a437fd\" data-element_type=\"widget\" data-widget_type=\"heading.default\">\n\t\t\t\t<div class=\"elementor-widget-container\">\n\t\t\t<h5 class=\"elementor-heading-title elementor-size-default\">Utilidades<\/h5>\t\t<\/div>\n\t\t\t\t<\/div>\n\t\t\t\t\t<\/div>\n\t\t<\/div>\n\t\t\t\t\t<\/div>\n\t\t<\/section>\n\t\t\t\t<section class=\"elementor-section elementor-top-section elementor-element elementor-element-7a9d9cf elementor-section-boxed elementor-section-height-default elementor-section-height-default\" data-id=\"7a9d9cf\" data-element_type=\"section\">\n\t\t\t\t\t\t<div class=\"elementor-container elementor-column-gap-default\">\n\t\t\t\t\t<div class=\"elementor-column elementor-col-33 elementor-top-column elementor-element elementor-element-752df47\" data-id=\"752df47\" data-element_type=\"column\">\n\t\t\t<div class=\"elementor-widget-wrap elementor-element-populated\">\n\t\t\t\t\t\t<div class=\"elementor-element elementor-element-f744e5c elementor-view-default elementor-position-top elementor-mobile-position-top elementor-widget elementor-widget-icon-box\" data-id=\"f744e5c\" data-element_type=\"widget\" data-widget_type=\"icon-box.default\">\n\t\t\t\t<div class=\"elementor-widget-container\">\n\t\t\t\t\t<div class=\"elementor-icon-box-wrapper\">\n\n\t\t\t\t\t\t<div class=\"elementor-icon-box-icon\">\n\t\t\t\t<a href=\"https:\/\/www.ufsm.br\/projetos\/pesquisa\/fotovoltaica\/galeria\/\" class=\"elementor-icon elementor-animation-bounce-in\" tabindex=\"-1\">\n\t\t\t\t<i aria-hidden=\"true\" class=\"fas fa-photo-video\"><\/i>\t\t\t\t<\/a>\n\t\t\t<\/div>\n\t\t\t\n\t\t\t\t\t\t<div class=\"elementor-icon-box-content\">\n\n\t\t\t\t\t\t\t\t\t<h3 class=\"elementor-icon-box-title\">\n\t\t\t\t\t\t<a href=\"https:\/\/www.ufsm.br\/projetos\/pesquisa\/fotovoltaica\/galeria\/\" >\n\t\t\t\t\t\t\tGaleria\t\t\t\t\t\t<\/a>\n\t\t\t\t\t<\/h3>\n\t\t\t\t\n\t\t\t\t\n\t\t\t<\/div>\n\t\t\t\n\t\t<\/div>\n\t\t\t\t<\/div>\n\t\t\t\t<\/div>\n\t\t\t\t\t<\/div>\n\t\t<\/div>\n\t\t\t\t<div class=\"elementor-column elementor-col-33 elementor-top-column elementor-element elementor-element-913f646\" data-id=\"913f646\" data-element_type=\"column\">\n\t\t\t<div class=\"elementor-widget-wrap elementor-element-populated\">\n\t\t\t\t\t\t<div class=\"elementor-element elementor-element-84b4f3f elementor-view-default elementor-position-top elementor-mobile-position-top elementor-widget elementor-widget-icon-box\" data-id=\"84b4f3f\" data-element_type=\"widget\" data-widget_type=\"icon-box.default\">\n\t\t\t\t<div class=\"elementor-widget-container\">\n\t\t\t\t\t<div class=\"elementor-icon-box-wrapper\">\n\n\t\t\t\t\t\t<div class=\"elementor-icon-box-icon\">\n\t\t\t\t<a href=\"https:\/\/www.ufsm.br\/projetos\/pesquisa\/fotovoltaica\/plano-de-trabalho\/\" class=\"elementor-icon elementor-animation-bounce-in\" tabindex=\"-1\">\n\t\t\t\t<i aria-hidden=\"true\" class=\"far fa-list-alt\"><\/i>\t\t\t\t<\/a>\n\t\t\t<\/div>\n\t\t\t\n\t\t\t\t\t\t<div class=\"elementor-icon-box-content\">\n\n\t\t\t\t\t\t\t\t\t<h3 class=\"elementor-icon-box-title\">\n\t\t\t\t\t\t<a href=\"https:\/\/www.ufsm.br\/projetos\/pesquisa\/fotovoltaica\/plano-de-trabalho\/\" >\n\t\t\t\t\t\t\tPlano de Trabalho\t\t\t\t\t\t<\/a>\n\t\t\t\t\t<\/h3>\n\t\t\t\t\n\t\t\t\t\n\t\t\t<\/div>\n\t\t\t\n\t\t<\/div>\n\t\t\t\t<\/div>\n\t\t\t\t<\/div>\n\t\t\t\t\t<\/div>\n\t\t<\/div>\n\t\t\t\t<div class=\"elementor-column elementor-col-33 elementor-top-column elementor-element elementor-element-ef16993\" data-id=\"ef16993\" data-element_type=\"column\">\n\t\t\t<div class=\"elementor-widget-wrap elementor-element-populated\">\n\t\t\t\t\t\t<div class=\"elementor-element elementor-element-cf49f0f elementor-view-default elementor-position-top elementor-mobile-position-top elementor-widget elementor-widget-icon-box\" data-id=\"cf49f0f\" data-element_type=\"widget\" data-widget_type=\"icon-box.default\">\n\t\t\t\t<div class=\"elementor-widget-container\">\n\t\t\t\t\t<div class=\"elementor-icon-box-wrapper\">\n\n\t\t\t\t\t\t<div class=\"elementor-icon-box-icon\">\n\t\t\t\t<a href=\"https:\/\/www.ufsm.br\/projetos\/pesquisa\/fotovoltaica\/dados-basicos\/\" class=\"elementor-icon elementor-animation-bounce-in\" tabindex=\"-1\">\n\t\t\t\t<i aria-hidden=\"true\" class=\"far fa-clipboard\"><\/i>\t\t\t\t<\/a>\n\t\t\t<\/div>\n\t\t\t\n\t\t\t\t\t\t<div class=\"elementor-icon-box-content\">\n\n\t\t\t\t\t\t\t\t\t<h3 class=\"elementor-icon-box-title\">\n\t\t\t\t\t\t<a href=\"https:\/\/www.ufsm.br\/projetos\/pesquisa\/fotovoltaica\/dados-basicos\/\" >\n\t\t\t\t\t\t\tDados B\u00e1sicos\t\t\t\t\t\t<\/a>\n\t\t\t\t\t<\/h3>\n\t\t\t\t\n\t\t\t\t\n\t\t\t<\/div>\n\t\t\t\n\t\t<\/div>\n\t\t\t\t<\/div>\n\t\t\t\t<\/div>\n\t\t\t\t\t<\/div>\n\t\t<\/div>\n\t\t\t\t\t<\/div>\n\t\t<\/section>\n\t\t\t\t<\/div>\n\t\t","protected":false},"excerpt":{"rendered":"<p>Apresenta\u00e7\u00e3o O Grupo de Eletr\u00f4nica de Pot\u00eancia e Controle (GEPOC) da Universidade Federal de Santa Maria (UFSM) desenvolve pesquisas nos campos da eletr\u00f4nica de pot\u00eancia e Controle de Processos Industriais. Em eletr\u00f4nica de pot\u00eancia, destaca-se o estudo e desenvolvimento de novas topologias de conversores est\u00e1ticos (retificadores, inversores e conversores CC-CC) para aplica\u00e7\u00f5es que v\u00e3o de [&hellip;]<\/p>\n","protected":false},"author":8,"featured_media":0,"parent":0,"menu_order":0,"comment_status":"closed","ping_status":"closed","template":"","meta":{"footnotes":""},"categories":[],"tags":[],"class_list":["post-5","page","type-page","status-publish","hentry"],"acf":[],"_links":{"self":[{"href":"https:\/\/www.ufsm.br\/projetos\/pesquisa\/fotovoltaica\/wp-json\/wp\/v2\/pages\/5","targetHints":{"allow":["GET"]}}],"collection":[{"href":"https:\/\/www.ufsm.br\/projetos\/pesquisa\/fotovoltaica\/wp-json\/wp\/v2\/pages"}],"about":[{"href":"https:\/\/www.ufsm.br\/projetos\/pesquisa\/fotovoltaica\/wp-json\/wp\/v2\/types\/page"}],"author":[{"embeddable":true,"href":"https:\/\/www.ufsm.br\/projetos\/pesquisa\/fotovoltaica\/wp-json\/wp\/v2\/users\/8"}],"replies":[{"embeddable":true,"href":"https:\/\/www.ufsm.br\/projetos\/pesquisa\/fotovoltaica\/wp-json\/wp\/v2\/comments?post=5"}],"version-history":[{"count":0,"href":"https:\/\/www.ufsm.br\/projetos\/pesquisa\/fotovoltaica\/wp-json\/wp\/v2\/pages\/5\/revisions"}],"wp:attachment":[{"href":"https:\/\/www.ufsm.br\/projetos\/pesquisa\/fotovoltaica\/wp-json\/wp\/v2\/media?parent=5"}],"wp:term":[{"taxonomy":"category","embeddable":true,"href":"https:\/\/www.ufsm.br\/projetos\/pesquisa\/fotovoltaica\/wp-json\/wp\/v2\/categories?post=5"},{"taxonomy":"post_tag","embeddable":true,"href":"https:\/\/www.ufsm.br\/projetos\/pesquisa\/fotovoltaica\/wp-json\/wp\/v2\/tags?post=5"}],"curies":[{"name":"wp","href":"https:\/\/api.w.org\/{rel}","templated":true}]}}