{"id":151,"date":"2019-05-20T13:25:09","date_gmt":"2019-05-20T16:25:09","guid":{"rendered":"https:\/\/www.ufsm.br\/projetos-pesquisa-leeda\/?page_id=151"},"modified":"2024-04-02T22:17:34","modified_gmt":"2024-04-03T01:17:34","slug":"dados-basicos","status":"publish","type":"page","link":"https:\/\/www.ufsm.br\/projetos\/pesquisa\/leeda\/dados-basicos","title":{"rendered":"Sobre"},"content":{"rendered":"\n<p class=\"p1\">O LEEDA \u2013\u00a0<i>Laborat\u00f3rio de pesquisa em Est\u00e9ticas e Epistemologias Descentradas das\u00a0<\/i><i>Artes\u00a0<\/i>funciona na sala 1337 do bloco 40A do Centro de Artes e Letras da UFSM, e pretende ser uma sala de leituras e exerc\u00edcios de pesquisa imag\u00e9ticos abertos aos estudantes diariamente. Assim, o LEEDA \u00e9 um espa\u00e7o de estudos e investiga\u00e7\u00e3o em metodologias de pesquisa das artes visuais, coletivas e individuais, em di\u00e1logos com as propostas de Museu Virtual de Griselda Pollock (2010), Atlas Mnemosyne de Aby Warburg, Gertrud Bing e Fritz Saxl (1929) e descentramentos e simultaneidades de Andrea Giunta (2020).\u00a0<\/p>\n<p>O laborat\u00f3rio \u00e9 a central do projeto de pesquisa \u201cEpistemologias desde as artes: teorias est\u00e9ticas e arquivos pol\u00edticos indisciplinares\u201d, que pode ser acessado em:\u00a0<a href=\"https:\/\/portal.ufsm.br\/projetos\/publico\/projetos\/view.html?idProjeto=75188\" target=\"_blank\" rel=\"noopener\">https:\/\/portal.ufsm.br\/projetos\/publico\/projetos\/view.html?idProjeto=75188\u00a0<\/a><\/p>\n<p>Al\u00e9m disso, outros projetos (de ensino e extens\u00e3o) est\u00e3o em andamento por participantes do projeto. Acesse mais informa\u00e7\u00f5es em:\u00a0link<\/p>\n<p>Coordena\u00e7\u00e3o: Prof<sup>a<\/sup>\u00a0Dr<sup>a<\/sup>\u00a0<a href=\"https:\/\/ufsmpublica.ufsm.br\/docente\/26107\/\">Thays Tonin<\/a>\u00a0(CAL-DART)<\/p>\n<p>Contato: thays.tonin@ufsm.br<\/p>\n","protected":false},"excerpt":{"rendered":"<p>O LEEDA \u2013\u00a0Laborat\u00f3rio de pesquisa em Est\u00e9ticas e Epistemologias Descentradas das\u00a0Artes\u00a0funciona na sala 1337 do bloco 40A do Centro de Artes e Letras da UFSM, e pretende ser uma sala de leituras e exerc\u00edcios de pesquisa imag\u00e9ticos abertos aos estudantes diariamente. Assim, o LEEDA \u00e9 um espa\u00e7o de estudos e investiga\u00e7\u00e3o em metodologias de pesquisa [&hellip;]<\/p>\n","protected":false},"author":25,"featured_media":0,"parent":0,"menu_order":0,"comment_status":"closed","ping_status":"closed","template":"","meta":{"footnotes":""},"categories":[],"tags":[],"class_list":["post-151","page","type-page","status-publish","hentry"],"acf":[],"_links":{"self":[{"href":"https:\/\/www.ufsm.br\/projetos\/pesquisa\/leeda\/wp-json\/wp\/v2\/pages\/151","targetHints":{"allow":["GET"]}}],"collection":[{"href":"https:\/\/www.ufsm.br\/projetos\/pesquisa\/leeda\/wp-json\/wp\/v2\/pages"}],"about":[{"href":"https:\/\/www.ufsm.br\/projetos\/pesquisa\/leeda\/wp-json\/wp\/v2\/types\/page"}],"author":[{"embeddable":true,"href":"https:\/\/www.ufsm.br\/projetos\/pesquisa\/leeda\/wp-json\/wp\/v2\/users\/25"}],"replies":[{"embeddable":true,"href":"https:\/\/www.ufsm.br\/projetos\/pesquisa\/leeda\/wp-json\/wp\/v2\/comments?post=151"}],"version-history":[{"count":0,"href":"https:\/\/www.ufsm.br\/projetos\/pesquisa\/leeda\/wp-json\/wp\/v2\/pages\/151\/revisions"}],"wp:attachment":[{"href":"https:\/\/www.ufsm.br\/projetos\/pesquisa\/leeda\/wp-json\/wp\/v2\/media?parent=151"}],"wp:term":[{"taxonomy":"category","embeddable":true,"href":"https:\/\/www.ufsm.br\/projetos\/pesquisa\/leeda\/wp-json\/wp\/v2\/categories?post=151"},{"taxonomy":"post_tag","embeddable":true,"href":"https:\/\/www.ufsm.br\/projetos\/pesquisa\/leeda\/wp-json\/wp\/v2\/tags?post=151"}],"curies":[{"name":"wp","href":"https:\/\/api.w.org\/{rel}","templated":true}]}}