{"id":173,"date":"2020-05-14T14:29:48","date_gmt":"2020-05-14T17:29:48","guid":{"rendered":"https:\/\/www.ufsm.br\/projetos\/pesquisa\/meninas-olimpicas\/?page_id=173"},"modified":"2024-07-18T19:47:44","modified_gmt":"2024-07-18T22:47:44","slug":"pagina-meninas-olimpicas","status":"publish","type":"page","link":"https:\/\/www.ufsm.br\/projetos\/pesquisa\/meninas-olimpicas\/pagina-meninas-olimpicas","title":{"rendered":"Movimento Meninas  Ol\u00edmpicas"},"content":{"rendered":"\n<h5>\u00a0<\/h5>\n<h1 style=\"text-align: center\"><span style=\"background-color: #3366ff;color: #ffffff\">Primeiras Medalhas de Ouro para o Brasil<\/span><\/h1>\n<table class=\" aligncenter\" style=\"border-collapse: collapse;width: 100%\">\n<tbody>\n<tr>\n<td style=\"width: 33.3333%\">\n<div class=\"hJDwNd-AhqUyc-II5mzb Ft7HRd-AhqUyc-II5mzb purZT-AhqUyc-II5mzb ZcASvf-AhqUyc-II5mzb pSzOP-AhqUyc-II5mzb Ktthjf-AhqUyc-II5mzb JNdkSc SQVYQc yYI8W HQwdzb\">\n<div class=\"JNdkSc-SmKAyb LkDMRd\">\n<div class=\"\">\n<div class=\"oKdM2c ZZyype Kzv0Me\">\n<div id=\"h.60917690af0e22d1_203\" class=\"hJDwNd-AhqUyc-II5mzb Ft7HRd-AhqUyc-II5mzb pSzOP-AhqUyc-II5mzb Ktthjf-AhqUyc-II5mzb jXK9ad D2fZ2 zu5uec OjCsFc dmUFtb\">\n<div class=\"jXK9ad-SmKAyb\">\n<div class=\"tyJCtd baZpAe\">\n<div class=\"t3iYD\"><img fetchpriority=\"high\" decoding=\"async\" class=\"CENy8b\" role=\"img\" src=\"https:\/\/lh4.googleusercontent.com\/lYzWZJYUfMgsf2LX31eVJCtCXagXttlep7yWLyDdAbsHDEJJIiH4Sk9gCTCHzUq9qwMhxSv95evRxbU3t-j2dzuh7A4JHfA888-0gZdaBqDJlsqWN6dFZp7Z-zNKFmwFZA=w1280\" width=\"411\" height=\"468\" \/><\/div>\n<\/div>\n<\/div>\n<\/div>\n<\/div>\n<div class=\"oKdM2c ZZyype\">\n<div id=\"h.60917690af0e22d1_205\" class=\"hJDwNd-AhqUyc-II5mzb Ft7HRd-AhqUyc-II5mzb pSzOP-AhqUyc-II5mzb Ktthjf-AhqUyc-II5mzb jXK9ad D2fZ2 zu5uec\">\n<div class=\"jXK9ad-SmKAyb\">\n<div class=\"tyJCtd mGzaTb Depvyb baZpAe\">\n<div class=\"CjVfdc\" style=\"text-align: center\"><span class=\"C9DxTc \">1\u00ba Ouro na ICHO 2018 &#8211; <\/span><span class=\"jgG6ef C9DxTc \">Bronze na ICHO 2017<\/span><\/div>\n<div id=\"h.o8wgzxsywb9t\" class=\"CobnVe yMxPgf  aP9Z7e\" style=\"text-align: center\"><span style=\"color: initial;font-family: inherit;font-size: inherit;font-weight: inherit\">Ivna Ferreira Gomes<\/span><\/div>\n<\/div>\n<\/div>\n<\/div>\n<\/div>\n<div class=\"oKdM2c ZZyype\">\n<div id=\"h.60917690af0e22d1_207\" class=\"hJDwNd-AhqUyc-II5mzb Ft7HRd-AhqUyc-II5mzb pSzOP-AhqUyc-II5mzb Ktthjf-AhqUyc-II5mzb jXK9ad D2fZ2 zu5uec wHaque g5GTcb\">\n<div class=\"jXK9ad-SmKAyb\">\n<div class=\"tyJCtd mGzaTb Depvyb baZpAe\">\n<p class=\"zfr3Q CDt4Ke \" dir=\"ltr\" style=\"text-align: center\"><span class=\"C9DxTc \">Olimp\u00edada Internacional de Qu\u00edmica 2018\u00a0<\/span><\/p>\n<\/div>\n<\/div>\n<\/div>\n<\/div>\n<\/div>\n<\/div>\n<\/div>\n<div class=\"hJDwNd-AhqUyc-II5mzb Ft7HRd-AhqUyc-II5mzb purZT-AhqUyc-II5mzb ZcASvf-AhqUyc-II5mzb pSzOP-AhqUyc-II5mzb Ktthjf-AhqUyc-II5mzb JNdkSc SQVYQc yYI8W HQwdzb\">\n<div class=\"JNdkSc-SmKAyb LkDMRd\">\n<div class=\"\">\n<div class=\"oKdM2c ZZyype Kzv0Me\">\n<div id=\"h.60917690af0e22d1_215\" class=\"hJDwNd-AhqUyc-II5mzb Ft7HRd-AhqUyc-II5mzb pSzOP-AhqUyc-II5mzb Ktthjf-AhqUyc-II5mzb jXK9ad D2fZ2 zu5uec OjCsFc dmUFtb\">\n<div class=\"jXK9ad-SmKAyb\">\n<div class=\"tyJCtd baZpAe\">\u00a0<\/div>\n<\/div>\n<\/div>\n<\/div>\n<\/div>\n<\/div>\n<\/div>\n<div class=\"hJDwNd-AhqUyc-II5mzb Ft7HRd-AhqUyc-II5mzb purZT-AhqUyc-II5mzb ZcASvf-AhqUyc-II5mzb pSzOP-AhqUyc-II5mzb Ktthjf-AhqUyc-II5mzb JNdkSc SQVYQc yYI8W HQwdzb\">\n<div class=\"JNdkSc-SmKAyb LkDMRd\">\n<div class=\"\">\n<div class=\"oKdM2c ZZyype\">\n<div id=\"h.60917690af0e22d1_227\" class=\"hJDwNd-AhqUyc-II5mzb Ft7HRd-AhqUyc-II5mzb pSzOP-AhqUyc-II5mzb Ktthjf-AhqUyc-II5mzb jXK9ad D2fZ2 zu5uec wHaque g5GTcb\">\n<div class=\"jXK9ad-SmKAyb\">\n<div class=\"tyJCtd mGzaTb Depvyb baZpAe\">\n<p class=\"zfr3Q CDt4Ke \" dir=\"ltr\">\u00a0<\/p>\n<\/div>\n<\/div>\n<\/div>\n<\/div>\n<\/div>\n<\/div>\n<\/div>\n<\/td>\n<td style=\"width: 33.3333%\">\n<div class=\"hJDwNd-AhqUyc-II5mzb Ft7HRd-AhqUyc-II5mzb purZT-AhqUyc-II5mzb ZcASvf-AhqUyc-II5mzb pSzOP-AhqUyc-II5mzb Ktthjf-AhqUyc-II5mzb JNdkSc SQVYQc yYI8W HQwdzb\">\n<div class=\"JNdkSc-SmKAyb LkDMRd\">\n<div class=\"\">\n<div class=\"oKdM2c ZZyype Kzv0Me\">\n<div class=\"t3iYD\">\u00a0<\/div>\n<\/div>\n<\/div>\n<\/div>\n<\/div>\n<div class=\"hJDwNd-AhqUyc-II5mzb Ft7HRd-AhqUyc-II5mzb purZT-AhqUyc-II5mzb ZcASvf-AhqUyc-II5mzb pSzOP-AhqUyc-II5mzb Ktthjf-AhqUyc-II5mzb JNdkSc SQVYQc yYI8W HQwdzb\">\n<div class=\"JNdkSc-SmKAyb LkDMRd\">\n<div class=\"\">\n<div class=\"oKdM2c ZZyype Kzv0Me\">\n<div id=\"h.60917690af0e22d1_215\" class=\"hJDwNd-AhqUyc-II5mzb Ft7HRd-AhqUyc-II5mzb pSzOP-AhqUyc-II5mzb Ktthjf-AhqUyc-II5mzb jXK9ad D2fZ2 zu5uec OjCsFc dmUFtb\">\n<div class=\"jXK9ad-SmKAyb\">\n<div class=\"tyJCtd baZpAe\">\n<div class=\"t3iYD\"><img decoding=\"async\" class=\"CENy8b\" role=\"img\" src=\"https:\/\/lh4.googleusercontent.com\/btPIoexcykmYGY68Cvh7lONrRaqjrS9QpFhj_dLOjz-J5De8Y0sralnshGN-C5dnWAEg7ifpjUx4z8j5yNdsiatJa9AiUselVwAdzk2Cnukuj1Tcv059UZcs0FHXRjvyFg=w1280\" \/><\/div>\n<\/div>\n<\/div>\n<\/div>\n<\/div>\n<div class=\"oKdM2c ZZyype\">\n<div id=\"h.60917690af0e22d1_217\" class=\"hJDwNd-AhqUyc-II5mzb Ft7HRd-AhqUyc-II5mzb pSzOP-AhqUyc-II5mzb Ktthjf-AhqUyc-II5mzb jXK9ad D2fZ2 zu5uec\">\n<div class=\"jXK9ad-SmKAyb\">\n<div class=\"tyJCtd mGzaTb Depvyb baZpAe\">\n<div class=\"CjVfdc\" style=\"text-align: center\"><span class=\"C9DxTc \">1\u00ba Ouro na EGMO 2019 <\/span><span class=\"jgG6ef C9DxTc \">Prata 2018, Bronze\u00a0 2017<\/span><\/div>\n<div class=\"CjVfdc\" style=\"text-align: center\"><span class=\"puwcIf C9DxTc \">Mariana Bigolin Groff<\/span><\/div>\n<\/div>\n<\/div>\n<\/div>\n<\/div>\n<div class=\"oKdM2c ZZyype\">\n<div id=\"h.60917690af0e22d1_219\" class=\"hJDwNd-AhqUyc-II5mzb Ft7HRd-AhqUyc-II5mzb pSzOP-AhqUyc-II5mzb Ktthjf-AhqUyc-II5mzb jXK9ad D2fZ2 zu5uec wHaque g5GTcb\">\n<div class=\"jXK9ad-SmKAyb\">\n<div class=\"tyJCtd mGzaTb Depvyb baZpAe\">\n<p class=\"zfr3Q CDt4Ke \" dir=\"ltr\" style=\"text-align: center\"><span class=\"C9DxTc \">Olimp\u00edada Europeia de Matem\u00e1tica para Garotas 2019<\/span><\/p>\n<\/div>\n<\/div>\n<\/div>\n<\/div>\n<\/div>\n<\/div>\n<\/div>\n<div class=\"hJDwNd-AhqUyc-II5mzb Ft7HRd-AhqUyc-II5mzb purZT-AhqUyc-II5mzb ZcASvf-AhqUyc-II5mzb pSzOP-AhqUyc-II5mzb Ktthjf-AhqUyc-II5mzb JNdkSc SQVYQc yYI8W HQwdzb\">\n<div class=\"JNdkSc-SmKAyb LkDMRd\">\n<div class=\"\">\n<div class=\"oKdM2c ZZyype Kzv0Me\">\n<div id=\"h.60917690af0e22d1_223\" class=\"hJDwNd-AhqUyc-II5mzb Ft7HRd-AhqUyc-II5mzb pSzOP-AhqUyc-II5mzb Ktthjf-AhqUyc-II5mzb jXK9ad D2fZ2 zu5uec OjCsFc dmUFtb\">\n<div class=\"jXK9ad-SmKAyb\">\n<div class=\"tyJCtd baZpAe\">\n<div class=\"t3iYD\">\u00a0<\/div>\n<\/div>\n<\/div>\n<\/div>\n<\/div>\n<\/div>\n<\/div>\n<\/div>\n<\/td>\n<td style=\"width: 33.3333%\">\n<div class=\"hJDwNd-AhqUyc-II5mzb Ft7HRd-AhqUyc-II5mzb purZT-AhqUyc-II5mzb ZcASvf-AhqUyc-II5mzb pSzOP-AhqUyc-II5mzb Ktthjf-AhqUyc-II5mzb JNdkSc SQVYQc yYI8W HQwdzb\">\n<div class=\"JNdkSc-SmKAyb LkDMRd\">\n<div class=\"\">\n<div class=\"oKdM2c ZZyype Kzv0Me\">\n<div id=\"h.60917690af0e22d1_203\" class=\"hJDwNd-AhqUyc-II5mzb Ft7HRd-AhqUyc-II5mzb pSzOP-AhqUyc-II5mzb Ktthjf-AhqUyc-II5mzb jXK9ad D2fZ2 zu5uec OjCsFc dmUFtb\">\n<div class=\"jXK9ad-SmKAyb\">\n<div class=\"tyJCtd baZpAe\">\n<div class=\"t3iYD\"><img decoding=\"async\" class=\"CENy8b\" style=\"font-family: inherit;font-size: inherit;font-weight: inherit;color: initial\" role=\"img\" src=\"https:\/\/lh3.googleusercontent.com\/QuspnPsnXlEVxJVFn349UHW7Je0VEBv3NPhMufQCn9jIXojdGCMz4ke_zCU0EnOjbQEVEJe36YlYWl-Y2RdQofIU9RrVX_yGIRscMKqzFheH-jv8XSXrNUVSNjEwX95fAg=w1280\" \/><\/div>\n<\/div>\n<\/div>\n<\/div>\n<\/div>\n<\/div>\n<\/div>\n<\/div>\n<div class=\"hJDwNd-AhqUyc-II5mzb Ft7HRd-AhqUyc-II5mzb purZT-AhqUyc-II5mzb ZcASvf-AhqUyc-II5mzb pSzOP-AhqUyc-II5mzb Ktthjf-AhqUyc-II5mzb JNdkSc SQVYQc yYI8W HQwdzb\">\n<div class=\"JNdkSc-SmKAyb LkDMRd\">\n<div class=\"\">\n<div class=\"oKdM2c ZZyype\">\n<div id=\"h.60917690af0e22d1_225\" class=\"hJDwNd-AhqUyc-II5mzb Ft7HRd-AhqUyc-II5mzb pSzOP-AhqUyc-II5mzb Ktthjf-AhqUyc-II5mzb jXK9ad D2fZ2 zu5uec\">\n<div class=\"jXK9ad-SmKAyb\">\n<div class=\"tyJCtd mGzaTb Depvyb baZpAe\">\n<div id=\"h.c9qeywmcmhwp\" class=\"CobnVe yMxPgf  aP9Z7e\">\u00a0<\/div>\n<div class=\"CjVfdc\">\n<div class=\"PPhIP rviiZ\">\n<div class=\"U26fgb mUbCce fKz7Od LRAOtb Znu9nd M9Bg4d\" role=\"presentation\" aria-describedby=\"h.c9qeywmcmhwp_l\" aria-label=\"Copiar link do t\u00edtulo\" data-tooltip=\"Copiar link do t\u00edtulo\" aria-hidden=\"true\" data-tooltip-position=\"top\" data-tooltip-vertical-offset=\"12\" data-tooltip-horizontal-offset=\"0\">\n<div class=\"VTBa7b MbhUzd\" style=\"text-align: center\"><span style=\"font-family: inherit;font-size: inherit;font-weight: inherit;color: initial\">1\u00ba Ouro na EGOI 2021 <\/span><span style=\"font-size: revert;font-family: inherit;font-weight: inherit;color: initial\">Bronze IOI 2021<\/span><\/div>\n<\/div>\n<\/div>\n<\/div>\n<div id=\"h.exoeix2q0f60\" class=\"CobnVe yMxPgf  aP9Z7e\" style=\"text-align: center\"><span style=\"color: initial;font-family: inherit;font-size: inherit;font-weight: inherit\">Carolina Valle Costa<\/span><\/div>\n<\/div>\n<\/div>\n<\/div>\n<\/div>\n<div class=\"oKdM2c ZZyype\">\n<div id=\"h.60917690af0e22d1_227\" class=\"hJDwNd-AhqUyc-II5mzb Ft7HRd-AhqUyc-II5mzb pSzOP-AhqUyc-II5mzb Ktthjf-AhqUyc-II5mzb jXK9ad D2fZ2 zu5uec wHaque g5GTcb\">\n<div class=\"jXK9ad-SmKAyb\">\n<div class=\"tyJCtd mGzaTb Depvyb baZpAe\">\n<p class=\"zfr3Q CDt4Ke \" dir=\"ltr\" style=\"text-align: center\"><span class=\"C9DxTc \">Olimp\u00edada Europeia de Inform\u00e1tica para Garotas 2020<\/span><\/p>\n<\/div>\n<\/div>\n<\/div>\n<\/div>\n<\/div>\n<\/div>\n<\/div>\n<\/td>\n<\/tr>\n<tr>\n<td style=\"width: 33.3333%\">\u00a0<\/td>\n<td style=\"width: 33.3333%\">\u00a0<\/td>\n<td style=\"width: 33.3333%\">\u00a0<\/td>\n<\/tr>\n<\/tbody>\n<\/table>\n<p>\u00a0<\/p>\n<h3>Homenagem IMO 2018<\/h3>\n<h5><iframe src=\"\/\/www.youtube.com\/embed\/oqVnHYCM2KE?t=23s\" width=\"560\" height=\"314\" allowfullscreen=\"allowfullscreen\"><\/iframe><\/h5>\n\n\n\n<table style=\"height: 550px;width: 102.166%;border-collapse: collapse;background-color: #bce6e1\">\n<tbody>\n<tr style=\"height: 254px\">\n<td style=\"width: 12.2459%;height: 254px\">\n<h4 style=\"text-align: center\"><span style=\"color: #000000\"><a style=\"color: #000000\" href=\"https:\/\/www.facebook.com\/meninas.olimpicas\/\"><img decoding=\"async\" class=\"wp-image-184 aligncenter\" src=\"https:\/\/www.ufsm.br\/app\/uploads\/sites\/823\/2020\/05\/14184310_1374388702579016_4639812434521926617_n-300x300.jpg\" alt=\"\" width=\"81\" height=\"81\" srcset=\"https:\/\/www.ufsm.br\/app\/uploads\/sites\/823\/2020\/05\/14184310_1374388702579016_4639812434521926617_n-300x300.jpg 300w, https:\/\/www.ufsm.br\/app\/uploads\/sites\/823\/2020\/05\/14184310_1374388702579016_4639812434521926617_n-150x150.jpg 150w, https:\/\/www.ufsm.br\/app\/uploads\/sites\/823\/2020\/05\/14184310_1374388702579016_4639812434521926617_n-768x768.jpg 768w, https:\/\/www.ufsm.br\/app\/uploads\/sites\/823\/2020\/05\/14184310_1374388702579016_4639812434521926617_n.jpg 960w\" sizes=\"(max-width: 81px) 100vw, 81px\" \/>Facebook <\/a><a style=\"color: #000000\" href=\"https:\/\/www.instagram.com\/meninas_olimpicas\/\">Instagram <\/a><a style=\"color: #000000\" href=\"https:\/\/www.youtube.com\/channel\/UCCqYfEFLmDM-buQXGPNU0tg\">Youtube<\/a><\/span><\/h4>\n<\/td>\n<td style=\"width: 29.4931%;height: 254px\">\n<h2><span style=\"color: #3385ff\"><a style=\"color: #3385ff\" href=\"https:\/\/sites.google.com\/ufsm.br\/meninasolimpicas\/\"><strong>Mapa das Meninas Ol\u00edmpicas do Brasil<\/strong><\/a><\/span><\/h2>\n<\/td>\n<td style=\"width: 39.0689%;height: 254px\">\n<ul style=\"list-style-type: square\">\n<li>\n<h4><span style=\"color: #3385ff\"><a style=\"color: #3385ff\" href=\"https:\/\/tfcbr.inf.ufsm.br\/quem-somos\">Torneio Feminino de Computa\u00e7\u00e3o (TFC<\/a>)<\/span><\/h4>\n<\/li>\n<li>\n<h4><span style=\"color: #3385ff\"><a style=\"color: #3385ff\" href=\"https:\/\/www.youtube.com\/watch?v=ymVV63XPiLg\">Cerim\u00f4nia de Premia\u00e7\u00e3o TFC<\/a><\/span><\/h4>\n<\/li>\n<\/ul>\n<\/td>\n<\/tr>\n<tr style=\"height: 148px\">\n<td style=\"width: 12.2459%;height: 148px\">\n<h2><span style=\"color: #000000\">Imprensa<\/span><\/h2>\n<\/td>\n<td style=\"width: 29.4931%;height: 148px\">\n<h2><span style=\"color: #3385ff\"><a style=\"color: #3385ff\" href=\"https:\/\/bit.ly\/35OwVzM\">CNPq<\/a>, <a style=\"color: #3385ff\" href=\"https:\/\/www.folhadonoroeste.com.br\/noticias\/lista\/meninas%20ol%C3%ADmpicas\/\">Folha<\/a>, <a style=\"color: #3385ff\" href=\"http:\/\/www.al.rs.gov.br\/agenciadenoticias\/destaque\/tabid\/855\/IdMateria\/321859\/Default.aspx\">ALRS<\/a>, <a style=\"color: #3385ff\" href=\"https:\/\/al.ms.gov.br\/Noticias\/104606\/mara-propoe-premio-de-incentivo-a-participacao-feminina-em-olimpiadas-cientificas\">ALMS<\/a>, <a style=\"color: #3385ff\" href=\"https:\/\/www.reporterhoje.com.br\/2020\/09\/29\/olivia-santana-quer-criar-o-premio-meninas-olimpicas\/\">ALBA<\/a>, <a style=\"color: #3385ff\" href=\"https:\/\/www.gov.br\/mcti\/pt-br\/acompanhe-o-mcti\/noticias\/2021\/06\/brasil-conquista-ouro-na-olimpiada-europeia-de-informatica-para-garotas\">MTIC<\/a><\/span><\/h2>\n<\/td>\n<td style=\"width: 39.0689%;height: 148px\">\n<ul style=\"list-style-type: square\">\n<li>\n<h4><span style=\"color: #3385ff\"><a style=\"color: #3385ff\" href=\"https:\/\/www.ufsm.br\/2021\/04\/22\/projeto-desenvolvido-na-ufsm-inspira-o-premio-meninas-olimpicas\/\">Pr\u00eamio Meninas Ol\u00edmpicas\u00a0<\/a><\/span><\/h4>\n<\/li>\n<li>\n<h4><span style=\"color: #3385ff\"><a style=\"color: #3385ff\" href=\"https:\/\/www.ufsm.br\/2021\/06\/25\/professora-da-ufsm-e-lider-de-equipe-que-conquistou-ouro-em-olimpiada-europeia-feminina-de-informatica\/\">EGOI 2021<\/a><\/span><\/h4>\n<\/li>\n<li>\n<h4><span style=\"color: #3385ff\"><a style=\"color: #3385ff\" href=\"https:\/\/www.folhadonoroeste.com.br\/noticias\/nara-bigolin-recebe-premio-de-mulher-cidada-na-assembleia-legislativa-rs\/\">Mulher Cidad\u00e3 do RS<\/a><\/span><\/h4>\n<\/li>\n<\/ul>\n<\/td>\n<\/tr>\n<tr style=\"height: 148px\">\n<td style=\"width: 12.2459%;height: 148px\">\n<h2>Lives:<\/h2>\n<\/td>\n<td style=\"width: 29.4931%;height: 148px\">\n<h3><span style=\"color: #3385ff\"><a style=\"color: #3385ff\" href=\"https:\/\/www.youtube.com\/watch?v=lNCwDtAMZYE&amp;t=317s\">Mulheres no poder, Meninas na olimp\u00edada<\/a><\/span><\/h3>\n<\/td>\n<td style=\"width: 39.0689%;height: 148px\">\n<ul style=\"list-style-type: square\">\n<li>\n<h3><span style=\"color: #3385ff\"><a style=\"color: #3385ff\" href=\"https:\/\/www.facebook.com\/watch\/?v=304607286971010\">Entrevista <\/a><\/span><\/h3>\n<\/li>\n<li>\n<h3><span style=\"color: #3385ff\"><a style=\"color: #3385ff\" href=\"https:\/\/periodicos.utfpr.edu.br\/cgt\/article\/view\/9183\">Artigo<\/a>, <a style=\"color: #3385ff\" href=\"https:\/\/www.ufsm.br\/midias\/arco\/meninas-olimpicas\/\">Mat\u00e9ria<\/a><\/span><\/h3>\n<\/li>\n<\/ul>\n<\/td>\n<\/tr>\n<\/tbody>\n<\/table>\n","protected":false},"excerpt":{"rendered":"<p>\u00a0 Primeiras Medalhas de Ouro para o Brasil 1\u00ba Ouro na ICHO 2018 &#8211; Bronze na ICHO 2017 Ivna Ferreira Gomes Olimp\u00edada Internacional de Qu\u00edmica 2018\u00a0 \u00a0 \u00a0 \u00a0 1\u00ba Ouro na EGMO 2019 Prata 2018, Bronze\u00a0 2017 Mariana Bigolin Groff Olimp\u00edada Europeia de Matem\u00e1tica para Garotas 2019 \u00a0 \u00a0 1\u00ba Ouro na EGOI 2021 [&hellip;]<\/p>\n","protected":false},"author":2738,"featured_media":188,"parent":0,"menu_order":0,"comment_status":"closed","ping_status":"closed","template":"","meta":{"footnotes":""},"categories":[],"tags":[],"class_list":["post-173","page","type-page","status-publish","has-post-thumbnail","hentry"],"acf":[],"_links":{"self":[{"href":"https:\/\/www.ufsm.br\/projetos\/pesquisa\/meninas-olimpicas\/wp-json\/wp\/v2\/pages\/173","targetHints":{"allow":["GET"]}}],"collection":[{"href":"https:\/\/www.ufsm.br\/projetos\/pesquisa\/meninas-olimpicas\/wp-json\/wp\/v2\/pages"}],"about":[{"href":"https:\/\/www.ufsm.br\/projetos\/pesquisa\/meninas-olimpicas\/wp-json\/wp\/v2\/types\/page"}],"author":[{"embeddable":true,"href":"https:\/\/www.ufsm.br\/projetos\/pesquisa\/meninas-olimpicas\/wp-json\/wp\/v2\/users\/2738"}],"replies":[{"embeddable":true,"href":"https:\/\/www.ufsm.br\/projetos\/pesquisa\/meninas-olimpicas\/wp-json\/wp\/v2\/comments?post=173"}],"version-history":[{"count":0,"href":"https:\/\/www.ufsm.br\/projetos\/pesquisa\/meninas-olimpicas\/wp-json\/wp\/v2\/pages\/173\/revisions"}],"wp:featuredmedia":[{"embeddable":true,"href":"https:\/\/www.ufsm.br\/projetos\/pesquisa\/meninas-olimpicas\/wp-json\/wp\/v2\/media\/188"}],"wp:attachment":[{"href":"https:\/\/www.ufsm.br\/projetos\/pesquisa\/meninas-olimpicas\/wp-json\/wp\/v2\/media?parent=173"}],"wp:term":[{"taxonomy":"category","embeddable":true,"href":"https:\/\/www.ufsm.br\/projetos\/pesquisa\/meninas-olimpicas\/wp-json\/wp\/v2\/categories?post=173"},{"taxonomy":"post_tag","embeddable":true,"href":"https:\/\/www.ufsm.br\/projetos\/pesquisa\/meninas-olimpicas\/wp-json\/wp\/v2\/tags?post=173"}],"curies":[{"name":"wp","href":"https:\/\/api.w.org\/{rel}","templated":true}]}}