{"id":3799,"date":"2012-07-30T23:32:32","date_gmt":"2012-07-30T23:32:32","guid":{"rendered":"http:\/\/theme-fusion.com\/avada\/?page_id=6"},"modified":"2012-07-30T23:32:32","modified_gmt":"2012-07-30T23:32:32","slug":"home","status":"publish","type":"page","link":"https:\/\/www.ufsm.br\/projetos\/pesquisa\/ppbio\/home","title":{"rendered":"Home Version 2"},"content":{"rendered":"<div style=\"margin-top: -70px\">\n<p>&nbsp;<\/p>\n<h1>Bem Vindo ao Programa de <span style=\"color: #81a329\">Pesquisa em Biodiversidade<\/span> Rede PPBio Mata Atl\u00e2ntica<\/h1>\n<p>&nbsp;<\/p>\n<p>&nbsp;<\/p>\n<p>&nbsp;<\/p>\n<\/div>\n<p>[content_boxes]<br \/>\n[content_box title=&#8221;O que \u00e9 o PPBioMA ?&#8221; image=&#8221;&#8221; icon=&#8221;group&#8221; link=&#8221;?page_id=4018&#8243; linktext=&#8221;veja mais&#8230;&#8221;]<a href=\"https:\/\/www.ufsm.br\/projetos\/pesquisa\/ppbioma\/wp-content\/uploads\/sites\/680\/2013\/09\/bt_home_ilhagrande.png\"><img fetchpriority=\"high\" decoding=\"async\" class=\"alignnone size-full wp-image-4009\" src=\"https:\/\/www.ufsm.br\/projetos\/pesquisa\/ppbioma\/wp-content\/uploads\/sites\/680\/2013\/09\/bt_home_ilhagrande.png\" alt=\"bt_home_ilhagrande\" width=\"296\" height=\"179\" \/><\/a>Conhe\u00e7a mais sobre o Programa de Pesquisa em Biodiversidade da Mata Atl\u00e2ntica (PPBioMA).[\/content_box]<\/p>\n<p>[content_box title=&#8221;Cursos de Capacita\u00e7\u00e3o&#8221; image=&#8221;&#8221; icon=&#8221;map-marker&#8221; link=&#8221;http:\/\/200.18.32.166\/ppbioma\/cursos\/&#8221;\u00a0linktext=&#8221;veja mais&#8230;&#8221;]<a href=\"https:\/\/www.ufsm.br\/projetos\/pesquisa\/ppbioma\/wp-content\/uploads\/sites\/680\/2015\/04\/HOME_mapas.png\"><img decoding=\"async\" class=\"alignnone size-full wp-image-5123\" src=\"https:\/\/www.ufsm.br\/projetos\/pesquisa\/ppbioma\/wp-content\/uploads\/sites\/680\/2015\/04\/HOME_mapas.png\" alt=\"HOME_mapas\" width=\"296\" height=\"179\" \/><\/a>O\u00a0programa PPBIO Mata Atl\u00e2ntica promove curso de capacita\u00e7\u00e3o aos pesquisadores interessados. [\/content_box]<\/p>\n<p>[content_box last=&#8221;yes&#8221; title=&#8221;Voc\u00ea est\u00e1 Legal?&#8221; \u00a0image=&#8221;&#8221; icon=&#8221;leaf&#8221; \u00a0link=&#8221;wp-content\/uploads\/2012\/07\/GUIA-BE_A_BA.pdf&#8221;\u00a0linktext=&#8221;veja mais&#8230;&#8221;]<img decoding=\"async\" class=\"alignnone size-full wp-image-4008\" src=\"https:\/\/www.ufsm.br\/projetos\/pesquisa\/ppbioma\/wp-content\/uploads\/sites\/680\/2012\/07\/bt_home_legislacao.png\" alt=\"\" width=\"295\" height=\"178\" \/>Voc\u00ea vai inciar uma pesquisa? Veja aqui o b\u00ea-a-b\u00e1 da Legaliza\u00e7\u00e3o Ambiental &#8211; Adeque seu projeto e n\u00e3o perca tempo![\/content_box]<br \/>\n[\/content_boxes]<\/p>\n<p>[title size=&#8221;2&#8243;]\u00daltimas Not\u00edcias[\/title]<br \/>\n[recent_posts thumbnail=&#8221;yes&#8221; title=&#8221;yes&#8221; meta=&#8221;yes&#8221; excerpt=&#8221;yes&#8221;][\/recent_posts]<\/p>\n<p>[separator top=&#8221;80&#8243;]<\/p>\n<p>[one_half last=&#8221;no&#8221;]<br \/>\n[title size=&#8221;2&#8243;]Visite tamb\u00e9m os outros PPBio[\/title]<\/p>\n<ul class=\"arrow\">\n<li><a title=\"PPBio Amaz\u00f4nia\" href=\"http:\/\/ppbio.inpa.gov.br\/\">PPBio Amaz\u00f4nia<\/a><\/li>\n<li><a title=\"PPBio Amaz\u00f4nia Oriental\" href=\"http:\/\/ppbio.museu-goeldi.br\/\">PPBio Amaz\u00f4nia Oriental<\/a><\/li>\n<li><a title=\"PPBio Semi \u00c1rido\" href=\"http:\/\/www.uefs.br\/ppbio\/\">PPBio Semi \u00c1rido<\/a><\/li>\n<li><a title=\"PPBio ComCerrado\" href=\"http:\/\/www.redecomcerrado.net\/Site\/homepage.php\">PPBio ComCerrado<\/a><\/li>\n<\/ul>\n<p>[\/one_half]<\/p>\n<p>[one_half last=&#8221;yes&#8221;]<br \/>\n[title size=&#8221;2&#8243;]Projeto ligado ao[\/title]<br \/>\n<img decoding=\"async\" src=\"wp-content\/uploads\/2012\/07\/logo_mcti_horizontal.jpg\" alt=\"\" \/><br \/>\n[\/one_half]<\/p>\n","protected":false},"excerpt":{"rendered":"<p>&nbsp; Bem Vindo ao Programa de Pesquisa em Biodiversidade Rede PPBio Mata Atl\u00e2ntica &nbsp; &nbsp; &nbsp; [content_boxes] [content_box title=&#8221;O que \u00e9 o PPBioMA ?&#8221; image=&#8221;&#8221; icon=&#8221;group&#8221; link=&#8221;?page_id=4018&#8243; linktext=&#8221;veja mais&#8230;&#8221;]Conhe\u00e7a mais sobre o Programa de Pesquisa em Biodiversidade da Mata Atl\u00e2ntica (PPBioMA).[\/content_box] [content_box title=&#8221;Cursos de Capacita\u00e7\u00e3o&#8221; image=&#8221;&#8221; icon=&#8221;map-marker&#8221; link=&#8221;http:\/\/200.18.32.166\/ppbioma\/cursos\/&#8221;\u00a0linktext=&#8221;veja mais&#8230;&#8221;]O\u00a0programa PPBIO Mata Atl\u00e2ntica promove curso de [&hellip;]<\/p>\n","protected":false},"author":25,"featured_media":0,"parent":0,"menu_order":0,"comment_status":"open","ping_status":"open","template":"full-width.php","meta":{"footnotes":""},"categories":[],"tags":[],"class_list":["post-3799","page","type-page","status-publish","hentry"],"acf":[],"_links":{"self":[{"href":"https:\/\/www.ufsm.br\/projetos\/pesquisa\/ppbio\/wp-json\/wp\/v2\/pages\/3799","targetHints":{"allow":["GET"]}}],"collection":[{"href":"https:\/\/www.ufsm.br\/projetos\/pesquisa\/ppbio\/wp-json\/wp\/v2\/pages"}],"about":[{"href":"https:\/\/www.ufsm.br\/projetos\/pesquisa\/ppbio\/wp-json\/wp\/v2\/types\/page"}],"author":[{"embeddable":true,"href":"https:\/\/www.ufsm.br\/projetos\/pesquisa\/ppbio\/wp-json\/wp\/v2\/users\/25"}],"replies":[{"embeddable":true,"href":"https:\/\/www.ufsm.br\/projetos\/pesquisa\/ppbio\/wp-json\/wp\/v2\/comments?post=3799"}],"version-history":[{"count":0,"href":"https:\/\/www.ufsm.br\/projetos\/pesquisa\/ppbio\/wp-json\/wp\/v2\/pages\/3799\/revisions"}],"wp:attachment":[{"href":"https:\/\/www.ufsm.br\/projetos\/pesquisa\/ppbio\/wp-json\/wp\/v2\/media?parent=3799"}],"wp:term":[{"taxonomy":"category","embeddable":true,"href":"https:\/\/www.ufsm.br\/projetos\/pesquisa\/ppbio\/wp-json\/wp\/v2\/categories?post=3799"},{"taxonomy":"post_tag","embeddable":true,"href":"https:\/\/www.ufsm.br\/projetos\/pesquisa\/ppbio\/wp-json\/wp\/v2\/tags?post=3799"}],"curies":[{"name":"wp","href":"https:\/\/api.w.org\/{rel}","templated":true}]}}