{"id":4774,"date":"2014-05-30T13:32:02","date_gmt":"2014-05-30T13:32:02","guid":{"rendered":"http:\/\/200.18.32.166\/ppbioma\/?page_id=4774"},"modified":"2019-06-13T15:58:21","modified_gmt":"2019-06-13T18:58:21","slug":"parque-estadual-dois-irmaos","status":"publish","type":"page","link":"https:\/\/www.ufsm.br\/projetos\/pesquisa\/ppbio\/parque-estadual-dois-irmaos","title":{"rendered":"Parque Estadual Dois Irm\u00e3os"},"content":{"rendered":"\t\t<div data-elementor-type=\"wp-post\" data-elementor-id=\"4774\" class=\"elementor elementor-4774\">\n\t\t\t\t\t\t<section class=\"elementor-section elementor-top-section elementor-element elementor-element-71096bf elementor-section-boxed elementor-section-height-default elementor-section-height-default\" data-id=\"71096bf\" data-element_type=\"section\">\n\t\t\t\t\t\t<div class=\"elementor-container elementor-column-gap-default\">\n\t\t\t\t\t<div class=\"elementor-column elementor-col-100 elementor-top-column elementor-element elementor-element-df66844\" data-id=\"df66844\" data-element_type=\"column\">\n\t\t\t<div class=\"elementor-widget-wrap elementor-element-populated\">\n\t\t\t\t\t\t<div class=\"elementor-element elementor-element-a7e35a1 elementor-widget elementor-widget-text-editor\" data-id=\"a7e35a1\" data-element_type=\"widget\" data-widget_type=\"text-editor.default\">\n\t\t\t\t<div class=\"elementor-widget-container\">\n\t\t\t\t\t\t\t<p>O\u00a0<strong>Parque Estadual de Dois Irm\u00e3os (PEDI)<\/strong>\u00a0possui uma \u00e1rea de 1.161 ha e localiza-se a noroeste do munic\u00edpio do Recife, capital de Pernambuco, delimitada pelas coordenadas 7\u00b057\u203220\u2033 e 8\u00b001\u203200\u2033S e 34\u00b056\u203220\u2033 e 34\u00b058\u203215\u2033W, paralela \u00e0 rodovia BR-101 Norte.<\/p><p>O PEDI foi criado em 1987, pela Lei n\u00ba 9.989\/87, denominado inicialmente Reserva Ecol\u00f3gica de Dois Irm\u00e3os, e posteriormente passou \u00e0 categoria de Parque Estadual, por meio da Lei N\u00ba 11.622\/98, com \u00e1rea original de 387,4 ha.<\/p><p>Desde 2012, a \u00e1rea est\u00e1 em processo de amplia\u00e7\u00e3o, a partir da anexa\u00e7\u00e3o de 774 ha, o que aumenta sua \u00e1rea total para os atuais 1161 ha. A nova \u00e1rea contrasta com a \u00e1rea original, por ser vegeta\u00e7\u00e3o secund\u00e1ria, de forma\u00e7\u00e3o mais recente, com cobertura mais baixa e aberta. A \u00e1rea \u00e9 intensamente antropizada, com ruas e casas entre as duas por\u00e7\u00f5es que comp\u00f5em o parque, exercendo intensa press\u00e3o sobre os recursos biol\u00f3gicos, minerais e paisag\u00edsticos. Os solos s\u00e3o do grupo Barreiras, com textura de arenoso a argiloso-arenoso, a vegeta\u00e7\u00e3o \u00e9 classificada como Floresta Ombr\u00f3fila Densa das Terras Baixas e o clima do tipo As\u2019 de K\u00f6ppen, tropical costeiro, quente e \u00famido, com chuvas de outono-inverno, m\u00e9dia hist\u00f3rica total anual de precipita\u00e7\u00e3o de 2460 mm e temperaturas m\u00e9dias mensais superiores a 23o C.<\/p><div class=\"title\"><p><strong>O M\u00f3dulo RAPELD e as Parcelas<\/strong><\/p><\/div><p>No PEDI, est\u00e1 instalado um m\u00f3dulo RAPELD englobando floresta madura e secund\u00e1ria.<\/p><p>A instala\u00e7\u00e3o dos m\u00f3dulos foi idealizada por pesquisadores da Universidade Federal Rural de Pernambuco, Universidade Federal de Pernambuco e Jardim Bot\u00e2nico do Recife, integrantes do N\u00facleo Regional Nordeste.<\/p><p>O s\u00edtio \u00e9 denominado PEDI, m\u00f3dulo PE, com 5 km2, duas trilhas (PE1 e PE2) e 10 parcelas de distribui\u00e7\u00e3o uniforme.<\/p>\t\t\t\t\t\t<\/div>\n\t\t\t\t<\/div>\n\t\t\t\t\t<\/div>\n\t\t<\/div>\n\t\t\t\t\t<\/div>\n\t\t<\/section>\n\t\t\t\t<section class=\"elementor-section elementor-top-section elementor-element elementor-element-807dc0d elementor-section-boxed elementor-section-height-default elementor-section-height-default\" data-id=\"807dc0d\" data-element_type=\"section\">\n\t\t\t\t\t\t<div class=\"elementor-container elementor-column-gap-default\">\n\t\t\t\t\t<div class=\"elementor-column elementor-col-100 elementor-top-column elementor-element elementor-element-4bc2f13\" data-id=\"4bc2f13\" data-element_type=\"column\">\n\t\t\t<div class=\"elementor-widget-wrap elementor-element-populated\">\n\t\t\t\t\t\t<div class=\"elementor-element elementor-element-5de85d2 elementor-widget elementor-widget-toggle\" data-id=\"5de85d2\" data-element_type=\"widget\" data-widget_type=\"toggle.default\">\n\t\t\t\t<div class=\"elementor-widget-container\">\n\t\t\t\t\t<div class=\"elementor-toggle\">\n\t\t\t\t\t\t\t<div class=\"elementor-toggle-item\">\n\t\t\t\t\t<div id=\"elementor-tab-title-9841\" class=\"elementor-tab-title\" data-tab=\"1\" role=\"button\" aria-controls=\"elementor-tab-content-9841\" aria-expanded=\"false\">\n\t\t\t\t\t\t\t\t\t\t\t\t<span class=\"elementor-toggle-icon elementor-toggle-icon-left\" aria-hidden=\"true\">\n\t\t\t\t\t\t\t\t\t\t\t\t\t\t\t<span class=\"elementor-toggle-icon-closed\"><i class=\"fas fa-caret-right\"><\/i><\/span>\n\t\t\t\t\t\t\t\t<span class=\"elementor-toggle-icon-opened\"><i class=\"elementor-toggle-icon-opened fas fa-caret-up\"><\/i><\/span>\n\t\t\t\t\t\t\t\t\t\t\t\t\t<\/span>\n\t\t\t\t\t\t\t\t\t\t\t\t<a class=\"elementor-toggle-title\" tabindex=\"0\">Objetivos<\/a>\n\t\t\t\t\t<\/div>\n\n\t\t\t\t\t<div id=\"elementor-tab-content-9841\" class=\"elementor-tab-content elementor-clearfix\" data-tab=\"1\" role=\"region\" aria-labelledby=\"elementor-tab-title-9841\"><p>\u00a0&#8211; Implantar um s\u00edtio PPBio MA ao Norte do Rio S\u00e3o Francisco (Centro de Endemismo Pernambuco);<\/p><p>\u00a0&#8211; Gerar informa\u00e7\u00f5es sobre solos, topografia, biodiversidade, estrutura, biomassa e funcionamento da floresta na regi\u00e3o mais fragmentada e reduzida da Mata Atl\u00e2ntica;<\/p><p>\u00a0&#8211; Pesquisar \u00e1reas de floresta madura e secund\u00e1ria e estudos comparativos sobre a din\u00e2mica e recupera\u00e7\u00e3o de fragmentos florestais;<\/p><p>\u00a0&#8211; Promover treinamento nas equipes de Pernambuco em t\u00e9cnicas padronizadas para estudos de longa dura\u00e7\u00e3o, com acesso a m\u00faltiplos usu\u00e1rios;<\/p><p>\u00a0&#8211; Apoiar iniciativas de pesquisa e capacita\u00e7\u00e3o de recursos humanos aptos a trabalhar em invent\u00e1rios de biodiversidade j\u00e1 existentes na Mata Atl\u00e2ntica ao Norte da Bacia do Rio S\u00e3o Francisco, em especial na Unidade de Conserva\u00e7\u00e3o Parque Estadual de Dois Irm\u00e3os.<\/p><\/div>\n\t\t\t\t<\/div>\n\t\t\t\t\t\t\t<div class=\"elementor-toggle-item\">\n\t\t\t\t\t<div id=\"elementor-tab-title-9842\" class=\"elementor-tab-title\" data-tab=\"2\" role=\"button\" aria-controls=\"elementor-tab-content-9842\" aria-expanded=\"false\">\n\t\t\t\t\t\t\t\t\t\t\t\t<span class=\"elementor-toggle-icon elementor-toggle-icon-left\" aria-hidden=\"true\">\n\t\t\t\t\t\t\t\t\t\t\t\t\t\t\t<span class=\"elementor-toggle-icon-closed\"><i class=\"fas fa-caret-right\"><\/i><\/span>\n\t\t\t\t\t\t\t\t<span class=\"elementor-toggle-icon-opened\"><i class=\"elementor-toggle-icon-opened fas fa-caret-up\"><\/i><\/span>\n\t\t\t\t\t\t\t\t\t\t\t\t\t<\/span>\n\t\t\t\t\t\t\t\t\t\t\t\t<a class=\"elementor-toggle-title\" tabindex=\"0\">\u00c1rea de Estudo<\/a>\n\t\t\t\t\t<\/div>\n\n\t\t\t\t\t<div id=\"elementor-tab-content-9842\" class=\"elementor-tab-content elementor-clearfix\" data-tab=\"2\" role=\"region\" aria-labelledby=\"elementor-tab-title-9842\"><p><img fetchpriority=\"high\" decoding=\"async\" class=\" wp-image-5681 aligncenter\" src=\"https:\/\/www.ufsm.br\/projetos\/pesquisa\/ppbioma\/wp-content\/uploads\/sites\/680\/2019\/06\/PEDI_areasdeestudo2-300x212.jpg\" alt=\"\" width=\"516\" height=\"365\" srcset=\"https:\/\/www.ufsm.br\/app\/uploads\/sites\/680\/2019\/06\/PEDI_areasdeestudo2-300x212.jpg 300w, https:\/\/www.ufsm.br\/app\/uploads\/sites\/680\/2019\/06\/PEDI_areasdeestudo2-768x543.jpg 768w, https:\/\/www.ufsm.br\/app\/uploads\/sites\/680\/2019\/06\/PEDI_areasdeestudo2-1024x724.jpg 1024w, https:\/\/www.ufsm.br\/app\/uploads\/sites\/680\/2019\/06\/PEDI_areasdeestudo2.jpg 1920w\" sizes=\"(max-width: 516px) 100vw, 516px\" \/><\/p><p>\u00a0<\/p><\/div>\n\t\t\t\t<\/div>\n\t\t\t\t\t\t\t<div class=\"elementor-toggle-item\">\n\t\t\t\t\t<div id=\"elementor-tab-title-9843\" class=\"elementor-tab-title\" data-tab=\"3\" role=\"button\" aria-controls=\"elementor-tab-content-9843\" aria-expanded=\"false\">\n\t\t\t\t\t\t\t\t\t\t\t\t<span class=\"elementor-toggle-icon elementor-toggle-icon-left\" aria-hidden=\"true\">\n\t\t\t\t\t\t\t\t\t\t\t\t\t\t\t<span class=\"elementor-toggle-icon-closed\"><i class=\"fas fa-caret-right\"><\/i><\/span>\n\t\t\t\t\t\t\t\t<span class=\"elementor-toggle-icon-opened\"><i class=\"elementor-toggle-icon-opened fas fa-caret-up\"><\/i><\/span>\n\t\t\t\t\t\t\t\t\t\t\t\t\t<\/span>\n\t\t\t\t\t\t\t\t\t\t\t\t<a class=\"elementor-toggle-title\" tabindex=\"0\">Alternar t\u00edtulo<\/a>\n\t\t\t\t\t<\/div>\n\n\t\t\t\t\t<div id=\"elementor-tab-content-9843\" class=\"elementor-tab-content elementor-clearfix\" data-tab=\"3\" role=\"region\" aria-labelledby=\"elementor-tab-title-9843\"><table width=\"100%\"><thead><tr><th><span style=\"color: #000000;\">NOME COMPLETO<\/span><\/th><th><span style=\"color: #000000;\">FUN\u00c7\u00c3O<\/span><\/th><th><span style=\"color: #000000;\">\u00c1REA DE ATIVIDADE<\/span><\/th><\/tr><\/thead><tbody><tr><td><span style=\"color: #000000;\">Profa. Dra. Ana Carolina B. Lins e Silva<\/span><\/td><td><span style=\"color: #000000;\">Coordenadora<\/span><\/td><td><span style=\"color: #000000;\">Ecologia Vegetal e de Paisagem<\/span><\/td><\/tr><tr><td><span style=\"color: #000000;\">Profa. Dra. Caroline Miranda Biondi<\/span><\/td><td><span style=\"color: #000000;\">Pesquisadora<\/span><\/td><td><span style=\"color: #000000;\">Ci\u00eancia do Solo<\/span><\/td><\/tr><tr><td><span style=\"color: #000000;\">Prof. Dr. Edivan Rodrigues de Souza<\/span><\/td><td><span style=\"color: #000000;\">Pesquisador<\/span><\/td><td><span style=\"color: #000000;\">Ci\u00eancia do Solo<\/span><\/td><\/tr><tr><td><span style=\"color: #000000;\">Profa. Dra. Ednilza Maranh\u00e3o dos Santos<\/span><\/td><td><span style=\"color: #000000;\">Pesquisadora<\/span><\/td><td><span style=\"color: #000000;\">Herpetologia<\/span><\/td><\/tr><tr><td><span style=\"color: #000000;\">Prof. Dr. Fernando Cartaxo Rolim Neto<\/span><\/td><td><span style=\"color: #000000;\">Pesquisador<\/span><\/td><td><span style=\"color: #000000;\">Topografia<\/span><\/td><\/tr><tr><td><span style=\"color: #000000;\">Prof. Dr. Geraldo Jorge Barbosa de Moura<\/span><\/td><td><span style=\"color: #000000;\">Pesquisador<\/span><\/td><td><span style=\"color: #000000;\">Herpetologia<\/span><\/td><\/tr><tr><td><span style=\"color: #000000;\">Prof. MSc. Gilmar Beserra de Farias<\/span><\/td><td><span style=\"color: #000000;\">Pesquisador<\/span><\/td><td><span style=\"color: #000000;\">Ornitologia<\/span><\/td><\/tr><tr><td><span style=\"color: #000000;\">Profa. Dra. Joz\u00e9lia Ma. de Sousa Correia<\/span><\/td><td><span style=\"color: #000000;\">Pesquisadora<\/span><\/td><td><span style=\"color: #000000;\">Ornitologia\/ Herpetologia\u00a0<\/span><\/td><\/tr><tr><td><span style=\"color: #000000;\">Profa. Dra. Karine Matos Magalh\u00e3es<\/span><\/td><td><span style=\"color: #000000;\">Pesquisadora<\/span><\/td><td><span style=\"color: #000000;\">Ecologia Vegetal e Limnologia<\/span><\/td><\/tr><tr><td><span style=\"color: #000000;\">Dra. Ladiv\u00e2nia Medeiros do Nascimento<\/span><\/td><td><span style=\"color: #000000;\">Pesquisadora<\/span><\/td><td><span style=\"color: #000000;\">Ecologia Vegetal e Bot\u00e2nica<\/span><\/td><\/tr><tr><td><span style=\"color: #000000;\">MSc. Leonardo C\u00e9sar de Oliveira Melo<\/span><\/td><td><span style=\"color: #000000;\">Colaborador<\/span><\/td><td><span style=\"color: #000000;\">Mastozoologia<\/span><\/td><\/tr><tr><td><span style=\"color: #000000;\">Prof. Dr. Luiz Augustinho Menezes da Silva<\/span><\/td><td><span style=\"color: #000000;\">Pesquisador<\/span><\/td><td><span style=\"color: #000000;\">Mastozoologia<\/span><\/td><\/tr><tr><td><span style=\"color: #000000;\">Profa. Dra. Ma. Ad\u00e9lia B. de Oliveira<\/span><\/td><td><span style=\"color: #000000;\">Pesquisadora<\/span><\/td><td><span style=\"color: #000000;\">Mastozoologia<\/span><\/td><\/tr><tr><td><span style=\"color: #000000;\">Profa. Dra. Maria Jesus Nogueira Rodal<\/span><\/td><td><span style=\"color: #000000;\">Pesquisadora<\/span><\/td><td><span style=\"color: #000000;\">Ecologia Vegetal e Bot\u00e2nica<\/span><\/td><\/tr><tr><td><span style=\"color: #000000;\">Bi\u00f3loga Marina Falc\u00e3o Rodrigues<\/span><\/td><td><span style=\"color: #000000;\">Colaboradora\u00a0<\/span><\/td><td><span style=\"color: #000000;\">Mastozoologia e Educa\u00e7\u00e3o Ambiental<\/span><\/td><\/tr><tr><td><span style=\"color: #000000;\">Prof. Dr. Pabr\u00edcio Marcos Oliveira Lopes<\/span><\/td><td><span style=\"color: #000000;\">Pesquisador<\/span><\/td><td><span style=\"color: #000000;\">Meteorologia<\/span><\/td><\/tr><\/tbody><\/table><\/div>\n\t\t\t\t<\/div>\n\t\t\t\t\t\t\t<div class=\"elementor-toggle-item\">\n\t\t\t\t\t<div id=\"elementor-tab-title-9844\" class=\"elementor-tab-title\" data-tab=\"4\" role=\"button\" aria-controls=\"elementor-tab-content-9844\" aria-expanded=\"false\">\n\t\t\t\t\t\t\t\t\t\t\t\t<span class=\"elementor-toggle-icon elementor-toggle-icon-left\" aria-hidden=\"true\">\n\t\t\t\t\t\t\t\t\t\t\t\t\t\t\t<span class=\"elementor-toggle-icon-closed\"><i class=\"fas fa-caret-right\"><\/i><\/span>\n\t\t\t\t\t\t\t\t<span class=\"elementor-toggle-icon-opened\"><i class=\"elementor-toggle-icon-opened fas fa-caret-up\"><\/i><\/span>\n\t\t\t\t\t\t\t\t\t\t\t\t\t<\/span>\n\t\t\t\t\t\t\t\t\t\t\t\t<a class=\"elementor-toggle-title\" tabindex=\"0\">Resultados Parciais<\/a>\n\t\t\t\t\t<\/div>\n\n\t\t\t\t\t<div id=\"elementor-tab-content-9844\" class=\"elementor-tab-content elementor-clearfix\" data-tab=\"4\" role=\"region\" aria-labelledby=\"elementor-tab-title-9844\"><p>\u00a0&#8211; Montagem de um Sistema de Informa\u00e7\u00e3o Geogr\u00e1fica (SIG) para o S\u00edtio PPBio-PE;<\/p><p>\u00a0&#8211; Treinamento de parcelas RAPELD em Pernambuco;<\/p><p>\u00a0&#8211; Obten\u00e7\u00e3o de licen\u00e7a de pesquisa (PEDI) e autoriza\u00e7\u00e3o de coleta para principais grupos biol\u00f3gicos;<\/p><p>\u00a0&#8211; Instala\u00e7\u00e3o de 50% das trilhas dos 10 km previstos para o m\u00f3dulo (trabalhos topogr\u00e1ficos);<\/p><p>In\u00edcio da instala\u00e7\u00e3o das parcelas de distribui\u00e7\u00e3o uniforme no m\u00f3dulo.<\/p><\/div>\n\t\t\t\t<\/div>\n\t\t\t\t\t\t\t<div class=\"elementor-toggle-item\">\n\t\t\t\t\t<div id=\"elementor-tab-title-9845\" class=\"elementor-tab-title\" data-tab=\"5\" role=\"button\" aria-controls=\"elementor-tab-content-9845\" aria-expanded=\"false\">\n\t\t\t\t\t\t\t\t\t\t\t\t<span class=\"elementor-toggle-icon elementor-toggle-icon-left\" aria-hidden=\"true\">\n\t\t\t\t\t\t\t\t\t\t\t\t\t\t\t<span class=\"elementor-toggle-icon-closed\"><i class=\"fas fa-caret-right\"><\/i><\/span>\n\t\t\t\t\t\t\t\t<span class=\"elementor-toggle-icon-opened\"><i class=\"elementor-toggle-icon-opened fas fa-caret-up\"><\/i><\/span>\n\t\t\t\t\t\t\t\t\t\t\t\t\t<\/span>\n\t\t\t\t\t\t\t\t\t\t\t\t<a class=\"elementor-toggle-title\" tabindex=\"0\">Relev\u00e2ncia da Pesquisa<\/a>\n\t\t\t\t\t<\/div>\n\n\t\t\t\t\t<div id=\"elementor-tab-content-9845\" class=\"elementor-tab-content elementor-clearfix\" data-tab=\"5\" role=\"region\" aria-labelledby=\"elementor-tab-title-9845\"><p>Ser\u00e3o gerados dados de forma integrada sobre biodiversidade na \u00e1rea mais ao norte e mais fragmentada da Mata Atl\u00e2ntica.<\/p><p>O m\u00e9todo RAPELD ser\u00e1 integrado \u00e0 pesquisa em fragmenta\u00e7\u00e3o, efeito de borda e regenera\u00e7\u00e3o florestal.<\/p><\/div>\n\t\t\t\t<\/div>\n\t\t\t\t\t\t\t\t<\/div>\n\t\t\t\t<\/div>\n\t\t\t\t<\/div>\n\t\t\t\t\t<\/div>\n\t\t<\/div>\n\t\t\t\t\t<\/div>\n\t\t<\/section>\n\t\t\t\t<\/div>\n\t\t","protected":false},"excerpt":{"rendered":"<p>O\u00a0Parque Estadual de Dois Irm\u00e3os (PEDI)\u00a0possui uma \u00e1rea de 1.161 ha e localiza-se a noroeste do munic\u00edpio do Recife, capital de Pernambuco, delimitada pelas coordenadas 7\u00b057\u203220\u2033 e 8\u00b001\u203200\u2033S e 34\u00b056\u203220\u2033 e 34\u00b058\u203215\u2033W, paralela \u00e0 rodovia BR-101 Norte. O PEDI foi criado em 1987, pela Lei n\u00ba 9.989\/87, denominado inicialmente Reserva Ecol\u00f3gica de Dois Irm\u00e3os, e [&hellip;]<\/p>\n","protected":false},"author":25,"featured_media":0,"parent":0,"menu_order":0,"comment_status":"closed","ping_status":"open","template":"","meta":{"footnotes":""},"categories":[],"tags":[],"class_list":["post-4774","page","type-page","status-publish","hentry"],"acf":[],"_links":{"self":[{"href":"https:\/\/www.ufsm.br\/projetos\/pesquisa\/ppbio\/wp-json\/wp\/v2\/pages\/4774","targetHints":{"allow":["GET"]}}],"collection":[{"href":"https:\/\/www.ufsm.br\/projetos\/pesquisa\/ppbio\/wp-json\/wp\/v2\/pages"}],"about":[{"href":"https:\/\/www.ufsm.br\/projetos\/pesquisa\/ppbio\/wp-json\/wp\/v2\/types\/page"}],"author":[{"embeddable":true,"href":"https:\/\/www.ufsm.br\/projetos\/pesquisa\/ppbio\/wp-json\/wp\/v2\/users\/25"}],"replies":[{"embeddable":true,"href":"https:\/\/www.ufsm.br\/projetos\/pesquisa\/ppbio\/wp-json\/wp\/v2\/comments?post=4774"}],"version-history":[{"count":0,"href":"https:\/\/www.ufsm.br\/projetos\/pesquisa\/ppbio\/wp-json\/wp\/v2\/pages\/4774\/revisions"}],"wp:attachment":[{"href":"https:\/\/www.ufsm.br\/projetos\/pesquisa\/ppbio\/wp-json\/wp\/v2\/media?parent=4774"}],"wp:term":[{"taxonomy":"category","embeddable":true,"href":"https:\/\/www.ufsm.br\/projetos\/pesquisa\/ppbio\/wp-json\/wp\/v2\/categories?post=4774"},{"taxonomy":"post_tag","embeddable":true,"href":"https:\/\/www.ufsm.br\/projetos\/pesquisa\/ppbio\/wp-json\/wp\/v2\/tags?post=4774"}],"curies":[{"name":"wp","href":"https:\/\/api.w.org\/{rel}","templated":true}]}}