{"id":151,"date":"2019-05-20T13:25:09","date_gmt":"2019-05-20T16:25:09","guid":{"rendered":"https:\/\/www.ufsm.br\/projetos-pesquisa-sge\/?page_id=151"},"modified":"2021-05-27T13:55:36","modified_gmt":"2021-05-27T16:55:36","slug":"nossos-objetivos","status":"publish","type":"page","link":"https:\/\/www.ufsm.br\/projetos\/pesquisa\/sge\/nossos-objetivos","title":{"rendered":"Nossos Objetivos"},"content":{"rendered":"\t\t<div data-elementor-type=\"wp-page\" data-elementor-id=\"151\" class=\"elementor elementor-151\">\n\t\t\t\t\t\t<section class=\"elementor-section elementor-top-section elementor-element elementor-element-52f80029 elementor-section-boxed elementor-section-height-default elementor-section-height-default\" data-id=\"52f80029\" data-element_type=\"section\">\n\t\t\t\t\t\t<div class=\"elementor-container elementor-column-gap-default\">\n\t\t\t\t\t<div class=\"elementor-column elementor-col-100 elementor-top-column elementor-element elementor-element-3a6ae8f9\" data-id=\"3a6ae8f9\" data-element_type=\"column\">\n\t\t\t<div class=\"elementor-widget-wrap elementor-element-populated\">\n\t\t\t\t\t\t<div class=\"elementor-element elementor-element-6f1e83f5 elementor-widget elementor-widget-text-editor\" data-id=\"6f1e83f5\" data-element_type=\"widget\" data-widget_type=\"text-editor.default\">\n\t\t\t\t<div class=\"elementor-widget-container\">\n\t\t\t\t\t\t\t<p><!-- wp:tadv\/classic-paragraph --><\/p>\n<h4>Reduzir consumo de energia el\u00e9trica<\/h4>\n<ul>\n<li style=\"list-style-type: none\">\n<ul style=\"list-style-type: disc\">\n<li>Substitui\u00e7\u00e3o de l\u00e2mpadas fluorescentes tubulares por l\u00e2mpadas led que atendam as normas de ilumina\u00e7\u00e3o vigentes, de menor pot\u00eancia, melhor rendimento e maior durabilidade, em salas de aulas, escrit\u00f3rios, corredores, departamentos, audit\u00f3rios etc.;<\/li>\n<li>Substitui\u00e7\u00e3o de l\u00e2mpadas e reatores de vapor de s\u00f3dio de alta press\u00e3o (VSAP) por l\u00e2mpadas led que atendam as normas de ilumina\u00e7\u00e3o vigentes, de menor pot\u00eancia, melhor rendimento e maior durabilidade, no caso de ilumina\u00e7\u00e3o de vias p\u00fablicas e estacionamentos;<\/li>\n<li>Conscientiza\u00e7\u00e3o de alunos, professores, t\u00e9cnicos administrativos e demais pessoas envolvidas no processo de consumo de energia el\u00e9trica, quanto \u00e0 import\u00e2ncia da redu\u00e7\u00e3o do consumo de energia el\u00e9trica e da melhoria da efici\u00eancia das instala\u00e7\u00f5es.<\/li>\n<\/ul>\n<\/li>\n<\/ul>\n<h4>Desenvolver a cultura do uso racional da energia<\/h4>\n<ul>\n<li style=\"list-style-type: none\">\n<ul style=\"list-style-type: disc\">\n<li>Inser\u00e7\u00e3o de conte\u00fados de efici\u00eancia energ\u00e9tica e gera\u00e7\u00e3o distribu\u00edda na grade curricular dos cursos de engenharia, arquitetura e afins e suas p\u00f3s-gradua\u00e7\u00f5es;<\/li>\n<li>Divulga\u00e7\u00e3o de a\u00e7\u00f5es para consumo racional de energia e de melhoria da efici\u00eancia das instala\u00e7\u00f5es, como por exemplo, uso da ventila\u00e7\u00e3o e ilumina\u00e7\u00e3o natural, uso moderado de condicionadores de ar, elevadores e ilumina\u00e7\u00e3o.<\/li>\n<\/ul>\n<\/li>\n<\/ul>\n<h4>Gerenciamento sist\u00eamico<\/h4>\n<ul>\n<li style=\"list-style-type: none\">\n<ul style=\"list-style-type: disc\">\n<li>Desenvolvimento de software para auxiliar na gest\u00e3o do sistema, suportando todos os registros, documentos e a\u00e7\u00f5es do Sistema de Gest\u00e3o de Energia (SGE), garantindo a efic\u00e1cia da gest\u00e3o do sistema e controle dos documentos;\u00a0<\/li>\n<li>Sistema de telegest\u00e3o da ilumina\u00e7\u00e3o p\u00fablica, possibilitando controle da luminosidade de forma remota, al\u00e9m de monitoramento do funcionamento das lumin\u00e1rias;<\/li>\n<li>Instala\u00e7\u00e3o de medidor com acesso remoto no pr\u00e9dio principal do Centro de Tecnologia para possibilitar o monitoramento do consumo de energia el\u00e9trica em tempo real;<\/li>\n<li>Defini\u00e7\u00e3o e acompanhamento de indicadores voltados para a redu\u00e7\u00e3o de desperd\u00edcio de energia el\u00e9trica e uso eficiente.<\/li>\n<\/ul>\n<\/li>\n<\/ul>\n<h4>Gera\u00e7\u00e3o da usina fotovoltaica<\/h4>\n<ul>\n<li>Acompanhar a gera\u00e7\u00e3o de energia da usina fotovoltaica para garantir seu m\u00e1ximo desempenho;<\/li>\n<li>Monitorar a energia gerada para verificar eventuais diferen\u00e7as entre os valores de projeto e realizados visando identificar necessidades de manuten\u00e7\u00e3o<\/li>\n<\/ul>\n<p><!-- \/wp:tadv\/classic-paragraph --><\/p>\t\t\t\t\t\t<\/div>\n\t\t\t\t<\/div>\n\t\t\t\t\t<\/div>\n\t\t<\/div>\n\t\t\t\t\t<\/div>\n\t\t<\/section>\n\t\t\t\t<\/div>\n\t\t","protected":false},"excerpt":{"rendered":"<p>Reduzir consumo de energia el\u00e9trica Substitui\u00e7\u00e3o de l\u00e2mpadas fluorescentes tubulares por l\u00e2mpadas led que atendam as normas de ilumina\u00e7\u00e3o vigentes, de menor pot\u00eancia, melhor rendimento e maior durabilidade, em salas de aulas, escrit\u00f3rios, corredores, departamentos, audit\u00f3rios etc.; Substitui\u00e7\u00e3o de l\u00e2mpadas e reatores de vapor de s\u00f3dio de alta press\u00e3o (VSAP) por l\u00e2mpadas led que atendam [&hellip;]<\/p>\n","protected":false},"author":25,"featured_media":0,"parent":0,"menu_order":0,"comment_status":"closed","ping_status":"closed","template":"","meta":{"footnotes":""},"categories":[],"tags":[],"class_list":["post-151","page","type-page","status-publish","hentry"],"acf":[],"_links":{"self":[{"href":"https:\/\/www.ufsm.br\/projetos\/pesquisa\/sge\/wp-json\/wp\/v2\/pages\/151","targetHints":{"allow":["GET"]}}],"collection":[{"href":"https:\/\/www.ufsm.br\/projetos\/pesquisa\/sge\/wp-json\/wp\/v2\/pages"}],"about":[{"href":"https:\/\/www.ufsm.br\/projetos\/pesquisa\/sge\/wp-json\/wp\/v2\/types\/page"}],"author":[{"embeddable":true,"href":"https:\/\/www.ufsm.br\/projetos\/pesquisa\/sge\/wp-json\/wp\/v2\/users\/25"}],"replies":[{"embeddable":true,"href":"https:\/\/www.ufsm.br\/projetos\/pesquisa\/sge\/wp-json\/wp\/v2\/comments?post=151"}],"version-history":[{"count":0,"href":"https:\/\/www.ufsm.br\/projetos\/pesquisa\/sge\/wp-json\/wp\/v2\/pages\/151\/revisions"}],"wp:attachment":[{"href":"https:\/\/www.ufsm.br\/projetos\/pesquisa\/sge\/wp-json\/wp\/v2\/media?parent=151"}],"wp:term":[{"taxonomy":"category","embeddable":true,"href":"https:\/\/www.ufsm.br\/projetos\/pesquisa\/sge\/wp-json\/wp\/v2\/categories?post=151"},{"taxonomy":"post_tag","embeddable":true,"href":"https:\/\/www.ufsm.br\/projetos\/pesquisa\/sge\/wp-json\/wp\/v2\/tags?post=151"}],"curies":[{"name":"wp","href":"https:\/\/api.w.org\/{rel}","templated":true}]}}