{"id":151,"date":"2019-05-20T13:25:09","date_gmt":"2019-05-20T16:25:09","guid":{"rendered":"https:\/\/www.ufsm.br\/projetos\/pesquisa\/sulflux\/?page_id=151"},"modified":"2023-02-21T15:42:37","modified_gmt":"2023-02-21T18:42:37","slug":"dados-basicos","status":"publish","type":"page","link":"https:\/\/www.ufsm.br\/projetos\/pesquisa\/sulflux\/dados-basicos","title":{"rendered":"Hist\u00f3rico"},"content":{"rendered":"\n<p>Em meados dos anos 1990 formou-se no Departamento de F\u00edsica da Universidade Federal de Santa Maria (UFSM) o grupo de F\u00edsica da Atmosfera, realizando pesquisas principalmente na \u00e1rea de Micrometeorologia, consolidadas pelo Laborat\u00f3rio de Micrometeorologia. Este grupo, formado inicialmente pelo Dr. Gerv\u00e1sio Annes Degrazia e Dr. Osvaldo Luis Leal de Moraes, teve atua\u00e7\u00e3o importante na \u00e1rea de fen\u00f4menos de transporte na camada limite planet\u00e1ria, orientando disserta\u00e7\u00f5es e teses em diferentes institui\u00e7\u00f5es de pesquisa brasileiras (PPG em F\u00edsica da UFSM, PPG em Meteorologia da USP, PPG em Meteorologia na UFPEL, PPG em Sensoriamento de Remoto da UFRGS e PPG em Engenharia Mec\u00e2nica da UFRGS). Este grupo atuava em \u00e1reas te\u00f3ricas e experimentais, investigando e descrevendo os diferentes processos f\u00edsicos ocorrendo em regi\u00f5es da baixa atmosfera. Cabe ressaltar tamb\u00e9m que as primeiras teses e disserta\u00e7\u00f5es do PPG em F\u00edsica da UFSM foram realizadas na \u00e1rea de Micrometeorologia. Consolidando a compet\u00eancia do Grupo de F\u00edsica da Atmosfera nesta \u00e1rea, em 1999 a UFSM organizou o primeiro Workshop Brasileiro de Micrometeorologia, evento cient\u00edfico que passou, desde ent\u00e3o, a ser organizado regularmente a cada dois anos na mesma institui\u00e7\u00e3o at\u00e9 2017 e se transformando na principal confer\u00eancia cient\u00edfica brasileira neste campo de conhecimento.<\/p>\n<p>Neste mesmo per\u00edodo, os pesquisadores do grupo, al\u00e9m de apresentarem elevada produ\u00e7\u00e3o cient\u00edfica, participaram de importantes projetos de \u00e2mbito nacional e internacional. Como projeto binacional pode ser citado o Projeto Candiota, envolvendo o Brasil e o Uruguai. Este projeto investigou, com modelos te\u00f3ricos e medidas observacionais, o transporte, a difus\u00e3o e os efeitos no meio ambiente dos contaminantes liberados pela queima de carv\u00e3o vegetal na termoel\u00e9trica de Candiota-RS. Outro projeto internacional que contou com a participa\u00e7\u00e3o dos pesquisadores do grupo de F\u00edsica da Atmosfera da UFSM foi o Experimento de Grande Escala da Biosfera-Atmosfera na Amaz\u00f4nia (LBA, na sigla em ingl\u00eas). \u00c0 \u00e9poca do LBA, a experi\u00eancia dos pesquisadores da UFSM, obtida no projeto Candiota, foi fundamental para a instala\u00e7\u00e3o de torres micrometeorol\u00f3gicas, obten\u00e7\u00e3o de dados e an\u00e1lise de fluxos superficiais.<\/p>\n<p>Tendo o grupo de F\u00edsica da Atmosfera como um n\u00facleo embrion\u00e1rio, foi aprovada em 2004 a cria\u00e7\u00e3o do Curso de Gradua\u00e7\u00e3o em Meteorologia na UFSM, com o primeiro vestibular sendo realizado para ingresso de alunos no primeiro semestre de 2005. A cria\u00e7\u00e3o do Curso de Gradua\u00e7\u00e3o em Meteorologia implicou na contrata\u00e7\u00e3o de novos professores nas diversas \u00e1rea de Ci\u00eancias Atmosf\u00e9ricas.<\/p>\n<p>Com a assinatura de um conv\u00eanio entre a UFSM e o Instituto Nacional de Pesquisas Espaciais \u2013 INPE em 2006, o Laborat\u00f3rio de Micrometeorologia ocupou as depend\u00eancias do Centro Regional Sul do INPE (pr\u00e9dio 08 no Campus da UFSM em Santa Maria), que consta com amplas e modernas instala\u00e7\u00f5es. Com o cont\u00ednuo crescimento do Corpo Docente especialista em Meteorologia, criou-se em 2008 o Programa de P\u00f3s-Gradua\u00e7\u00e3o em Meteorologia da UFSM (PPGMET-UFSM), primeiramente com o n\u00edvel de Mestrado e em 2012\u00a0 o n\u00edvel de Doutorado.<\/p>\n<p>Atualmente o Laborat\u00f3rio de Micrometeorologia da UFSM atende estudantes de gradua\u00e7\u00e3o dos curso de Meteorologia, F\u00edsica, Matem\u00e1tica e engenharias e atua no Programa de P\u00f3s Gradua\u00e7\u00e3o em F\u00edsica e no Programa de P\u00f3s Gradua\u00e7\u00e3o em F\u00edsica, orientando mestrandos, doutorandos e p\u00f3s doutorandos. Al\u00e9m de estudarem o assunto da pesquisa, os estudantes participam da coleta de dados nos s\u00edtios\u00a0 micrometeorol\u00f3gicos e de campanhas experimentais.<\/p>\n<p>Atualmente, o Laborat\u00f3rio de Micrometeorologia \u00e9 respons\u00e1vel pela rede SULFLUX.<\/p>\n<p>\u00a0<\/p>\n","protected":false},"excerpt":{"rendered":"<p>Em meados dos anos 1990 formou-se no Departamento de F\u00edsica da Universidade Federal de Santa Maria (UFSM) o grupo de F\u00edsica da Atmosfera, realizando pesquisas principalmente na \u00e1rea de Micrometeorologia, consolidadas pelo Laborat\u00f3rio de Micrometeorologia. Este grupo, formado inicialmente pelo Dr. Gerv\u00e1sio Annes Degrazia e Dr. Osvaldo Luis Leal de Moraes, teve atua\u00e7\u00e3o importante na [&hellip;]<\/p>\n","protected":false},"author":25,"featured_media":0,"parent":0,"menu_order":0,"comment_status":"closed","ping_status":"closed","template":"","meta":{"footnotes":""},"categories":[],"tags":[],"class_list":["post-151","page","type-page","status-publish","hentry"],"acf":[],"_links":{"self":[{"href":"https:\/\/www.ufsm.br\/projetos\/pesquisa\/sulflux\/wp-json\/wp\/v2\/pages\/151","targetHints":{"allow":["GET"]}}],"collection":[{"href":"https:\/\/www.ufsm.br\/projetos\/pesquisa\/sulflux\/wp-json\/wp\/v2\/pages"}],"about":[{"href":"https:\/\/www.ufsm.br\/projetos\/pesquisa\/sulflux\/wp-json\/wp\/v2\/types\/page"}],"author":[{"embeddable":true,"href":"https:\/\/www.ufsm.br\/projetos\/pesquisa\/sulflux\/wp-json\/wp\/v2\/users\/25"}],"replies":[{"embeddable":true,"href":"https:\/\/www.ufsm.br\/projetos\/pesquisa\/sulflux\/wp-json\/wp\/v2\/comments?post=151"}],"version-history":[{"count":0,"href":"https:\/\/www.ufsm.br\/projetos\/pesquisa\/sulflux\/wp-json\/wp\/v2\/pages\/151\/revisions"}],"wp:attachment":[{"href":"https:\/\/www.ufsm.br\/projetos\/pesquisa\/sulflux\/wp-json\/wp\/v2\/media?parent=151"}],"wp:term":[{"taxonomy":"category","embeddable":true,"href":"https:\/\/www.ufsm.br\/projetos\/pesquisa\/sulflux\/wp-json\/wp\/v2\/categories?post=151"},{"taxonomy":"post_tag","embeddable":true,"href":"https:\/\/www.ufsm.br\/projetos\/pesquisa\/sulflux\/wp-json\/wp\/v2\/tags?post=151"}],"curies":[{"name":"wp","href":"https:\/\/api.w.org\/{rel}","templated":true}]}}