{"id":163,"date":"2020-02-03T10:16:32","date_gmt":"2020-02-03T13:16:32","guid":{"rendered":"https:\/\/www.ufsm.br\/projetos\/pesquisa\/sulflux\/?page_id=163"},"modified":"2020-02-03T10:18:19","modified_gmt":"2020-02-03T13:18:19","slug":"publicacoes","status":"publish","type":"page","link":"https:\/\/www.ufsm.br\/projetos\/pesquisa\/sulflux\/publicacoes","title":{"rendered":"Publica\u00e7\u00f5es"},"content":{"rendered":"\t\t<div data-elementor-type=\"wp-page\" data-elementor-id=\"163\" class=\"elementor elementor-163\">\n\t\t\t\t\t\t<section class=\"elementor-section elementor-top-section elementor-element elementor-element-e3238af elementor-section-boxed elementor-section-height-default elementor-section-height-default\" data-id=\"e3238af\" data-element_type=\"section\">\n\t\t\t\t\t\t<div class=\"elementor-container elementor-column-gap-default\">\n\t\t\t\t\t<div class=\"elementor-column elementor-col-100 elementor-top-column elementor-element elementor-element-5128236\" data-id=\"5128236\" data-element_type=\"column\">\n\t\t\t<div class=\"elementor-widget-wrap elementor-element-populated\">\n\t\t\t\t\t\t<div class=\"elementor-element elementor-element-db37fed elementor-widget elementor-widget-heading\" data-id=\"db37fed\" data-element_type=\"widget\" data-widget_type=\"heading.default\">\n\t\t\t\t<div class=\"elementor-widget-container\">\n\t\t\t<h2 class=\"elementor-heading-title elementor-size-default\">Produ\u00e7\u00e3o Bibliogr\u00e1fica\n<\/h2>\t\t<\/div>\n\t\t\t\t<\/div>\n\t\t\t\t\t<\/div>\n\t\t<\/div>\n\t\t\t\t\t<\/div>\n\t\t<\/section>\n\t\t\t\t<section class=\"elementor-section elementor-top-section elementor-element elementor-element-68273fc elementor-section-boxed elementor-section-height-default elementor-section-height-default\" data-id=\"68273fc\" data-element_type=\"section\">\n\t\t\t\t\t\t<div class=\"elementor-container elementor-column-gap-default\">\n\t\t\t\t\t<div class=\"elementor-column elementor-col-100 elementor-top-column elementor-element elementor-element-0a3d777\" data-id=\"0a3d777\" data-element_type=\"column\">\n\t\t\t<div class=\"elementor-widget-wrap elementor-element-populated\">\n\t\t\t\t\t\t<div class=\"elementor-element elementor-element-a52b718 elementor-widget elementor-widget-text-editor\" data-id=\"a52b718\" data-element_type=\"widget\" data-widget_type=\"text-editor.default\">\n\t\t\t\t<div class=\"elementor-widget-container\">\n\t\t\t\t\t\t\t<p>\u00a0<\/p><p class=\"info\" style=\"text-align: center\"><strong>Artigos completos publicados em peri\u00f3dicos<\/strong><\/p><div id=\"main\" class=\"site-main\"><div id=\"primary\" class=\"content-area\"><div id=\"content\" class=\"site-content adjust-content\" role=\"main\"><article id=\"post-42\" class=\"post-42 page type-page status-publish hentry\"><div class=\"entry-content\"><p class=\"p2\">ACEVEDO, OT\u00c1VIO C., COSTA, FELIPE D., OLIVEIRA, PABLO E. S., PUHALES, FRANCIANO S., DEGRAZIA, GERV\u00c1SIO A., ROBERTI, D\u00c9BORA R.<\/p><p><em>The Influence of Submeso Processes on Stable Boundary Layer Similarity Relationships. Journal of the Atmospheric Sciences. , v.71, p.207 \u2013 225, 2014.<\/em><\/p><p class=\"p2\">MOREIRA, Virnei Silva, ROBERTI, D. R., TIMM, A. U., TIMM, A. U., WEBLER Geovane, DEGRAZIA, Gerv\u00e1sio Annes<\/p><p><em>ANALISE DA EVAPOTRANSPIRA\u00c7\u00c3O E \u00cdNDICE DE \u00c1REA FOLIAR NUMA CULTURA DE SOJA SOB DOIS SISTEMAS DE MANEJO. Ci\u00eancia e Natura. , v.esp, p.373 \u2013 375, 2013.<\/em><\/p><p class=\"p2\">GUERRA, V. S., MOREIRA, V. S., PEDROSO, D., ROBERTI, D. R., FERRAZ, S. E. T., BATISTI, A.<\/p><p><em>An\u00e1lise das componentes h\u00eddricas, precipita\u00e7\u00e3o, evapotranspira\u00e7\u00e3o e umidade na superf\u00edcie do solo representadas pelo modelo clim\u00e1tico regional RegCM3, para uma regi\u00e3o de cultivo de soja. Ci\u00eancia e Natura. , v.esp, p.389 \u2013 391, 2013.<\/em><\/p><p class=\"p2\">RUBERT, G. C., RUBERT, J., ROBERTI, D. R.<\/p><p><em>BALAN\u00c7O DE ENERGIA DURANTE UM CULTIVO DE TRIGO NO SUL DO BRASIL. Ci\u00eancia e Natura. , v.esp, p.166 \u2013 , 2013.<\/em><\/p><p class=\"p2\">WEBLER, G., ROBERTI, D. R., BATTISTI, A., Diaz, Marcelo B., TEICHRIEB, C. A., MOREIRA, V. S, MOREIRA, V. S<\/p><p><em>Balan\u00e7o de energia e troca l\u00edquida de co2 para um ciclo da cultura do miilho no modelo Agro-Ibis. Ci\u00eancia e Natura. , v.esp, p.153 \u2013 , 2013.<\/em><\/p><p class=\"p2\">MIERES, L. S., ALVES, RITA C.M., SALDANHA, C. B., ROBERTI, D\u00c9BORA R.<\/p><p><em>Calibra\u00e7\u00e3o do modelo de superf\u00edcie SiB2 para simula\u00e7\u00e3o de fluxos de CO2 sobre cultura de soja em cruz alta\/RS. Revista Brasileira de Geografia F\u00edsica. , v.6, p.794 \u2013 804, 2013.<\/em><\/p><p class=\"p2\">TEICHRIEB, CLAUDIO A., ACEVEDO, OT\u00c1VIO C., DEGRAZIA, GERV\u00c1SIO A., MORAES, OSVALDO L.L., ROBERTI, D\u00c9BORA R., ZIMERMANN, HANS R., SANTOS, DANIEL M., ALVES, RITA C.M.<\/p><p><em>Characterizing the relative role of low-frequency and turbulent processes in the nocturnal boundary layer through the analysis of two-point correlations of the wind components. Physica. A (Print). , v.392, p.1510 \u2013 1521, 2013.<\/em><\/p><p class=\"p2\">AIMI, D., MEDEIROS, L. E., Sena, J., ROBERTI, D. R.<\/p><p><em>COMPARA\u00c7\u00c3O DO FECHAMENTO DO BALAN\u00c7O DE ENERGIA PARA DIAS DE VENTO FORTE E FRACO NAS REGI\u00d5ES DE PARA\u00cdSO DO SUL E CRUZ ALTA \u2013 RS. Ci\u00eancia e Natura. , v.unico, p.504 \u2013 506, 2013.<\/em><\/p><p class=\"p2\">ROBERTI, D. R., AVILA, D. C., FAGUNDES, L. A., ZIMERMANN, H. R.<\/p><p><em>COMPORTAMENTO DO FLUXO DE ENERGIA EM EVENTOS DE GEADA. Ci\u00eancia e Natura. , v.\u00c3\u00banico, p.193 \u2013 195, 2013.<\/em><\/p><p class=\"p2\">MOREIRA, V. S., DEGRAZIA, G., TIMM, A. U., ROBERTI, D. R., Maldaner, S.<\/p><p><em>Connecting Turbulence and Meandering Parameterization to Describe Passive Scalars Dispersion in Low Wind Speed Conditions. ISRN Atmospheric Sciences. , v.2013, p.1 \u2013 8, 2013.<\/em><\/p><p class=\"p2\">. GON\u00c7ALVES, J.B., ROBERTI, D. R., Timm, A. Ucker, TIMM, A. U., DEGRAZIA, Gerv\u00e1sio Annes<\/p><p><em>DESEMPENHO DO MODELO DE SUPERF\u00cdCIE NOAH PARA SIMULA\u00c7\u00d5ES DE SOLO EM UMA REGI\u00c3O COM AGRICULTURA. Ci\u00eancia e Natura. , v.1, p.255 \u2013 257, 2013.<\/em><\/p><p class=\"p2\">AGUIAR, L. J. G., COSTA, J. M. N., ROBERTI, D. R., Ferreira, W. P. M., TEICHRIEB, C. A., Fischer, G. R., OLIVEIRA, E. C., MORAES, O. L L<\/p><p><em>EFEITOS DA NEBULOSIDADE NA ABSOR\u00c7\u00c3O DE CARBONO EM UMA CULTURA DE MILHO EM CRUZ ALTA, RS. Ci\u00eancia e Natura. , v.unico, p.267 \u2013 269, 2013.<\/em><\/p><p class=\"p2\">SOUZA, V. A., ALVES, R. C. M., ROBERTI, D. R., Klering, E. V.<\/p><p><em>ESTIMATIVA DA EVAPOTRANSPIRA\u00c7\u00c3O EM UMA CULTURA DE ARROZ IRRIGADO UTILIZANDO DADOS METEOROL\u00d3GICOS E DE VEGETA\u00c7\u00c3O. Ci\u00eancia e Natura. , v.1, p.347-349 \u2013 , 2013.<\/em><\/p><p class=\"p2\">SILVEIRA, M. C., ZIMMER, T., MOREIRA, V. S., ROBERTI, D. R.<\/p><p><em>ESTIMATIVA DO FLUXO DE CALOR NO SOLO PARA DIFERENTES PROFUNDIDADES. Ci\u00eancia e Natura. , v.unico, p.239 \u2013 , 2013.<\/em><\/p><p class=\"p2\">TIMM, A. U., Timm, Andr\u00e9a Ucker, MOREIRA, Virnei Silva, ROBERTI, D. R., GON\u00c7ALVES, J.B., MORAES, O. L. L. de, DEGRAZIA, Gerv\u00e1sio Annes<\/p><p><em>ESTUDO DO COMPORTAMENTO DE VARI\u00c1VEIS DE SOLO UTILIZANDO O MODELO NOAH PARA UMA CULTURA DE ARROZ IRRIGADO. Ci\u00eancia e Natura. , v.1, p.57 \u2013 59, 2013.<\/em><\/p><p class=\"p2\">CARNEIRO, J. V., ROBERTI, D. R., Jana\u00edna V. Carneiro, ZIMERMANN, H. R., DIAZ, M., MORAES, O. L. L.<\/p><p><em>NEE SOBRE UMA CULTURA DE ARROZ IRRIGADO NO SUL DO BRASIL. REVISTA DE CI\u00caNCIAS EXATAS E NATURAIS. , v.35, p.228 \u2013 230, 2013.<\/em><\/p><p class=\"p2\">Sena, J., PINHEIRO, M. E., AIMI, D., TEICHRIEB, C. A., FELDHAUS, P. F., OLIVEIRA, PABLO E. S., ZIMERMANN, H. R., ROBERTI, D. R.<\/p><p><em>SIMULA\u00c7\u00c3O DO COMPORTAMENTO DA TEMPERATURA DO SOLO ATRAV\u00c9S DA TEMPERATURA DO AR. Ci\u00eancia e Natura. , v.esp, p.258 \u2013 260, 2013.<\/em><\/p><p class=\"p2\">OLIVEIRA, E. C., NEVES, Leonardo, AGUIAR, L. J. G., Fischer, G. R., ROBERTI, D. R., COSTA, G. S., MORAES, O. L L, COSTA, J. M. N.<\/p><p><em>SIMULATION OF THE WATER USE EFFICIENCY FOR THE CULTURE OF SOYBEAN USING THE CROPGRO MODEL. Ci\u00eancia e Natura. , v.esp, p.103 \u2013 105, 2013.<\/em><\/p><p class=\"p2\">ROBERTI, D\u00c9BORA R., ACEVEDO, OT\u00c1VIO C., MORAES, OSVALDO L. L.<\/p><p><em>A Brazilian network of carbon flux stations. Eos (Washington, D.C.). , v.93, p.203 \u2013 , 2012.<\/em><\/p><p class=\"p2\">. FONTANA, DENISE CYBIS, ALVES, GILCA MARQUES, ROBERTI, DEBORA, MORAES, OSVALDO LUIZ LEAL DE, GERHARDT, ANDERSON<\/p><p><em>Estimativa da radia\u00e7\u00e3o fotossinteticamente ativa absorvida pela cultura da soja atrav\u00e9s de dados do sensor Modis. Bragantia (S\u00e3o Paulo, SP. Impresso). , v.71, p.563 \u2013 571, 2012.<\/em><\/p><p class=\"p2\">WEBLER, G., ROBERTI, D. R., CUADRA, S. V., MOREIRA, V., COSTA, M. H.<\/p><p><em>Evaluation of a dynamic Agroecosystem Model (Agro-Ibis) for soybean in Southern Brazil. Earth Interactions. , v.online, p.120810133658002 \u2013 , 2012.<\/em><\/p><p class=\"p2\">Sena, J., CARNEIRO, J. V., SANTOS, D. M., TEICHRIEB, C. A., ROBERTI, D. R., ZIMERMANN, H. R., Webler, G.<\/p><p><em>An\u00e1lise das componentes do balan\u00e7o energ\u00e9tico numa lavoura de arroz irrigado. Ci\u00eancia e Natura. , v.esp, p.143 \u2013 146, 2011.<\/em><\/p><p class=\"p2\">TEICHRIEB, C. A., CARNEIRO, J. V., SANTOS, D. M., Moreira, V.S., TIMM, A. . U., Oliveira, P. E. S., Sena, J., Diaz, M. B., Sehenem, J., ZIMERMANN, H. R., ROBERTI, D. R., MORAES, O. L L, FIORIN, J.<\/p><p><em>An\u00e1lise do fluxo de CO2 e \u00edndice de \u00e1rea foliar para uma cultura do milho. Ci\u00eancia e Natura. , v.esp, p.155 \u2013 157, 2011.<\/em><\/p><p class=\"p2\">. Silveira, M. C., ROBERTI, D. R.<\/p><p><em>Avalia\u00e7\u00e3o do balan\u00e7o de energia sobre uma cultura de inverno em Cruz Alta. Ci\u00eancia e Natura. , v.esp, p.159 \u2013 162, 2011.<\/em><\/p><p class=\"p2\">CARNEIRO, J. V., TEICHRIEB, C. A., SANTOS, D. M., Moreira, V.S., Sena, J., Oliveira, P. E. S., Sehenem, J., MORAES, O. L L, ZIMERMANN, H. R., ROBERTI, D. R.<\/p><p><em>Comportamento do fluxo de CO2 em dois s\u00edtios experimentais de cultivo de arroz. Ci\u00eancia e Natura. , v.esp, p.163 \u2013 166, 2011.<\/em><\/p><p class=\"p2\">. Silva Moreira, Virnei, Degrazia, Gervasio A., Roberti, D\u00e9bora Regina, Timm, Andrea U., da Costa Carvalho, Jonas<\/p><p><em>Employing a Lagrangian stochastic dispersion model and classical diffusion experiments to evaluate two turbulence parameterization schemes. Atmospheric Pollution Research. , p.384 \u2013 393, 2011.<\/em><\/p><p class=\"p2\">. OLIVEIRA, E. C., ROBERTI, D. R., COSTA, J. M. N., Ferreira, W. P. M., Justino, F. B., Rodrigues, R. A., NEVES, Leonardo, GONCALVES, P. H., AGUIAR, L. J. G., MORAES, O. L. L. de<\/p><p><em>Estimation of photosynthetically active radiation using CROPGRO-Soybean model. Ci\u00eancia e Natura. , v.esp, p.195 \u2013 198, 2011.<\/em><\/p><p class=\"p2\">. Khader, C. A. M., ROBERTI, D. R., SILVA, R. da, ARBAGE, M. C.<\/p><p><em>Estimativa das trocas l\u00edquidas de CO2 para diferentes coberturas de solo em um agroecossitema na regi\u00e3o oeste do Par\u00e1, km77, em Santar\u00e9m, PA. Ci\u00eancia e Natura. , v.esp, p.171 \u2013 174, 2011.<\/em><\/p><p class=\"p2\">. Moreira, V.S., TIMM, A, Webler, G., TEICHRIEB, C. A., CARNEIRO, J. V., SANTOS, D. M., Sena, J., GONCALVE, J. B., ROBERTI, D. R., CANDIDO, L. A., FIORIN, J., DEGRAZIA, G, MORAES, O. L L, Minella. J. P.<\/p><p><em>Estudo do balan\u00e7o de \u00e1gua para o cultivo de soja sob dois sistemas de plantio. Ci\u00eancia e Natura. , v.esp, p.179 \u2013 182, 2011.<\/em><\/p><p class=\"p2\">. Guerra, V. S., Ferraz, S. E. T., ROBERTI, D. R., Webler, G.<\/p><p><em>Valida\u00e7\u00e3o da parametriza\u00e7\u00e3o de convec\u00e7\u00e3o Grell com fechamentos Arakawa-Schubert e Fritsch-Chappell do modelo regional, RegCM para a regi\u00e3o de Cruz Alta, RS. Ci\u00eancia e Natura. , v.esp, p.363 \u2013 366, 2011.<\/em><\/p><p class=\"p2\">. Webler, G., Moreira, V.S., Timm, Andrea U., ROBERTI, D. R., Sena, J., Cuadra, S. V.<\/p><p><em>Valida\u00e7\u00e3o do balan\u00e7o de energia do modelo Agro-IBIS para soja em duas regi\u00f5es do Brasil. Ci\u00eancia e Natura. , v.esp, p.203 \u2013 206, 2011.<\/em><\/p><p class=\"p2\">. TIMM, A. U., MOREIRA, V. S., ROBERTI, D. R., WEBLER, G., Marcos C. Silveira, TEICHRIEB, C. A., TEICHRIEB, C. A., GONCALVEZ, L. G., DEGRAZIA, G. A.<\/p><p><em>Valida\u00e7\u00e3o dos dados do SALDAS para a regi\u00e3o central do Rio Grande do Sul. Ci\u00eancia e Natura. , v.1, p.207 \u2013 210, 2011.<\/em><\/p><p class=\"p2\">. CARNEIRO, J. V., MORAES, O. L L, ACEVEDO, O. C, ROBERTI, D. R., TEICHRIEB, C. A., ZIMERMANN, H. R., AMADO, T. J. C., FIORIN, J.<\/p><p><em>Comportamento do Fluxo de dioxido de carbono na cultura da soja na regiao sul do Brasil. Ci\u00eancia e Natura. , v.esp, p.81 \u2013 84, 2009.<\/em><\/p><p class=\"p2\">ROBERTI, D. R., Gon\u00e7alves, L. G. G. de, MORAES, O. L L, TEICHRIEB, C. A., ZIMERMANN, H. R., TIMM, A. . U., Webler, G.<\/p><p><em>Estimativa dos Fluxos superficiais de energia e massa na regiao do Pampa Ga\u00facho. Ci\u00eancia e Natura. , v.esp, p.105 \u2013 108, 2009.<\/em><\/p><p class=\"p2\">TIMM, A. . U., Roberti, D\u00e9bora Regina, Gon\u00e7alves, L. G. G. de, TEICHRIEB, C. A., ZIMERMANN, H. R., Moreira, V.S., RODRIGUES, N. K., DEGRAZIA, G. A.<\/p><p><em>Estimativa dos Fluxos superficiais de energia utilizando o modelo de superficie NOAH. Ci\u00eancia e Natura. , v.esp, p.121 \u2013 124, 2009.<\/em><\/p><p class=\"p2\">COMIN, A. N., Webler, G., ROBERTI, D. R., MORAES, O. L L<\/p><p><em>Varia\u00e7\u00e3o anual dos fluxos de energia numa culturade arroz irrigado. Ci\u00eancia e Natura. , v.esp, p.129 \u2013 132, 2009.<\/em><\/p><p class=\"info\">Cap\u00edtulos de livros publicados<\/p><p class=\"p2\">1. Oliveira, P. E. S., ACEVEDO, Ot\u00e1vio C, ROBERTI, D. R., Diaz, Marcelo B., MORAES, O. L L<\/p><p><em>Trocas de CO2 em uma Floresta de Arauc\u00e1ria: An\u00e1lise a partir de dados micrometeorol\u00f3gicos In: Floresta com Arauc\u00e1ria: Pesquisas Ecol\u00f3gicas de longa dura\u00e7\u00e3o.1 ed.Curitiba : Multi-Graphic, 2014, v.1, p. 271-296.<\/em><\/p><hr \/><div class=\"d1\"><p>\u2013\u00a0<a href=\"http:\/\/onlinelibrary.wiley.com\/doi\/10.1002\/met.1284\/abstract;jsessionid=181C5187DC5809FC06358D29FBF5C00D.d03t03\" target=\"_blank\" rel=\"noopener\">Large-eddy simulation of the planetary boundary layer under baroclinic conditions during daytime and sunset turbulence<\/a>. Rizza, U ; Miglietta, M M ; Acevedo, O C ; Anabor, V ; Degrazia, G A ; Goulart, A G ; Zimmerman, H R . Meteorological Applications (Print), 2012. (<a href=\"http:\/\/dx.doi.org\/10.1002\/met.1284\" target=\"_blank\" rel=\"noopener\">http:\/\/dx.doi.org\/10.1002\/met.1284<\/a>) IF=1.411, Eq.B4-2012<\/p><p>\u2013\u00a0<a href=\"http:\/\/www.scielo.br\/scielo.php?script=sci_arttext&amp;pid=S0102-77862012000200010&amp;lng=en&amp;nrm=iso&amp;tlng=en\" target=\"_blank\" rel=\"noopener\">SEARCHING OZONE PERIODICITIES IN SOUTHERN BRAZIL (29dS, 53dW)<\/a>. Rigozo, N R ; ROSA, M B ; Rampelotto, P H ; Echer, M P S ; Echer, E ; Nordemann, D J R ; Pinheiro, D K ; SCHUCH, N J . Revista Brasileira de Meteorologia (Impresso), v. 27, p. 243-252, July\/2012. (<a href=\"http:\/\/dx.doi.org\/10.1590\/S0102-77862012000200010\" target=\"_blank\" rel=\"noopener\">http:\/\/dx.doi.org\/10.1590\/S0102-77862012000200010<\/a>) C-2012.<\/p><p>\u2013\u00a0<a href=\"http:\/\/www.sciencedirect.com\/science\/article\/pii\/S0273117712000580\" target=\"_blank\" rel=\"noopener\">Near 13.5-day periodicity im Muon Detector data during late 2001 and early 2002<\/a>. Vieira, L R ; Lago, A D ; Rigozo, N R ; da Silva, M R ; Braga, C R ; Petry, A ; Schuch, N J . Advances in Space Research, v. 49, p. 1615-1622, June\/2012. (<a href=\"http:\/\/dx.doi.org\/10.1016\/j.asr.2012.01.017\" target=\"_blank\" rel=\"noopener\">http:\/\/dx.doi.org\/10.1016\/j.asr.2012.01.017<\/a>) B4-2012<\/p><p>\u2013\u00a0<a href=\"http:\/\/onlinelibrary.wiley.com\/doi\/10.1029\/2012EO210005\/abstract\" target=\"_blank\" rel=\"noopener\">A Brazilian Network of Carbon Flux Stations<\/a>. ROBERTI, D R ; ACEVEDO, O C ; MORAES, O L L . EOS, TRANSACTIONS, AMERICAN GEOPHYSICAL UNION, v. 93, p. 203, May\/2012. (<a href=\"http:\/\/dx.doi.org\/10.1029\/2012EO210005\" target=\"_blank\" rel=\"noopener\">http:\/\/dx.doi.org\/10.1029\/2012EO210005<\/a>); Eq.C-2012<\/p><p>\u2013\u00a0<a href=\"http:\/\/www.sciencedirect.com\/science\/article\/pii\/S0378437111008363\" target=\"_blank\" rel=\"noopener\">An analytical model with temporal variable eddy diffusivity applied to contaminant dispersion in the atmospheric boundary layer. Vilhena<\/a>, M T ; BUSKE, D; Degrazia, G A ; Quadros, R S . Physica. A (Print), v. 391, p. 2576-2584, April\/2012. (<a href=\"http:\/\/dx.doi.org\/10.1016\/j.physa.2011.11.001\" target=\"_blank\" rel=\"noopener\">http:\/\/dx.doi.org\/10.1016\/j.physa.2011.11.001<\/a>) B2-2012<\/p><p>\u2013\u00a0<a href=\"http:\/\/www.sciencedirect.com\/science\/article\/pii\/S037843711100731X\" target=\"_blank\" rel=\"noopener\">Employng Taylor and Heisenberg subfilter viscosities to simulate turbulent statistics in LES models<\/a>. Degrazia, G A ; RIZZA, U ; Puhales, F S ; Welter, G S ;Acevedo, O C ; MALDANER, S . Physica. A (Print), v. 391, p. 1020-1031, February\/2012. (<a href=\"http:\/\/dx.doi.org\/10.1016\/j.physa.2011.09.015\" target=\"_blank\" rel=\"noopener\">http:\/\/dx.doi.org\/10.1016\/j.physa.2011.09.015<\/a>) B2-2012<\/p><\/div><\/div><footer class=\"entry-meta\"><\/footer><\/article><div id=\"comments\" class=\"comments-area\">\u00a0<\/div><\/div><\/div><\/div><footer id=\"colophon\" class=\"site-footer\" role=\"contentinfo\"><div id=\"secondary\" class=\"sidebar-container\" role=\"complementary\"><div class=\"widget-area masonry\"><aside id=\"nav_menu-3\" class=\"widget widget_nav_menu masonry-brick\"><div class=\"menu-rodape-container\">\u00a0<\/div><\/aside><\/div><\/div><\/footer>\t\t\t\t\t\t<\/div>\n\t\t\t\t<\/div>\n\t\t\t\t\t<\/div>\n\t\t<\/div>\n\t\t\t\t\t<\/div>\n\t\t<\/section>\n\t\t\t\t<\/div>\n\t\t","protected":false},"excerpt":{"rendered":"<p>Produ\u00e7\u00e3o Bibliogr\u00e1fica \u00a0 Artigos completos publicados em peri\u00f3dicos ACEVEDO, OT\u00c1VIO C., COSTA, FELIPE D., OLIVEIRA, PABLO E. S., PUHALES, FRANCIANO S., DEGRAZIA, GERV\u00c1SIO A., ROBERTI, D\u00c9BORA R. The Influence of Submeso Processes on Stable Boundary Layer Similarity Relationships. Journal of the Atmospheric Sciences. , v.71, p.207 \u2013 225, 2014. MOREIRA, Virnei Silva, ROBERTI, D. R., [&hellip;]<\/p>\n","protected":false},"author":867,"featured_media":0,"parent":0,"menu_order":0,"comment_status":"closed","ping_status":"closed","template":"","meta":{"footnotes":""},"categories":[],"tags":[],"class_list":["post-163","page","type-page","status-publish","hentry"],"acf":[],"_links":{"self":[{"href":"https:\/\/www.ufsm.br\/projetos\/pesquisa\/sulflux\/wp-json\/wp\/v2\/pages\/163","targetHints":{"allow":["GET"]}}],"collection":[{"href":"https:\/\/www.ufsm.br\/projetos\/pesquisa\/sulflux\/wp-json\/wp\/v2\/pages"}],"about":[{"href":"https:\/\/www.ufsm.br\/projetos\/pesquisa\/sulflux\/wp-json\/wp\/v2\/types\/page"}],"author":[{"embeddable":true,"href":"https:\/\/www.ufsm.br\/projetos\/pesquisa\/sulflux\/wp-json\/wp\/v2\/users\/867"}],"replies":[{"embeddable":true,"href":"https:\/\/www.ufsm.br\/projetos\/pesquisa\/sulflux\/wp-json\/wp\/v2\/comments?post=163"}],"version-history":[{"count":0,"href":"https:\/\/www.ufsm.br\/projetos\/pesquisa\/sulflux\/wp-json\/wp\/v2\/pages\/163\/revisions"}],"wp:attachment":[{"href":"https:\/\/www.ufsm.br\/projetos\/pesquisa\/sulflux\/wp-json\/wp\/v2\/media?parent=163"}],"wp:term":[{"taxonomy":"category","embeddable":true,"href":"https:\/\/www.ufsm.br\/projetos\/pesquisa\/sulflux\/wp-json\/wp\/v2\/categories?post=163"},{"taxonomy":"post_tag","embeddable":true,"href":"https:\/\/www.ufsm.br\/projetos\/pesquisa\/sulflux\/wp-json\/wp\/v2\/tags?post=163"}],"curies":[{"name":"wp","href":"https:\/\/api.w.org\/{rel}","templated":true}]}}