{"id":164,"date":"2020-02-03T10:18:55","date_gmt":"2020-02-03T13:18:55","guid":{"rendered":"https:\/\/www.ufsm.br\/projetos\/pesquisa\/sulflux\/?page_id=164"},"modified":"2023-02-21T16:53:43","modified_gmt":"2023-02-21T19:53:43","slug":"teses-e-dissertacoes","status":"publish","type":"page","link":"https:\/\/www.ufsm.br\/projetos\/pesquisa\/sulflux\/teses-e-dissertacoes","title":{"rendered":"Teses e Disserta\u00e7\u00f5es"},"content":{"rendered":"\t\t<div data-elementor-type=\"wp-page\" data-elementor-id=\"164\" class=\"elementor elementor-164\">\n\t\t\t\t\t\t<section class=\"elementor-section elementor-top-section elementor-element elementor-element-024180d elementor-section-boxed elementor-section-height-default elementor-section-height-default\" data-id=\"024180d\" data-element_type=\"section\">\n\t\t\t\t\t\t<div class=\"elementor-container elementor-column-gap-default\">\n\t\t\t\t\t<div class=\"elementor-column elementor-col-100 elementor-top-column elementor-element elementor-element-ebab671\" data-id=\"ebab671\" data-element_type=\"column\">\n\t\t\t<div class=\"elementor-widget-wrap elementor-element-populated\">\n\t\t\t\t\t\t<div class=\"elementor-element elementor-element-544cd57 elementor-widget elementor-widget-text-editor\" data-id=\"544cd57\" data-element_type=\"widget\" data-widget_type=\"text-editor.default\">\n\t\t\t\t<div class=\"elementor-widget-container\">\n\t\t\t\t\t\t\t<p class=\"p1\">Abaixo est\u00e3o relacionados os alunos deste grupo de pesquisa e suas respectivas Teses e Disserta\u00e7\u00f5es:<\/p><table style=\"border-collapse: collapse;width: 100%;height: 609px\"><tbody><tr style=\"height: 24px\"><td style=\"width: 50%;text-align: center;height: 24px\"><strong>Nome<\/strong><\/td><td style=\"width: 50%;text-align: center;height: 24px\"><strong>T\u00edtulo Teses (Ano)<\/strong><\/td><\/tr><tr style=\"height: 101px\"><td style=\"width: 50%;text-align: center;height: 101px\" align=\"left\" valign=\"middle\">Dra. ANDR\u00c9A UCKER TIMM<\/td><td style=\"width: 50%;height: 101px\"><p class=\"page-header first-page-header\" style=\"text-align: center\"><span style=\"font-size: 12pt\">Estimativa dos fluxos de energia superficiais utilizando o modelo de superf\u00edcie noah modificado para culturas alagadas (2011)<\/span><\/p><\/td><\/tr><tr style=\"height: 86px\"><td style=\"width: 50%;text-align: center;height: 86px\" align=\"left\" valign=\"middle\">Dr. CL\u00c1UDIO ALBERTO TEICHRIEB<\/td><td style=\"width: 50%;text-align: center;height: 86px\">Trocas de carbono atmosf\u00e9rico sobre dois diferentes sistemas de plantio de milho no Sul do Brasil<\/td><\/tr><tr style=\"height: 87px\"><td style=\"width: 50%;text-align: center;height: 87px\" align=\"left\" valign=\"middle\">Dra. JANA\u00cdNA VI\u00c1RIO CARNEIRO<\/td><td style=\"width: 50%;text-align: center;height: 87px\"><span style=\"font-size: 12pt\">Estimativas das trocas l\u00edquidas de carbono em duas \u00e1reas de cultivo de arroz irrigado na regi\u00e3o central do RS<\/span><\/td><\/tr><tr style=\"height: 88px\"><td style=\"width: 50%;text-align: center;height: 88px\" align=\"left\" valign=\"middle\">Dr. LEONARDO JOS\u00c9 GON\u00c7ALVES AGUIAR<\/td><td style=\"width: 50%;text-align: center;height: 88px\">Fluxos de massa e energia para a cultura de milho (zea mays L.) no Rio Grande do Sul (2011)<\/td><\/tr><tr style=\"height: 88px\"><td style=\"width: 50%;text-align: center;height: 88px\" align=\"left\" valign=\"middle\">Dr. VIRNEI SILVA MOREIRA<\/td><td style=\"width: 50%;height: 88px;text-align: center\">Balan\u00e7o de \u00e1gua no ciclo da cultura de soja: representa\u00e7\u00e3o no modelo de vegeta\u00e7\u00e3o din\u00e2mica Agro-Ibis (2012)<\/td><\/tr><tr style=\"height: 30px\"><td style=\"width: 50%;text-align: center;height: 30px\" align=\"left\" valign=\"middle\">Dr. GEOVANE WEBLER<\/td><td style=\"width: 50%;height: 30px;text-align: center\">FLUXOS DE MASSA E ENERGIA EM AGROECOSSISTEMAS: OBSERVA\u00c7\u00c3O E MODELAGEM (2016)<\/td><\/tr><tr style=\"height: 45px\"><td style=\"width: 50%;text-align: center;height: 45px\" align=\"left\" valign=\"middle\">\u00a0<\/td><td style=\"width: 50%;height: 45px;text-align: center\">\u00a0<\/td><\/tr><tr style=\"height: 36px\"><td style=\"width: 50%;text-align: center;height: 36px\" align=\"left\" valign=\"middle\">\u00a0<\/td><td style=\"width: 50%;height: 36px\">\u00a0<\/td><\/tr><tr style=\"height: 24px\"><td style=\"width: 50%;text-align: center;height: 24px\" align=\"left\" valign=\"middle\">\u00a0<\/td><td style=\"width: 50%;height: 24px;text-align: center\">\u00a0<\/td><\/tr><\/tbody><\/table><p>\u00a0<\/p><table style=\"width: 100%\" width=\"100%\"><tbody><tr><td style=\"width: 15%\" width=\"15%\"><p><strong>Nome<\/strong><\/p><\/td><td style=\"width: 20.4523%\" width=\"13%\"><p><strong>Programa de P\u00f3s Gradua\u00e7\u00e3o<\/strong><\/p><\/td><td style=\"width: 16.6552%\" width=\"30%\"><p><strong>Orientador<\/strong><\/p><\/td><td style=\"width: 3.54761%\" width=\"11%\"><p><strong>Ano<\/strong><\/p><\/td><td style=\"width: 41.3448%\" width=\"28%\"><p><strong>T\u00edtulo Disserta\u00e7\u00e3o<\/strong><\/p><\/td><\/tr><tr><td style=\"width: 15%\" width=\"15%\"><p>MsC. GEOVANE WEBLER<\/p><\/td><td style=\"width: 20.4523%\" width=\"13%\"><p>PPG Meteorologia &#8211; UFSM<\/p><\/td><td style=\"width: 16.6552%\" width=\"30%\"><p>D\u00e9bora Regina Roberti<\/p><\/td><td style=\"width: 3.54761%\" width=\"11%\"><p>2011<\/p><\/td><td style=\"width: 41.3448%\" width=\"28%\"><p>Valida\u00e7\u00e3o do modelo Agro-IBIS para um s\u00edtio experimental de soja no Rio Grande do Sul<\/p><\/td><\/tr><tr><td style=\"width: 15%\" width=\"15%\"><p>MsC. JULIO C\u00c9SAR LOPES SENA<\/p><\/td><td style=\"width: 20.4523%\" width=\"13%\"><p>PPG Meteorologia &#8211; UFSM<\/p><\/td><td style=\"width: 16.6552%\" width=\"30%\"><p>D\u00e9bora Regina Roberti<\/p><\/td><td style=\"width: 3.54761%\" width=\"11%\"><p>\u00a0<\/p><\/td><td style=\"width: 41.3448%\" width=\"28%\"><p>Estudo das componentes de Balan\u00e7o de energia em uma cultura de arroz irrigado no sul do Brasil (2012)<\/p><\/td><\/tr><tr><td style=\"width: 15%\" width=\"15%\"><p>MsC. PABLO ELI SOARES DE OLIVEIRA<\/p><\/td><td style=\"width: 20.4523%\" width=\"13%\"><p>PPG Meteorologia &#8211; UFSM<\/p><\/td><td style=\"width: 16.6552%\" width=\"30%\"><p>Ot\u00e1vio Costa Acevedo<\/p><\/td><td style=\"width: 3.54761%\" width=\"11%\"><p>\u00a0<\/p><\/td><td style=\"width: 41.3448%\" width=\"28%\"><p>Trocas turbulentas de escalares acima e no interior de uma floresta de arauc\u00e1ria no sul do Brasil.<\/p><\/td><\/tr><tr><td style=\"width: 15%\" width=\"15%\"><p>MsC. GISELE DOTTO RUBERT<\/p><\/td><td style=\"width: 20.4523%\" width=\"13%\"><p>PPG Meteorologia &#8211; UFSM<\/p><\/td><td style=\"width: 16.6552%\" width=\"30%\"><p>D\u00e9bora Regina Roberti<\/p><\/td><td style=\"width: 3.54761%\" width=\"11%\"><p>\u00a0<\/p><\/td><td style=\"width: 41.3448%\" width=\"28%\"><p>Estudo do balan\u00e7o de energia em um cultivo de trigo no sul do Brasil. 2013<\/p><\/td><\/tr><tr><td style=\"width: 15%\" width=\"15%\"><p>\u00a0<\/p><\/td><td style=\"width: 20.4523%\" width=\"13%\"><p>\u00a0<\/p><\/td><td style=\"width: 16.6552%\" width=\"30%\"><p>\u00a0<\/p><\/td><td style=\"width: 3.54761%\" width=\"11%\"><p>\u00a0<\/p><\/td><td style=\"width: 41.3448%\" width=\"28%\"><p>\u00a0<\/p><\/td><\/tr><tr><td style=\"width: 15%\" width=\"15%\"><p>\u00a0<\/p><\/td><td style=\"width: 20.4523%\" width=\"13%\"><p>\u00a0<\/p><\/td><td style=\"width: 16.6552%\" width=\"30%\"><p>\u00a0<\/p><\/td><td style=\"width: 3.54761%\" width=\"11%\"><p>\u00a0<\/p><\/td><td style=\"width: 41.3448%\" width=\"28%\"><p>\u00a0<\/p><\/td><\/tr><tr><td style=\"width: 15%\" width=\"15%\"><p>\u00a0<\/p><\/td><td style=\"width: 20.4523%\" width=\"13%\"><p>\u00a0<\/p><\/td><td style=\"width: 16.6552%\" width=\"30%\"><p>\u00a0<\/p><\/td><td style=\"width: 3.54761%\" width=\"11%\"><p>\u00a0<\/p><\/td><td style=\"width: 41.3448%\" width=\"28%\"><p>\u00a0<\/p><\/td><\/tr><tr><td style=\"width: 15%\" width=\"15%\"><p>\u00a0<\/p><\/td><td style=\"width: 20.4523%\" width=\"13%\"><p>\u00a0<\/p><\/td><td style=\"width: 16.6552%\" width=\"30%\"><p>\u00a0<\/p><\/td><td style=\"width: 3.54761%\" width=\"11%\"><p>\u00a0<\/p><\/td><td style=\"width: 41.3448%\" width=\"28%\"><p>\u00a0<\/p><\/td><\/tr><tr><td style=\"width: 15%\" width=\"15%\"><p>\u00a0<\/p><\/td><td style=\"width: 20.4523%\" width=\"13%\"><p>\u00a0<\/p><\/td><td style=\"width: 16.6552%\" width=\"30%\"><p>\u00a0<\/p><\/td><td style=\"width: 3.54761%\" width=\"11%\"><p>\u00a0<\/p><\/td><td style=\"width: 41.3448%\" width=\"28%\"><p>\u00a0<\/p><\/td><\/tr><\/tbody><\/table>\t\t\t\t\t\t<\/div>\n\t\t\t\t<\/div>\n\t\t\t\t\t<\/div>\n\t\t<\/div>\n\t\t\t\t\t<\/div>\n\t\t<\/section>\n\t\t\t\t<\/div>\n\t\t","protected":false},"excerpt":{"rendered":"<p>Abaixo est\u00e3o relacionados os alunos deste grupo de pesquisa e suas respectivas Teses e Disserta\u00e7\u00f5es: Nome T\u00edtulo Teses (Ano) Dra. ANDR\u00c9A UCKER TIMM Estimativa dos fluxos de energia superficiais utilizando o modelo de superf\u00edcie noah modificado para culturas alagadas (2011) Dr. CL\u00c1UDIO ALBERTO TEICHRIEB Trocas de carbono atmosf\u00e9rico sobre dois diferentes sistemas de plantio de [&hellip;]<\/p>\n","protected":false},"author":867,"featured_media":0,"parent":0,"menu_order":0,"comment_status":"closed","ping_status":"closed","template":"","meta":{"footnotes":""},"categories":[],"tags":[],"class_list":["post-164","page","type-page","status-publish","hentry"],"acf":[],"_links":{"self":[{"href":"https:\/\/www.ufsm.br\/projetos\/pesquisa\/sulflux\/wp-json\/wp\/v2\/pages\/164","targetHints":{"allow":["GET"]}}],"collection":[{"href":"https:\/\/www.ufsm.br\/projetos\/pesquisa\/sulflux\/wp-json\/wp\/v2\/pages"}],"about":[{"href":"https:\/\/www.ufsm.br\/projetos\/pesquisa\/sulflux\/wp-json\/wp\/v2\/types\/page"}],"author":[{"embeddable":true,"href":"https:\/\/www.ufsm.br\/projetos\/pesquisa\/sulflux\/wp-json\/wp\/v2\/users\/867"}],"replies":[{"embeddable":true,"href":"https:\/\/www.ufsm.br\/projetos\/pesquisa\/sulflux\/wp-json\/wp\/v2\/comments?post=164"}],"version-history":[{"count":0,"href":"https:\/\/www.ufsm.br\/projetos\/pesquisa\/sulflux\/wp-json\/wp\/v2\/pages\/164\/revisions"}],"wp:attachment":[{"href":"https:\/\/www.ufsm.br\/projetos\/pesquisa\/sulflux\/wp-json\/wp\/v2\/media?parent=164"}],"wp:term":[{"taxonomy":"category","embeddable":true,"href":"https:\/\/www.ufsm.br\/projetos\/pesquisa\/sulflux\/wp-json\/wp\/v2\/categories?post=164"},{"taxonomy":"post_tag","embeddable":true,"href":"https:\/\/www.ufsm.br\/projetos\/pesquisa\/sulflux\/wp-json\/wp\/v2\/tags?post=164"}],"curies":[{"name":"wp","href":"https:\/\/api.w.org\/{rel}","templated":true}]}}