{"id":210,"date":"2020-02-03T12:42:53","date_gmt":"2020-02-03T15:42:53","guid":{"rendered":"https:\/\/www.ufsm.br\/projetos\/pesquisa\/sulflux\/?page_id=210"},"modified":"2020-02-03T12:50:04","modified_gmt":"2020-02-03T15:50:04","slug":"informacoes-gerais","status":"publish","type":"page","link":"https:\/\/www.ufsm.br\/projetos\/pesquisa\/sulflux\/informacoes-gerais","title":{"rendered":"Sobre"},"content":{"rendered":"\t\t<div data-elementor-type=\"wp-page\" data-elementor-id=\"210\" class=\"elementor elementor-210\">\n\t\t\t\t\t\t<section class=\"elementor-section elementor-top-section elementor-element elementor-element-337df186 elementor-section-boxed elementor-section-height-default elementor-section-height-default\" data-id=\"337df186\" data-element_type=\"section\">\n\t\t\t\t\t\t<div class=\"elementor-container elementor-column-gap-default\">\n\t\t\t\t\t<div class=\"elementor-column elementor-col-100 elementor-top-column elementor-element elementor-element-3492d297\" data-id=\"3492d297\" data-element_type=\"column\">\n\t\t\t<div class=\"elementor-widget-wrap elementor-element-populated\">\n\t\t\t\t\t\t<div class=\"elementor-element elementor-element-7615625c elementor-widget elementor-widget-text-editor\" data-id=\"7615625c\" data-element_type=\"widget\" data-widget_type=\"text-editor.default\">\n\t\t\t\t<div class=\"elementor-widget-container\">\n\t\t\t\t\t\t\t<!-- wp:tadv\/classic-paragraph \/-->\t\t\t\t\t\t<\/div>\n\t\t\t\t<\/div>\n\t\t\t\t\t<\/div>\n\t\t<\/div>\n\t\t\t\t\t<\/div>\n\t\t<\/section>\n\t\t\t\t<section class=\"elementor-section elementor-top-section elementor-element elementor-element-cba5363 elementor-section-boxed elementor-section-height-default elementor-section-height-default\" data-id=\"cba5363\" data-element_type=\"section\">\n\t\t\t\t\t\t<div class=\"elementor-container elementor-column-gap-default\">\n\t\t\t\t\t<div class=\"elementor-column elementor-col-100 elementor-top-column elementor-element elementor-element-99a421e\" data-id=\"99a421e\" data-element_type=\"column\">\n\t\t\t<div class=\"elementor-widget-wrap elementor-element-populated\">\n\t\t\t\t\t\t<div class=\"elementor-element elementor-element-7bcf185 elementor-widget elementor-widget-text-editor\" data-id=\"7bcf185\" data-element_type=\"widget\" data-widget_type=\"text-editor.default\">\n\t\t\t\t<div class=\"elementor-widget-container\">\n\t\t\t\t\t\t\t<h4 style=\"text-align: center\"><span style=\"font-size: 14pt\"><strong>Objetivo<\/strong><\/span><\/h4>\n<p class=\"p1\">A Rede Sul Brasileira de Fluxos Superficiais e Mudan\u00e7as Clim\u00e1ticas vai estabelecer uma rede de observa\u00e7\u00f5es de longo per\u00edodo de intera\u00e7\u00f5es entre a superf\u00edcie e a atmosfera para quantificar o saldo de transfer\u00eancia (NEE) de CO<sub>2<\/sub>\u00a0e outras grandezas f\u00edsicas no estado do Rio Grande do Sul (RS).<\/p>\n<p><img fetchpriority=\"high\" decoding=\"async\" class=\"size-medium wp-image-199 aligncenter\" src=\"https:\/\/www.ufsm.br\/projetos\/pesquisa\/sulflux\/wp-content\/uploads\/sites\/799\/2020\/02\/About_1-300x225.jpg\" alt=\"\" width=\"300\" height=\"225\" srcset=\"https:\/\/www.ufsm.br\/app\/uploads\/sites\/799\/2020\/02\/About_1-300x225.jpg 300w, https:\/\/www.ufsm.br\/app\/uploads\/sites\/799\/2020\/02\/About_1.jpg 389w\" sizes=\"(max-width: 300px) 100vw, 300px\" \/><\/p>\n<p style=\"text-align: center\"><strong>A rede<\/strong><\/p>\n<p><img decoding=\"async\" class=\"size-medium wp-image-200 aligncenter\" src=\"https:\/\/www.ufsm.br\/projetos\/pesquisa\/sulflux\/wp-content\/uploads\/sites\/799\/2020\/02\/About_3-300x225.jpg\" alt=\"\" width=\"300\" height=\"225\" srcset=\"https:\/\/www.ufsm.br\/app\/uploads\/sites\/799\/2020\/02\/About_3-300x225.jpg 300w, https:\/\/www.ufsm.br\/app\/uploads\/sites\/799\/2020\/02\/About_3.jpg 461w\" sizes=\"(max-width: 300px) 100vw, 300px\" \/><\/p>\n<p class=\"p1\" style=\"text-align: center\"><span class=\"tab\">Os<\/span>\u00a0dados coletados pelas torres do SULFLUX s\u00e3o compartilhados em coopera\u00e7\u00e3o com o\u00a0<a href=\"https:\/\/www.eol.ucar.edu\/field_projects\/ceop\" target=\"_blank\" rel=\"noopener\">CEOP<\/a>.<\/p>\t\t\t\t\t\t<\/div>\n\t\t\t\t<\/div>\n\t\t\t\t\t<\/div>\n\t\t<\/div>\n\t\t\t\t\t<\/div>\n\t\t<\/section>\n\t\t\t\t<\/div>\n\t\t","protected":false},"excerpt":{"rendered":"<p>Objetivo A Rede Sul Brasileira de Fluxos Superficiais e Mudan\u00e7as Clim\u00e1ticas vai estabelecer uma rede de observa\u00e7\u00f5es de longo per\u00edodo de intera\u00e7\u00f5es entre a superf\u00edcie e a atmosfera para quantificar o saldo de transfer\u00eancia (NEE) de CO2\u00a0e outras grandezas f\u00edsicas no estado do Rio Grande do Sul (RS). A rede Os\u00a0dados coletados pelas torres do [&hellip;]<\/p>\n","protected":false},"author":867,"featured_media":0,"parent":0,"menu_order":0,"comment_status":"closed","ping_status":"closed","template":"","meta":{"footnotes":""},"categories":[],"tags":[],"class_list":["post-210","page","type-page","status-publish","hentry"],"acf":[],"_links":{"self":[{"href":"https:\/\/www.ufsm.br\/projetos\/pesquisa\/sulflux\/wp-json\/wp\/v2\/pages\/210","targetHints":{"allow":["GET"]}}],"collection":[{"href":"https:\/\/www.ufsm.br\/projetos\/pesquisa\/sulflux\/wp-json\/wp\/v2\/pages"}],"about":[{"href":"https:\/\/www.ufsm.br\/projetos\/pesquisa\/sulflux\/wp-json\/wp\/v2\/types\/page"}],"author":[{"embeddable":true,"href":"https:\/\/www.ufsm.br\/projetos\/pesquisa\/sulflux\/wp-json\/wp\/v2\/users\/867"}],"replies":[{"embeddable":true,"href":"https:\/\/www.ufsm.br\/projetos\/pesquisa\/sulflux\/wp-json\/wp\/v2\/comments?post=210"}],"version-history":[{"count":0,"href":"https:\/\/www.ufsm.br\/projetos\/pesquisa\/sulflux\/wp-json\/wp\/v2\/pages\/210\/revisions"}],"wp:attachment":[{"href":"https:\/\/www.ufsm.br\/projetos\/pesquisa\/sulflux\/wp-json\/wp\/v2\/media?parent=210"}],"wp:term":[{"taxonomy":"category","embeddable":true,"href":"https:\/\/www.ufsm.br\/projetos\/pesquisa\/sulflux\/wp-json\/wp\/v2\/categories?post=210"},{"taxonomy":"post_tag","embeddable":true,"href":"https:\/\/www.ufsm.br\/projetos\/pesquisa\/sulflux\/wp-json\/wp\/v2\/tags?post=210"}],"curies":[{"name":"wp","href":"https:\/\/api.w.org\/{rel}","templated":true}]}}