{"id":5,"date":"2018-01-18T08:39:17","date_gmt":"2018-01-18T10:39:17","guid":{"rendered":"https:\/\/www.ufsm.br\/cursos\/graduacao\/nutricao\/12352\/?page_id=5"},"modified":"2023-02-22T10:54:38","modified_gmt":"2023-02-22T13:54:38","slug":"pagina-inicial","status":"publish","type":"page","link":"https:\/\/www.ufsm.br\/projetos\/pesquisa\/sulflux\/","title":{"rendered":"P\u00e1gina Inicial"},"content":{"rendered":"\t\t<div data-elementor-type=\"wp-post\" data-elementor-id=\"5\" class=\"elementor elementor-5\">\n\t\t\t\t\t\t<section class=\"elementor-section elementor-top-section elementor-element elementor-element-e5bcc64 elementor-section-boxed elementor-section-height-default elementor-section-height-default\" data-id=\"e5bcc64\" data-element_type=\"section\">\n\t\t\t\t\t\t<div class=\"elementor-container elementor-column-gap-default\">\n\t\t\t\t\t<div class=\"elementor-column elementor-col-100 elementor-top-column elementor-element elementor-element-c09ac3d\" data-id=\"c09ac3d\" data-element_type=\"column\">\n\t\t\t<div class=\"elementor-widget-wrap elementor-element-populated\">\n\t\t\t\t\t\t<div class=\"elementor-element elementor-element-9bf8518 elementor-widget elementor-widget-heading\" data-id=\"9bf8518\" data-element_type=\"widget\" data-widget_type=\"heading.default\">\n\t\t\t\t<div class=\"elementor-widget-container\">\n\t\t\t<h5 class=\"elementor-heading-title elementor-size-default\">Lumet <\/h5>\t\t<\/div>\n\t\t\t\t<\/div>\n\t\t\t\t\t<\/div>\n\t\t<\/div>\n\t\t\t\t\t<\/div>\n\t\t<\/section>\n\t\t\t\t<section class=\"elementor-section elementor-top-section elementor-element elementor-element-fa59fee elementor-section-boxed elementor-section-height-default elementor-section-height-default\" data-id=\"fa59fee\" data-element_type=\"section\">\n\t\t\t\t\t\t<div class=\"elementor-container elementor-column-gap-default\">\n\t\t\t\t\t<div class=\"elementor-column elementor-col-100 elementor-top-column elementor-element elementor-element-641264f\" data-id=\"641264f\" data-element_type=\"column\">\n\t\t\t<div class=\"elementor-widget-wrap elementor-element-populated\">\n\t\t\t\t\t\t<div class=\"elementor-element elementor-element-5b42cfc elementor-widget elementor-widget-heading\" data-id=\"5b42cfc\" data-element_type=\"widget\" data-widget_type=\"heading.default\">\n\t\t\t\t<div class=\"elementor-widget-container\">\n\t\t\t<h5 class=\"elementor-heading-title elementor-size-default\">Rede  SULFLUX<\/h5>\t\t<\/div>\n\t\t\t\t<\/div>\n\t\t\t\t\t<\/div>\n\t\t<\/div>\n\t\t\t\t\t<\/div>\n\t\t<\/section>\n\t\t\t\t<section class=\"elementor-section elementor-top-section elementor-element elementor-element-0ddec2a elementor-section-boxed elementor-section-height-default elementor-section-height-default\" data-id=\"0ddec2a\" data-element_type=\"section\">\n\t\t\t\t\t\t<div class=\"elementor-container elementor-column-gap-default\">\n\t\t\t\t\t<div class=\"elementor-column elementor-col-100 elementor-top-column elementor-element elementor-element-a4bc9af\" data-id=\"a4bc9af\" data-element_type=\"column\">\n\t\t\t<div class=\"elementor-widget-wrap elementor-element-populated\">\n\t\t\t\t\t\t<div class=\"elementor-element elementor-element-0b01c8b elementor-widget elementor-widget-text-editor\" data-id=\"0b01c8b\" data-element_type=\"widget\" data-widget_type=\"text-editor.default\">\n\t\t\t\t<div class=\"elementor-widget-container\">\n\t\t\t\t\t\t\t<p>Esta rede consiste de um conjunto de torres micrometeorol\u00f3gicas, ou Torres de Fluxo, instrumentadas com sensores padr\u00f5es, efetuando medidas a uma alta taxa amostral em importantes ecossistemas do Sul do Brasil. As observa\u00e7\u00f5es fornecem dados de alta qualidade para inicializarem e validarem modelos num\u00e9ricos, de clima e superf\u00edcie, al\u00e9m de estimativas das trocas l\u00edquidas dos principais gases do efeito estufa (CO2, CH4 e H2O). Os ecossistemas monitorados compreendem \u00e1reas de cultivo agr\u00edcola, pecu\u00e1ria, silvicultura, mata atl\u00e2ntica e reserva ambiental. A rede conta com a participa\u00e7\u00e3o de pesquisadores de diversas universidades do estado e a colabora\u00e7\u00e3o e interc\u00e2mbio com pesquisadores no Brasil e exterior.<\/p>\t\t\t\t\t\t<\/div>\n\t\t\t\t<\/div>\n\t\t\t\t\t<\/div>\n\t\t<\/div>\n\t\t\t\t\t<\/div>\n\t\t<\/section>\n\t\t\t\t<section class=\"elementor-section elementor-top-section elementor-element elementor-element-d3469ab elementor-section-boxed elementor-section-height-default elementor-section-height-default\" data-id=\"d3469ab\" data-element_type=\"section\">\n\t\t\t\t\t\t<div class=\"elementor-container elementor-column-gap-default\">\n\t\t\t\t\t<div class=\"elementor-column elementor-col-100 elementor-top-column elementor-element elementor-element-845ed6e\" data-id=\"845ed6e\" data-element_type=\"column\">\n\t\t\t<div class=\"elementor-widget-wrap elementor-element-populated\">\n\t\t\t\t\t\t<div class=\"elementor-element elementor-element-cf40793 elementor-widget elementor-widget-text-editor\" data-id=\"cf40793\" data-element_type=\"widget\" data-widget_type=\"text-editor.default\">\n\t\t\t\t<div class=\"elementor-widget-container\">\n\t\t\t\t\t\t\t<p><b>S\u00cdTIOS EXPERIMENTAIS<\/b><\/p><p style=\"color: #000000;font-size: 16px;text-align: center\">Acesse a\u00a0 <strong><a style=\"color: #204c90\" href=\"https:\/\/www.ufsm.br\/projetos\/pesquisa\/sulflux\/wp-content\/uploads\/sites\/799\/2020\/02\/Caracteristicas-dos-sitios-experimentais.pdf\">Lista dos S\u00edtios Experimentais<\/a><\/strong>\u00a0da Rede Sulflux.<\/p><p style=\"color: #000000;font-size: 16px;text-align: center\">Confira tamb\u00e9m a <strong><a style=\"color: #204c90\" href=\"https:\/\/www.ufsm.br\/projetos\/pesquisa\/sulflux\/wp-content\/uploads\/sites\/799\/2020\/02\/plataforma-instrumental-Sulflux.pdf\">Plataforma Instrumental<\/a><\/strong><\/p><p style=\"color: #000000;font-size: 16px;text-align: center\"><span style=\"color: #000000;font-size: 16px;font-weight: bolder\">\u00a0 \u00a0 \u00a0 \u00a0 \u00a0 \u00a0 \u00a0 \u00a0 \u00a0 \u00a0 \u00a0 \u00a0 \u00a0 \u00a0 \u00a0 \u00a0 \u00a0 \u00a0Legenda:\u00a0 \u00a0 \u00a0 \u00a0 \u00a0 \u00a0 <\/span><span style=\"color: #000000;font-size: 16px;font-weight: bolder\">Ativas\u00a0 <img decoding=\"async\" src=\"https:\/\/www.ufsm.br\/projetos\/pesquisa\/sulflux\/wp-content\/uploads\/sites\/799\/2020\/02\/1493-wht-blank.png\" \/><\/span><\/p><p style=\"color: #000000;font-size: 16px;text-align: center\"><span style=\"font-weight: bolder\">\u00a0 \u00a0 \u00a0 \u00a0 \u00a0 \u00a0 \u00a0 \u00a0 \u00a0 \u00a0 \u00a0 \u00a0 \u00a0 \u00a0 \u00a0 \u00a0 \u00a0 \u00a0 \u00a0 \u00a0 \u00a0 \u00a0 \u00a0 \u00a0 \u00a0 \u00a0 \u00a0 \u00a0 \u00a0 \u00a0 \u00a0 \u00a0 Inativas <img decoding=\"async\" src=\"https:\/\/www.ufsm.br\/projetos\/pesquisa\/sulflux\/wp-content\/uploads\/sites\/799\/2020\/02\/1493-wht-blank_2.png\" \/><\/span><b>\u00a0<\/b><\/p>\t\t\t\t\t\t<\/div>\n\t\t\t\t<\/div>\n\t\t\t\t\t<\/div>\n\t\t<\/div>\n\t\t\t\t\t<\/div>\n\t\t<\/section>\n\t\t\t\t<section class=\"elementor-section elementor-top-section elementor-element elementor-element-6b37b02 elementor-section-boxed elementor-section-height-default elementor-section-height-default\" data-id=\"6b37b02\" data-element_type=\"section\">\n\t\t\t\t\t\t<div class=\"elementor-container elementor-column-gap-default\">\n\t\t\t\t\t<div class=\"elementor-column elementor-col-100 elementor-top-column elementor-element elementor-element-c10abad\" data-id=\"c10abad\" data-element_type=\"column\">\n\t\t\t<div class=\"elementor-widget-wrap elementor-element-populated\">\n\t\t\t\t\t\t<div class=\"elementor-element elementor-element-ae18120 elementor-widget elementor-widget-wp-widget-custom_html\" data-id=\"ae18120\" data-element_type=\"widget\" data-widget_type=\"wp-widget-custom_html.default\">\n\t\t\t\t<div class=\"elementor-widget-container\">\n\t\t\t<div class=\"textwidget custom-html-widget\"><iframe src=\"https:\/\/www.google.com\/maps\/d\/embed?mid=1YlLubJAEOwxEdzIVqv3f6JVA2vg\" width=\"640\" height=\"480\"><\/iframe><\/div>\t\t<\/div>\n\t\t\t\t<\/div>\n\t\t\t\t\t<\/div>\n\t\t<\/div>\n\t\t\t\t\t<\/div>\n\t\t<\/section>\n\t\t\t\t<\/div>\n\t\t","protected":false},"excerpt":{"rendered":"<p>Lumet Rede SULFLUX Esta rede consiste de um conjunto de torres micrometeorol\u00f3gicas, ou Torres de Fluxo, instrumentadas com sensores padr\u00f5es, efetuando medidas a uma alta taxa amostral em importantes ecossistemas do Sul do Brasil. As observa\u00e7\u00f5es fornecem dados de alta qualidade para inicializarem e validarem modelos num\u00e9ricos, de clima e superf\u00edcie, al\u00e9m de estimativas das [&hellip;]<\/p>\n","protected":false},"author":8,"featured_media":0,"parent":0,"menu_order":0,"comment_status":"closed","ping_status":"closed","template":"","meta":{"footnotes":""},"categories":[],"tags":[],"class_list":["post-5","page","type-page","status-publish","hentry"],"acf":[],"_links":{"self":[{"href":"https:\/\/www.ufsm.br\/projetos\/pesquisa\/sulflux\/wp-json\/wp\/v2\/pages\/5","targetHints":{"allow":["GET"]}}],"collection":[{"href":"https:\/\/www.ufsm.br\/projetos\/pesquisa\/sulflux\/wp-json\/wp\/v2\/pages"}],"about":[{"href":"https:\/\/www.ufsm.br\/projetos\/pesquisa\/sulflux\/wp-json\/wp\/v2\/types\/page"}],"author":[{"embeddable":true,"href":"https:\/\/www.ufsm.br\/projetos\/pesquisa\/sulflux\/wp-json\/wp\/v2\/users\/8"}],"replies":[{"embeddable":true,"href":"https:\/\/www.ufsm.br\/projetos\/pesquisa\/sulflux\/wp-json\/wp\/v2\/comments?post=5"}],"version-history":[{"count":0,"href":"https:\/\/www.ufsm.br\/projetos\/pesquisa\/sulflux\/wp-json\/wp\/v2\/pages\/5\/revisions"}],"wp:attachment":[{"href":"https:\/\/www.ufsm.br\/projetos\/pesquisa\/sulflux\/wp-json\/wp\/v2\/media?parent=5"}],"wp:term":[{"taxonomy":"category","embeddable":true,"href":"https:\/\/www.ufsm.br\/projetos\/pesquisa\/sulflux\/wp-json\/wp\/v2\/categories?post=5"},{"taxonomy":"post_tag","embeddable":true,"href":"https:\/\/www.ufsm.br\/projetos\/pesquisa\/sulflux\/wp-json\/wp\/v2\/tags?post=5"}],"curies":[{"name":"wp","href":"https:\/\/api.w.org\/{rel}","templated":true}]}}