{"id":151,"date":"2019-05-20T13:25:09","date_gmt":"2019-05-20T16:25:09","guid":{"rendered":"https:\/\/www.ufsm.br\/reitoria-acesso-a-informacao-lgpd\/?page_id=151"},"modified":"2025-03-17T08:48:35","modified_gmt":"2025-03-17T11:48:35","slug":"legislacao","status":"publish","type":"page","link":"https:\/\/www.ufsm.br\/reitoria\/acesso-a-informacao\/lgpd\/legislacao","title":{"rendered":"Legisla\u00e7\u00e3o"},"content":{"rendered":"\t\t<div data-elementor-type=\"wp-page\" data-elementor-id=\"151\" class=\"elementor elementor-151\">\n\t\t\t\t\t\t<section class=\"elementor-section elementor-top-section elementor-element elementor-element-45a77018 elementor-section-boxed elementor-section-height-default elementor-section-height-default\" data-id=\"45a77018\" data-element_type=\"section\">\n\t\t\t\t\t\t<div class=\"elementor-container elementor-column-gap-default\">\n\t\t\t\t\t<div class=\"elementor-column elementor-col-100 elementor-top-column elementor-element elementor-element-744cab5f\" data-id=\"744cab5f\" data-element_type=\"column\">\n\t\t\t<div class=\"elementor-widget-wrap elementor-element-populated\">\n\t\t\t\t\t\t<div class=\"elementor-element elementor-element-534bea5 elementor-widget elementor-widget-heading\" data-id=\"534bea5\" data-element_type=\"widget\" data-widget_type=\"heading.default\">\n\t\t\t\t<div class=\"elementor-widget-container\">\n\t\t\t<h5 class=\"elementor-heading-title elementor-size-default\">Legisla\u00e7\u00e3o Relacionada<\/h5>\t\t<\/div>\n\t\t\t\t<\/div>\n\t\t\t\t<div class=\"elementor-element elementor-element-6ba722de elementor-widget elementor-widget-text-editor\" data-id=\"6ba722de\" data-element_type=\"widget\" data-widget_type=\"text-editor.default\">\n\t\t\t\t<div class=\"elementor-widget-container\">\n\t\t\t\t\t\t\t<!-- wp:tadv\/classic-paragraph \/-->\t\t\t\t\t\t<\/div>\n\t\t\t\t<\/div>\n\t\t\t\t\t<\/div>\n\t\t<\/div>\n\t\t\t\t\t<\/div>\n\t\t<\/section>\n\t\t\t\t<section class=\"elementor-section elementor-top-section elementor-element elementor-element-362717e elementor-section-boxed elementor-section-height-default elementor-section-height-default\" data-id=\"362717e\" data-element_type=\"section\">\n\t\t\t\t\t\t<div class=\"elementor-container elementor-column-gap-default\">\n\t\t\t\t\t<div class=\"elementor-column elementor-col-100 elementor-top-column elementor-element elementor-element-de281d9\" data-id=\"de281d9\" data-element_type=\"column\">\n\t\t\t<div class=\"elementor-widget-wrap elementor-element-populated\">\n\t\t\t\t\t\t<div class=\"elementor-element elementor-element-b61802b elementor-widget elementor-widget-text-editor\" data-id=\"b61802b\" data-element_type=\"widget\" data-widget_type=\"text-editor.default\">\n\t\t\t\t<div class=\"elementor-widget-container\">\n\t\t\t\t\t\t\t<ul>\n<li><a href=\"https:\/\/www.planalto.gov.br\/ccivil_03\/_ato2015-2018\/2018\/Lei\/L13709.htm\" target=\"_blank\" rel=\"noopener\">Lei N\u00ba 13.709, de 14 de Agosto de 2018<\/a> &#8211;\u00a0 Lei Geral de Prote\u00e7\u00e3o de Dados Pessoais (LGPD);<\/li>\n<\/ul>\t\t\t\t\t\t<\/div>\n\t\t\t\t<\/div>\n\t\t\t\t\t<\/div>\n\t\t<\/div>\n\t\t\t\t\t<\/div>\n\t\t<\/section>\n\t\t\t\t<section class=\"elementor-section elementor-top-section elementor-element elementor-element-42715fe elementor-section-boxed elementor-section-height-default elementor-section-height-default\" data-id=\"42715fe\" data-element_type=\"section\">\n\t\t\t\t\t\t<div class=\"elementor-container elementor-column-gap-default\">\n\t\t\t\t\t<div class=\"elementor-column elementor-col-100 elementor-top-column elementor-element elementor-element-27b2c06\" data-id=\"27b2c06\" data-element_type=\"column\">\n\t\t\t<div class=\"elementor-widget-wrap elementor-element-populated\">\n\t\t\t\t\t\t<div class=\"elementor-element elementor-element-cff5d86 elementor-widget elementor-widget-heading\" data-id=\"cff5d86\" data-element_type=\"widget\" data-widget_type=\"heading.default\">\n\t\t\t\t<div class=\"elementor-widget-container\">\n\t\t\t<h5 class=\"elementor-heading-title elementor-size-default\">Normativos Internos<\/h5>\t\t<\/div>\n\t\t\t\t<\/div>\n\t\t\t\t\t<\/div>\n\t\t<\/div>\n\t\t\t\t\t<\/div>\n\t\t<\/section>\n\t\t\t\t<section class=\"elementor-section elementor-top-section elementor-element elementor-element-ebd7f0f elementor-section-boxed elementor-section-height-default elementor-section-height-default\" data-id=\"ebd7f0f\" data-element_type=\"section\">\n\t\t\t\t\t\t<div class=\"elementor-container elementor-column-gap-default\">\n\t\t\t\t\t<div class=\"elementor-column elementor-col-100 elementor-top-column elementor-element elementor-element-90ad0ad\" data-id=\"90ad0ad\" data-element_type=\"column\">\n\t\t\t<div class=\"elementor-widget-wrap elementor-element-populated\">\n\t\t\t\t\t\t<div class=\"elementor-element elementor-element-4455102 elementor-widget elementor-widget-text-editor\" data-id=\"4455102\" data-element_type=\"widget\" data-widget_type=\"text-editor.default\">\n\t\t\t\t<div class=\"elementor-widget-container\">\n\t\t\t\t\t\t\t<ul>\n<li><a href=\"https:\/\/www.ufsm.br\/pro-reitorias\/proplan\/resolucao-ufsm-n-145-2023\" target=\"_blank\" rel=\"noopener\">Resolu\u00e7\u00e3o UFSM N. 145\/2023<\/a> &#8211; Cria\u00e7\u00e3o do \u00f3rg\u00e3o colegiado denominado \u201cComit\u00ea Gestor de Prote\u00e7\u00e3o de Dados Pessoais\u201d (CGPD-UFSM),<\/li>\n<\/ul>\t\t\t\t\t\t<\/div>\n\t\t\t\t<\/div>\n\t\t\t\t\t<\/div>\n\t\t<\/div>\n\t\t\t\t\t<\/div>\n\t\t<\/section>\n\t\t\t\t<\/div>\n\t\t","protected":false},"excerpt":{"rendered":"<p>Legisla\u00e7\u00e3o Relacionada Lei N\u00ba 13.709, de 14 de Agosto de 2018 &#8211;\u00a0 Lei Geral de Prote\u00e7\u00e3o de Dados Pessoais (LGPD); Normativos Internos Resolu\u00e7\u00e3o UFSM N. 145\/2023 &#8211; Cria\u00e7\u00e3o do \u00f3rg\u00e3o colegiado denominado \u201cComit\u00ea Gestor de Prote\u00e7\u00e3o de Dados Pessoais\u201d (CGPD-UFSM),<\/p>\n","protected":false},"author":25,"featured_media":0,"parent":0,"menu_order":0,"comment_status":"closed","ping_status":"closed","template":"","meta":{"footnotes":""},"categories":[],"tags":[],"class_list":["post-151","page","type-page","status-publish","hentry"],"acf":[],"_links":{"self":[{"href":"https:\/\/www.ufsm.br\/reitoria\/acesso-a-informacao\/lgpd\/wp-json\/wp\/v2\/pages\/151","targetHints":{"allow":["GET"]}}],"collection":[{"href":"https:\/\/www.ufsm.br\/reitoria\/acesso-a-informacao\/lgpd\/wp-json\/wp\/v2\/pages"}],"about":[{"href":"https:\/\/www.ufsm.br\/reitoria\/acesso-a-informacao\/lgpd\/wp-json\/wp\/v2\/types\/page"}],"author":[{"embeddable":true,"href":"https:\/\/www.ufsm.br\/reitoria\/acesso-a-informacao\/lgpd\/wp-json\/wp\/v2\/users\/25"}],"replies":[{"embeddable":true,"href":"https:\/\/www.ufsm.br\/reitoria\/acesso-a-informacao\/lgpd\/wp-json\/wp\/v2\/comments?post=151"}],"version-history":[{"count":0,"href":"https:\/\/www.ufsm.br\/reitoria\/acesso-a-informacao\/lgpd\/wp-json\/wp\/v2\/pages\/151\/revisions"}],"wp:attachment":[{"href":"https:\/\/www.ufsm.br\/reitoria\/acesso-a-informacao\/lgpd\/wp-json\/wp\/v2\/media?parent=151"}],"wp:term":[{"taxonomy":"category","embeddable":true,"href":"https:\/\/www.ufsm.br\/reitoria\/acesso-a-informacao\/lgpd\/wp-json\/wp\/v2\/categories?post=151"},{"taxonomy":"post_tag","embeddable":true,"href":"https:\/\/www.ufsm.br\/reitoria\/acesso-a-informacao\/lgpd\/wp-json\/wp\/v2\/tags?post=151"}],"curies":[{"name":"wp","href":"https:\/\/api.w.org\/{rel}","templated":true}]}}