{"id":154,"date":"2019-05-20T13:27:00","date_gmt":"2019-05-20T16:27:00","guid":{"rendered":"https:\/\/www.ufsm.br\/reitoria-acesso-a-informacao-lgpd\/?page_id=154"},"modified":"2021-12-07T14:50:55","modified_gmt":"2021-12-07T17:50:55","slug":"grupo-de-trabalho","status":"publish","type":"page","link":"https:\/\/www.ufsm.br\/reitoria\/acesso-a-informacao\/lgpd\/grupo-de-trabalho","title":{"rendered":"Grupo de Trabalho"},"content":{"rendered":"\t\t<div data-elementor-type=\"wp-page\" data-elementor-id=\"154\" class=\"elementor elementor-154\">\n\t\t\t\t\t\t<section class=\"elementor-section elementor-top-section elementor-element elementor-element-4be0503 elementor-section-boxed elementor-section-height-default elementor-section-height-default\" data-id=\"4be0503\" data-element_type=\"section\">\n\t\t\t\t\t\t<div class=\"elementor-container elementor-column-gap-default\">\n\t\t\t\t\t<div class=\"elementor-column elementor-col-100 elementor-top-column elementor-element elementor-element-34d3cb4\" data-id=\"34d3cb4\" data-element_type=\"column\">\n\t\t\t<div class=\"elementor-widget-wrap elementor-element-populated\">\n\t\t\t\t\t\t<div class=\"elementor-element elementor-element-0c54fae elementor-widget elementor-widget-text-editor\" data-id=\"0c54fae\" data-element_type=\"widget\" data-widget_type=\"text-editor.default\">\n\t\t\t\t<div class=\"elementor-widget-container\">\n\t\t\t\t\t\t\t<p>O GT \u2013 Grupo de Trabalho para a\u00e7\u00f5es \u00e0 implementa\u00e7\u00e3o da LGPD na UFSM foi implementado pela <a href=\"https:\/\/portal.ufsm.br\/documentos\/publico\/documento.html?id=13776382\" target=\"_blank\" rel=\"noopener\">Portaria de Pessoal UFSM N. 1.513\/2021<\/a>.<\/p><p>Membros:<\/p><p><strong>Representantes do DAG:<\/strong><br \/>&#8211; D\u00e9bora Flores, SIAPE 1620772, Depto de Arquivo Geral, Arquivista;<br \/>&#8211; Tiago Tagliapietra, SIAPE 1971907, Divis\u00e3o de Protocolo, Assistente em Administra\u00e7\u00e3o;<br \/><strong>Representantes do CPD:<\/strong><br \/>&#8211; Jessica Lasch de Moura, SIAPE 2355540, Divis\u00e3o de Suporte, Analista de TI;<br \/>&#8211; Marisa Munaretto Amaral, SIAPE 1643491, Divis\u00e3o de Apoio ao Usu\u00e1rio, Analista de TI;<br \/><strong>Representante da PRA:<\/strong><br \/>&#8211; Raphael Palmeiro Lencina, SIAPE 2033916, Secretario de Apoio Administrativo\/PRA, Administrador;<br \/><strong>Representante da PROPLAN:<\/strong><br \/>&#8211; Marcelo Lopes Kroth, SIAPE 2214010, Coordenadoria de Planejamento Informacional &#8211; COPLIN, Analista de TI;<br \/><strong>Representante do Gabinete do Reitor:<\/strong><br \/>&#8211; Josiane dos Santos Souza Borges, SIAPE 1833709, Comiss\u00e3o Permanente de Sindic\u00e2ncia e Inqu\u00e9rito Administrativo\/COPSIA, Coordenadora da COPSIA;<br \/><strong>Representante da Coordenadoria de Comunica\u00e7\u00e3o Social:<\/strong><br \/>&#8211; Daniel Michelon De Carli, SIAPE 1767586, Unidade de Comunica\u00e7\u00e3o Integrada, Analista de TI;<br \/><strong>Representante da PROGRAD:<\/strong><br \/>&#8211; Jer\u00f4nimo Siqueira Tybusch, SIAPE 3579368, Pr\u00f3-Reitoria de Gradua\u00e7\u00e3o, Professor do Magist\u00e9rio Superior;<br \/><strong>Representante da Comunica\u00e7\u00e3o Acad\u00eamica:<\/strong><br \/>&#8211; Rosane Leal da Silva, SIAPE 2228262, Departamento de Direito, Professora do Magist\u00e9rio Superior;<br \/><strong>Representante da Ouvidoria:<\/strong><br \/>&#8211; Sonia Roselaine de Pr\u00e1 Venturini, SIAPE 1092606, Ouvidoria, Ouvidor;<br \/><strong>Representante da PROGEP:<\/strong><br \/>&#8211; Paula Borges Tronco, SIAPE 1751794, Coordenadoria de Concursos, Administrador;<br \/><strong>Representante da PRAE:<\/strong><br \/>&#8211; Ang\u00e9lica Medianeira Iensen, SIAPE 1959011, Coordenadoria de Apoio Organiza\u00e7\u00f5es Comunit\u00e1rias, Secret\u00e1rio Executivo.<\/p><p><strong>Secret\u00e1rio do GT:<\/strong><\/p><p>&#8211; Marcelo Tascheto da Silva, SIAPE 1824413, Gabinete do Reitor, Secret\u00e1rio Executivo.<\/p>\t\t\t\t\t\t<\/div>\n\t\t\t\t<\/div>\n\t\t\t\t\t<\/div>\n\t\t<\/div>\n\t\t\t\t\t<\/div>\n\t\t<\/section>\n\t\t\t\t<\/div>\n\t\t","protected":false},"excerpt":{"rendered":"<p>O GT \u2013 Grupo de Trabalho para a\u00e7\u00f5es \u00e0 implementa\u00e7\u00e3o da LGPD na UFSM foi implementado pela Portaria de Pessoal UFSM N. 1.513\/2021. Membros: Representantes do DAG:&#8211; D\u00e9bora Flores, SIAPE 1620772, Depto de Arquivo Geral, Arquivista;&#8211; Tiago Tagliapietra, SIAPE 1971907, Divis\u00e3o de Protocolo, Assistente em Administra\u00e7\u00e3o;Representantes do CPD:&#8211; Jessica Lasch de Moura, SIAPE 2355540, Divis\u00e3o [&hellip;]<\/p>\n","protected":false},"author":25,"featured_media":0,"parent":0,"menu_order":0,"comment_status":"closed","ping_status":"closed","template":"","meta":{"footnotes":""},"categories":[],"tags":[],"class_list":["post-154","page","type-page","status-publish","hentry"],"acf":[],"_links":{"self":[{"href":"https:\/\/www.ufsm.br\/reitoria\/acesso-a-informacao\/lgpd\/wp-json\/wp\/v2\/pages\/154","targetHints":{"allow":["GET"]}}],"collection":[{"href":"https:\/\/www.ufsm.br\/reitoria\/acesso-a-informacao\/lgpd\/wp-json\/wp\/v2\/pages"}],"about":[{"href":"https:\/\/www.ufsm.br\/reitoria\/acesso-a-informacao\/lgpd\/wp-json\/wp\/v2\/types\/page"}],"author":[{"embeddable":true,"href":"https:\/\/www.ufsm.br\/reitoria\/acesso-a-informacao\/lgpd\/wp-json\/wp\/v2\/users\/25"}],"replies":[{"embeddable":true,"href":"https:\/\/www.ufsm.br\/reitoria\/acesso-a-informacao\/lgpd\/wp-json\/wp\/v2\/comments?post=154"}],"version-history":[{"count":0,"href":"https:\/\/www.ufsm.br\/reitoria\/acesso-a-informacao\/lgpd\/wp-json\/wp\/v2\/pages\/154\/revisions"}],"wp:attachment":[{"href":"https:\/\/www.ufsm.br\/reitoria\/acesso-a-informacao\/lgpd\/wp-json\/wp\/v2\/media?parent=154"}],"wp:term":[{"taxonomy":"category","embeddable":true,"href":"https:\/\/www.ufsm.br\/reitoria\/acesso-a-informacao\/lgpd\/wp-json\/wp\/v2\/categories?post=154"},{"taxonomy":"post_tag","embeddable":true,"href":"https:\/\/www.ufsm.br\/reitoria\/acesso-a-informacao\/lgpd\/wp-json\/wp\/v2\/tags?post=154"}],"curies":[{"name":"wp","href":"https:\/\/api.w.org\/{rel}","templated":true}]}}