{"id":57,"date":"2018-09-05T16:35:20","date_gmt":"2018-09-05T19:35:20","guid":{"rendered":"https:\/\/www.ufsm.br\/reitoria\/acesso-a-informacao\/?page_id=57"},"modified":"2024-07-30T15:15:42","modified_gmt":"2024-07-30T18:15:42","slug":"licitacoes-e-contratos","status":"publish","type":"page","link":"https:\/\/www.ufsm.br\/reitoria\/acesso-a-informacao\/licitacoes-e-contratos","title":{"rendered":"Licita\u00e7\u00f5es e Contratos"},"content":{"rendered":"\t\t<div data-elementor-type=\"wp-post\" data-elementor-id=\"57\" class=\"elementor elementor-57\">\n\t\t\t\t\t\t<section class=\"elementor-section elementor-top-section elementor-element elementor-element-1361b456 elementor-section-boxed elementor-section-height-default elementor-section-height-default\" data-id=\"1361b456\" data-element_type=\"section\">\n\t\t\t\t\t\t<div class=\"elementor-container elementor-column-gap-default\">\n\t\t\t\t\t<div class=\"elementor-column elementor-col-100 elementor-top-column elementor-element elementor-element-6c8f0946\" data-id=\"6c8f0946\" data-element_type=\"column\">\n\t\t\t<div class=\"elementor-widget-wrap elementor-element-populated\">\n\t\t\t\t\t\t<div class=\"elementor-element elementor-element-7054ad1b elementor-widget elementor-widget-text-editor\" data-id=\"7054ad1b\" data-element_type=\"widget\" data-widget_type=\"text-editor.default\">\n\t\t\t\t<div class=\"elementor-widget-container\">\n\t\t\t\t\t\t\t<p>Informa\u00e7\u00f5es sobre\u00a0<span style=\"color: #000000;font-size: 16px\">licita\u00e7\u00f5es e contratos realizados pela UFSM\u00a0<\/span>podem ser encontradas no <span style=\"color: #000000\"><strong>Portal da Transpar\u00eancia<\/strong><\/span>, no link <span style=\"color: #0000ff\"><span style=\"color: #000000\"><strong>Licita\u00e7\u00f5es e Contratos<\/strong>.\u00a0<\/span><\/span><\/p><p>A seguir, constam informa\u00e7\u00f5es referentes \u00e0 UFSM com filtros aplicados para o ano de 2024.<\/p><ul><li><span style=\"color: #3366ff\"><a style=\"color: #3366ff\" href=\"https:\/\/portaldatransparencia.gov.br\/licitacoes\/consulta?paginacaoSimples=true&amp;tamanhoPagina=&amp;offset=&amp;direcaoOrdenacao=asc&amp;dataAberturaDe=01%2F01%2F2024&amp;dataAberturaAte=31%2F12%2F2024&amp;orgaos=OR26247&amp;colunasSelecionadas=detalhar%2CdataResultadoCompra%2CdataAbertura%2CorgaoSuperior%2CorgaoEntidadeVinculada%2CunidadeGestora%2Csituacao%2Cmodalidade%2CinstrumentoLegal%2CnumeroLicitacao%2Cobjeto\" target=\"_blank\" rel=\"noopener\">Detalhamento das Licita\u00e7\u00f5es 2024<\/a><\/span><\/li><li><span style=\"color: #3366ff\"><a style=\"color: #3366ff\" href=\"https:\/\/portaldatransparencia.gov.br\/contratos\/consulta?paginacaoSimples=true&amp;tamanhoPagina=&amp;offset=&amp;direcaoOrdenacao=asc&amp;de=01%2F01%2F2014&amp;ate=31%2F12%2F2024&amp;orgaos=OR26247&amp;colunasSelecionadas=linkDetalhamento%2CdataAssinatura%2CdataPublicacaoDOU%2CdataInicioVigencia%2CdataFimVigencia%2CorgaoSuperior%2CorgaoEntidadeVinculada%2CunidadeGestora%2CformaContratacao%2CgrupoObjetoContratacao%2CnumeroContrato%2CnomeFornecedor%2CcpfCnpjFornecedor%2Csituacao%2CvalorContratado\" target=\"_blank\" rel=\"noopener\">Detalhamento dos Contratos 2024<\/a><\/span><\/li><\/ul><p>Se precisar de ajuda para entender como o <span style=\"color: #3366ff\"><a style=\"color: #3366ff\" href=\"https:\/\/portaldatransparencia.gov.br\/\"><strong>Portal da Transpar\u00eancia<\/strong><\/a><\/span> funciona e quais os recursos est\u00e3o \u00e0 disposi\u00e7\u00e3o, acesse os menus <strong>&#8220;Sobre o Portal&#8221;<\/strong> e<strong> &#8220;Aprenda Mais&#8221;<\/strong>.<\/p><p>Al\u00e9m do portal mantido pelo Governo Federal, no site da UFSM tamb\u00e9m s\u00e3o divulgados:<\/p><ul><li><span style=\"color: #3366ff\"><a style=\"color: #3366ff\" href=\"https:\/\/www.ufsm.br\/orgaos-executivos\/demapa\/licitacoes\/\" target=\"_blank\" rel=\"noopener\">Editais de Licita\u00e7\u00f5es <\/a><\/span><\/li><li><span style=\"color: #3366ff\"><a style=\"color: #3366ff\" href=\"https:\/\/www.ufsm.br\/orgaos-executivos\/demapa\/resultado-das-licitacoes-de-2022\" target=\"_blank\" rel=\"noopener\">Resultados das Licita\u00e7\u00f5es<\/a><\/span><\/li><li><span style=\"color: #3366ff\"><a style=\"color: #3366ff\" href=\"https:\/\/www.ufsm.br\/orgaos-executivos\/demapa\/contratos\" target=\"_blank\" rel=\"noopener\">Contratos da UFSM<\/a><\/span><\/li><li><span style=\"color: #3366ff\"><a style=\"color: #3366ff\" href=\"https:\/\/www.ufsm.br\/pro-reitorias\/proinfra\/relatorios-de-postos-terceirizados-na-ufsm\" target=\"_blank\" rel=\"noopener\">Funcion\u00e1rios Terceirizados<\/a><\/span><\/li><\/ul><p>Mais detalhes sobre compras governamentais como \u00edntegra de editais, atas, anexos, projetos b\u00e1sicos e informa\u00e7\u00f5es adicionais podem ser solicitadas diretamente para o e-mail demapa@ufsm.br. Outras formas de contato com a equipe do Departamento de Materiais e Patrim\u00f4nio (DEMAPA) est\u00e3o divulgadas <span style=\"color: #3366ff\"><a style=\"color: #3366ff\" href=\"https:\/\/www.ufsm.br\/orgaos-executivos\/demapa\/\" target=\"_blank\" rel=\"noopener\">aqui<\/a><\/span>.\u00a0<\/p>\t\t\t\t\t\t<\/div>\n\t\t\t\t<\/div>\n\t\t\t\t\t<\/div>\n\t\t<\/div>\n\t\t\t\t\t<\/div>\n\t\t<\/section>\n\t\t\t\t<\/div>\n\t\t","protected":false},"excerpt":{"rendered":"<p>Informa\u00e7\u00f5es sobre\u00a0licita\u00e7\u00f5es e contratos realizados pela UFSM\u00a0podem ser encontradas no Portal da Transpar\u00eancia, no link Licita\u00e7\u00f5es e Contratos.\u00a0 A seguir, constam informa\u00e7\u00f5es referentes \u00e0 UFSM com filtros aplicados para o ano de 2024. Detalhamento das Licita\u00e7\u00f5es 2024 Detalhamento dos Contratos 2024 Se precisar de ajuda para entender como o Portal da Transpar\u00eancia funciona e quais [&hellip;]<\/p>\n","protected":false},"author":196,"featured_media":0,"parent":0,"menu_order":0,"comment_status":"closed","ping_status":"closed","template":"","meta":{"footnotes":""},"categories":[],"tags":[],"class_list":["post-57","page","type-page","status-publish","hentry"],"acf":[],"_links":{"self":[{"href":"https:\/\/www.ufsm.br\/reitoria\/acesso-a-informacao\/wp-json\/wp\/v2\/pages\/57","targetHints":{"allow":["GET"]}}],"collection":[{"href":"https:\/\/www.ufsm.br\/reitoria\/acesso-a-informacao\/wp-json\/wp\/v2\/pages"}],"about":[{"href":"https:\/\/www.ufsm.br\/reitoria\/acesso-a-informacao\/wp-json\/wp\/v2\/types\/page"}],"author":[{"embeddable":true,"href":"https:\/\/www.ufsm.br\/reitoria\/acesso-a-informacao\/wp-json\/wp\/v2\/users\/196"}],"replies":[{"embeddable":true,"href":"https:\/\/www.ufsm.br\/reitoria\/acesso-a-informacao\/wp-json\/wp\/v2\/comments?post=57"}],"version-history":[{"count":0,"href":"https:\/\/www.ufsm.br\/reitoria\/acesso-a-informacao\/wp-json\/wp\/v2\/pages\/57\/revisions"}],"wp:attachment":[{"href":"https:\/\/www.ufsm.br\/reitoria\/acesso-a-informacao\/wp-json\/wp\/v2\/media?parent=57"}],"wp:term":[{"taxonomy":"category","embeddable":true,"href":"https:\/\/www.ufsm.br\/reitoria\/acesso-a-informacao\/wp-json\/wp\/v2\/categories?post=57"},{"taxonomy":"post_tag","embeddable":true,"href":"https:\/\/www.ufsm.br\/reitoria\/acesso-a-informacao\/wp-json\/wp\/v2\/tags?post=57"}],"curies":[{"name":"wp","href":"https:\/\/api.w.org\/{rel}","templated":true}]}}