{"id":1771,"date":"2021-03-11T16:25:31","date_gmt":"2021-03-11T19:25:31","guid":{"rendered":"https:\/\/www.ufsm.br\/reitoria\/avaliacao\/csaccne\/?page_id=1771"},"modified":"2021-03-11T16:46:49","modified_gmt":"2021-03-11T19:46:49","slug":"relatorios","status":"publish","type":"page","link":"https:\/\/www.ufsm.br\/reitoria\/avaliacao\/csaccne\/relatorios","title":{"rendered":"Relat\u00f3rios"},"content":{"rendered":"\n<p>Nesta se\u00e7\u00e3o s\u00e3o publicados todos os relat\u00f3rios produzidos a partir das avalia\u00e7\u00f5es institucionais promovidas e\/ou sensibilizadas pela CSA\/CCNE.<\/p>\n<ul>\n<li><a href=\"https:\/\/www.ufsm.br\/reitoria\/avaliacao\/csaccne\/relatorios\/add\/\" target=\"_blank\" rel=\"noopener\">Avalia\u00e7\u00e3o do Docente pelo Discente<\/a><\/li>\n<li><a href=\"https:\/\/www.ufsm.br\/reitoria\/avaliacao\/csaccne\/relatorios\/autoavaliacao-institucional\/\" target=\"_blank\" rel=\"noopener\">Autoavalia\u00e7\u00e3o Institucional<\/a><\/li>\n<li><a href=\"https:\/\/www.ufsm.br\/reitoria\/avaliacao\/csaccne\/relatorios\/avaliacao-de-secretarias\/\" target=\"_blank\" rel=\"noopener\">Avalia\u00e7\u00e3o de Secretarias<\/a><\/li>\n<li><a href=\"https:\/\/www.ufsm.br\/reitoria\/avaliacao\/csaccne\/relatorios\/avaliacao-do-estudante\/\" target=\"_blank\" rel=\"noopener\">Avalia\u00e7\u00e3o do Estudante<\/a><\/li>\n<\/ul>\n","protected":false},"excerpt":{"rendered":"<p>Nesta se\u00e7\u00e3o s\u00e3o publicados todos os relat\u00f3rios produzidos a partir das avalia\u00e7\u00f5es institucionais promovidas e\/ou sensibilizadas pela CSA\/CCNE. Avalia\u00e7\u00e3o do Docente pelo Discente Autoavalia\u00e7\u00e3o Institucional Avalia\u00e7\u00e3o de Secretarias Avalia\u00e7\u00e3o do Estudante<\/p>\n","protected":false},"author":534,"featured_media":0,"parent":0,"menu_order":0,"comment_status":"closed","ping_status":"closed","template":"","meta":{"footnotes":""},"categories":[],"tags":[],"class_list":["post-1771","page","type-page","status-publish","hentry"],"acf":[],"_links":{"self":[{"href":"https:\/\/www.ufsm.br\/reitoria\/avaliacao\/csaccne\/wp-json\/wp\/v2\/pages\/1771","targetHints":{"allow":["GET"]}}],"collection":[{"href":"https:\/\/www.ufsm.br\/reitoria\/avaliacao\/csaccne\/wp-json\/wp\/v2\/pages"}],"about":[{"href":"https:\/\/www.ufsm.br\/reitoria\/avaliacao\/csaccne\/wp-json\/wp\/v2\/types\/page"}],"author":[{"embeddable":true,"href":"https:\/\/www.ufsm.br\/reitoria\/avaliacao\/csaccne\/wp-json\/wp\/v2\/users\/534"}],"replies":[{"embeddable":true,"href":"https:\/\/www.ufsm.br\/reitoria\/avaliacao\/csaccne\/wp-json\/wp\/v2\/comments?post=1771"}],"version-history":[{"count":0,"href":"https:\/\/www.ufsm.br\/reitoria\/avaliacao\/csaccne\/wp-json\/wp\/v2\/pages\/1771\/revisions"}],"wp:attachment":[{"href":"https:\/\/www.ufsm.br\/reitoria\/avaliacao\/csaccne\/wp-json\/wp\/v2\/media?parent=1771"}],"wp:term":[{"taxonomy":"category","embeddable":true,"href":"https:\/\/www.ufsm.br\/reitoria\/avaliacao\/csaccne\/wp-json\/wp\/v2\/categories?post=1771"},{"taxonomy":"post_tag","embeddable":true,"href":"https:\/\/www.ufsm.br\/reitoria\/avaliacao\/csaccne\/wp-json\/wp\/v2\/tags?post=1771"}],"curies":[{"name":"wp","href":"https:\/\/api.w.org\/{rel}","templated":true}]}}