{"id":1772,"date":"2021-03-11T16:32:35","date_gmt":"2021-03-11T19:32:35","guid":{"rendered":"https:\/\/www.ufsm.br\/reitoria\/avaliacao\/csaccne\/?page_id=1772"},"modified":"2021-08-06T20:20:16","modified_gmt":"2021-08-06T23:20:16","slug":"avaliacao-de-secretarias","status":"publish","type":"page","link":"https:\/\/www.ufsm.br\/reitoria\/avaliacao\/csaccne\/relatorios\/avaliacao-de-secretarias","title":{"rendered":"Avalia\u00e7\u00e3o de Secretarias"},"content":{"rendered":"\n<p style=\"text-align: justify\">Ao final de 2020 foi realizada uma avalia\u00e7\u00e3o junto \u00e0 comunidade do CCNE com foco nas secretarias de cursos de gradua\u00e7\u00e3o, cursos de p\u00f3s-gradua\u00e7\u00e3o e de departamentos.<\/p>\n<p style=\"text-align: justify\">O objetivo principal da avalia\u00e7\u00e3o era identificar pontos positivos e oportunidades de melhoria no que diz respeito ao atendimento nestes ambientes, comparando tanto o per\u00edodo de atendimento exclusivamente presencial (pr\u00e9-pandemia) e o per\u00edodo de atendimento remoto (ou parcialmente remoto), que veio a se caracterizar ap\u00f3s 16\/03\/2020.<\/p>\n<p style=\"text-align: justify\">Abaixo, s\u00e3o apresentados os relat\u00f3rios din\u00e2micos referentes \u00e0s respostas coletadas junto \u00e0 comunidade acad\u00eamica consultada. O instrumento avaliativo utilizado est\u00e1 dispon\u00edvel para download neste <a href=\"https:\/\/www.ufsm.br\/app\/uploads\/sites\/730\/2021\/03\/Instrumento_secretarias-Formulario-CPD.pdf\" target=\"_blank\" rel=\"noopener\">link<\/a>.<\/p>\n<p style=\"text-align: center\"><iframe src=\"https:\/\/app.powerbi.com\/view?r=eyJrIjoiNWM4YzBmZmUtYzM4Yi00ZmU2LWJlYTEtNTE3NGMzNjJlOGY4IiwidCI6Ijk3OTAyMGQ1LTQ5NTAtNGY0My1hOTk0LTg4ZDY4M2VhYjQ3MyJ9&amp;pageName=ReportSection\" width=\"960\" height=\"600\" frameborder=\"0\" allowfullscreen=\"allowfullscreen\"><\/iframe><\/p>\n<p style=\"text-align: center\"><iframe src=\"https:\/\/app.powerbi.com\/view?r=eyJrIjoiMjlmNmY0MmEtZGY3OS00YzEyLTgwMjgtZTVlYmUzYmE1NDZkIiwidCI6Ijk3OTAyMGQ1LTQ5NTAtNGY0My1hOTk0LTg4ZDY4M2VhYjQ3MyJ9\" width=\"960\" height=\"600\" frameborder=\"0\" allowfullscreen=\"allowfullscreen\"><\/iframe><\/p>\n<p style=\"text-align: center\"><iframe src=\"https:\/\/app.powerbi.com\/view?r=eyJrIjoiNjYyMjgzYTEtNWQxZC00YjlkLWIyZDEtYmI1MGUzODJkYmJhIiwidCI6Ijk3OTAyMGQ1LTQ5NTAtNGY0My1hOTk0LTg4ZDY4M2VhYjQ3MyJ9&amp;pageName=ReportSection\" width=\"960\" height=\"600\" frameborder=\"0\" allowfullscreen=\"allowfullscreen\"><\/iframe><\/p>\n","protected":false},"excerpt":{"rendered":"<p>Ao final de 2020 foi realizada uma avalia\u00e7\u00e3o junto \u00e0 comunidade do CCNE com foco nas secretarias de cursos de gradua\u00e7\u00e3o, cursos de p\u00f3s-gradua\u00e7\u00e3o e de departamentos. O objetivo principal da avalia\u00e7\u00e3o era identificar pontos positivos e oportunidades de melhoria no que diz respeito ao atendimento nestes ambientes, comparando tanto o per\u00edodo de atendimento exclusivamente [&hellip;]<\/p>\n","protected":false},"author":534,"featured_media":0,"parent":1771,"menu_order":3,"comment_status":"closed","ping_status":"closed","template":"","meta":{"footnotes":""},"categories":[],"tags":[],"class_list":["post-1772","page","type-page","status-publish","hentry"],"acf":[],"_links":{"self":[{"href":"https:\/\/www.ufsm.br\/reitoria\/avaliacao\/csaccne\/wp-json\/wp\/v2\/pages\/1772","targetHints":{"allow":["GET"]}}],"collection":[{"href":"https:\/\/www.ufsm.br\/reitoria\/avaliacao\/csaccne\/wp-json\/wp\/v2\/pages"}],"about":[{"href":"https:\/\/www.ufsm.br\/reitoria\/avaliacao\/csaccne\/wp-json\/wp\/v2\/types\/page"}],"author":[{"embeddable":true,"href":"https:\/\/www.ufsm.br\/reitoria\/avaliacao\/csaccne\/wp-json\/wp\/v2\/users\/534"}],"replies":[{"embeddable":true,"href":"https:\/\/www.ufsm.br\/reitoria\/avaliacao\/csaccne\/wp-json\/wp\/v2\/comments?post=1772"}],"version-history":[{"count":0,"href":"https:\/\/www.ufsm.br\/reitoria\/avaliacao\/csaccne\/wp-json\/wp\/v2\/pages\/1772\/revisions"}],"up":[{"embeddable":true,"href":"https:\/\/www.ufsm.br\/reitoria\/avaliacao\/csaccne\/wp-json\/wp\/v2\/pages\/1771"}],"wp:attachment":[{"href":"https:\/\/www.ufsm.br\/reitoria\/avaliacao\/csaccne\/wp-json\/wp\/v2\/media?parent=1772"}],"wp:term":[{"taxonomy":"category","embeddable":true,"href":"https:\/\/www.ufsm.br\/reitoria\/avaliacao\/csaccne\/wp-json\/wp\/v2\/categories?post=1772"},{"taxonomy":"post_tag","embeddable":true,"href":"https:\/\/www.ufsm.br\/reitoria\/avaliacao\/csaccne\/wp-json\/wp\/v2\/tags?post=1772"}],"curies":[{"name":"wp","href":"https:\/\/api.w.org\/{rel}","templated":true}]}}