{"id":1773,"date":"2021-03-11T16:35:17","date_gmt":"2021-03-11T19:35:17","guid":{"rendered":"https:\/\/www.ufsm.br\/reitoria\/avaliacao\/csaccne\/?page_id=1773"},"modified":"2022-06-21T14:35:19","modified_gmt":"2022-06-21T17:35:19","slug":"autoavaliacao-institucional","status":"publish","type":"page","link":"https:\/\/www.ufsm.br\/reitoria\/avaliacao\/csaccne\/relatorios\/autoavaliacao-institucional","title":{"rendered":"Autoavalia\u00e7\u00e3o Institucional"},"content":{"rendered":"\n<p style=\"text-align: justify\">A \u00faltima Autoavalia\u00e7\u00e3o Institucional realizada na UFSM foi em 2019. O relat\u00f3rio din\u00e2mico desta avalia\u00e7\u00e3o, elaborado pela COPLAI, est\u00e1 dispon\u00edvel abaixo:<\/p>\n<p style=\"text-align: center\"><iframe src=\"https:\/\/app.powerbi.com\/view?r=eyJrIjoiM2IyNzhiNDYtNzcxYS00MDIwLWIzMWYtYmRiMjU1M2I0MDRmIiwidCI6Ijk3OTAyMGQ1LTQ5NTAtNGY0My1hOTk0LTg4ZDY4M2VhYjQ3MyJ9\" width=\"960\" height=\"600\" frameborder=\"0\" allowfullscreen=\"allowfullscreen\"><\/iframe><\/p>\n<p><strong>Tamb\u00e9m disponibilizamos o <a href=\"https:\/\/www.ufsm.br\/app\/uploads\/sites\/730\/2022\/06\/Relatorio-de-Autoavaliacao-Institucional-2019.pdf\" target=\"_blank\" rel=\"noopener\">Relat\u00f3rio de Autoavalia\u00e7\u00e3o Institucional 2019<\/a>\u00a0com foco nos resultados obtidos pelo CCNE.<\/strong><\/p>\n<p>Os relat\u00f3rios anteriores de outras edi\u00e7\u00f5es da Autoavalia\u00e7\u00e3o Institucional podem ser consultados a seguir:<\/p>\n<ul>\n<li><a href=\"https:\/\/www.ufsm.br\/unidades-universitarias\/ccne\/wp-content\/uploads\/sites\/369\/2019\/04\/RELAT%C3%93RIO-2016.pdf\">RELAT\u00d3RIO 2016<\/a><\/li>\n<li><a href=\"https:\/\/www.ufsm.br\/unidades-universitarias\/ccne\/wp-content\/uploads\/sites\/369\/2019\/04\/RELAT%C3%93RIO-2016-Resultados-por-curso-de-Gradua%C3%A7%C3%A3o.pdf\">RELAT\u00d3RIO 2016 \u2013 Resultados por curso de Gradua\u00e7\u00e3o<\/a><\/li>\n<li><a href=\"https:\/\/www.ufsm.br\/unidades-universitarias\/ccne\/wp-content\/uploads\/sites\/369\/2019\/04\/RELAT%C3%93RIO-2016-Resultados-por-curso-de-P%C3%B3s-Gradua%C3%A7%C3%A3o.pdf\">RELAT\u00d3RIO 2016 \u2013 Resultados por curso de P\u00f3s-Gradua\u00e7\u00e3o<\/a><\/li>\n<\/ul>\n","protected":false},"excerpt":{"rendered":"<p>A \u00faltima Autoavalia\u00e7\u00e3o Institucional realizada na UFSM foi em 2019. O relat\u00f3rio din\u00e2mico desta avalia\u00e7\u00e3o, elaborado pela COPLAI, est\u00e1 dispon\u00edvel abaixo: Tamb\u00e9m disponibilizamos o Relat\u00f3rio de Autoavalia\u00e7\u00e3o Institucional 2019\u00a0com foco nos resultados obtidos pelo CCNE. Os relat\u00f3rios anteriores de outras edi\u00e7\u00f5es da Autoavalia\u00e7\u00e3o Institucional podem ser consultados a seguir: RELAT\u00d3RIO 2016 RELAT\u00d3RIO 2016 \u2013 Resultados [&hellip;]<\/p>\n","protected":false},"author":534,"featured_media":0,"parent":1771,"menu_order":2,"comment_status":"closed","ping_status":"closed","template":"","meta":{"footnotes":""},"categories":[],"tags":[],"class_list":["post-1773","page","type-page","status-publish","hentry"],"acf":[],"_links":{"self":[{"href":"https:\/\/www.ufsm.br\/reitoria\/avaliacao\/csaccne\/wp-json\/wp\/v2\/pages\/1773","targetHints":{"allow":["GET"]}}],"collection":[{"href":"https:\/\/www.ufsm.br\/reitoria\/avaliacao\/csaccne\/wp-json\/wp\/v2\/pages"}],"about":[{"href":"https:\/\/www.ufsm.br\/reitoria\/avaliacao\/csaccne\/wp-json\/wp\/v2\/types\/page"}],"author":[{"embeddable":true,"href":"https:\/\/www.ufsm.br\/reitoria\/avaliacao\/csaccne\/wp-json\/wp\/v2\/users\/534"}],"replies":[{"embeddable":true,"href":"https:\/\/www.ufsm.br\/reitoria\/avaliacao\/csaccne\/wp-json\/wp\/v2\/comments?post=1773"}],"version-history":[{"count":0,"href":"https:\/\/www.ufsm.br\/reitoria\/avaliacao\/csaccne\/wp-json\/wp\/v2\/pages\/1773\/revisions"}],"up":[{"embeddable":true,"href":"https:\/\/www.ufsm.br\/reitoria\/avaliacao\/csaccne\/wp-json\/wp\/v2\/pages\/1771"}],"wp:attachment":[{"href":"https:\/\/www.ufsm.br\/reitoria\/avaliacao\/csaccne\/wp-json\/wp\/v2\/media?parent=1773"}],"wp:term":[{"taxonomy":"category","embeddable":true,"href":"https:\/\/www.ufsm.br\/reitoria\/avaliacao\/csaccne\/wp-json\/wp\/v2\/categories?post=1773"},{"taxonomy":"post_tag","embeddable":true,"href":"https:\/\/www.ufsm.br\/reitoria\/avaliacao\/csaccne\/wp-json\/wp\/v2\/tags?post=1773"}],"curies":[{"name":"wp","href":"https:\/\/api.w.org\/{rel}","templated":true}]}}