{"id":1774,"date":"2021-03-11T16:40:06","date_gmt":"2021-03-11T19:40:06","guid":{"rendered":"https:\/\/www.ufsm.br\/reitoria\/avaliacao\/csaccne\/?page_id=1774"},"modified":"2021-04-16T10:26:46","modified_gmt":"2021-04-16T13:26:46","slug":"avaliacao-do-estudante","status":"publish","type":"page","link":"https:\/\/www.ufsm.br\/reitoria\/avaliacao\/csaccne\/relatorios\/avaliacao-do-estudante","title":{"rendered":"Avalia\u00e7\u00e3o do Estudante"},"content":{"rendered":"\n<p style=\"text-align: center\"><iframe src=\"https:\/\/app.powerbi.com\/view?r=eyJrIjoiMjc4MDY5MmYtOGU4Mi00ZDIyLTg5ZDMtZTk0NGExNDQyNGQ3IiwidCI6Ijk3OTAyMGQ1LTQ5NTAtNGY0My1hOTk0LTg4ZDY4M2VhYjQ3MyJ9\" width=\"960\" height=\"600\" frameborder=\"0\" allowfullscreen=\"allowfullscreen\"><\/iframe><\/p>\n<p>O instrumento avaliativo utilizado est\u00e1 dispon\u00edvel para download neste <a href=\"https:\/\/www.ufsm.br\/app\/uploads\/sites\/730\/2021\/03\/Instrumento_CPC.pdf\" target=\"_blank\" rel=\"noopener\">link<\/a>.<br \/>Um relat\u00f3rio descritivo da Avalia\u00e7\u00e3o do Estudante 2020 pode ser consultado <a href=\"https:\/\/www.ufsm.br\/app\/uploads\/sites\/730\/2021\/04\/Relatorio-Avaliacao-do-Estudante-2020.pdf\" target=\"_blank\" rel=\"noopener\">aqui<\/a>.<\/p>\n","protected":false},"excerpt":{"rendered":"<p>O instrumento avaliativo utilizado est\u00e1 dispon\u00edvel para download neste link.Um relat\u00f3rio descritivo da Avalia\u00e7\u00e3o do Estudante 2020 pode ser consultado aqui.<\/p>\n","protected":false},"author":534,"featured_media":0,"parent":1771,"menu_order":4,"comment_status":"closed","ping_status":"closed","template":"","meta":{"footnotes":""},"categories":[],"tags":[],"class_list":["post-1774","page","type-page","status-publish","hentry"],"acf":[],"_links":{"self":[{"href":"https:\/\/www.ufsm.br\/reitoria\/avaliacao\/csaccne\/wp-json\/wp\/v2\/pages\/1774","targetHints":{"allow":["GET"]}}],"collection":[{"href":"https:\/\/www.ufsm.br\/reitoria\/avaliacao\/csaccne\/wp-json\/wp\/v2\/pages"}],"about":[{"href":"https:\/\/www.ufsm.br\/reitoria\/avaliacao\/csaccne\/wp-json\/wp\/v2\/types\/page"}],"author":[{"embeddable":true,"href":"https:\/\/www.ufsm.br\/reitoria\/avaliacao\/csaccne\/wp-json\/wp\/v2\/users\/534"}],"replies":[{"embeddable":true,"href":"https:\/\/www.ufsm.br\/reitoria\/avaliacao\/csaccne\/wp-json\/wp\/v2\/comments?post=1774"}],"version-history":[{"count":0,"href":"https:\/\/www.ufsm.br\/reitoria\/avaliacao\/csaccne\/wp-json\/wp\/v2\/pages\/1774\/revisions"}],"up":[{"embeddable":true,"href":"https:\/\/www.ufsm.br\/reitoria\/avaliacao\/csaccne\/wp-json\/wp\/v2\/pages\/1771"}],"wp:attachment":[{"href":"https:\/\/www.ufsm.br\/reitoria\/avaliacao\/csaccne\/wp-json\/wp\/v2\/media?parent=1774"}],"wp:term":[{"taxonomy":"category","embeddable":true,"href":"https:\/\/www.ufsm.br\/reitoria\/avaliacao\/csaccne\/wp-json\/wp\/v2\/categories?post=1774"},{"taxonomy":"post_tag","embeddable":true,"href":"https:\/\/www.ufsm.br\/reitoria\/avaliacao\/csaccne\/wp-json\/wp\/v2\/tags?post=1774"}],"curies":[{"name":"wp","href":"https:\/\/api.w.org\/{rel}","templated":true}]}}