{"id":2,"date":"2019-05-14T15:59:30","date_gmt":"2019-05-14T18:59:30","guid":{"rendered":"https:\/\/www.ufsm.br\/laboratorios-larp\/?page_id=2"},"modified":"2022-06-01T20:14:30","modified_gmt":"2022-06-01T23:14:30","slug":"pagina-inicial","status":"publish","type":"page","link":"https:\/\/www.ufsm.br\/reitoria\/avaliacao\/csaccne\/","title":{"rendered":"P\u00e1gina inicial"},"content":{"rendered":"\t\t<div data-elementor-type=\"wp-post\" data-elementor-id=\"2\" class=\"elementor elementor-2\">\n\t\t\t\t\t\t<section class=\"elementor-section elementor-top-section elementor-element elementor-element-6e6b627 elementor-section-boxed elementor-section-height-default elementor-section-height-default\" data-id=\"6e6b627\" data-element_type=\"section\">\n\t\t\t\t\t\t<div class=\"elementor-container elementor-column-gap-default\">\n\t\t\t\t\t<div class=\"elementor-column elementor-col-100 elementor-top-column elementor-element elementor-element-e6a3f8d\" data-id=\"e6a3f8d\" data-element_type=\"column\">\n\t\t\t<div class=\"elementor-widget-wrap elementor-element-populated\">\n\t\t\t\t\t\t<div class=\"elementor-element elementor-element-25cb885 elementor-widget elementor-widget-image\" data-id=\"25cb885\" data-element_type=\"widget\" data-widget_type=\"image.default\">\n\t\t\t\t<div class=\"elementor-widget-container\">\n\t\t\t\t\t\t\t\t\t\t\t\t\t<img decoding=\"async\" src=\"https:\/\/www.ufsm.br\/app\/uploads\/sites\/730\/elementor\/thumbs\/CSA-CCNE-UFSM-Cor--ppp1rzwx9vl7z853t0lmpmff9ll32sk5qtzj27cixo.png\" title=\"CSA &#8211; CCNE &#8211; UFSM &#8211; Cor\" alt=\"CSA - CCNE - UFSM - Cor\" loading=\"lazy\" \/>\t\t\t\t\t\t\t\t\t\t\t\t\t<\/div>\n\t\t\t\t<\/div>\n\t\t\t\t\t<\/div>\n\t\t<\/div>\n\t\t\t\t\t<\/div>\n\t\t<\/section>\n\t\t\t\t<section class=\"elementor-section elementor-top-section elementor-element elementor-element-31fda3f1 elementor-section-boxed elementor-section-height-default elementor-section-height-default\" data-id=\"31fda3f1\" data-element_type=\"section\">\n\t\t\t\t\t\t<div class=\"elementor-container elementor-column-gap-default\">\n\t\t\t\t\t<div class=\"elementor-column elementor-col-100 elementor-top-column elementor-element elementor-element-7c1b024\" data-id=\"7c1b024\" data-element_type=\"column\">\n\t\t\t<div class=\"elementor-widget-wrap elementor-element-populated\">\n\t\t\t\t\t\t<div class=\"elementor-element elementor-element-8d9b83a elementor-widget elementor-widget-heading\" data-id=\"8d9b83a\" data-element_type=\"widget\" data-widget_type=\"heading.default\">\n\t\t\t\t<div class=\"elementor-widget-container\">\n\t\t\t<h5 class=\"elementor-heading-title elementor-size-default\">Apresenta\u00e7\u00e3o<\/h5>\t\t<\/div>\n\t\t\t\t<\/div>\n\t\t\t\t<div class=\"elementor-element elementor-element-c8da605 elementor-widget elementor-widget-text-editor\" data-id=\"c8da605\" data-element_type=\"widget\" data-widget_type=\"text-editor.default\">\n\t\t\t\t<div class=\"elementor-widget-container\">\n\t\t\t\t\t\t\t<p align=\"justify\">A Comiss\u00e3o Setorial de Avalia\u00e7\u00e3o do Centro de Ci\u00eancias Naturais e Exatas (CSA\/CCNE) \u00e9 uma comiss\u00e3o de apoio \u00e0 Comiss\u00e3o Pr\u00f3pria de Avalia\u00e7\u00e3o (CPA) da UFSM. Tem a fun\u00e7\u00e3o de expandir o processo de avalia\u00e7\u00e3o dentro do Centro de Ci\u00eancias Naturais e Exatas, envolvendo a comunidade universit\u00e1ria nos processos avaliativos.\u00a0A sua composi\u00e7\u00e3o \u00e9 estabelecida a cada dois anos (<a href=\"https:\/\/www.ufsm.br\/pro-reitorias\/proplan\/?page_id=4725\" target=\"_blank\" rel=\"noopener\">Resolu\u00e7\u00e3o n. 067\/2021<\/a>) atrav\u00e9s de portaria expedida pela Dire\u00e7\u00e3o do CCNE.<\/p>\t\t\t\t\t\t<\/div>\n\t\t\t\t<\/div>\n\t\t\t\t\t<\/div>\n\t\t<\/div>\n\t\t\t\t\t<\/div>\n\t\t<\/section>\n\t\t\t\t<section class=\"elementor-section elementor-top-section elementor-element elementor-element-866b5ea elementor-section-boxed elementor-section-height-default elementor-section-height-default\" data-id=\"866b5ea\" data-element_type=\"section\">\n\t\t\t\t\t\t<div class=\"elementor-container elementor-column-gap-default\">\n\t\t\t\t\t<div class=\"elementor-column elementor-col-100 elementor-top-column elementor-element elementor-element-e37179c\" data-id=\"e37179c\" data-element_type=\"column\">\n\t\t\t<div class=\"elementor-widget-wrap elementor-element-populated\">\n\t\t\t\t\t\t<div class=\"elementor-element elementor-element-89c009d elementor-widget elementor-widget-heading\" data-id=\"89c009d\" data-element_type=\"widget\" data-widget_type=\"heading.default\">\n\t\t\t\t<div class=\"elementor-widget-container\">\n\t\t\t<h5 class=\"elementor-heading-title elementor-size-default\">Utilidades<\/h5>\t\t<\/div>\n\t\t\t\t<\/div>\n\t\t\t\t\t<\/div>\n\t\t<\/div>\n\t\t\t\t\t<\/div>\n\t\t<\/section>\n\t\t\t\t<section class=\"elementor-section elementor-top-section elementor-element elementor-element-f758bef elementor-section-boxed elementor-section-height-default elementor-section-height-default\" data-id=\"f758bef\" data-element_type=\"section\">\n\t\t\t\t\t\t<div class=\"elementor-container elementor-column-gap-default\">\n\t\t\t\t\t<div class=\"elementor-column elementor-col-20 elementor-top-column elementor-element elementor-element-a122619\" data-id=\"a122619\" data-element_type=\"column\">\n\t\t\t<div class=\"elementor-widget-wrap elementor-element-populated\">\n\t\t\t\t\t\t<div class=\"elementor-element elementor-element-2c0c8c8 elementor-view-default elementor-position-top elementor-mobile-position-top elementor-widget elementor-widget-icon-box\" data-id=\"2c0c8c8\" data-element_type=\"widget\" data-settings=\"{&quot;_animation&quot;:&quot;none&quot;}\" data-widget_type=\"icon-box.default\">\n\t\t\t\t<div class=\"elementor-widget-container\">\n\t\t\t\t\t<div class=\"elementor-icon-box-wrapper\">\n\n\t\t\t\t\t\t<div class=\"elementor-icon-box-icon\">\n\t\t\t\t<a href=\"https:\/\/www.ufsm.br\/reitoria\/avaliacao\/csaccne\/equipe\/\" class=\"elementor-icon elementor-animation-bounce-in\" tabindex=\"-1\">\n\t\t\t\t<i aria-hidden=\"true\" class=\"fas fa-users\"><\/i>\t\t\t\t<\/a>\n\t\t\t<\/div>\n\t\t\t\n\t\t\t\t\t\t<div class=\"elementor-icon-box-content\">\n\n\t\t\t\t\t\t\t\t\t<h3 class=\"elementor-icon-box-title\">\n\t\t\t\t\t\t<a href=\"https:\/\/www.ufsm.br\/reitoria\/avaliacao\/csaccne\/equipe\/\" >\n\t\t\t\t\t\t\tMembros\t\t\t\t\t\t<\/a>\n\t\t\t\t\t<\/h3>\n\t\t\t\t\n\t\t\t\t\n\t\t\t<\/div>\n\t\t\t\n\t\t<\/div>\n\t\t\t\t<\/div>\n\t\t\t\t<\/div>\n\t\t\t\t\t<\/div>\n\t\t<\/div>\n\t\t\t\t<div class=\"elementor-column elementor-col-20 elementor-top-column elementor-element elementor-element-a54191e\" data-id=\"a54191e\" data-element_type=\"column\">\n\t\t\t<div class=\"elementor-widget-wrap elementor-element-populated\">\n\t\t\t\t\t\t<div class=\"elementor-element elementor-element-70b507d elementor-view-default elementor-position-top elementor-mobile-position-top elementor-widget elementor-widget-icon-box\" data-id=\"70b507d\" data-element_type=\"widget\" data-settings=\"{&quot;_animation&quot;:&quot;none&quot;}\" data-widget_type=\"icon-box.default\">\n\t\t\t\t<div class=\"elementor-widget-container\">\n\t\t\t\t\t<div class=\"elementor-icon-box-wrapper\">\n\n\t\t\t\t\t\t<div class=\"elementor-icon-box-icon\">\n\t\t\t\t<a href=\"https:\/\/www.ufsm.br\/busca\/?q=&#038;sites%5B%5D=730&#038;tags=&#038;orderby=date&#038;order=DESC&#038;perpage=15&#038;area=editais&#038;tipo_edital=&#038;licitacao_edital=&#038;concurso_edital_mod=&#038;concurso_edital_cat=&#038;outro_edital=\" class=\"elementor-icon elementor-animation-bounce-in\" tabindex=\"-1\">\n\t\t\t\t<i aria-hidden=\"true\" class=\"far fa-file-alt\"><\/i>\t\t\t\t<\/a>\n\t\t\t<\/div>\n\t\t\t\n\t\t\t\t\t\t<div class=\"elementor-icon-box-content\">\n\n\t\t\t\t\t\t\t\t\t<h3 class=\"elementor-icon-box-title\">\n\t\t\t\t\t\t<a href=\"https:\/\/www.ufsm.br\/busca\/?q=&#038;sites%5B%5D=730&#038;tags=&#038;orderby=date&#038;order=DESC&#038;perpage=15&#038;area=editais&#038;tipo_edital=&#038;licitacao_edital=&#038;concurso_edital_mod=&#038;concurso_edital_cat=&#038;outro_edital=\" >\n\t\t\t\t\t\t\tEditais\t\t\t\t\t\t<\/a>\n\t\t\t\t\t<\/h3>\n\t\t\t\t\n\t\t\t\t\n\t\t\t<\/div>\n\t\t\t\n\t\t<\/div>\n\t\t\t\t<\/div>\n\t\t\t\t<\/div>\n\t\t\t\t\t<\/div>\n\t\t<\/div>\n\t\t\t\t<div class=\"elementor-column elementor-col-20 elementor-top-column elementor-element elementor-element-18c73e3\" data-id=\"18c73e3\" data-element_type=\"column\">\n\t\t\t<div class=\"elementor-widget-wrap elementor-element-populated\">\n\t\t\t\t\t\t<div class=\"elementor-element elementor-element-df8cac4 elementor-view-default elementor-position-top elementor-mobile-position-top elementor-widget elementor-widget-icon-box\" data-id=\"df8cac4\" data-element_type=\"widget\" data-widget_type=\"icon-box.default\">\n\t\t\t\t<div class=\"elementor-widget-container\">\n\t\t\t\t\t<div class=\"elementor-icon-box-wrapper\">\n\n\t\t\t\t\t\t<div class=\"elementor-icon-box-icon\">\n\t\t\t\t<a href=\"https:\/\/www.ufsm.br\/reitoria\/avaliacao\/csaccne\/relatorios\/\" class=\"elementor-icon elementor-animation-bounce-in\" tabindex=\"-1\">\n\t\t\t\t<i aria-hidden=\"true\" class=\"far fa-folder-open\"><\/i>\t\t\t\t<\/a>\n\t\t\t<\/div>\n\t\t\t\n\t\t\t\t\t\t<div class=\"elementor-icon-box-content\">\n\n\t\t\t\t\t\t\t\t\t<h3 class=\"elementor-icon-box-title\">\n\t\t\t\t\t\t<a href=\"https:\/\/www.ufsm.br\/reitoria\/avaliacao\/csaccne\/relatorios\/\" >\n\t\t\t\t\t\t\tRelat\u00f3rios\t\t\t\t\t\t<\/a>\n\t\t\t\t\t<\/h3>\n\t\t\t\t\n\t\t\t\t\n\t\t\t<\/div>\n\t\t\t\n\t\t<\/div>\n\t\t\t\t<\/div>\n\t\t\t\t<\/div>\n\t\t\t\t\t<\/div>\n\t\t<\/div>\n\t\t\t\t<div class=\"elementor-column elementor-col-20 elementor-top-column elementor-element elementor-element-794a398\" data-id=\"794a398\" data-element_type=\"column\">\n\t\t\t<div class=\"elementor-widget-wrap elementor-element-populated\">\n\t\t\t\t\t\t<div class=\"elementor-element elementor-element-e422007 elementor-view-default elementor-position-top elementor-mobile-position-top elementor-widget elementor-widget-icon-box\" data-id=\"e422007\" data-element_type=\"widget\" data-widget_type=\"icon-box.default\">\n\t\t\t\t<div class=\"elementor-widget-container\">\n\t\t\t\t\t<div class=\"elementor-icon-box-wrapper\">\n\n\t\t\t\t\t\t<div class=\"elementor-icon-box-icon\">\n\t\t\t\t<a href=\"https:\/\/www.ufsm.br\/reitoria\/avaliacao\/csaccne\/enade\/\" class=\"elementor-icon elementor-animation-bounce-in\" tabindex=\"-1\">\n\t\t\t\t<i aria-hidden=\"true\" class=\"fas fa-marker\"><\/i>\t\t\t\t<\/a>\n\t\t\t<\/div>\n\t\t\t\n\t\t\t\t\t\t<div class=\"elementor-icon-box-content\">\n\n\t\t\t\t\t\t\t\t\t<h3 class=\"elementor-icon-box-title\">\n\t\t\t\t\t\t<a href=\"https:\/\/www.ufsm.br\/reitoria\/avaliacao\/csaccne\/enade\/\" >\n\t\t\t\t\t\t\tEnade\t\t\t\t\t\t<\/a>\n\t\t\t\t\t<\/h3>\n\t\t\t\t\n\t\t\t\t\n\t\t\t<\/div>\n\t\t\t\n\t\t<\/div>\n\t\t\t\t<\/div>\n\t\t\t\t<\/div>\n\t\t\t\t\t<\/div>\n\t\t<\/div>\n\t\t\t\t<div class=\"elementor-column elementor-col-20 elementor-top-column elementor-element elementor-element-2c646e9\" data-id=\"2c646e9\" data-element_type=\"column\">\n\t\t\t<div class=\"elementor-widget-wrap elementor-element-populated\">\n\t\t\t\t\t\t<div class=\"elementor-element elementor-element-ecb634b elementor-view-default elementor-position-top elementor-mobile-position-top elementor-widget elementor-widget-icon-box\" data-id=\"ecb634b\" data-element_type=\"widget\" data-widget_type=\"icon-box.default\">\n\t\t\t\t<div class=\"elementor-widget-container\">\n\t\t\t\t\t<div class=\"elementor-icon-box-wrapper\">\n\n\t\t\t\t\t\t<div class=\"elementor-icon-box-icon\">\n\t\t\t\t<a href=\"https:\/\/www.ufsm.br\/reitoria\/avaliacao\/csaccne\/mesas-digitalizadoras\/\" class=\"elementor-icon elementor-animation-\" tabindex=\"-1\">\n\t\t\t\t<i aria-hidden=\"true\" class=\"fas fa-tablet\"><\/i>\t\t\t\t<\/a>\n\t\t\t<\/div>\n\t\t\t\n\t\t\t\t\t\t<div class=\"elementor-icon-box-content\">\n\n\t\t\t\t\t\t\t\t\t<h3 class=\"elementor-icon-box-title\">\n\t\t\t\t\t\t<a href=\"https:\/\/www.ufsm.br\/reitoria\/avaliacao\/csaccne\/mesas-digitalizadoras\/\" >\n\t\t\t\t\t\t\tMesas digitalizadoras\t\t\t\t\t\t<\/a>\n\t\t\t\t\t<\/h3>\n\t\t\t\t\n\t\t\t\t\n\t\t\t<\/div>\n\t\t\t\n\t\t<\/div>\n\t\t\t\t<\/div>\n\t\t\t\t<\/div>\n\t\t\t\t\t<\/div>\n\t\t<\/div>\n\t\t\t\t\t<\/div>\n\t\t<\/section>\n\t\t\t\t<section class=\"elementor-section elementor-top-section elementor-element elementor-element-01fdf52 elementor-section-boxed elementor-section-height-default elementor-section-height-default\" data-id=\"01fdf52\" data-element_type=\"section\">\n\t\t\t\t\t\t<div class=\"elementor-container elementor-column-gap-default\">\n\t\t\t\t\t<div class=\"elementor-column elementor-col-100 elementor-top-column elementor-element elementor-element-2ee111a\" data-id=\"2ee111a\" data-element_type=\"column\">\n\t\t\t<div class=\"elementor-widget-wrap elementor-element-populated\">\n\t\t\t\t\t\t<div class=\"elementor-element elementor-element-40c9a84 elementor-widget elementor-widget-heading\" data-id=\"40c9a84\" data-element_type=\"widget\" data-widget_type=\"heading.default\">\n\t\t\t\t<div class=\"elementor-widget-container\">\n\t\t\t<h5 class=\"elementor-heading-title elementor-size-default\">Not\u00edcias<\/h5>\t\t<\/div>\n\t\t\t\t<\/div>\n\t\t\t\t<div class=\"elementor-element elementor-element-bd714f2 elementor-widget elementor-widget-wp-widget-ufsm_noticias_widget\" data-id=\"bd714f2\" data-element_type=\"widget\" data-widget_type=\"wp-widget-ufsm_noticias_widget.default\">\n\t\t\t\t<div class=\"elementor-widget-container\">\n\t\t\t<div class='widget-noticias-inside'>\n                        <div class=\"row\">\n                                    <div class=\"col-12 col-lg-12 pb-4\">\n                                        \n                                        \n                    \n                    <a class=\"noticias-widget-title d-block \"  title=\"Conselho do CCNE aprova guia de orienta\u00e7\u00f5es para chefias de departamento e coordenadores de curso atuarem frente \u00e0 Avalia\u00e7\u00e3o do Docente pelo Discente\" href=\"https:\/\/www.ufsm.br\/reitoria\/avaliacao\/csaccne\/2020\/01\/28\/conselho-do-ccne-aprova-guia-de-orientacoes-para-chefias-de-departamento-e-coordenadores-de-curso-atuarem-frente-a-avaliacao-do-docente-pelo-discente\">\n                                                Conselho do CCNE aprova guia de orienta\u00e7\u00f5es para chefias de departamento e coordenadores de curso atuarem frente \u00e0 Avalia\u00e7\u00e3o do Docente pelo Discente                    <\/a>\n                    \n                                            <div class=\"noticias-widget-introtext\">\n                            Durante a sess\u00e3o n\u00ba 497, realizada em 20 de dezembro de 2019, o Conselho do Centro de Ci\u00eancias Naturais e Exatas aprovou o texto do &#8220;Guia de orienta\u00e7\u00f5es para chefias\/coordenadores ap\u00f3s Avalia\u00e7\u00e3o do Docente pelo Discente&#8221;. O referido guia \u00e9&hellip;                        <\/div>\n                    \n                                        \n                                        \n                                            \n                                                    <div title=\"Publicado em 28\/01\/2020 \" class=\"data-publicacao-widget\">\n                                <i  class=\"far fa-clock\"><\/i>\n                                28\/01\/2020                             <\/div>\n                                                                <\/div>\n                            <\/div>\n                    <div class=\"row\">\n                                    <div class=\"col-12 col-lg-12 pb-4\">\n                                        \n                                        \n                    \n                    <a class=\"noticias-widget-title d-block \"  title=\"Sele\u00e7\u00e3o de projetos de ensino voltados para pr\u00e1ticas inovadoras nos cursos de gradua\u00e7\u00e3o do CCNE\" href=\"https:\/\/www.ufsm.br\/reitoria\/avaliacao\/csaccne\/2019\/07\/02\/selecao-de-projetos-de-ensino-voltados-para-praticas-inovadoras-nos-cursos-de-graduacao-do-ccne\">\n                                                Sele\u00e7\u00e3o de projetos de ensino voltados para pr\u00e1ticas inovadoras nos cursos de gradua\u00e7\u00e3o do CCNE                    <\/a>\n                    \n                                            <div class=\"noticias-widget-introtext\">\n                            A Comiss\u00e3o Setorial de Avalia\u00e7\u00e3o do CCNE lan\u00e7ou edital para sele\u00e7\u00e3o de projetos de ensino voltados para pr\u00e1ticas inovadoras nos cursos de gradua\u00e7\u00e3o do CCNE. O objetivo da a\u00e7\u00e3o \u00e9 incentivar os docentes do Centro de Ci\u00eancias Naturais e Exatas&hellip;                        <\/div>\n                    \n                                        \n                                        \n                                            \n                                                    <div title=\"Publicado em 02\/07\/2019 \" class=\"data-publicacao-widget\">\n                                <i  class=\"far fa-clock\"><\/i>\n                                02\/07\/2019                             <\/div>\n                                                                <\/div>\n                            <\/div>\n                    <div class=\"row\">\n                                    <div class=\"col-12 col-lg-12 pb-4\">\n                                        \n                                        \n                    \n                    <a class=\"noticias-widget-title d-block \"  title=\"Resultado Edital 02\/2018 CSA\/CCNE\" href=\"https:\/\/www.ufsm.br\/reitoria\/avaliacao\/csaccne\/2018\/09\/28\/resultado-edital-02-2018-csa-ccne\">\n                                                Resultado Edital 02\/2018 CSA\/CCNE                    <\/a>\n                    \n                                            <div class=\"noticias-widget-introtext\">\n                            Aos vinte e sete dias do m\u00eas de setembro de dois mil e dezoito, \u00e0s quatorze horas, reuniram-se membros da comiss\u00e3o de ensino Cesar de Oliveira Lobo, Jo\u00e3o Marcelo Santos de Oliveira, Vanessa Schmidt Giacomelli, Ant\u00f4nio Carlos Lyrio Bidel, Enio&hellip;                        <\/div>\n                    \n                                        \n                                        \n                                            \n                                                    <div title=\"Publicado em 28\/09\/2018 \" class=\"data-publicacao-widget\">\n                                <i  class=\"far fa-clock\"><\/i>\n                                28\/09\/2018                             <\/div>\n                                                                <\/div>\n                            <\/div>\n                    <div class=\"row\">\n                                    <div class=\"col-12 col-lg-12 pb-4\">\n                                        \n                                        \n                    \n                    <a class=\"noticias-widget-title d-block \"  title=\"Resultado Edital 02\/2018 CSA\/CCNE\" href=\"https:\/\/www.ufsm.br\/reitoria\/avaliacao\/csaccne\/2018\/09\/28\/resultado-edital-02-2018-csa-ccne-2\">\n                                                Resultado Edital 02\/2018 CSA\/CCNE                    <\/a>\n                    \n                                            <div class=\"noticias-widget-introtext\">\n                            Aos vinte e sete dias do m\u00eas de setembro de dois mil e dezoito, \u00e0squatorze horas, reuniram-se membros da comiss\u00e3o de ensino Cesar de Oliveira Lobo, Jo\u00e3oMarcelo Santos de Oliveira, Vanessa Schmidt Giacomelli, Ant\u00f4nio Carlos Lyrio Bidel,Enio Junior Seidel e&hellip;                        <\/div>\n                    \n                                        \n                                        \n                                            \n                                                    <div title=\"Publicado em 28\/09\/2018 \" class=\"data-publicacao-widget\">\n                                <i  class=\"far fa-clock\"><\/i>\n                                28\/09\/2018                             <\/div>\n                                                                <\/div>\n                            <\/div>\n                    <div class=\"row\">\n                                    <div class=\"col-12 col-lg-12 pb-4\">\n                                        \n                                        \n                    \n                    <a class=\"noticias-widget-title d-block \"  title=\"Resultado &#8211; Contemplados no Edital 01\/2018 da CSA\/CCNE\" href=\"https:\/\/www.ufsm.br\/reitoria\/avaliacao\/csaccne\/2018\/08\/27\/resultado-conteplados-no-edital-01-2018-da-csa-ccne\">\n                                                Resultado &#8211; Contemplados no Edital 01\/2018 da CSA\/CCNE                    <\/a>\n                    \n                                            <div class=\"noticias-widget-introtext\">\n                            RESULTADO: Lista dos alunos contemplados com a Bolsa Aux\u00edlio para participa\u00e7\u00e3o em Eventos Cient\u00edficos referente ao Edital 01\/2018 da CSA\/CCNE Nomes Ricardo Alberti Gabriel Teixeira de Macedo Elen Daiane Pelissaro Lu\u00edsa Vit\u00f3ria Peli\u00e7\u00e1rio Douglas Lima de Bem Alessandra Schneider Henn&hellip;                        <\/div>\n                    \n                                        \n                                        \n                                            \n                                                    <div title=\"Publicado em 27\/08\/2018 \" class=\"data-publicacao-widget\">\n                                <i  class=\"far fa-clock\"><\/i>\n                                27\/08\/2018                             <\/div>\n                                                                <\/div>\n                            <\/div>\n            <\/div>\n\t\t<\/div>\n\t\t\t\t<\/div>\n\t\t\t\t\t<\/div>\n\t\t<\/div>\n\t\t\t\t\t<\/div>\n\t\t<\/section>\n\t\t\t\t<\/div>\n\t\t","protected":false},"excerpt":{"rendered":"<p>Apresenta\u00e7\u00e3o A Comiss\u00e3o Setorial de Avalia\u00e7\u00e3o do Centro de Ci\u00eancias Naturais e Exatas (CSA\/CCNE) \u00e9 uma comiss\u00e3o de apoio \u00e0 Comiss\u00e3o Pr\u00f3pria de Avalia\u00e7\u00e3o (CPA) da UFSM. Tem a fun\u00e7\u00e3o de expandir o processo de avalia\u00e7\u00e3o dentro do Centro de Ci\u00eancias Naturais e Exatas, envolvendo a comunidade universit\u00e1ria nos processos avaliativos.\u00a0A sua composi\u00e7\u00e3o \u00e9 estabelecida [&hellip;]<\/p>\n","protected":false},"author":26,"featured_media":0,"parent":0,"menu_order":0,"comment_status":"closed","ping_status":"open","template":"","meta":{"footnotes":""},"categories":[],"tags":[],"class_list":["post-2","page","type-page","status-publish","hentry"],"acf":[],"_links":{"self":[{"href":"https:\/\/www.ufsm.br\/reitoria\/avaliacao\/csaccne\/wp-json\/wp\/v2\/pages\/2","targetHints":{"allow":["GET"]}}],"collection":[{"href":"https:\/\/www.ufsm.br\/reitoria\/avaliacao\/csaccne\/wp-json\/wp\/v2\/pages"}],"about":[{"href":"https:\/\/www.ufsm.br\/reitoria\/avaliacao\/csaccne\/wp-json\/wp\/v2\/types\/page"}],"author":[{"embeddable":true,"href":"https:\/\/www.ufsm.br\/reitoria\/avaliacao\/csaccne\/wp-json\/wp\/v2\/users\/26"}],"replies":[{"embeddable":true,"href":"https:\/\/www.ufsm.br\/reitoria\/avaliacao\/csaccne\/wp-json\/wp\/v2\/comments?post=2"}],"version-history":[{"count":0,"href":"https:\/\/www.ufsm.br\/reitoria\/avaliacao\/csaccne\/wp-json\/wp\/v2\/pages\/2\/revisions"}],"wp:attachment":[{"href":"https:\/\/www.ufsm.br\/reitoria\/avaliacao\/csaccne\/wp-json\/wp\/v2\/media?parent=2"}],"wp:term":[{"taxonomy":"category","embeddable":true,"href":"https:\/\/www.ufsm.br\/reitoria\/avaliacao\/csaccne\/wp-json\/wp\/v2\/categories?post=2"},{"taxonomy":"post_tag","embeddable":true,"href":"https:\/\/www.ufsm.br\/reitoria\/avaliacao\/csaccne\/wp-json\/wp\/v2\/tags?post=2"}],"curies":[{"name":"wp","href":"https:\/\/api.w.org\/{rel}","templated":true}]}}