{"id":22,"date":"2019-05-14T17:01:42","date_gmt":"2019-05-14T20:01:42","guid":{"rendered":"https:\/\/www.ufsm.br\/template-laboratprio\/?page_id=22"},"modified":"2019-08-28T12:28:39","modified_gmt":"2019-08-28T15:28:39","slug":"sobre","status":"publish","type":"page","link":"https:\/\/www.ufsm.br\/reitoria\/avaliacao\/csaccne\/sobre","title":{"rendered":"Sobre"},"content":{"rendered":"\n<p align=\"justify\">Criada no ano de 2009, a CSA teve por objetivo inicial o planejamento e execu\u00e7\u00e3o de a\u00e7\u00f5es que visavam a divulga\u00e7\u00e3o da Avalia\u00e7\u00e3o Institucional (AI) e a sensibiliza\u00e7\u00e3o e o chamamento \u00e0 participa\u00e7\u00e3o da comunidade acad\u00eamica da respectiva unidade universit\u00e1ria na AI, assim como a sistematiza\u00e7\u00e3o e a disponibiliza\u00e7\u00e3o das informa\u00e7\u00f5es obtidas do processo de autoavalia\u00e7\u00e3o \u00e0 comunidade acad\u00eamica e aos \u00f3rg\u00e3os externos de avalia\u00e7\u00e3o institucional.<\/p>\n<p align=\"justify\">Atualmente, aos membros da CSA incumbem, em um primeiro momento, a condu\u00e7\u00e3o do processo de sensibiliza\u00e7\u00e3o dos segmentos acad\u00eamicos circunscritos ao CCNE aos processos de avalia\u00e7\u00e3o, conforme o projeto de avalia\u00e7\u00f5es prescrito pela UFSM e orienta\u00e7\u00f5es da CPA. Entende-se por sensibiliza\u00e7\u00e3o toda a\u00e7\u00e3o divulgat\u00f3ria e de conscientiza\u00e7\u00e3o da import\u00e2ncia da participa\u00e7\u00e3o da comunidade acad\u00eamica, uma vez que os dados obtidos destas consultas fornecem indicadores de potencialidades e fragilidades da institui\u00e7\u00e3o. Consequentemente, tais informa\u00e7\u00f5es servir\u00e3o como base de consulta e direcionamento na elabora\u00e7\u00e3o de pol\u00edticas de desenvolvimento institucional (Plano de Desenvolvimento Institucional \u2013 PDI) e de projetos pedag\u00f3gicos adequados \u00e0 realidade acad\u00eamica diagnosticada, os quais objetivar\u00e3o a melhoria ou a manuten\u00e7\u00e3o desta realidade. Entretanto, a pressuposta disponibilidade dos indicadores acima requer uma sistematiza\u00e7\u00e3o e tratamento pr\u00e9vio dos dados obtidos na consulta, sendo esta tarefa uma segunda incumb\u00eancia das CSAs e, assim, tamb\u00e9m da CSA\/CCNE.<\/p>\n","protected":false},"excerpt":{"rendered":"<p>Criada no ano de 2009, a CSA teve por objetivo inicial o planejamento e execu\u00e7\u00e3o de a\u00e7\u00f5es que visavam a divulga\u00e7\u00e3o da Avalia\u00e7\u00e3o Institucional (AI) e a sensibiliza\u00e7\u00e3o e o chamamento \u00e0 participa\u00e7\u00e3o da comunidade acad\u00eamica da respectiva unidade universit\u00e1ria na AI, assim como a sistematiza\u00e7\u00e3o e a disponibiliza\u00e7\u00e3o das informa\u00e7\u00f5es obtidas do processo de [&hellip;]<\/p>\n","protected":false},"author":124,"featured_media":0,"parent":0,"menu_order":0,"comment_status":"closed","ping_status":"closed","template":"","meta":{"footnotes":""},"categories":[],"tags":[],"class_list":["post-22","page","type-page","status-publish","hentry"],"acf":[],"_links":{"self":[{"href":"https:\/\/www.ufsm.br\/reitoria\/avaliacao\/csaccne\/wp-json\/wp\/v2\/pages\/22","targetHints":{"allow":["GET"]}}],"collection":[{"href":"https:\/\/www.ufsm.br\/reitoria\/avaliacao\/csaccne\/wp-json\/wp\/v2\/pages"}],"about":[{"href":"https:\/\/www.ufsm.br\/reitoria\/avaliacao\/csaccne\/wp-json\/wp\/v2\/types\/page"}],"author":[{"embeddable":true,"href":"https:\/\/www.ufsm.br\/reitoria\/avaliacao\/csaccne\/wp-json\/wp\/v2\/users\/124"}],"replies":[{"embeddable":true,"href":"https:\/\/www.ufsm.br\/reitoria\/avaliacao\/csaccne\/wp-json\/wp\/v2\/comments?post=22"}],"version-history":[{"count":0,"href":"https:\/\/www.ufsm.br\/reitoria\/avaliacao\/csaccne\/wp-json\/wp\/v2\/pages\/22\/revisions"}],"wp:attachment":[{"href":"https:\/\/www.ufsm.br\/reitoria\/avaliacao\/csaccne\/wp-json\/wp\/v2\/media?parent=22"}],"wp:term":[{"taxonomy":"category","embeddable":true,"href":"https:\/\/www.ufsm.br\/reitoria\/avaliacao\/csaccne\/wp-json\/wp\/v2\/categories?post=22"},{"taxonomy":"post_tag","embeddable":true,"href":"https:\/\/www.ufsm.br\/reitoria\/avaliacao\/csaccne\/wp-json\/wp\/v2\/tags?post=22"}],"curies":[{"name":"wp","href":"https:\/\/api.w.org\/{rel}","templated":true}]}}