{"id":23,"date":"2019-05-14T17:02:03","date_gmt":"2019-05-14T20:02:03","guid":{"rendered":"https:\/\/www.ufsm.br\/template-laboratprio\/?page_id=23"},"modified":"2025-07-03T14:52:54","modified_gmt":"2025-07-03T17:52:54","slug":"equipe","status":"publish","type":"page","link":"https:\/\/www.ufsm.br\/reitoria\/avaliacao\/csaccne\/equipe","title":{"rendered":"Comiss\u00e3o Setorial de Avalia\u00e7\u00e3o"},"content":{"rendered":"\t\t<div data-elementor-type=\"wp-post\" data-elementor-id=\"23\" class=\"elementor elementor-23\">\n\t\t\t\t\t\t<section class=\"elementor-section elementor-top-section elementor-element elementor-element-184f76d4 elementor-section-boxed elementor-section-height-default elementor-section-height-default\" data-id=\"184f76d4\" data-element_type=\"section\">\n\t\t\t\t\t\t<div class=\"elementor-container elementor-column-gap-default\">\n\t\t\t\t\t<div class=\"elementor-column elementor-col-100 elementor-top-column elementor-element elementor-element-2d2f4a29\" data-id=\"2d2f4a29\" data-element_type=\"column\">\n\t\t\t<div class=\"elementor-widget-wrap elementor-element-populated\">\n\t\t\t\t\t\t<div class=\"elementor-element elementor-element-220fb04c elementor-widget elementor-widget-text-editor\" data-id=\"220fb04c\" data-element_type=\"widget\" data-widget_type=\"text-editor.default\">\n\t\t\t\t<div class=\"elementor-widget-container\">\n\t\t\t\t\t\t\t<header><\/header><div><h2>Compete \u00e0 Comiss\u00e3o Setorial de Avalia\u00e7\u00e3o:<\/h2><p>I \u2013 sensibilizar a comunidade universit\u00e1ria da respectiva unidade para os processos de avalia\u00e7\u00e3o institucional;<br \/>II \u2013 desenvolver o processo de autoavalia\u00e7\u00e3o na unidade, conforme o projeto de autoavalia\u00e7\u00e3o da Universidade e orienta\u00e7\u00f5es da CPA;<br \/>III \u2013 sistematizar e prestar as informa\u00e7\u00f5es solicitadas pela CPA; e<br \/>IV \u2013 acompanhar os processos de avalia\u00e7\u00f5es interna e externa espec\u00edficas dos cursos que comp\u00f5em a unidade universit\u00e1ria.<\/p><\/div><h2>Comiss\u00e3o atual<\/h2><div><table style=\"width: 67.3345%;height: 373px\"><tbody><tr style=\"height: 24px\"><td style=\"width: 65.0124%;height: 24px\"><strong>Integrantes<\/strong><\/td><td style=\"width: 33.0025%;height: 24px\"><strong>Representa\u00e7\u00e3o<\/strong><\/td><\/tr><tr style=\"height: 48px\"><td style=\"width: 65.0124%;height: 48px\"><span style=\"color: #000000\">La\u00eds Helen Loose (Presidente)<\/span><\/td><td style=\"width: 33.0025%;height: 48px\">Docente<\/td><\/tr><tr style=\"height: 24px\"><td style=\"width: 65.0124%;height: 34px\"><span style=\"color: #000000\">Hans Rog\u00e9rio Zimmermann<\/span><\/td><td style=\"width: 33.0025%;height: 34px\">Docente<\/td><\/tr><tr style=\"height: 24px\"><td style=\"width: 65.0124%;height: 36px\"><span style=\"color: #000000\">Nat\u00e1lia Lampert Batista<\/span><\/td><td style=\"width: 33.0025%;height: 36px\">Docente<\/td><\/tr><tr style=\"height: 24px\"><td style=\"width: 65.0124%;height: 24px\">Rochele Sogari Picoloto (suplente)<\/td><td style=\"width: 33.0025%;height: 24px\">Docente<\/td><\/tr><tr style=\"height: 24px\"><td style=\"width: 65.0124%;height: 32px\">Da\u00edse dos Santos Vargas<\/td><td style=\"width: 33.0025%;height: 32px\">TAE<\/td><\/tr><tr style=\"height: 24px\"><td style=\"width: 65.0124%;height: 41px\">Rozieli Bovoline Silveira<\/td><td style=\"width: 33.0025%;height: 41px\">TAE<\/td><\/tr><tr style=\"height: 24px\"><td style=\"width: 65.0124%;height: 44px\">Eliane Cristina Amoretti (suplente)<\/td><td style=\"width: 33.0025%;height: 44px\">TAE<\/td><\/tr><tr style=\"height: 48px\"><td style=\"width: 65.0124%;height: 10px\"><p>Lana Almeida Bratz<\/p><\/td><td style=\"width: 33.0025%;height: 10px\">Discente<\/td><\/tr><tr style=\"height: 56px\"><td style=\"width: 65.0124%;height: 56px\"><p>Andr\u00e9 de Azambuja Maraschin<\/p><\/td><td style=\"width: 33.0025%;height: 56px\">Discente<\/td><\/tr><\/tbody><tfoot><tr style=\"height: 24px\"><td style=\"width: 98.0149%;height: 24px\" colspan=\"2\"><em>Portaria n. 150\/2025, de 24 de junho de 2025.<\/em><\/td><\/tr><\/tfoot><\/table><p>\u00a0<\/p><h2>\u00a0<\/h2><h2>\u00a0<\/h2><h2>Comiss\u00f5es anteriores<\/h2><table style=\"width: 67.3345%;height: 288px\"><tbody><tr style=\"height: 24px\"><td style=\"width: 65.0124%;height: 24px\"><strong>Integrantes<\/strong><\/td><td style=\"width: 33.0025%;height: 24px\"><strong>Representa\u00e7\u00e3o<\/strong><\/td><\/tr><tr style=\"height: 48px\"><td style=\"width: 65.0124%;height: 48px\"><span style=\"color: #000000;font-size: 16px\">Hans Rog\u00e9rio Zimmermann<\/span><span style=\"color: #000000;font-size: 16px\">\u00a0(Presidente)<\/span><\/td><td style=\"width: 33.0025%;height: 48px\">Docente<\/td><\/tr><tr style=\"height: 24px\"><td style=\"width: 65.0124%;height: 24px\"><span style=\"color: #000000;font-size: 16px\">La\u00eds Helen Loose<\/span><\/td><td style=\"width: 33.0025%;height: 24px\">Docente<\/td><\/tr><tr style=\"height: 24px\"><td style=\"width: 65.0124%;height: 24px\"><span style=\"color: #000000;font-size: 16px\">Cezar Augusto Bizzi<\/span><\/td><td style=\"width: 33.0025%;height: 24px\">Docente<\/td><\/tr><tr style=\"height: 24px\"><td style=\"width: 65.0124%;height: 24px\">Eliane Cristina Amoretti<\/td><td style=\"width: 33.0025%;height: 24px\">TAE<\/td><\/tr><tr style=\"height: 24px\"><td style=\"width: 65.0124%;height: 24px\">J\u00e9ssica de G\u00f3es Billar<\/td><td style=\"width: 33.0025%;height: 24px\">Discente<\/td><\/tr><tr style=\"height: 24px\"><td style=\"width: 65.0124%;height: 24px\">Yago Porto Rocha<\/td><td style=\"width: 33.0025%;height: 24px\">Discente<\/td><\/tr><tr style=\"height: 24px\"><td style=\"width: 65.0124%;height: 24px\">Rochele Sogari Picoloto (suplente)<\/td><td style=\"width: 33.0025%;height: 24px\">Docente<\/td><\/tr><tr style=\"height: 48px\"><td style=\"width: 65.0124%;height: 48px\">Cristian de Sales Dambr\u00f3s (suplente)<\/td><td style=\"width: 33.0025%;height: 48px\">Docente<\/td><\/tr><\/tbody><tfoot><tr style=\"height: 24px\"><td style=\"width: 98.0149%;height: 24px\" colspan=\"2\"><em>Portaria n. 241\/2023, de 04 de outubro de 2023.<\/em><\/td><\/tr><\/tfoot><\/table><h2>\u00a0<\/h2><div><table style=\"width: 67.3345%;height: 288px\"><tbody><tr style=\"height: 24px\"><td style=\"width: 65.0124%;height: 24px\"><strong>Integrantes<\/strong><\/td><td style=\"width: 33.0025%;height: 24px\"><strong>Representa\u00e7\u00e3o<\/strong><\/td><\/tr><tr style=\"height: 48px\"><td style=\"width: 65.0124%;height: 48px\"><span style=\"color: #000000;font-size: 16px\">Cezar Augusto Bizzi (Presidente)<\/span><\/td><td style=\"width: 33.0025%;height: 48px\">Docente<\/td><\/tr><tr style=\"height: 24px\"><td style=\"width: 65.0124%;height: 24px\"><span style=\"color: #000000;font-size: 16px\">Hans Rog\u00e9rio Zimmermann<\/span><\/td><td style=\"width: 33.0025%;height: 24px\">Docente<\/td><\/tr><tr style=\"height: 24px\"><td style=\"width: 65.0124%;height: 24px\"><span style=\"color: #000000;font-size: 16px\">La\u00eds Helen Loose<\/span><\/td><td style=\"width: 33.0025%;height: 24px\">Docente<\/td><\/tr><tr style=\"height: 24px\"><td style=\"width: 65.0124%;height: 24px\">Eliane Cristina Amoretti<\/td><td style=\"width: 33.0025%;height: 24px\">TAE<\/td><\/tr><tr style=\"height: 24px\"><td style=\"width: 65.0124%;height: 24px\">J\u00e9ssica de G\u00f3es Billar<\/td><td style=\"width: 33.0025%;height: 24px\">Discente<\/td><\/tr><tr style=\"height: 24px\"><td style=\"width: 65.0124%;height: 24px\">Yago Porto Rocha<\/td><td style=\"width: 33.0025%;height: 24px\">Discente<\/td><\/tr><tr style=\"height: 24px\"><td style=\"width: 65.0124%;height: 24px\">Rochele Sogari Picoloto (suplente)<\/td><td style=\"width: 33.0025%;height: 24px\">Docente<\/td><\/tr><tr style=\"height: 48px\"><td style=\"width: 65.0124%;height: 48px\">Cristian de Sales Dambr\u00f3s (suplente)<\/td><td style=\"width: 33.0025%;height: 48px\">Docente<\/td><\/tr><\/tbody><tfoot><tr style=\"height: 24px\"><td style=\"width: 98.0149%;height: 24px\" colspan=\"2\"><em>Portaria n. 150\/2022, de 09 de agosto de 2022.<\/em><\/td><\/tr><\/tfoot><\/table><table><tbody><tr><td><strong>Integrantes<\/strong><\/td><td><strong>Representa\u00e7\u00e3o<\/strong><\/td><\/tr><tr><td>Henrique Faccin (Coordenador)<\/td><td>TAE<\/td><\/tr><tr><td>Simone da Rosa Messina Gomez<\/td><td>TAE<\/td><\/tr><tr><td>Cristiele Spat<\/td><td>TAE<\/td><\/tr><tr><td>Fernando de Jesus Moreira J\u00fanior<\/td><td>Docente<\/td><\/tr><tr><td>Cristiano Giacomelli<\/td><td>Docente<\/td><\/tr><tr><td>Sonia Zanini Cechin<\/td><td>Docente<\/td><\/tr><tr><td>Hans Rog\u00e9rio Zimmermann<\/td><td>Docente<\/td><\/tr><tr><td>Rochele Sogari Picoloto<\/td><td>Docente<\/td><\/tr><tr><td>Amanda Jamille Carvalho Brum<\/td><td>Discente<\/td><\/tr><tr><td>Gabrielle Dias Pereira<\/td><td>Discente<\/td><\/tr><tr><td>Marina Bianchin<\/td><td>Discente<\/td><\/tr><tr><td>Wilson Sanches Mateus<\/td><td>Discente<\/td><\/tr><\/tbody><tfoot><tr><td colspan=\"2\"><em>Portaria n. 064\/2021, de 26 de abril de 2021.<\/em><\/td><\/tr><\/tfoot><\/table><table><tbody><tr><td><strong>Integrantes<\/strong><\/td><td><strong>Representa\u00e7\u00e3o<\/strong><\/td><\/tr><tr><td>Henrique Faccin (Coordenador)<\/td><td>TAE<\/td><\/tr><tr><td>Fernando de Jesus Moreira Junior<\/td><td>Docente<\/td><\/tr><tr><td>Sonia Zanini Cechin<\/td><td>Docente<\/td><\/tr><tr><td>Cristiano Giacomelli<\/td><td>Docente<\/td><\/tr><tr><td>Maria Ang\u00e9lica Oliveira Linton<\/td><td>Docente<\/td><\/tr><tr><td>Cristiele Spat<\/td><td>TAE<\/td><\/tr><tr><td>Da\u00edse dos Santos Vargas<\/td><td>TAE<\/td><\/tr><tr><td>Aldiara Fernanda Pav\u00e3o Garcia<\/td><td>Discente<\/td><\/tr><tr><td>Guilherme Veiga Ferreira<\/td><td>Discente<\/td><\/tr><tr><td>Sarah Alessandra Vargas Ribeiro<\/td><td>Discente<\/td><\/tr><tr><td>Jenifer La\u00eds de Lara<\/td><td>Discente<\/td><\/tr><tr><td>Diogo de Almeida Alves<\/td><td>Discente<\/td><\/tr><tr><td>Bruna Roberta Wagner<\/td><td>Discente<\/td><\/tr><\/tbody><tfoot><tr><td colspan=\"2\"><em>Portaria n. 086\/2019, de 23 de maio de 2019.<\/em><\/td><\/tr><\/tfoot><\/table><table style=\"width: 81.7253%\"><tbody><tr><td style=\"width: 64.8938%\"><strong>Integrantes<\/strong><\/td><td style=\"width: 33.2806%\"><strong>Representa\u00e7\u00e3o<\/strong><\/td><\/tr><tr><td style=\"width: 64.8938%\">Sandra Elizabetth Ribas da Rocha (Coordenadora)<\/td><td style=\"width: 33.2806%\">TAE<\/td><\/tr><tr><td style=\"width: 64.8938%\">Fernando de Jesus Moreira Junior<\/td><td style=\"width: 33.2806%\">Docente<\/td><\/tr><tr><td style=\"width: 64.8938%\">Sonia Zanini Cechin<\/td><td style=\"width: 33.2806%\">Docente<\/td><\/tr><tr><td style=\"width: 64.8938%\">Hans Rog\u00e9rio Zimermann<\/td><td style=\"width: 33.2806%\">Docente<\/td><\/tr><tr><td style=\"width: 64.8938%\">Cristiele Spat<\/td><td style=\"width: 33.2806%\">TAE<\/td><\/tr><tr><td style=\"width: 64.8938%\">Rozieli Bovolini Silveira<\/td><td style=\"width: 33.2806%\">TAE<\/td><\/tr><tr><td style=\"width: 64.8938%\">Aldiara Fernanda Pav\u00e3o Garcia<\/td><td style=\"width: 33.2806%\">Discente<\/td><\/tr><tr><td style=\"width: 64.8938%\">Nic\u00e1sio Gouveia<\/td><td style=\"width: 33.2806%\">Discente<\/td><\/tr><tr><td style=\"width: 64.8938%\">Ellen Rilary da Rocha Tassinari<\/td><td style=\"width: 33.2806%\">Discente<\/td><\/tr><\/tbody><tfoot><tr><td style=\"width: 98.1744%\" colspan=\"2\"><em>Portaria n. 187\/2017, de 22 de setembro de 2017.<\/em><\/td><\/tr><\/tfoot><\/table><table style=\"width: 80.6454%\"><tbody><tr><td style=\"width: 64.4771%\"><strong>Integrantes<\/strong><\/td><td style=\"width: 33.6748%\"><strong>Representa\u00e7\u00e3o<\/strong><\/td><\/tr><tr><td style=\"width: 64.4771%\">Sandra Elizabeth Ribas da Rocha (Coordenadora)<\/td><td style=\"width: 33.6748%\">TAE<\/td><\/tr><tr><td style=\"width: 64.4771%\">Fernando de Jesus Moreira Junior<\/td><td style=\"width: 33.6748%\">Docente<\/td><\/tr><tr><td style=\"width: 64.4771%\">Maria Ester Pereira<\/td><td style=\"width: 33.6748%\">Docente<\/td><\/tr><tr><td style=\"width: 64.4771%\">Hans Rog\u00e9rio Zimermann<\/td><td style=\"width: 33.6748%\">Docente<\/td><\/tr><tr><td style=\"width: 64.4771%\">Aldiara Fernanda Pav\u00e3o Garcia<\/td><td style=\"width: 33.6748%\">Discente<\/td><\/tr><\/tbody><tfoot><tr><td style=\"width: 98.1519%\" colspan=\"2\"><em>Portaria n. 066\/2015, de 06 de junho de 2015.<\/em><\/td><\/tr><\/tfoot><\/table><table style=\"width: 83.1485%\"><tbody><tr><td style=\"width: 64.9275%\"><strong>Integrantes<\/strong><\/td><td style=\"width: 33.4693%\"><strong>Representa\u00e7\u00e3o<\/strong><\/td><\/tr><tr><td style=\"width: 64.9275%\">Charles Rog\u00e9rio Paveglio Szinvelski (Coordenador)<\/td><td style=\"width: 33.4693%\">Docente<\/td><\/tr><tr><td style=\"width: 64.9275%\">Fernando de Jesus Moreira Junior<\/td><td style=\"width: 33.4693%\">Docente<\/td><\/tr><tr><td style=\"width: 64.9275%\">Hans Rog\u00e9rio Zimermann<\/td><td style=\"width: 33.4693%\">Docente<\/td><\/tr><tr><td style=\"width: 64.9275%\">B\u00e1rbara Tirloni<\/td><td style=\"width: 33.4693%\">Docente<\/td><\/tr><tr><td style=\"width: 64.9275%\">Adriano Severo Figuer\u00f3<\/td><td style=\"width: 33.4693%\">Docente<\/td><\/tr><tr><td style=\"width: 64.9275%\">Ana Maria Thielen Merc<\/td><td style=\"width: 33.4693%\">Docente<\/td><\/tr><tr><td style=\"width: 64.9275%\">Sandra Elizabeth Ribas da Rocha<\/td><td style=\"width: 33.4693%\">TAE<\/td><\/tr><\/tbody><tfoot><tr><td style=\"width: 98.3968%\" colspan=\"2\"><em>Portaria n. 076\/2014, de 09 de maio de 2014.<\/em><\/td><\/tr><\/tfoot><\/table><\/div><p><!-- \/wp:tadv\/classic-paragraph --><\/p><\/div>\t\t\t\t\t\t<\/div>\n\t\t\t\t<\/div>\n\t\t\t\t\t<\/div>\n\t\t<\/div>\n\t\t\t\t\t<\/div>\n\t\t<\/section>\n\t\t\t\t<\/div>\n\t\t","protected":false},"excerpt":{"rendered":"<p>Compete \u00e0 Comiss\u00e3o Setorial de Avalia\u00e7\u00e3o: I \u2013 sensibilizar a comunidade universit\u00e1ria da respectiva unidade para os processos de avalia\u00e7\u00e3o institucional;II \u2013 desenvolver o processo de autoavalia\u00e7\u00e3o na unidade, conforme o projeto de autoavalia\u00e7\u00e3o da Universidade e orienta\u00e7\u00f5es da CPA;III \u2013 sistematizar e prestar as informa\u00e7\u00f5es solicitadas pela CPA; eIV \u2013 acompanhar os processos de [&hellip;]<\/p>\n","protected":false},"author":838,"featured_media":1800,"parent":0,"menu_order":0,"comment_status":"closed","ping_status":"closed","template":"","meta":{"footnotes":""},"categories":[],"tags":[],"class_list":["post-23","page","type-page","status-publish","has-post-thumbnail","hentry"],"acf":[],"_links":{"self":[{"href":"https:\/\/www.ufsm.br\/reitoria\/avaliacao\/csaccne\/wp-json\/wp\/v2\/pages\/23","targetHints":{"allow":["GET"]}}],"collection":[{"href":"https:\/\/www.ufsm.br\/reitoria\/avaliacao\/csaccne\/wp-json\/wp\/v2\/pages"}],"about":[{"href":"https:\/\/www.ufsm.br\/reitoria\/avaliacao\/csaccne\/wp-json\/wp\/v2\/types\/page"}],"author":[{"embeddable":true,"href":"https:\/\/www.ufsm.br\/reitoria\/avaliacao\/csaccne\/wp-json\/wp\/v2\/users\/838"}],"replies":[{"embeddable":true,"href":"https:\/\/www.ufsm.br\/reitoria\/avaliacao\/csaccne\/wp-json\/wp\/v2\/comments?post=23"}],"version-history":[{"count":0,"href":"https:\/\/www.ufsm.br\/reitoria\/avaliacao\/csaccne\/wp-json\/wp\/v2\/pages\/23\/revisions"}],"wp:featuredmedia":[{"embeddable":true,"href":"https:\/\/www.ufsm.br\/reitoria\/avaliacao\/csaccne\/wp-json\/wp\/v2\/media\/1800"}],"wp:attachment":[{"href":"https:\/\/www.ufsm.br\/reitoria\/avaliacao\/csaccne\/wp-json\/wp\/v2\/media?parent=23"}],"wp:term":[{"taxonomy":"category","embeddable":true,"href":"https:\/\/www.ufsm.br\/reitoria\/avaliacao\/csaccne\/wp-json\/wp\/v2\/categories?post=23"},{"taxonomy":"post_tag","embeddable":true,"href":"https:\/\/www.ufsm.br\/reitoria\/avaliacao\/csaccne\/wp-json\/wp\/v2\/tags?post=23"}],"curies":[{"name":"wp","href":"https:\/\/api.w.org\/{rel}","templated":true}]}}