{"id":379,"date":"2019-07-22T17:20:55","date_gmt":"2019-07-22T20:20:55","guid":{"rendered":"https:\/\/www.ufsm.br\/reitoria\/avaliacao\/csaccne\/?page_id=379"},"modified":"2019-08-28T18:08:01","modified_gmt":"2019-08-28T21:08:01","slug":"sistema-nacional-de-avaliacao-da-educacao-superior-sinaes","status":"publish","type":"page","link":"https:\/\/www.ufsm.br\/reitoria\/avaliacao\/csaccne\/sistema-nacional-de-avaliacao-da-educacao-superior-sinaes","title":{"rendered":"Sistema Nacional de Avalia\u00e7\u00e3o da Educa\u00e7\u00e3o Superior (SINAES)"},"content":{"rendered":"\n<p>Criado pela Lei n\u00b0 10.861, de 14 de abril de 2004, o\u00a0<strong>Sistema Nacional de Avalia\u00e7\u00e3o da Educa\u00e7\u00e3o Superior<\/strong>\u00a0(SINAES) \u00e9 formado por tr\u00eas componentes principais: a avalia\u00e7\u00e3o das institui\u00e7\u00f5es, dos cursos de gradua\u00e7\u00e3o e do desempenho dos seus estudantes. O SINAES avalia todos os aspectos que giram em torno desses tr\u00eas eixos: o ensino, a pesquisa, a extens\u00e3o, a responsabilidade social, o desempenho dos alunos, a gest\u00e3o da institui\u00e7\u00e3o, o corpo docente, as instala\u00e7\u00f5es e v\u00e1rios outros aspectos.<\/p>\n<p>O SINAES tem por finalidades a melhoria da qualidade da educa\u00e7\u00e3o superior, a orienta\u00e7\u00e3o da expans\u00e3o da sua oferta, o aumento permanente da sua efic\u00e1cia institucional e efetividade acad\u00eamica e social e, especialmente, a promo\u00e7\u00e3o do aprofundamento dos compromissos e responsabilidades sociais das institui\u00e7\u00f5es de educa\u00e7\u00e3o superior, por meio da valoriza\u00e7\u00e3o de sua miss\u00e3o p\u00fablica, da promo\u00e7\u00e3o dos valores democr\u00e1ticos, do respeito \u00e0 diferen\u00e7a e \u00e0 diversidade, da afirma\u00e7\u00e3o da autonomia e da identidade institucional.<\/p>\n<p>Ele possui uma s\u00e9rie de instrumentos complementares:\u00a0<strong>auto-avalia\u00e7\u00e3o<\/strong>,\u00a0<strong>avalia\u00e7\u00e3o externa<\/strong>,\u00a0<strong>Enade<\/strong>,\u00a0<strong>Avalia\u00e7\u00e3o dos cursos de gradua\u00e7\u00e3o<\/strong>\u00a0e\u00a0<strong>instrumentos de informa\u00e7\u00e3o<\/strong>\u00a0(censo e cadastro). Os resultados das avalia\u00e7\u00f5es possibilitam tra\u00e7ar um panorama da qualidade dos cursos e institui\u00e7\u00f5es de educa\u00e7\u00e3o superior no Pa\u00eds. Os processos avaliativos s\u00e3o coordenados e supervisionados pela Comiss\u00e3o Nacional de Avalia\u00e7\u00e3o da Educa\u00e7\u00e3o Superior (Conaes). A operacionaliza\u00e7\u00e3o \u00e9 de responsabilidade do Inep.<\/p>\n<p>\u00a0<\/p>\n<p>Leia na \u00edntegra:<br \/><a title=\"Link Lei No 10.861 - SINAES\" href=\"http:\/\/legislacao.planalto.gov.br\/legisla\/legislacao.nsf\/Viw_Identificacao\/lei%2010.861-2004?OpenDocument\" target=\"_blank\" rel=\"noopener noreferrer\">Lei n. 10.861, de 14 de abril de 2004<\/a><\/p>\n","protected":false},"excerpt":{"rendered":"<p>Criado pela Lei n\u00b0 10.861, de 14 de abril de 2004, o\u00a0Sistema Nacional de Avalia\u00e7\u00e3o da Educa\u00e7\u00e3o Superior\u00a0(SINAES) \u00e9 formado por tr\u00eas componentes principais: a avalia\u00e7\u00e3o das institui\u00e7\u00f5es, dos cursos de gradua\u00e7\u00e3o e do desempenho dos seus estudantes. O SINAES avalia todos os aspectos que giram em torno desses tr\u00eas eixos: o ensino, a pesquisa, [&hellip;]<\/p>\n","protected":false},"author":723,"featured_media":0,"parent":0,"menu_order":0,"comment_status":"closed","ping_status":"closed","template":"","meta":{"footnotes":""},"categories":[],"tags":[],"class_list":["post-379","page","type-page","status-publish","hentry"],"acf":[],"_links":{"self":[{"href":"https:\/\/www.ufsm.br\/reitoria\/avaliacao\/csaccne\/wp-json\/wp\/v2\/pages\/379","targetHints":{"allow":["GET"]}}],"collection":[{"href":"https:\/\/www.ufsm.br\/reitoria\/avaliacao\/csaccne\/wp-json\/wp\/v2\/pages"}],"about":[{"href":"https:\/\/www.ufsm.br\/reitoria\/avaliacao\/csaccne\/wp-json\/wp\/v2\/types\/page"}],"author":[{"embeddable":true,"href":"https:\/\/www.ufsm.br\/reitoria\/avaliacao\/csaccne\/wp-json\/wp\/v2\/users\/723"}],"replies":[{"embeddable":true,"href":"https:\/\/www.ufsm.br\/reitoria\/avaliacao\/csaccne\/wp-json\/wp\/v2\/comments?post=379"}],"version-history":[{"count":0,"href":"https:\/\/www.ufsm.br\/reitoria\/avaliacao\/csaccne\/wp-json\/wp\/v2\/pages\/379\/revisions"}],"wp:attachment":[{"href":"https:\/\/www.ufsm.br\/reitoria\/avaliacao\/csaccne\/wp-json\/wp\/v2\/media?parent=379"}],"wp:term":[{"taxonomy":"category","embeddable":true,"href":"https:\/\/www.ufsm.br\/reitoria\/avaliacao\/csaccne\/wp-json\/wp\/v2\/categories?post=379"},{"taxonomy":"post_tag","embeddable":true,"href":"https:\/\/www.ufsm.br\/reitoria\/avaliacao\/csaccne\/wp-json\/wp\/v2\/tags?post=379"}],"curies":[{"name":"wp","href":"https:\/\/api.w.org\/{rel}","templated":true}]}}