{"id":23,"date":"2019-05-14T17:02:03","date_gmt":"2019-05-14T20:02:03","guid":{"rendered":"https:\/\/www.ufsm.br\/template-laboratprio\/?page_id=23"},"modified":"2020-08-21T15:00:32","modified_gmt":"2020-08-21T18:00:32","slug":"equipe","status":"publish","type":"page","link":"https:\/\/www.ufsm.br\/reitoria\/avaliacao\/csaccr\/equipe","title":{"rendered":"Comiss\u00e3o"},"content":{"rendered":"\t\t<div data-elementor-type=\"wp-page\" data-elementor-id=\"23\" class=\"elementor elementor-23\">\n\t\t\t\t\t\t<section class=\"elementor-section elementor-top-section elementor-element elementor-element-2082ab4e elementor-section-boxed elementor-section-height-default elementor-section-height-default\" data-id=\"2082ab4e\" data-element_type=\"section\">\n\t\t\t\t\t\t<div class=\"elementor-container elementor-column-gap-default\">\n\t\t\t\t\t<div class=\"elementor-column elementor-col-100 elementor-top-column elementor-element elementor-element-194e79c4\" data-id=\"194e79c4\" data-element_type=\"column\">\n\t\t\t<div class=\"elementor-widget-wrap elementor-element-populated\">\n\t\t\t\t\t\t<div class=\"elementor-element elementor-element-6d3f7399 elementor-widget elementor-widget-text-editor\" data-id=\"6d3f7399\" data-element_type=\"widget\" data-widget_type=\"text-editor.default\">\n\t\t\t\t<div class=\"elementor-widget-container\">\n\t\t\t\t\t\t\t<!-- wp:tadv\/classic-paragraph -->\n<p><strong>Lista dos membros da Comiss\u00e3o Setorial de Avalia\u00e7\u00e3o Institucional do CCR (portaria N\u00ba 038\/2017 de 19\/04\/17)<\/strong><\/p>\n<p>Pedagoga Venice Teresinha Grings \u2013 siape 1095759 \u2013 Presidente<br \/>Prof\u00aa Gilberti Helena Husbcher Lopes \u2013 siape 1239602<br \/>Prof\u00aa Mara Iolanda Batistella Rubin \u2013 siape 379223<br \/>Acad. Ana T\u00e9rcia de Oliveira Machado \u2013 matr. 201111382<br \/>Acad. Marisa Teresinha de Bastos Brasil \u2013 matr. 201121425<br \/>Acad. Camila Tavares Paim \u2013 matr. 201310273<\/p>\n<!-- \/wp:tadv\/classic-paragraph -->\t\t\t\t\t\t<\/div>\n\t\t\t\t<\/div>\n\t\t\t\t\t<\/div>\n\t\t<\/div>\n\t\t\t\t\t<\/div>\n\t\t<\/section>\n\t\t\t\t<\/div>\n\t\t","protected":false},"excerpt":{"rendered":"<p>Lista dos membros da Comiss\u00e3o Setorial de Avalia\u00e7\u00e3o Institucional do CCR (portaria N\u00ba 038\/2017 de 19\/04\/17) Pedagoga Venice Teresinha Grings \u2013 siape 1095759 \u2013 PresidenteProf\u00aa Gilberti Helena Husbcher Lopes \u2013 siape 1239602Prof\u00aa Mara Iolanda Batistella Rubin \u2013 siape 379223Acad. Ana T\u00e9rcia de Oliveira Machado \u2013 matr. 201111382Acad. Marisa Teresinha de Bastos Brasil \u2013 matr. 201121425Acad. [&hellip;]<\/p>\n","protected":false},"author":124,"featured_media":0,"parent":0,"menu_order":0,"comment_status":"closed","ping_status":"closed","template":"","meta":{"footnotes":""},"categories":[],"tags":[],"class_list":["post-23","page","type-page","status-publish","hentry"],"acf":[],"_links":{"self":[{"href":"https:\/\/www.ufsm.br\/reitoria\/avaliacao\/csaccr\/wp-json\/wp\/v2\/pages\/23","targetHints":{"allow":["GET"]}}],"collection":[{"href":"https:\/\/www.ufsm.br\/reitoria\/avaliacao\/csaccr\/wp-json\/wp\/v2\/pages"}],"about":[{"href":"https:\/\/www.ufsm.br\/reitoria\/avaliacao\/csaccr\/wp-json\/wp\/v2\/types\/page"}],"author":[{"embeddable":true,"href":"https:\/\/www.ufsm.br\/reitoria\/avaliacao\/csaccr\/wp-json\/wp\/v2\/users\/124"}],"replies":[{"embeddable":true,"href":"https:\/\/www.ufsm.br\/reitoria\/avaliacao\/csaccr\/wp-json\/wp\/v2\/comments?post=23"}],"version-history":[{"count":0,"href":"https:\/\/www.ufsm.br\/reitoria\/avaliacao\/csaccr\/wp-json\/wp\/v2\/pages\/23\/revisions"}],"wp:attachment":[{"href":"https:\/\/www.ufsm.br\/reitoria\/avaliacao\/csaccr\/wp-json\/wp\/v2\/media?parent=23"}],"wp:term":[{"taxonomy":"category","embeddable":true,"href":"https:\/\/www.ufsm.br\/reitoria\/avaliacao\/csaccr\/wp-json\/wp\/v2\/categories?post=23"},{"taxonomy":"post_tag","embeddable":true,"href":"https:\/\/www.ufsm.br\/reitoria\/avaliacao\/csaccr\/wp-json\/wp\/v2\/tags?post=23"}],"curies":[{"name":"wp","href":"https:\/\/api.w.org\/{rel}","templated":true}]}}