{"id":167,"date":"2019-07-22T17:18:45","date_gmt":"2019-07-22T20:18:45","guid":{"rendered":"https:\/\/www.ufsm.br\/reitoria\/avaliacao\/csaccsh\/?page_id=167"},"modified":"2025-10-23T15:37:45","modified_gmt":"2025-10-23T18:37:45","slug":"arquivos","status":"publish","type":"page","link":"https:\/\/www.ufsm.br\/reitoria\/avaliacao\/csaccsh\/arquivos","title":{"rendered":"Documentos"},"content":{"rendered":"\t\t<div data-elementor-type=\"wp-page\" data-elementor-id=\"167\" class=\"elementor elementor-167\">\n\t\t\t\t\t\t<section class=\"elementor-section elementor-top-section elementor-element elementor-element-df583e5 elementor-section-boxed elementor-section-height-default elementor-section-height-default\" data-id=\"df583e5\" data-element_type=\"section\">\n\t\t\t\t\t\t<div class=\"elementor-container elementor-column-gap-default\">\n\t\t\t\t\t<div class=\"elementor-column elementor-col-100 elementor-top-column elementor-element elementor-element-7a7ce84\" data-id=\"7a7ce84\" data-element_type=\"column\">\n\t\t\t<div class=\"elementor-widget-wrap elementor-element-populated\">\n\t\t\t\t\t\t<div class=\"elementor-element elementor-element-46b048f elementor-widget elementor-widget-toggle\" data-id=\"46b048f\" data-element_type=\"widget\" data-widget_type=\"toggle.default\">\n\t\t\t\t<div class=\"elementor-widget-container\">\n\t\t\t\t\t<div class=\"elementor-toggle\">\n\t\t\t\t\t\t\t<div class=\"elementor-toggle-item\">\n\t\t\t\t\t<div id=\"elementor-tab-title-7411\" class=\"elementor-tab-title\" data-tab=\"1\" role=\"button\" aria-controls=\"elementor-tab-content-7411\" aria-expanded=\"false\">\n\t\t\t\t\t\t\t\t\t\t\t\t<span class=\"elementor-toggle-icon elementor-toggle-icon-left\" aria-hidden=\"true\">\n\t\t\t\t\t\t\t\t\t\t\t\t\t\t\t<span class=\"elementor-toggle-icon-closed\"><i class=\"fas fa-caret-right\"><\/i><\/span>\n\t\t\t\t\t\t\t\t<span class=\"elementor-toggle-icon-opened\"><i class=\"elementor-toggle-icon-opened fas fa-caret-up\"><\/i><\/span>\n\t\t\t\t\t\t\t\t\t\t\t\t\t<\/span>\n\t\t\t\t\t\t\t\t\t\t\t\t<a class=\"elementor-toggle-title\" tabindex=\"0\">Relat\u00f3rios<\/a>\n\t\t\t\t\t<\/div>\n\n\t\t\t\t\t<div id=\"elementor-tab-content-7411\" class=\"elementor-tab-content elementor-clearfix\" data-tab=\"1\" role=\"region\" aria-labelledby=\"elementor-tab-title-7411\"><h3><strong>2018<\/strong><\/h3><p><a href=\"https:\/\/www.ufsm.br\/reitoria\/avaliacao\/csaccsh\/resultado-da-avaliacao-docente-01-2018\/\">Relat\u00f3rio da avalia\u00e7\u00e3o docente pelo discente 1\u00b0 semestre de 2018<\/a><\/p><h3><strong>2017<\/strong><\/h3><p><a href=\"https:\/\/www.ufsm.br\/reitoria\/avaliacao\/csaccsh\/resultado-da-avaliacao-docente-01-2017\/\">Relat\u00f3rio da avalia\u00e7\u00e3o docente pelo discente 1\u00b0 semestre de 2017<\/a><\/p><p><a href=\"https:\/\/www.ufsm.br\/reitoria\/avaliacao\/csaccsh\/resultado-da-avaliacao-docente-02-2017\/\">Relat\u00f3rio da avalia\u00e7\u00e3o docente pelo discente 2\u00b0 semestre de 2017<\/a><\/p><h3><strong>2016<\/strong><\/h3><p><a href=\"https:\/\/www.ufsm.br\/reitoria\/avaliacao\/csaccsh\/comissao-divulga-resultados-da-avaliacao-institucional-2016-por-curso\/\">Relat\u00f3rio da Avalia\u00e7\u00e3o Institucional 2016 por curso de gradua\u00e7\u00e3o<\/a><\/p><p><a href=\"https:\/\/www.ufsm.br\/reitoria\/avaliacao\/csaccsh\/wp-content\/uploads\/sites\/712\/2019\/07\/Relatorio_Geral_2016.pdf\">Relat\u00f3rio da Avalia\u00e7\u00e3o Institucional 2016<\/a><\/p><p><a href=\"https:\/\/www.ufsm.br\/reitoria\/avaliacao\/csaccsh\/resultado-da-avaliacao-docente-pelo-discente-2016-01-por-cursos\/\">Relat\u00f3rio da avalia\u00e7\u00e3o docente pelo discente 1\u00b0 semestre de 2016<\/a><\/p><p><a href=\"https:\/\/www.ufsm.br\/reitoria\/avaliacao\/csaccsh\/avaliacao-docente-pelos-discentes\/\">Relat\u00f3rio da avalia\u00e7\u00e3o docente pelo discente 2\u00b0 semestre de 2016<\/a><\/p><h3><strong>2014<\/strong><\/h3><p><a href=\"https:\/\/www.ufsm.br\/reitoria\/avaliacao\/\">Relat\u00f3rios importantes da CPA &#8211; Comiss\u00e3o Pr\u00f3pria de Avalia\u00e7\u00e3o<\/a><\/p><p><a href=\"https:\/\/www.ufsm.br\/reitoria\/avaliacao\/csaccsh\/wp-content\/uploads\/sites\/712\/2019\/07\/Relatodeaedesensibilizao.pdf\">Relat\u00f3rio de A\u00e7\u00f5es de Sensibiliza\u00e7\u00e3o 2014<\/a><\/p><p><a href=\"https:\/\/www.ufsm.br\/reitoria\/avaliacao\/csaccsh\/wp-content\/uploads\/sites\/712\/2019\/07\/RelatriodeAutoavaliaodequatro.pdf\">Relat\u00f3rio de Autoavalia\u00e7\u00e3o 2014\u00a0<\/a><\/p><p><a href=\"https:\/\/www.ufsm.br\/reitoria\/avaliacao\/csaccsh\/wp-content\/uploads\/sites\/712\/2019\/07\/RelatriodeexecuodoPlanodeAoquatro.pdf\">Relat\u00f3rio de Execu\u00e7\u00e3o do Plano de a\u00e7\u00e3o 2014\u00a0<\/a><\/p><p><a href=\"http:\/\/www.youblisher.com\/p\/1123534-Relatorio-de-Autoavaliacao-2014\/\">Relat\u00f3rio de Avalia\u00e7\u00e3o Interna: Autoavalia\u00e7\u00e3o da UFSM 2014\u00a0<\/a><\/p><p><a href=\"https:\/\/www.ufsm.br\/reitoria\/avaliacao\/csaccsh\/resultados-da-auto-avaliacao-de-2014\/\">Resultados da Autoavalia\u00e7\u00e3o de 2014<\/a><\/p><\/div>\n\t\t\t\t<\/div>\n\t\t\t\t\t\t\t<div class=\"elementor-toggle-item\">\n\t\t\t\t\t<div id=\"elementor-tab-title-7412\" class=\"elementor-tab-title\" data-tab=\"2\" role=\"button\" aria-controls=\"elementor-tab-content-7412\" aria-expanded=\"false\">\n\t\t\t\t\t\t\t\t\t\t\t\t<span class=\"elementor-toggle-icon elementor-toggle-icon-left\" aria-hidden=\"true\">\n\t\t\t\t\t\t\t\t\t\t\t\t\t\t\t<span class=\"elementor-toggle-icon-closed\"><i class=\"fas fa-caret-right\"><\/i><\/span>\n\t\t\t\t\t\t\t\t<span class=\"elementor-toggle-icon-opened\"><i class=\"elementor-toggle-icon-opened fas fa-caret-up\"><\/i><\/span>\n\t\t\t\t\t\t\t\t\t\t\t\t\t<\/span>\n\t\t\t\t\t\t\t\t\t\t\t\t<a class=\"elementor-toggle-title\" tabindex=\"0\">Portarias<\/a>\n\t\t\t\t\t<\/div>\n\n\t\t\t\t\t<div id=\"elementor-tab-content-7412\" class=\"elementor-tab-content elementor-clearfix\" data-tab=\"2\" role=\"region\" aria-labelledby=\"elementor-tab-title-7412\"><h3><strong>2016<\/strong><\/h3><p><a href=\"https:\/\/www.ufsm.br\/reitoria\/avaliacao\/csaccsh\/wp-content\/uploads\/sites\/712\/2019\/07\/Portaria109_2016.pdf\">Portaria CPA &#8211; 2016 (atualizada)<\/a><\/p><p><a href=\"https:\/\/www.ufsm.br\/reitoria\/avaliacao\/csaccsh\/wp-content\/uploads\/sites\/712\/2019\/07\/portaria2016.pdf\">Portaria CPA &#8211; 2016<\/a><\/p><\/div>\n\t\t\t\t<\/div>\n\t\t\t\t\t\t\t<div class=\"elementor-toggle-item\">\n\t\t\t\t\t<div id=\"elementor-tab-title-7413\" class=\"elementor-tab-title\" data-tab=\"3\" role=\"button\" aria-controls=\"elementor-tab-content-7413\" aria-expanded=\"false\">\n\t\t\t\t\t\t\t\t\t\t\t\t<span class=\"elementor-toggle-icon elementor-toggle-icon-left\" aria-hidden=\"true\">\n\t\t\t\t\t\t\t\t\t\t\t\t\t\t\t<span class=\"elementor-toggle-icon-closed\"><i class=\"fas fa-caret-right\"><\/i><\/span>\n\t\t\t\t\t\t\t\t<span class=\"elementor-toggle-icon-opened\"><i class=\"elementor-toggle-icon-opened fas fa-caret-up\"><\/i><\/span>\n\t\t\t\t\t\t\t\t\t\t\t\t\t<\/span>\n\t\t\t\t\t\t\t\t\t\t\t\t<a class=\"elementor-toggle-title\" tabindex=\"0\">Cadernos de avalia\u00e7\u00e3o<\/a>\n\t\t\t\t\t<\/div>\n\n\t\t\t\t\t<div id=\"elementor-tab-content-7413\" class=\"elementor-tab-content elementor-clearfix\" data-tab=\"3\" role=\"region\" aria-labelledby=\"elementor-tab-title-7413\"><h3><strong>2014<\/strong><\/h3><p>Cadernos de Avali\u00e7\u00e3o &#8211; v.4, n.4, 2013 (<a href=\"https:\/\/www.ufsm.br\/reitoria\/avaliacao\/csaccsh\/wp-content\/uploads\/sites\/712\/2019\/07\/Caderno_CCSH_Edicao4.pdf\">avalia\u00e7\u00e3o 2014<\/a>)<\/p><h3><strong>2012<\/strong><\/h3><p>Cadernos de Avali\u00e7\u00e3o &#8211; v.3, n.3, 2012 (<a href=\"https:\/\/www.ufsm.br\/reitoria\/avaliacao\/csaccsh\/wp-content\/uploads\/sites\/712\/2019\/07\/avaliacao2012.pdf\">avalia\u00e7\u00e3o 2012<\/a>)<\/p><h3><strong>2011<\/strong><\/h3><p>Cadernos de Avali\u00e7\u00e3o &#8211; v.2, n.2, 2011 (<a href=\"https:\/\/www.ufsm.br\/reitoria\/avaliacao\/csaccsh\/wp-content\/uploads\/sites\/712\/2019\/07\/avaliacao2011.pdf\">avalia\u00e7\u00e3o 2011<\/a>)<\/p><h3><strong>2010<\/strong><\/h3><p>Cadernos de Avalia\u00e7\u00e3o &#8211; v.1, n.1, 2010 (<a href=\"https:\/\/www.ufsm.br\/reitoria\/avaliacao\/csaccsh\/wp-content\/uploads\/sites\/712\/2019\/07\/avaliacao2010.pdf\">avalia\u00e7\u00e3o 2010<\/a>)<\/p><\/div>\n\t\t\t\t<\/div>\n\t\t\t\t\t\t\t<div class=\"elementor-toggle-item\">\n\t\t\t\t\t<div id=\"elementor-tab-title-7414\" class=\"elementor-tab-title\" data-tab=\"4\" role=\"button\" aria-controls=\"elementor-tab-content-7414\" aria-expanded=\"false\">\n\t\t\t\t\t\t\t\t\t\t\t\t<span class=\"elementor-toggle-icon elementor-toggle-icon-left\" aria-hidden=\"true\">\n\t\t\t\t\t\t\t\t\t\t\t\t\t\t\t<span class=\"elementor-toggle-icon-closed\"><i class=\"fas fa-caret-right\"><\/i><\/span>\n\t\t\t\t\t\t\t\t<span class=\"elementor-toggle-icon-opened\"><i class=\"elementor-toggle-icon-opened fas fa-caret-up\"><\/i><\/span>\n\t\t\t\t\t\t\t\t\t\t\t\t\t<\/span>\n\t\t\t\t\t\t\t\t\t\t\t\t<a class=\"elementor-toggle-title\" tabindex=\"0\">Formul\u00e1rios<\/a>\n\t\t\t\t\t<\/div>\n\n\t\t\t\t\t<div id=\"elementor-tab-content-7414\" class=\"elementor-tab-content elementor-clearfix\" data-tab=\"4\" role=\"region\" aria-labelledby=\"elementor-tab-title-7414\"><p><a href=\"https:\/\/www.ufsm.br\/reitoria\/avaliacao\/csaccsh\/wp-content\/uploads\/sites\/712\/2019\/07\/Formulario_bolsista-1.doc\">Pagamento de bolsistas<\/a><\/p><p><a href=\"https:\/\/www.ufsm.br\/reitoria\/avaliacao\/csaccsh\/wp-content\/uploads\/sites\/712\/2019\/07\/FormularioDiarias_e_Passagens_002.docx\">Solicita\u00e7\u00e3o de di\u00e1rias, passagens a\u00e9reas e rodovi\u00e1rias<\/a><\/p><p><a href=\"https:\/\/www.ufsm.br\/reitoria\/avaliacao\/csaccsh\/wp-content\/uploads\/sites\/712\/2019\/07\/Formulario_hospedagem_002.docx\">Solicita\u00e7\u00e3o de hospedagem<\/a><\/p><p><a href=\"https:\/\/www.ufsm.br\/reitoria\/avaliacao\/csaccsh\/wp-content\/uploads\/sites\/712\/2019\/07\/Formulario_passagens_rodoviarias_simplificado_002-1.docx\">Solicita\u00e7\u00e3o passagem rodovi\u00e1ria (simplificado)<\/a><\/p><p><a href=\"https:\/\/www.ufsm.br\/reitoria\/avaliacao\/csaccsh\/wp-content\/uploads\/sites\/712\/2019\/07\/Formulario_refeicoes_003.docx\">Solicita\u00e7\u00e3o de refei\u00e7\u00f5es em restaurante<\/a><\/p><p><a href=\"https:\/\/www.ufsm.br\/reitoria\/avaliacao\/csaccsh\/wp-content\/uploads\/sites\/712\/2019\/07\/Formulario_Relatorio_de_Viagem_001.docx\">Relat\u00f3rio de viagem<\/a><\/p><\/div>\n\t\t\t\t<\/div>\n\t\t\t\t\t\t\t\t<\/div>\n\t\t\t\t<\/div>\n\t\t\t\t<\/div>\n\t\t\t\t\t<\/div>\n\t\t<\/div>\n\t\t\t\t\t<\/div>\n\t\t<\/section>\n\t\t\t\t<\/div>\n\t\t","protected":false},"excerpt":{"rendered":"<p>Relat\u00f3rios 2018 Relat\u00f3rio da avalia\u00e7\u00e3o docente pelo discente 1\u00b0 semestre de 2018 2017 Relat\u00f3rio da avalia\u00e7\u00e3o docente pelo discente 1\u00b0 semestre de 2017 Relat\u00f3rio da avalia\u00e7\u00e3o docente pelo discente 2\u00b0 semestre de 2017 2016 Relat\u00f3rio da Avalia\u00e7\u00e3o Institucional 2016 por curso de gradua\u00e7\u00e3o Relat\u00f3rio da Avalia\u00e7\u00e3o Institucional 2016 Relat\u00f3rio da avalia\u00e7\u00e3o docente pelo discente 1\u00b0 [&hellip;]<\/p>\n","protected":false},"author":723,"featured_media":0,"parent":0,"menu_order":0,"comment_status":"closed","ping_status":"closed","template":"","meta":{"footnotes":""},"categories":[],"tags":[],"class_list":["post-167","page","type-page","status-publish","hentry"],"acf":[],"_links":{"self":[{"href":"https:\/\/www.ufsm.br\/reitoria\/avaliacao\/csaccsh\/wp-json\/wp\/v2\/pages\/167","targetHints":{"allow":["GET"]}}],"collection":[{"href":"https:\/\/www.ufsm.br\/reitoria\/avaliacao\/csaccsh\/wp-json\/wp\/v2\/pages"}],"about":[{"href":"https:\/\/www.ufsm.br\/reitoria\/avaliacao\/csaccsh\/wp-json\/wp\/v2\/types\/page"}],"author":[{"embeddable":true,"href":"https:\/\/www.ufsm.br\/reitoria\/avaliacao\/csaccsh\/wp-json\/wp\/v2\/users\/723"}],"replies":[{"embeddable":true,"href":"https:\/\/www.ufsm.br\/reitoria\/avaliacao\/csaccsh\/wp-json\/wp\/v2\/comments?post=167"}],"version-history":[{"count":0,"href":"https:\/\/www.ufsm.br\/reitoria\/avaliacao\/csaccsh\/wp-json\/wp\/v2\/pages\/167\/revisions"}],"wp:attachment":[{"href":"https:\/\/www.ufsm.br\/reitoria\/avaliacao\/csaccsh\/wp-json\/wp\/v2\/media?parent=167"}],"wp:term":[{"taxonomy":"category","embeddable":true,"href":"https:\/\/www.ufsm.br\/reitoria\/avaliacao\/csaccsh\/wp-json\/wp\/v2\/categories?post=167"},{"taxonomy":"post_tag","embeddable":true,"href":"https:\/\/www.ufsm.br\/reitoria\/avaliacao\/csaccsh\/wp-json\/wp\/v2\/tags?post=167"}],"curies":[{"name":"wp","href":"https:\/\/api.w.org\/{rel}","templated":true}]}}