{"id":172,"date":"2019-07-19T15:03:49","date_gmt":"2019-07-19T18:03:49","guid":{"rendered":"https:\/\/www.ufsm.br\/reitoria\/avaliacao\/csaccsh\/?page_id=172"},"modified":"2019-07-19T15:03:52","modified_gmt":"2019-07-19T18:03:52","slug":"resultado-da-avaliacao-docente-01-2018","status":"publish","type":"page","link":"https:\/\/www.ufsm.br\/reitoria\/avaliacao\/csaccsh\/resultado-da-avaliacao-docente-01-2018","title":{"rendered":"Resultado da avalia\u00e7\u00e3o docente 01\/2018"},"content":{"rendered":"\n<div class=\"item-page\">\n<p>A comiss\u00e3o setorial de avalia\u00e7\u00e3o divulga os resultados da avalia\u00e7\u00e3o docente pelo discente do <strong>primeiro semestre de 2018<\/strong> dos cursos do CCSH.<\/p>\n<p>Clique nos links abaixo para visualizar os resultados:<\/p>\n<p>\u00a0<\/p>\n<p><a href=\"https:\/\/www.ufsm.br\/reitoria\/avaliacao\/csaccsh\/wp-content\/uploads\/sites\/712\/2019\/07\/ADM_B.pdf\">Administra\u00e7\u00e3o &#8211; Bacharelado\u00a0<\/a><\/p>\n<p><a href=\"https:\/\/www.ufsm.br\/reitoria\/avaliacao\/csaccsh\/wp-content\/uploads\/sites\/712\/2019\/07\/ADM_D.pdf\">Administra\u00e7\u00e3o Diurno\u00a0<\/a><\/p>\n<p><a href=\"https:\/\/www.ufsm.br\/reitoria\/avaliacao\/csaccsh\/wp-content\/uploads\/sites\/712\/2019\/07\/ADM_N.pdf\">Administra\u00e7\u00e3o Noturno<\/a><\/p>\n<p><a href=\"https:\/\/www.ufsm.br\/reitoria\/avaliacao\/csaccsh\/wp-content\/uploads\/sites\/712\/2019\/07\/ARQ.pdf\">Arquivologia\u00a0<\/a><\/p>\n<p><a href=\"https:\/\/www.ufsm.br\/reitoria\/avaliacao\/csaccsh\/wp-content\/uploads\/sites\/712\/2019\/07\/CS_B.pdf\">Ci\u00eancias Sociais Bacharelado\u00a0<\/a><\/p>\n<p><a href=\"https:\/\/www.ufsm.br\/reitoria\/avaliacao\/csaccsh\/wp-content\/uploads\/sites\/712\/2019\/07\/CS_L.pdf\">Ci\u00eancias Sociais Licenciatura\u00a0<\/a><\/p>\n<p><a href=\"https:\/\/www.ufsm.br\/reitoria\/avaliacao\/csaccsh\/wp-content\/uploads\/sites\/712\/2019\/07\/CONT_D.pdf\">Ci\u00eancias Cont\u00e1beis Diurno<\/a><\/p>\n<p><a href=\"https:\/\/www.ufsm.br\/reitoria\/avaliacao\/csaccsh\/wp-content\/uploads\/sites\/712\/2019\/07\/CONT_N.pdf\">Ci\u00eancias Cont\u00e1beis Noturno<\/a><\/p>\n<p><a href=\"https:\/\/www.ufsm.br\/reitoria\/avaliacao\/csaccsh\/wp-content\/uploads\/sites\/712\/2019\/07\/CS_JORN.pdf\">Comunica\u00e7\u00e3o Social &#8211; Jornalismo<\/a><\/p>\n<p><a href=\"https:\/\/www.ufsm.br\/reitoria\/avaliacao\/csaccsh\/wp-content\/uploads\/sites\/712\/2019\/07\/CS_PE.pdf\">Comunica\u00e7\u00e3o Social &#8211; Produ\u00e7\u00e3o Editorial<\/a><\/p>\n<p><a href=\"https:\/\/www.ufsm.br\/reitoria\/avaliacao\/csaccsh\/wp-content\/uploads\/sites\/712\/2019\/07\/CS_PP.pdf\">Comunica\u00e7\u00e3o Social &#8211; Publicidade e Propaganda<\/a><\/p>\n<p><a href=\"https:\/\/www.ufsm.br\/reitoria\/avaliacao\/csaccsh\/wp-content\/uploads\/sites\/712\/2019\/07\/CS_RP.pdf\">Comunica\u00e7\u00e3o Social &#8211; Rela\u00e7\u00f5es P\u00fablicas\u00a0<\/a><\/p>\n<p><a href=\"https:\/\/www.ufsm.br\/reitoria\/avaliacao\/csaccsh\/wp-content\/uploads\/sites\/712\/2019\/07\/DIR_D.pdf\">Direito Diurno\u00a0<\/a><\/p>\n<p><a href=\"https:\/\/www.ufsm.br\/reitoria\/avaliacao\/csaccsh\/wp-content\/uploads\/sites\/712\/2019\/07\/DIR_N.pdf\">Direito Noturno\u00a0<\/a><\/p>\n<p><a href=\"https:\/\/www.ufsm.br\/reitoria\/avaliacao\/csaccsh\/wp-content\/uploads\/sites\/712\/2019\/07\/ECO_D.pdf\">Economia Diurno\u00a0<\/a><\/p>\n<p><a href=\"https:\/\/www.ufsm.br\/reitoria\/avaliacao\/csaccsh\/wp-content\/uploads\/sites\/712\/2019\/07\/ECO_N.pdf\">Economia Noturno<\/a><\/p>\n<p><a href=\"https:\/\/www.ufsm.br\/reitoria\/avaliacao\/csaccsh\/wp-content\/uploads\/sites\/712\/2019\/07\/FIL_B.pdf\">Filosofia Bacharelado<\/a><\/p>\n<p><a href=\"https:\/\/www.ufsm.br\/reitoria\/avaliacao\/csaccsh\/wp-content\/uploads\/sites\/712\/2019\/07\/FIL_L.pdf\">Filosofia Licenciatura\u00a0<\/a><\/p>\n<p><a href=\"https:\/\/www.ufsm.br\/reitoria\/avaliacao\/csaccsh\/wp-content\/uploads\/sites\/712\/2019\/07\/HIST_B.pdf\">Hist\u00f3ria Bacharelado\u00a0<\/a><\/p>\n<p><a href=\"https:\/\/www.ufsm.br\/reitoria\/avaliacao\/csaccsh\/wp-content\/uploads\/sites\/712\/2019\/07\/HIST_L.pdf\">Hist\u00f3ria Licenciatura\u00a0<\/a><\/p>\n<p><a href=\"https:\/\/www.ufsm.br\/reitoria\/avaliacao\/csaccsh\/wp-content\/uploads\/sites\/712\/2019\/07\/PSI.pdf\">Psicologia\u00a0<\/a><\/p>\n<p><a href=\"https:\/\/www.ufsm.br\/reitoria\/avaliacao\/csaccsh\/wp-content\/uploads\/sites\/712\/2019\/07\/RI.pdf\">Rela\u00e7\u00f5es Internacionais\u00a0<\/a><\/p>\n<p><a href=\"https:\/\/www.ufsm.br\/reitoria\/avaliacao\/csaccsh\/wp-content\/uploads\/sites\/712\/2019\/07\/SERV_SOC.pdf\">Servi\u00e7o Social<\/a><\/p>\n<p><a href=\"https:\/\/www.ufsm.br\/reitoria\/avaliacao\/csaccsh\/wp-content\/uploads\/sites\/712\/2019\/07\/TUR.pdf\">Tecnologia em Gest\u00e3o de Turismo<\/a><\/p>\n<\/div>\n","protected":false},"excerpt":{"rendered":"<p>A comiss\u00e3o setorial de avalia\u00e7\u00e3o divulga os resultados da avalia\u00e7\u00e3o docente pelo discente do primeiro semestre de 2018 dos cursos do CCSH. Clique nos links abaixo para visualizar os resultados: \u00a0 Administra\u00e7\u00e3o &#8211; Bacharelado\u00a0 Administra\u00e7\u00e3o Diurno\u00a0 Administra\u00e7\u00e3o Noturno Arquivologia\u00a0 Ci\u00eancias Sociais Bacharelado\u00a0 Ci\u00eancias Sociais Licenciatura\u00a0 Ci\u00eancias Cont\u00e1beis Diurno Ci\u00eancias Cont\u00e1beis Noturno Comunica\u00e7\u00e3o Social &#8211; Jornalismo [&hellip;]<\/p>\n","protected":false},"author":723,"featured_media":0,"parent":0,"menu_order":0,"comment_status":"closed","ping_status":"closed","template":"","meta":{"footnotes":""},"categories":[],"tags":[],"class_list":["post-172","page","type-page","status-publish","hentry"],"acf":[],"_links":{"self":[{"href":"https:\/\/www.ufsm.br\/reitoria\/avaliacao\/csaccsh\/wp-json\/wp\/v2\/pages\/172","targetHints":{"allow":["GET"]}}],"collection":[{"href":"https:\/\/www.ufsm.br\/reitoria\/avaliacao\/csaccsh\/wp-json\/wp\/v2\/pages"}],"about":[{"href":"https:\/\/www.ufsm.br\/reitoria\/avaliacao\/csaccsh\/wp-json\/wp\/v2\/types\/page"}],"author":[{"embeddable":true,"href":"https:\/\/www.ufsm.br\/reitoria\/avaliacao\/csaccsh\/wp-json\/wp\/v2\/users\/723"}],"replies":[{"embeddable":true,"href":"https:\/\/www.ufsm.br\/reitoria\/avaliacao\/csaccsh\/wp-json\/wp\/v2\/comments?post=172"}],"version-history":[{"count":0,"href":"https:\/\/www.ufsm.br\/reitoria\/avaliacao\/csaccsh\/wp-json\/wp\/v2\/pages\/172\/revisions"}],"wp:attachment":[{"href":"https:\/\/www.ufsm.br\/reitoria\/avaliacao\/csaccsh\/wp-json\/wp\/v2\/media?parent=172"}],"wp:term":[{"taxonomy":"category","embeddable":true,"href":"https:\/\/www.ufsm.br\/reitoria\/avaliacao\/csaccsh\/wp-json\/wp\/v2\/categories?post=172"},{"taxonomy":"post_tag","embeddable":true,"href":"https:\/\/www.ufsm.br\/reitoria\/avaliacao\/csaccsh\/wp-json\/wp\/v2\/tags?post=172"}],"curies":[{"name":"wp","href":"https:\/\/api.w.org\/{rel}","templated":true}]}}