{"id":23,"date":"2019-05-14T17:02:03","date_gmt":"2019-05-14T20:02:03","guid":{"rendered":"https:\/\/www.ufsm.br\/template-laboratprio\/?page_id=23"},"modified":"2019-07-16T16:13:42","modified_gmt":"2019-07-16T19:13:42","slug":"equipe","status":"publish","type":"page","link":"https:\/\/www.ufsm.br\/reitoria\/avaliacao\/csaccsh\/equipe","title":{"rendered":"Comiss\u00e3o"},"content":{"rendered":"\n<table style=\"border-collapse: collapse;width: 100%;height: 106px\">\n<tbody>\n<tr style=\"height: 23px\">\n<td style=\"height: 23px\" colspan=\"2\"><strong>Nome<\/strong><\/td>\n<\/tr>\n<tr>\n<td style=\"width: 50%\" colspan=\"2\"><strong>\u00a0<\/strong><\/td>\n<\/tr>\n<tr style=\"height: 22px\">\n<td style=\"width: 50%;height: 22px\">Prof. Paulo Afonso Burmnann<\/td>\n<td style=\"width: 50%;height: 22px\">Reitor<\/td>\n<\/tr>\n<tr style=\"height: 17px\">\n<td style=\"width: 50%;height: 17px\">Prof. Paulo Bayard Dias Gon\u00e7alves<\/td>\n<td style=\"width: 50%;height: 17px\">Vice-Reitor<\/td>\n<\/tr>\n<tr style=\"height: 22px\">\n<td style=\"width: 50%;height: 22px\">Prof. <span style=\"font-weight: 400\">Mauri Leodir L\u00f6bler<\/span><\/td>\n<td style=\"width: 50%;height: 22px\"><span style=\"font-weight: 400\">Diretor do CCSH<\/span><\/td>\n<\/tr>\n<tr style=\"height: 22px\">\n<td style=\"width: 50%;height: 22px\"><span style=\"font-weight: 400\">Prof.\u00a0 Wanderlei Jos\u00e9 Gh\u00edlardi<\/span><\/td>\n<td style=\"width: 50%;height: 22px\"><span style=\"font-weight: 400\">Vice-Diretor CCSH<\/span><\/td>\n<\/tr>\n<\/tbody>\n<\/table>\n<p>\u00a0 \u00a0 \u00a0 \u00a0 \u00a0 \u00a0 \u00a0 \u00a0 \u00a0 \u00a0 \u00a0 \u00a0 \u00a0 \u00a0 \u00a0\u00a0<\/p>\n\n\n\n<p style=\"text-align: center\">\u00a0<strong>Lista dos membros da Comiss\u00e3o Setorial de Avalia\u00e7\u00e3o Institucional do CCSH 2016 (portaria n. 109 de junho de 2016)<\/strong><\/p>\n<p style=\"text-align: center\">Prof\u00aa. Mar\u00edlia de Ara\u00fajo Barcellos (coordenadora)<\/p>\n<p style=\"text-align: center\">T\u00e9c. Adm. Ives Gallon\u00a0<\/p>\n<p style=\"text-align: center\">T\u00e9c. Adm. Rui Thiago de Moraes Alves<\/p>\n<p style=\"text-align: center\">Prof\u00aa. L\u00facia Rejane da Rosa Gama Madruga<\/p>\n<p style=\"text-align: center\">Prof\u00aa. \u00c2ngela Ara\u00fajo da Silveira Esp\u00edndola<\/p>\n<p style=\"text-align: center\">\u00a0Acad. Angela Sowa<\/p>\n<p style=\"text-align: center\">\u00a0Acad. Camile Jardim Siqueira<\/p>\n<p>\u00a0<\/p>\n\n\n\n<p style=\"text-align: center\">\u00a0<strong>Lista dos membros da Comiss\u00e3o Setorial de Avalia\u00e7\u00e3o Institucional do CCSH 2016<\/strong><\/p>\n<p style=\"text-align: center\">Prof. Fernando do Nascimento Lock (presidente)<\/p>\n<p style=\"text-align: center\">Prof\u00aa. Mar\u00edlia de Ara\u00fajo Barcellos<\/p>\n<p style=\"text-align: center\">T\u00e9c. Adm. Ives Gallon\u00a0<\/p>\n<p style=\"text-align: center\">T\u00e9c. Adm. Rui Thiago de Moraes Alves<\/p>\n<p style=\"text-align: center\">Acad. Laureana Vargas da Silveira\u00a0<\/p>\n<p style=\"text-align: center\">Acad. Litieli Fernanda da Silva Romero<\/p>\n<p>\u00a0<\/p>\n\n\n\n<p style=\"text-align: center\">\u00a0<strong>Membros da CSA &#8211; \u00a0CCSH 2015\u00a0<\/strong><\/p>\n<p style=\"text-align: center\">Prof. Fernando do Nascimento Lock (presidente)<\/p>\n<p style=\"text-align: center\">Prof\u00aa. Mar\u00edlia de Ara\u00fajo Barcellos<\/p>\n<p style=\"text-align: center\">Prof\u00aa. Angela Araujo da Silveira Espindola<\/p>\n<p style=\"text-align: center\">Prof. Diego Antonio Bittencourt Marconatto<\/p>\n<p style=\"text-align: center\">TAE Paulo Roberto Langwinski<\/p>\n<p style=\"text-align: center\">TAE Vanderleia Leal Losekann<\/p>\n<p style=\"text-align: center\">Acad. Susie\u00a0Kovalczyk dos Santos<\/p>\n<p>\u00a0<\/p>\n<p>\u00a0<\/p>\n\n\n\n<p style=\"text-align: center\"><strong>Membros da CSA- CCSH de 2014<\/strong><\/p>\n<p style=\"text-align: center\">Prof\u00aa. Marilia de Araujo Barcellos &#8211; Presidente<\/p>\n<p style=\"text-align: center\">Prof\u00aa. Jaqueline Quincozes<\/p>\n<p style=\"text-align: center\">Prof\u00aa.Rosane Janczura<\/p>\n<p style=\"text-align: center\">Prof. Fernando do Nascimento Lock<\/p>\n<p style=\"text-align: center\">TAE D\u00e9cio Schumacer<\/p>\n<p style=\"text-align: center\">TAE Jefferson Iglesias<\/p>\n<p style=\"text-align: center\">Acad. Suelen Colomby Ribeiro<\/p>\n<p style=\"text-align: center\">\u00a0<\/p>\n<p>\u00a0<\/p>\n<p style=\"text-align: center\"><strong>Membros da CSA- CCSH de\u00a02012<\/strong><\/p>\n<p style=\"text-align: center\">Prof. Flavi Ferreira Lisboa Filho &#8211; Presidente<\/p>\n<p style=\"text-align: center\">Prof\u00aa. Andrea Cristina Dorr<\/p>\n<p style=\"text-align: center\">Prof\u00aa. Denise Molon Castanho\u00a0<\/p>\n<p style=\"text-align: center\">Prof\u00aa. Marilia De Araujo Barcellos\u00a0<\/p>\n<p style=\"text-align: center\">T\u00e9c. Adm. Jefferson Iglesias Weber<\/p>\n<p style=\"text-align: center\">Acad. Pedro Barcellos Ferreira<\/p>\n<p style=\"text-align: center\">\u00a0<\/p>\n<p>\u00a0<\/p>\n<p style=\"text-align: center\"><strong>Membros da CSA- CCSH de\u00a02011<\/strong><\/p>\n<p style=\"text-align: center\">Prof\u00aa. Luciana Flores Battistella \u2013 Presidente<\/p>\n<p style=\"text-align: center\">Prof\u00aa. Fernanda Kieling Pedrazzi\u00a0<\/p>\n<p style=\"text-align: center\">Prof\u00aa. Andrea Cristina Dorr\u00a0<\/p>\n<p style=\"text-align: center\">Prof\u00aa. M\u00e1rcia Zampieri Grohmann\u00a0<\/p>\n<p style=\"text-align: center\">Prof. Flavi Ferreira Lisboa Filho<\/p>\n<p style=\"text-align: center\">Adm. Jefferson Iglesias Weber\u00a0<\/p>\n<p style=\"text-align: center\">Acad. Am\u00e1lia Biscaino Salbego\u00a0<\/p>\n<p style=\"text-align: center\">\u00a0<\/p>\n<p>\u00a0<\/p>\n<p style=\"text-align: center\"><strong>Membros da CSA- CCSH de\u00a02010<\/strong><\/p>\n<p style=\"text-align: center\">Prof\u00aa Luciana Flores Battistella\u00a0\u2013\u00a0\u00a0Presidente<\/p>\n<p style=\"text-align: center\">Prof. S\u00e9rgio Rossi Madruga\u00a0<\/p>\n<p style=\"text-align: center\">Prof. Vitor Francisco Schush Jr.\u00a0<\/p>\n<p style=\"text-align: center\">Ass. Adm. Vanderl\u00e9ia Leal Losekann\u00a0<\/p>\n<div style=\"text-align: center\">Acad. Am\u00e1lia Biscaino Salbego \u00a0<\/div>\n<div>\u00a0<\/div>\n<div>\u00a0<\/div>\n<div style=\"text-align: center\">\u00a0<\/div>\n<p style=\"text-align: center\"><strong>Membros da CSA- CCSH de 2009<\/strong><\/p>\n<p style=\"text-align: center\">Prof\u00aa Luciana Flores Battistella\u00a0\u2013\u00a0\u00a0Presidente<\/p>\n<p style=\"text-align: center\">Prof. S\u00e9rgio Rossi Madruga\u00a0<\/p>\n<p style=\"text-align: center\">Prof. Vitor Francisco Schush Jr.\u00a0<\/p>\n<p style=\"text-align: center\">Ass. Adm. Vanderl\u00e9ia Leal Losekann\u00a0<\/p>\n<p style=\"text-align: center\">\u00a0<\/p>\n","protected":false},"excerpt":{"rendered":"<p>Nome \u00a0 Prof. Paulo Afonso Burmnann Reitor Prof. Paulo Bayard Dias Gon\u00e7alves Vice-Reitor Prof. Mauri Leodir L\u00f6bler Diretor do CCSH Prof.\u00a0 Wanderlei Jos\u00e9 Gh\u00edlardi Vice-Diretor CCSH \u00a0 \u00a0 \u00a0 \u00a0 \u00a0 \u00a0 \u00a0 \u00a0 \u00a0 \u00a0 \u00a0 \u00a0 \u00a0 \u00a0 \u00a0\u00a0 \u00a0Lista dos membros da Comiss\u00e3o Setorial de Avalia\u00e7\u00e3o Institucional do CCSH 2016 (portaria n. [&hellip;]<\/p>\n","protected":false},"author":124,"featured_media":0,"parent":0,"menu_order":0,"comment_status":"closed","ping_status":"closed","template":"","meta":{"footnotes":""},"categories":[],"tags":[],"class_list":["post-23","page","type-page","status-publish","hentry"],"acf":[],"_links":{"self":[{"href":"https:\/\/www.ufsm.br\/reitoria\/avaliacao\/csaccsh\/wp-json\/wp\/v2\/pages\/23","targetHints":{"allow":["GET"]}}],"collection":[{"href":"https:\/\/www.ufsm.br\/reitoria\/avaliacao\/csaccsh\/wp-json\/wp\/v2\/pages"}],"about":[{"href":"https:\/\/www.ufsm.br\/reitoria\/avaliacao\/csaccsh\/wp-json\/wp\/v2\/types\/page"}],"author":[{"embeddable":true,"href":"https:\/\/www.ufsm.br\/reitoria\/avaliacao\/csaccsh\/wp-json\/wp\/v2\/users\/124"}],"replies":[{"embeddable":true,"href":"https:\/\/www.ufsm.br\/reitoria\/avaliacao\/csaccsh\/wp-json\/wp\/v2\/comments?post=23"}],"version-history":[{"count":0,"href":"https:\/\/www.ufsm.br\/reitoria\/avaliacao\/csaccsh\/wp-json\/wp\/v2\/pages\/23\/revisions"}],"wp:attachment":[{"href":"https:\/\/www.ufsm.br\/reitoria\/avaliacao\/csaccsh\/wp-json\/wp\/v2\/media?parent=23"}],"wp:term":[{"taxonomy":"category","embeddable":true,"href":"https:\/\/www.ufsm.br\/reitoria\/avaliacao\/csaccsh\/wp-json\/wp\/v2\/categories?post=23"},{"taxonomy":"post_tag","embeddable":true,"href":"https:\/\/www.ufsm.br\/reitoria\/avaliacao\/csaccsh\/wp-json\/wp\/v2\/tags?post=23"}],"curies":[{"name":"wp","href":"https:\/\/api.w.org\/{rel}","templated":true}]}}