{"id":246,"date":"2019-07-19T16:46:10","date_gmt":"2019-07-19T19:46:10","guid":{"rendered":"https:\/\/www.ufsm.br\/reitoria\/avaliacao\/csaccsh\/?page_id=246"},"modified":"2019-07-19T16:46:11","modified_gmt":"2019-07-19T19:46:11","slug":"resultado-da-avaliacao-docente-pelo-discente-2016-01-por-cursos","status":"publish","type":"page","link":"https:\/\/www.ufsm.br\/reitoria\/avaliacao\/csaccsh\/resultado-da-avaliacao-docente-pelo-discente-2016-01-por-cursos","title":{"rendered":"Resultado da avalia\u00e7\u00e3o docente pelo discente 2016\/01 por cursos"},"content":{"rendered":"\n<p>A comiss\u00e3o setorial de avalia\u00e7\u00e3o divulga os resultados da avalia\u00e7\u00e3o docente pelo discente do<strong> primeiro semestre de 2016<\/strong> dos cursos do CCSH.<\/p>\n<p>Clique nos links abaixo para visualizar os resultados.<\/p>\n<p>\u00a0<\/p>\n<p><a href=\"https:\/\/www.ufsm.br\/reitoria\/avaliacao\/csaccsh\/wp-content\/uploads\/sites\/712\/2019\/07\/ADM_D-2.pdf\">Administra\u00e7\u00e3o Diurno\u00a0<\/a><\/p>\n<p><a href=\"https:\/\/www.ufsm.br\/reitoria\/avaliacao\/csaccsh\/wp-content\/uploads\/sites\/712\/2019\/07\/ADM_N-2.pdf\">Administra\u00e7\u00e3o Noturno<\/a><\/p>\n<p><a href=\"https:\/\/www.ufsm.br\/reitoria\/avaliacao\/csaccsh\/wp-content\/uploads\/sites\/712\/2019\/07\/ARQ-2.pdf\">Arquivologia<\/a><\/p>\n<p><a href=\"https:\/\/www.ufsm.br\/reitoria\/avaliacao\/csaccsh\/wp-content\/uploads\/sites\/712\/2019\/07\/CIENCIAS_SOCIAIS_BACH.pdf\">Ci\u00eancias Sociais Bacharelado\u00a0<\/a><\/p>\n<p><a href=\"https:\/\/www.ufsm.br\/reitoria\/avaliacao\/csaccsh\/wp-content\/uploads\/sites\/712\/2019\/07\/CIENCIAS_SOCIAIS_LIC.pdf\">Ci\u00eancias Sociais Licenciatura\u00a0<\/a><\/p>\n<p><a href=\"https:\/\/www.ufsm.br\/reitoria\/avaliacao\/csaccsh\/wp-content\/uploads\/sites\/712\/2019\/07\/CONTABILIDADE_DIURNO.pdf\">Ci\u00eancias Cont\u00e1beis Diurno<\/a><\/p>\n<p><a href=\"https:\/\/www.ufsm.br\/reitoria\/avaliacao\/csaccsh\/wp-content\/uploads\/sites\/712\/2019\/07\/CONTABILIDADE_NOTURNO.pdf\">Ci\u00eancias Cont\u00e1beis Noturno\u00a0<\/a><\/p>\n<p><a href=\"https:\/\/www.ufsm.br\/reitoria\/avaliacao\/csaccsh\/wp-content\/uploads\/sites\/712\/2019\/07\/CS_JORNALISMO.pdf\">Comunica\u00e7\u00e3o Social &#8211; Jornalismo\u00a0<\/a><\/p>\n<p><a href=\"https:\/\/www.ufsm.br\/reitoria\/avaliacao\/csaccsh\/wp-content\/uploads\/sites\/712\/2019\/07\/CS_PRODUCAO_EDITORIAL.pdf\">Comunica\u00e7\u00e3o Social &#8211; Produ\u00e7\u00e3o Editorial\u00a0<\/a><\/p>\n<p><a href=\"https:\/\/www.ufsm.br\/reitoria\/avaliacao\/csaccsh\/wp-content\/uploads\/sites\/712\/2019\/07\/CS_PUBLICIDADE.pdf\">Comunica\u00e7\u00e3o Social &#8211; Publicidade e Propaganda<\/a><\/p>\n<p><a href=\"https:\/\/www.ufsm.br\/reitoria\/avaliacao\/csaccsh\/wp-content\/uploads\/sites\/712\/2019\/07\/CS_RELACOES_PUBLICAS.pdf\">Comunica\u00e7\u00e3o Social &#8211; Rela\u00e7\u00f5es P\u00fablicas\u00a0<\/a><\/p>\n<p><a href=\"https:\/\/www.ufsm.br\/reitoria\/avaliacao\/csaccsh\/wp-content\/uploads\/sites\/712\/2019\/07\/DIREITO_DIURNO.pdf\">Direito Diurno\u00a0<\/a><\/p>\n<p><a href=\"https:\/\/www.ufsm.br\/reitoria\/avaliacao\/csaccsh\/wp-content\/uploads\/sites\/712\/2019\/07\/DIREITO_NOTURNO.pdf\">Direito Noturno\u00a0<\/a><\/p>\n<p><a href=\"https:\/\/www.ufsm.br\/reitoria\/avaliacao\/csaccsh\/wp-content\/uploads\/sites\/712\/2019\/07\/ECONOMIA_DIURNO.pdf\">Economia Diurno\u00a0<\/a><\/p>\n<p><a href=\"https:\/\/www.ufsm.br\/reitoria\/avaliacao\/csaccsh\/wp-content\/uploads\/sites\/712\/2019\/07\/ECONOMIA_NOTURNO.pdf\">Economia Noturno<\/a><\/p>\n<p><a href=\"https:\/\/www.ufsm.br\/reitoria\/avaliacao\/csaccsh\/wp-content\/uploads\/sites\/712\/2019\/07\/FILOSOFIA_BACH.pdf\">Filosofia Bacharelado\u00a0<\/a><\/p>\n<p><a href=\"https:\/\/www.ufsm.br\/reitoria\/avaliacao\/csaccsh\/wp-content\/uploads\/sites\/712\/2019\/07\/FILOSOFIA_LIC.pdf\">Filosofia Licenciatura<\/a><\/p>\n<p><a href=\"https:\/\/www.ufsm.br\/reitoria\/avaliacao\/csaccsh\/wp-content\/uploads\/sites\/712\/2019\/07\/HISTORIA_LIC_BACH.pdf\">Hist\u00f3ria\u00a0<\/a><\/p>\n<p><a href=\"https:\/\/www.ufsm.br\/reitoria\/avaliacao\/csaccsh\/wp-content\/uploads\/sites\/712\/2019\/07\/PSICOLOGIA.pdf\">Psicologia\u00a0<\/a><\/p>\n<p><a href=\"https:\/\/www.ufsm.br\/reitoria\/avaliacao\/csaccsh\/wp-content\/uploads\/sites\/712\/2019\/07\/RELACOES_INTERNACIONAIS.pdf\">Rela\u00e7\u00f5es Internacionais<\/a><\/p>\n<p><a href=\"https:\/\/www.ufsm.br\/reitoria\/avaliacao\/csaccsh\/wp-content\/uploads\/sites\/712\/2019\/07\/SERVICO_SOCIAL.pdf\">Servi\u00e7o Social\u00a0<\/a><\/p>\n<p><a href=\"https:\/\/www.ufsm.br\/reitoria\/avaliacao\/csaccsh\/wp-content\/uploads\/sites\/712\/2019\/07\/SOCIOLOGIA.pdf\">Sociologia\u00a0<\/a><\/p>\n<p>\u00a0<\/p>\n","protected":false},"excerpt":{"rendered":"<p>A comiss\u00e3o setorial de avalia\u00e7\u00e3o divulga os resultados da avalia\u00e7\u00e3o docente pelo discente do primeiro semestre de 2016 dos cursos do CCSH. Clique nos links abaixo para visualizar os resultados. \u00a0 Administra\u00e7\u00e3o Diurno\u00a0 Administra\u00e7\u00e3o Noturno Arquivologia Ci\u00eancias Sociais Bacharelado\u00a0 Ci\u00eancias Sociais Licenciatura\u00a0 Ci\u00eancias Cont\u00e1beis Diurno Ci\u00eancias Cont\u00e1beis Noturno\u00a0 Comunica\u00e7\u00e3o Social &#8211; Jornalismo\u00a0 Comunica\u00e7\u00e3o Social &#8211; [&hellip;]<\/p>\n","protected":false},"author":723,"featured_media":0,"parent":0,"menu_order":0,"comment_status":"closed","ping_status":"closed","template":"","meta":{"footnotes":""},"categories":[],"tags":[],"class_list":["post-246","page","type-page","status-publish","hentry"],"acf":[],"_links":{"self":[{"href":"https:\/\/www.ufsm.br\/reitoria\/avaliacao\/csaccsh\/wp-json\/wp\/v2\/pages\/246","targetHints":{"allow":["GET"]}}],"collection":[{"href":"https:\/\/www.ufsm.br\/reitoria\/avaliacao\/csaccsh\/wp-json\/wp\/v2\/pages"}],"about":[{"href":"https:\/\/www.ufsm.br\/reitoria\/avaliacao\/csaccsh\/wp-json\/wp\/v2\/types\/page"}],"author":[{"embeddable":true,"href":"https:\/\/www.ufsm.br\/reitoria\/avaliacao\/csaccsh\/wp-json\/wp\/v2\/users\/723"}],"replies":[{"embeddable":true,"href":"https:\/\/www.ufsm.br\/reitoria\/avaliacao\/csaccsh\/wp-json\/wp\/v2\/comments?post=246"}],"version-history":[{"count":0,"href":"https:\/\/www.ufsm.br\/reitoria\/avaliacao\/csaccsh\/wp-json\/wp\/v2\/pages\/246\/revisions"}],"wp:attachment":[{"href":"https:\/\/www.ufsm.br\/reitoria\/avaliacao\/csaccsh\/wp-json\/wp\/v2\/media?parent=246"}],"wp:term":[{"taxonomy":"category","embeddable":true,"href":"https:\/\/www.ufsm.br\/reitoria\/avaliacao\/csaccsh\/wp-json\/wp\/v2\/categories?post=246"},{"taxonomy":"post_tag","embeddable":true,"href":"https:\/\/www.ufsm.br\/reitoria\/avaliacao\/csaccsh\/wp-json\/wp\/v2\/tags?post=246"}],"curies":[{"name":"wp","href":"https:\/\/api.w.org\/{rel}","templated":true}]}}