{"id":353,"date":"2019-07-22T17:01:04","date_gmt":"2019-07-22T20:01:04","guid":{"rendered":"https:\/\/www.ufsm.br\/reitoria\/avaliacao\/csaccsh\/?page_id=353"},"modified":"2019-07-22T17:01:07","modified_gmt":"2019-07-22T20:01:07","slug":"avaliacao-docente-pelos-discentes","status":"publish","type":"page","link":"https:\/\/www.ufsm.br\/reitoria\/avaliacao\/csaccsh\/avaliacao-docente-pelos-discentes","title":{"rendered":"Avalia\u00e7\u00e3o Docente pelos Discentes"},"content":{"rendered":"\n<p>A Comiss\u00e3o Setorial de Avalia\u00e7\u00e3o (CSA) do Centro de Ci\u00eancias \u00a0Sociais e Humanas, apresenta \u00e0 comunidade universit\u00e1ria os resultados da Pesquisa de Avalia\u00e7\u00e3o dos docentes pelos discentes no per\u00edodo do segundo semestre de 2016. Os resultados foram organizados por curso.<\/p>\n<p>\u00a0<\/p>\n<table dir=\"ltr\" style=\"width: 100%;height: 483px\" border=\"1\" cellspacing=\"0\" cellpadding=\"0\">\n<tbody>\n<tr style=\"height: 21px\">\n<td style=\"text-align: center;height: 21px\" colspan=\"2\" data-sheets-value=\"{&quot;1&quot;:2,&quot;2&quot;:&quot;GRADUA\\u00c7\\u00c3O&quot;}\"><strong>GRADUA\u00c7\u00c3O<\/strong><\/td>\n<\/tr>\n<tr style=\"height: 21px\">\n<td style=\"height: 21px;text-align: left\" data-sheets-value=\"{&quot;1&quot;:2,&quot;2&quot;:&quot;GRADUA\\u00c7\\u00c3O&quot;}\"><strong>CURSO<\/strong><\/td>\n<td style=\"height: 21px;text-align: center\" data-sheets-value=\"{&quot;1&quot;:2,&quot;2&quot;:&quot;LOCALIZA\\u00c7\\u00c3O&quot;}\"><strong>TABELAS<\/strong><\/td>\n<\/tr>\n<tr style=\"height: 21px\">\n<td style=\"height: 21px\" data-sheets-value=\"{&quot;1&quot;:2,&quot;2&quot;:&quot;CURSO DE CI\\u00caNCIA DA COMPUTA\\u00c7\\u00c3O&quot;}\">ADMINISTRA\u00c7\u00c3O DIURNO<\/td>\n<td style=\"height: 21px;text-align: center\" data-sheets-value=\"{&quot;1&quot;:2,&quot;2&quot;:&quot;Pr\\u00e9dio 7, sala 336&quot;}\"><a href=\"https:\/\/www.ufsm.br\/reitoria\/avaliacao\/csaccsh\/wp-content\/uploads\/sites\/712\/2019\/07\/Administracao-Diurno-2.pdf\">PDF<\/a><\/td>\n<\/tr>\n<tr style=\"height: 21px\">\n<td style=\"height: 21px\" data-sheets-value=\"{&quot;1&quot;:2,&quot;2&quot;:&quot;CURSO DE ENGENHARIA AC\\u00daSTICA&quot;}\">ADMINISTRA\u00c7\u00c3O NOTURNO<\/td>\n<td style=\"height: 21px;text-align: center\" data-sheets-value=\"{&quot;1&quot;:2,&quot;2&quot;:&quot;Anexo A, sala 1101&quot;}\"><a href=\"https:\/\/www.ufsm.br\/reitoria\/avaliacao\/csaccsh\/wp-content\/uploads\/sites\/712\/2019\/07\/AdministracaoNoturno.pdf\">PDF<\/a><\/td>\n<\/tr>\n<tr style=\"height: 21px\">\n<td style=\"height: 21px\" data-sheets-value=\"{&quot;1&quot;:2,&quot;2&quot;:&quot;CURSO DE ENGENHARIA AEROESPACIAL&quot;}\">ARQUIVOLOGIA<\/td>\n<td style=\"height: 21px;text-align: center\" data-sheets-value=\"{&quot;1&quot;:2,&quot;2&quot;:&quot;Pr\\u00e9dio 7, sala 216&quot;}\"><a href=\"https:\/\/www.ufsm.br\/reitoria\/avaliacao\/csaccsh\/wp-content\/uploads\/sites\/712\/2019\/07\/Arquivologia-1.pdf\">PDF<\/a><\/td>\n<\/tr>\n<tr style=\"height: 21px\">\n<td style=\"height: 21px\" data-sheets-value=\"{&quot;1&quot;:2,&quot;2&quot;:&quot;CURSO DE ENGENHARIA AEROESPACIAL&quot;}\">CI\u00caNCIAS SOCIAIS BACHARELADO<\/td>\n<td style=\"height: 21px;text-align: center\" data-sheets-value=\"{&quot;1&quot;:2,&quot;2&quot;:&quot;Pr\\u00e9dio 7, sala 216&quot;}\"><a href=\"https:\/\/www.ufsm.br\/reitoria\/avaliacao\/csaccsh\/wp-content\/uploads\/sites\/712\/2019\/07\/CienciasSociais-Bacharelado.pdf\">PDF<\/a><\/td>\n<\/tr>\n<tr style=\"height: 21px\">\n<td style=\"height: 21px\" data-sheets-value=\"{&quot;1&quot;:2,&quot;2&quot;:&quot;CURSO DE ENGENHARIA AEROESPACIAL&quot;}\">CI\u00caNCIAS SOCIAIS LICENCIATURA<\/td>\n<td style=\"height: 21px;text-align: center\" data-sheets-value=\"{&quot;1&quot;:2,&quot;2&quot;:&quot;Pr\\u00e9dio 7, sala 216&quot;}\"><a href=\"https:\/\/www.ufsm.br\/reitoria\/avaliacao\/csaccsh\/wp-content\/uploads\/sites\/712\/2019\/07\/LicenciaturaemCienciasSociais.pdf\">PDF<\/a><\/td>\n<\/tr>\n<tr style=\"height: 21px\">\n<td style=\"height: 21px\" data-sheets-value=\"{&quot;1&quot;:2,&quot;2&quot;:&quot;CURSO DE ENGENHARIA AEROESPACIAL&quot;}\">CI\u00caNCIAS CONT\u00c1BEIS DIURNO<\/td>\n<td style=\"height: 21px;text-align: center\" data-sheets-value=\"{&quot;1&quot;:2,&quot;2&quot;:&quot;Pr\\u00e9dio 7, sala 216&quot;}\"><a href=\"https:\/\/www.ufsm.br\/reitoria\/avaliacao\/csaccsh\/wp-content\/uploads\/sites\/712\/2019\/07\/CienciasContabeis-Diurno.pdf\">PDF<\/a><\/td>\n<\/tr>\n<tr style=\"height: 21px\">\n<td style=\"height: 21px\" data-sheets-value=\"{&quot;1&quot;:2,&quot;2&quot;:&quot;CURSO DE ENGENHARIA AEROESPACIAL&quot;}\">CI\u00caNCIAS CONT\u00c1BEIS NOTURNO<\/td>\n<td style=\"height: 21px;text-align: center\" data-sheets-value=\"{&quot;1&quot;:2,&quot;2&quot;:&quot;Pr\\u00e9dio 7, sala 216&quot;}\"><a href=\"https:\/\/www.ufsm.br\/reitoria\/avaliacao\/csaccsh\/wp-content\/uploads\/sites\/712\/2019\/07\/CienciasContabeis-noturno.pdf\">PDF<\/a><\/td>\n<\/tr>\n<tr style=\"height: 21px\">\n<td style=\"height: 21px\" data-sheets-value=\"{&quot;1&quot;:2,&quot;2&quot;:&quot;CURSO DE ENGENHARIA AEROESPACIAL&quot;}\">COMUNICA\u00c7\u00c3O SOCIAL &#8211; JORNALISMO<\/td>\n<td style=\"height: 21px;text-align: center\" data-sheets-value=\"{&quot;1&quot;:2,&quot;2&quot;:&quot;Pr\\u00e9dio 7, sala 216&quot;}\"><a href=\"https:\/\/www.ufsm.br\/reitoria\/avaliacao\/csaccsh\/wp-content\/uploads\/sites\/712\/2019\/07\/Jornalismo.pdf\">PDF<\/a><\/td>\n<\/tr>\n<tr style=\"height: 21px\">\n<td style=\"height: 21px\" data-sheets-value=\"{&quot;1&quot;:2,&quot;2&quot;:&quot;CURSO DE ENGENHARIA AEROESPACIAL&quot;}\">COMUNICA\u00c7\u00c3O SOCIAL &#8211; PRODU\u00c7\u00c3O EDITORIAL<\/td>\n<td style=\"height: 21px;text-align: center\" data-sheets-value=\"{&quot;1&quot;:2,&quot;2&quot;:&quot;Pr\\u00e9dio 7, sala 216&quot;}\"><a href=\"https:\/\/www.ufsm.br\/reitoria\/avaliacao\/csaccsh\/wp-content\/uploads\/sites\/712\/2019\/07\/ProducaoEditorial.pdf\">PDF<\/a><\/td>\n<\/tr>\n<tr style=\"height: 21px\">\n<td style=\"height: 21px\" data-sheets-value=\"{&quot;1&quot;:2,&quot;2&quot;:&quot;CURSO DE ENGENHARIA AEROESPACIAL&quot;}\">COMUNICA\u00c7\u00c3O SOCIAL &#8211; PUBLICIDADE E PROPAGANDA<\/td>\n<td style=\"height: 21px;text-align: center\" data-sheets-value=\"{&quot;1&quot;:2,&quot;2&quot;:&quot;Pr\\u00e9dio 7, sala 216&quot;}\"><a href=\"https:\/\/www.ufsm.br\/reitoria\/avaliacao\/csaccsh\/wp-content\/uploads\/sites\/712\/2019\/07\/PublicidadeePropaganda.pdf\">PDF<\/a><\/td>\n<\/tr>\n<tr style=\"height: 21px\">\n<td style=\"height: 21px\" data-sheets-value=\"{&quot;1&quot;:2,&quot;2&quot;:&quot;CURSO DE ENGENHARIA AEROESPACIAL&quot;}\">COMUNICA\u00c7\u00c3O SOCIAL &#8211; RELA\u00c7\u00d5ES P\u00daBLICAS<\/td>\n<td style=\"height: 21px;text-align: center\" data-sheets-value=\"{&quot;1&quot;:2,&quot;2&quot;:&quot;Pr\\u00e9dio 7, sala 216&quot;}\"><a href=\"https:\/\/www.ufsm.br\/reitoria\/avaliacao\/csaccsh\/wp-content\/uploads\/sites\/712\/2019\/07\/RelacoesPublicas.pdf\">PDF<\/a><\/td>\n<\/tr>\n<tr style=\"height: 21px\">\n<td style=\"height: 21px\" data-sheets-value=\"{&quot;1&quot;:2,&quot;2&quot;:&quot;CURSO DE ENGENHARIA AEROESPACIAL&quot;}\">DIREITO DIURNO<\/td>\n<td style=\"height: 21px;text-align: center\" data-sheets-value=\"{&quot;1&quot;:2,&quot;2&quot;:&quot;Pr\\u00e9dio 7, sala 216&quot;}\"><a href=\"https:\/\/www.ufsm.br\/reitoria\/avaliacao\/csaccsh\/wp-content\/uploads\/sites\/712\/2019\/07\/DireitoDiurno.pdf\">PDF<\/a><\/td>\n<\/tr>\n<tr style=\"height: 21px\">\n<td style=\"height: 21px\" data-sheets-value=\"{&quot;1&quot;:2,&quot;2&quot;:&quot;CURSO DE ENGENHARIA AEROESPACIAL&quot;}\">DIREITO NOTURNO<\/td>\n<td style=\"height: 21px;text-align: center\" data-sheets-value=\"{&quot;1&quot;:2,&quot;2&quot;:&quot;Pr\\u00e9dio 7, sala 216&quot;}\"><a href=\"https:\/\/www.ufsm.br\/reitoria\/avaliacao\/csaccsh\/wp-content\/uploads\/sites\/712\/2019\/07\/Direito-Noturno-1.pdf\">PDF<\/a><\/td>\n<\/tr>\n<tr style=\"height: 21px\">\n<td style=\"height: 21px\" data-sheets-value=\"{&quot;1&quot;:2,&quot;2&quot;:&quot;CURSO DE ENGENHARIA AEROESPACIAL&quot;}\">ECONOMIA DIURNO<\/td>\n<td style=\"height: 21px;text-align: center\" data-sheets-value=\"{&quot;1&quot;:2,&quot;2&quot;:&quot;Pr\\u00e9dio 7, sala 216&quot;}\"><a href=\"https:\/\/www.ufsm.br\/reitoria\/avaliacao\/csaccsh\/wp-content\/uploads\/sites\/712\/2019\/07\/CienciasEconomicas-Diurno.pdf\">PDF<\/a><\/td>\n<\/tr>\n<tr style=\"height: 21px\">\n<td style=\"height: 21px\" data-sheets-value=\"{&quot;1&quot;:2,&quot;2&quot;:&quot;CURSO DE ENGENHARIA AEROESPACIAL&quot;}\">ECONOMIA NOTURNO<\/td>\n<td style=\"height: 21px;text-align: center\" data-sheets-value=\"{&quot;1&quot;:2,&quot;2&quot;:&quot;Pr\\u00e9dio 7, sala 216&quot;}\"><a href=\"https:\/\/www.ufsm.br\/reitoria\/avaliacao\/csaccsh\/wp-content\/uploads\/sites\/712\/2019\/07\/CienciasEconomicas-Noturno.pdf\">PDF<\/a><\/td>\n<\/tr>\n<tr style=\"height: 21px\">\n<td style=\"height: 21px\" data-sheets-value=\"{&quot;1&quot;:2,&quot;2&quot;:&quot;CURSO DE ENGENHARIA AEROESPACIAL&quot;}\">FILOSOFIA BACHARELADO<\/td>\n<td style=\"height: 21px;text-align: center\" data-sheets-value=\"{&quot;1&quot;:2,&quot;2&quot;:&quot;Pr\\u00e9dio 7, sala 216&quot;}\"><a href=\"https:\/\/www.ufsm.br\/reitoria\/avaliacao\/csaccsh\/wp-content\/uploads\/sites\/712\/2019\/07\/BachareladoFilosofia-Noturno.pdf\">PDF<\/a><\/td>\n<\/tr>\n<tr style=\"height: 21px\">\n<td style=\"height: 21px\" data-sheets-value=\"{&quot;1&quot;:2,&quot;2&quot;:&quot;CURSO DE ENGENHARIA AEROESPACIAL&quot;}\">FILOSOFIA LICENCIATURA<\/td>\n<td style=\"height: 21px;text-align: center\" data-sheets-value=\"{&quot;1&quot;:2,&quot;2&quot;:&quot;Pr\\u00e9dio 7, sala 216&quot;}\"><a href=\"https:\/\/www.ufsm.br\/reitoria\/avaliacao\/csaccsh\/wp-content\/uploads\/sites\/712\/2019\/07\/Filosofia-LicenciaturaPlena.pdf\">PDF<\/a><\/td>\n<\/tr>\n<tr style=\"height: 21px\">\n<td style=\"height: 21px\" data-sheets-value=\"{&quot;1&quot;:2,&quot;2&quot;:&quot;CURSO DE ENGENHARIA AEROESPACIAL&quot;}\">HIST\u00d3RIA<\/td>\n<td style=\"height: 21px;text-align: center\" data-sheets-value=\"{&quot;1&quot;:2,&quot;2&quot;:&quot;Pr\\u00e9dio 7, sala 216&quot;}\"><a href=\"https:\/\/www.ufsm.br\/reitoria\/avaliacao\/csaccsh\/wp-content\/uploads\/sites\/712\/2019\/07\/GraduacaoemHistoria.pdf\">PDF<\/a><\/td>\n<\/tr>\n<tr style=\"height: 21px\">\n<td style=\"height: 21px\" data-sheets-value=\"{&quot;1&quot;:2,&quot;2&quot;:&quot;CURSO DE ENGENHARIA AEROESPACIAL&quot;}\">PSICOLOGIA<\/td>\n<td style=\"height: 21px;text-align: center\" data-sheets-value=\"{&quot;1&quot;:2,&quot;2&quot;:&quot;Pr\\u00e9dio 7, sala 216&quot;}\"><a href=\"https:\/\/www.ufsm.br\/reitoria\/avaliacao\/csaccsh\/wp-content\/uploads\/sites\/712\/2019\/07\/Psicologia-1.pdf\">PDF<\/a><\/td>\n<\/tr>\n<tr style=\"height: 21px\">\n<td style=\"height: 21px\" data-sheets-value=\"{&quot;1&quot;:2,&quot;2&quot;:&quot;CURSO DE ENGENHARIA AEROESPACIAL&quot;}\">RELA\u00c7\u00d5ES INTERNACIONAIS<\/td>\n<td style=\"height: 21px;text-align: center\" data-sheets-value=\"{&quot;1&quot;:2,&quot;2&quot;:&quot;Pr\\u00e9dio 7, sala 216&quot;}\"><a href=\"https:\/\/www.ufsm.br\/reitoria\/avaliacao\/csaccsh\/wp-content\/uploads\/sites\/712\/2019\/07\/RelacoesInternacionais.pdf\">PDF<\/a><\/td>\n<\/tr>\n<tr style=\"height: 21px\">\n<td style=\"height: 21px\" data-sheets-value=\"{&quot;1&quot;:2,&quot;2&quot;:&quot;CURSO DE ENGENHARIA AEROESPACIAL&quot;}\">SERVI\u00c7O SOCIAL<\/td>\n<td style=\"height: 21px;text-align: center\" data-sheets-value=\"{&quot;1&quot;:2,&quot;2&quot;:&quot;Pr\\u00e9dio 7, sala 216&quot;}\"><a href=\"https:\/\/www.ufsm.br\/reitoria\/avaliacao\/csaccsh\/wp-content\/uploads\/sites\/712\/2019\/07\/ServicoSocial-BachareladoNoturno.pdf\">PDF<\/a><\/td>\n<\/tr>\n<\/tbody>\n<\/table>\n","protected":false},"excerpt":{"rendered":"<p>A Comiss\u00e3o Setorial de Avalia\u00e7\u00e3o (CSA) do Centro de Ci\u00eancias \u00a0Sociais e Humanas, apresenta \u00e0 comunidade universit\u00e1ria os resultados da Pesquisa de Avalia\u00e7\u00e3o dos docentes pelos discentes no per\u00edodo do segundo semestre de 2016. Os resultados foram organizados por curso. \u00a0 GRADUA\u00c7\u00c3O CURSO TABELAS ADMINISTRA\u00c7\u00c3O DIURNO PDF ADMINISTRA\u00c7\u00c3O NOTURNO PDF ARQUIVOLOGIA PDF CI\u00caNCIAS SOCIAIS BACHARELADO [&hellip;]<\/p>\n","protected":false},"author":723,"featured_media":0,"parent":0,"menu_order":0,"comment_status":"closed","ping_status":"closed","template":"","meta":{"footnotes":""},"categories":[],"tags":[],"class_list":["post-353","page","type-page","status-publish","hentry"],"acf":[],"_links":{"self":[{"href":"https:\/\/www.ufsm.br\/reitoria\/avaliacao\/csaccsh\/wp-json\/wp\/v2\/pages\/353","targetHints":{"allow":["GET"]}}],"collection":[{"href":"https:\/\/www.ufsm.br\/reitoria\/avaliacao\/csaccsh\/wp-json\/wp\/v2\/pages"}],"about":[{"href":"https:\/\/www.ufsm.br\/reitoria\/avaliacao\/csaccsh\/wp-json\/wp\/v2\/types\/page"}],"author":[{"embeddable":true,"href":"https:\/\/www.ufsm.br\/reitoria\/avaliacao\/csaccsh\/wp-json\/wp\/v2\/users\/723"}],"replies":[{"embeddable":true,"href":"https:\/\/www.ufsm.br\/reitoria\/avaliacao\/csaccsh\/wp-json\/wp\/v2\/comments?post=353"}],"version-history":[{"count":0,"href":"https:\/\/www.ufsm.br\/reitoria\/avaliacao\/csaccsh\/wp-json\/wp\/v2\/pages\/353\/revisions"}],"wp:attachment":[{"href":"https:\/\/www.ufsm.br\/reitoria\/avaliacao\/csaccsh\/wp-json\/wp\/v2\/media?parent=353"}],"wp:term":[{"taxonomy":"category","embeddable":true,"href":"https:\/\/www.ufsm.br\/reitoria\/avaliacao\/csaccsh\/wp-json\/wp\/v2\/categories?post=353"},{"taxonomy":"post_tag","embeddable":true,"href":"https:\/\/www.ufsm.br\/reitoria\/avaliacao\/csaccsh\/wp-json\/wp\/v2\/tags?post=353"}],"curies":[{"name":"wp","href":"https:\/\/api.w.org\/{rel}","templated":true}]}}