{"id":411,"date":"2019-07-23T15:25:04","date_gmt":"2019-07-23T18:25:04","guid":{"rendered":"https:\/\/www.ufsm.br\/reitoria\/avaliacao\/csaccsh\/?page_id=411"},"modified":"2019-07-23T15:25:07","modified_gmt":"2019-07-23T18:25:07","slug":"resultados-da-auto-avaliacao-de-2014","status":"publish","type":"page","link":"https:\/\/www.ufsm.br\/reitoria\/avaliacao\/csaccsh\/resultados-da-auto-avaliacao-de-2014","title":{"rendered":"RESULTADOS DA AUTO AVALIA\u00c7\u00c3O DE 2014"},"content":{"rendered":"\n<p>Segue em anexo a tabela\u00a0<strong>RESULTADOS DA AUTO AVALIACAO DE 2014<\/strong>, onde constam os dados da pesquisa de\u00a0Autoavalia\u00e7\u00e3o Institucional, realizada pela CPA em 2014. A pesquisa exp\u00f5e\u00a0respostas dos discentes referentes ao desenvolvimento institucional, politicas acad\u00eamicas e pol\u00edticas de gest\u00e3o. Pode-se observar o percentual de alunos participantes da enquete, fazendo uma compara\u00e7\u00e3o com o n\u00famero total de alunos aptos a participarem. Consta tamb\u00e9m o n\u00famero de resposta e o percentual correspondente relativo a cada curso.<\/p>\n<p>Com rela\u00e7\u00e3o ao segmento \u201cdesenvolvimento institucional\u201d, as respostas poss\u00edveis s\u00e3o: conhe\u00e7o, conhe\u00e7o parcialmente e desconhe\u00e7o. J\u00e1 nas perguntas sobre \u201cpol\u00edticas acad\u00eamicas\u201d e \u201cpol\u00edticas de gest\u00e3o\u201d, as alternativas baseiam-se em: excelente, muito bom, bom, regular, insatisfat\u00f3rio e desconhe\u00e7o.<\/p>\n<p>Salienta-se que a amostra da pesquisa \u00e9 v\u00e1lida considerando-se todos os alunos da UFSM como popula\u00e7\u00e3o, entretanto, em alguns cursos, poucos alunos responderam \u00e0 pesquisa, o que torna a amostra inv\u00e1lida estatisticamente, ou seja, \u00e9 uma pesquisa n\u00e3o probabil\u00edstica composta por tr\u00eas informa\u00e7\u00f5es: curso, centro e geral da UFSM.<\/p>\n<p>Cabe a cada curso efetuar a an\u00e1lise que julgar pertinente, considerando suas particularidades e especificidades conforme as caracter\u00edsticas do curso.<\/p>\n<p>\u00a0<\/p>\n<p><strong>Para acess\u00e1-lo clique no nome do curso:<\/strong><\/p>\n<p><a href=\"https:\/\/www.ufsm.br\/reitoria\/avaliacao\/csaccsh\/wp-content\/uploads\/sites\/712\/2019\/07\/ADM-_Diurno.pdf\">Administra\u00e7\u00e3o\u00a0Diurno<\/a><\/p>\n<p><a href=\"https:\/\/www.ufsm.br\/reitoria\/avaliacao\/csaccsh\/wp-content\/uploads\/sites\/712\/2019\/07\/ADM-_Noturno.pdf\">Administra\u00e7\u00e3o Noturno<\/a><\/p>\n<p><a href=\"https:\/\/www.ufsm.br\/reitoria\/avaliacao\/csaccsh\/wp-content\/uploads\/sites\/712\/2019\/07\/Arquivologia_1.pdf\">Arquivologia<\/a><\/p>\n<p><a href=\"https:\/\/www.ufsm.br\/reitoria\/avaliacao\/csaccsh\/wp-content\/uploads\/sites\/712\/2019\/07\/Ci\u00eancias_Cont\u00e1beis_Diuno.pdf\">Ci\u00eancias Cont\u00e1beis Diurno\u00a0<\/a><\/p>\n<p><a href=\"https:\/\/www.ufsm.br\/reitoria\/avaliacao\/csaccsh\/wp-content\/uploads\/sites\/712\/2019\/07\/Ci\u00eancias_Cont\u00e1beis_Noturno.pdf\">Ci\u00eancias Cont\u00e1beis Noturno<\/a><\/p>\n<p><a href=\"https:\/\/www.ufsm.br\/reitoria\/avaliacao\/csaccsh\/wp-content\/uploads\/sites\/712\/2019\/07\/Ci\u00eancias_Economicas-_Diurno.pdf\">Ci\u00eancias Econ\u00f4micas Diurno<\/a><\/p>\n<p><a href=\"https:\/\/www.ufsm.br\/reitoria\/avaliacao\/csaccsh\/wp-content\/uploads\/sites\/712\/2019\/07\/Ci\u00eancias_Economicas-_Noturno.pdf\">Ci\u00eancias Econ\u00f4micas Noturno<\/a><\/p>\n<p><a href=\"https:\/\/www.ufsm.br\/reitoria\/avaliacao\/csaccsh\/wp-content\/uploads\/sites\/712\/2019\/07\/Ci\u00eancias_Sociais-_Bacharel.pdf\">Ci\u00eancias Sociais Bacharelado<\/a><\/p>\n<p><a href=\"https:\/\/www.ufsm.br\/reitoria\/avaliacao\/csaccsh\/wp-content\/uploads\/sites\/712\/2019\/07\/Ci\u00eancias_Sociais-_Licenciatura.pdf\">Ci\u00eancias Sociais Licenciatura\u00a0<\/a><\/p>\n<p>Comunica\u00e7\u00e3o Social &#8211; Produ\u00e7\u00e3o Editorial\u00a0<\/p>\n<p>Comunica\u00e7\u00e3o Social &#8211; Publicidade e Propaganda<\/p>\n<p><a href=\"https:\/\/www.ufsm.br\/reitoria\/avaliacao\/csaccsh\/wp-content\/uploads\/sites\/712\/2019\/07\/Comun._Social._Relac._Publicas.pdf\">Comunica\u00e7\u00e3o Social &#8211; Rela\u00e7\u00f5es P\u00fablicas<\/a><\/p>\n<p><a href=\"https:\/\/www.ufsm.br\/reitoria\/avaliacao\/csaccsh\/wp-content\/uploads\/sites\/712\/2019\/07\/Direito-_Diurno.pdf\">Direito Diurno<\/a><\/p>\n<p><a href=\"https:\/\/www.ufsm.br\/reitoria\/avaliacao\/csaccsh\/wp-content\/uploads\/sites\/712\/2019\/07\/Direito-_Noturno.pdf\">Direito Noturno<\/a><\/p>\n<p><a href=\"https:\/\/www.ufsm.br\/reitoria\/avaliacao\/csaccsh\/wp-content\/uploads\/sites\/712\/2019\/07\/Filosofia_Bacharel.pdf\">Filosofia Bacharelado<\/a><\/p>\n<p><a href=\"https:\/\/www.ufsm.br\/reitoria\/avaliacao\/csaccsh\/wp-content\/uploads\/sites\/712\/2019\/07\/Filosofia-_Licenciatura.pdf\">Filosofia Licenciatura\u00a0<\/a><\/p>\n<p><a href=\"https:\/\/www.ufsm.br\/reitoria\/avaliacao\/csaccsh\/wp-content\/uploads\/sites\/712\/2019\/07\/Hist\u00f3ria-.pdf\">Hist\u00f3ria Bacharelado e Licenciatura<\/a><\/p>\n<p><a href=\"https:\/\/www.ufsm.br\/reitoria\/avaliacao\/csaccsh\/wp-content\/uploads\/sites\/712\/2019\/07\/Psicologia-2.pdf\">Psicologia<\/a><\/p>\n<p><a href=\"https:\/\/www.ufsm.br\/reitoria\/avaliacao\/csaccsh\/wp-content\/uploads\/sites\/712\/2019\/07\/Rela\u00e7\u00f5es_Internacionais.pdf\">Rela\u00e7\u00f5es Internacionais<\/a><\/p>\n<p><a href=\"https:\/\/www.ufsm.br\/reitoria\/avaliacao\/csaccsh\/wp-content\/uploads\/sites\/712\/2019\/07\/Servi\u00e7o_Social.pdf\">Servi\u00e7o Social\u00a0<\/a><\/p>\n<p><a href=\"https:\/\/www.ufsm.br\/reitoria\/avaliacao\/csaccsh\/wp-content\/uploads\/sites\/712\/2019\/07\/Sociologia-_Licenciatura.pdf\">Sociologia Licenciatura\u00a0<\/a><\/p>\n<p>\u00a0<\/p>\n<p>\u00a0<\/p>\n","protected":false},"excerpt":{"rendered":"<p>Segue em anexo a tabela\u00a0RESULTADOS DA AUTO AVALIACAO DE 2014, onde constam os dados da pesquisa de\u00a0Autoavalia\u00e7\u00e3o Institucional, realizada pela CPA em 2014. A pesquisa exp\u00f5e\u00a0respostas dos discentes referentes ao desenvolvimento institucional, politicas acad\u00eamicas e pol\u00edticas de gest\u00e3o. Pode-se observar o percentual de alunos participantes da enquete, fazendo uma compara\u00e7\u00e3o com o n\u00famero total de [&hellip;]<\/p>\n","protected":false},"author":723,"featured_media":0,"parent":0,"menu_order":0,"comment_status":"closed","ping_status":"closed","template":"","meta":{"footnotes":""},"categories":[],"tags":[],"class_list":["post-411","page","type-page","status-publish","hentry"],"acf":[],"_links":{"self":[{"href":"https:\/\/www.ufsm.br\/reitoria\/avaliacao\/csaccsh\/wp-json\/wp\/v2\/pages\/411","targetHints":{"allow":["GET"]}}],"collection":[{"href":"https:\/\/www.ufsm.br\/reitoria\/avaliacao\/csaccsh\/wp-json\/wp\/v2\/pages"}],"about":[{"href":"https:\/\/www.ufsm.br\/reitoria\/avaliacao\/csaccsh\/wp-json\/wp\/v2\/types\/page"}],"author":[{"embeddable":true,"href":"https:\/\/www.ufsm.br\/reitoria\/avaliacao\/csaccsh\/wp-json\/wp\/v2\/users\/723"}],"replies":[{"embeddable":true,"href":"https:\/\/www.ufsm.br\/reitoria\/avaliacao\/csaccsh\/wp-json\/wp\/v2\/comments?post=411"}],"version-history":[{"count":0,"href":"https:\/\/www.ufsm.br\/reitoria\/avaliacao\/csaccsh\/wp-json\/wp\/v2\/pages\/411\/revisions"}],"wp:attachment":[{"href":"https:\/\/www.ufsm.br\/reitoria\/avaliacao\/csaccsh\/wp-json\/wp\/v2\/media?parent=411"}],"wp:term":[{"taxonomy":"category","embeddable":true,"href":"https:\/\/www.ufsm.br\/reitoria\/avaliacao\/csaccsh\/wp-json\/wp\/v2\/categories?post=411"},{"taxonomy":"post_tag","embeddable":true,"href":"https:\/\/www.ufsm.br\/reitoria\/avaliacao\/csaccsh\/wp-json\/wp\/v2\/tags?post=411"}],"curies":[{"name":"wp","href":"https:\/\/api.w.org\/{rel}","templated":true}]}}