{"id":1201,"date":"2025-02-13T12:22:37","date_gmt":"2025-02-13T15:22:37","guid":{"rendered":"https:\/\/www.ufsm.br\/reitoria\/avaliacao\/csace\/?page_id=1201"},"modified":"2025-02-13T12:22:38","modified_gmt":"2025-02-13T15:22:38","slug":"documentos-oficiais","status":"publish","type":"page","link":"https:\/\/www.ufsm.br\/reitoria\/avaliacao\/csace\/documentos-oficiais","title":{"rendered":"Documentos Oficiais"},"content":{"rendered":"\n<p>Documentos oficiais, legisla\u00e7\u00e3o e outros documentos pertinentes \u00e0 organiza\u00e7\u00e3o e atividade da CAICE\/CSA-CE.<\/p>\n","protected":false},"excerpt":{"rendered":"<p>Documentos oficiais, legisla\u00e7\u00e3o e outros documentos pertinentes \u00e0 organiza\u00e7\u00e3o e atividade da CAICE\/CSA-CE.<\/p>\n","protected":false},"author":5710,"featured_media":0,"parent":0,"menu_order":0,"comment_status":"closed","ping_status":"closed","template":"","meta":{"footnotes":""},"categories":[],"tags":[],"class_list":["post-1201","page","type-page","status-publish","hentry"],"acf":[],"_links":{"self":[{"href":"https:\/\/www.ufsm.br\/reitoria\/avaliacao\/csace\/wp-json\/wp\/v2\/pages\/1201","targetHints":{"allow":["GET"]}}],"collection":[{"href":"https:\/\/www.ufsm.br\/reitoria\/avaliacao\/csace\/wp-json\/wp\/v2\/pages"}],"about":[{"href":"https:\/\/www.ufsm.br\/reitoria\/avaliacao\/csace\/wp-json\/wp\/v2\/types\/page"}],"author":[{"embeddable":true,"href":"https:\/\/www.ufsm.br\/reitoria\/avaliacao\/csace\/wp-json\/wp\/v2\/users\/5710"}],"replies":[{"embeddable":true,"href":"https:\/\/www.ufsm.br\/reitoria\/avaliacao\/csace\/wp-json\/wp\/v2\/comments?post=1201"}],"version-history":[{"count":0,"href":"https:\/\/www.ufsm.br\/reitoria\/avaliacao\/csace\/wp-json\/wp\/v2\/pages\/1201\/revisions"}],"wp:attachment":[{"href":"https:\/\/www.ufsm.br\/reitoria\/avaliacao\/csace\/wp-json\/wp\/v2\/media?parent=1201"}],"wp:term":[{"taxonomy":"category","embeddable":true,"href":"https:\/\/www.ufsm.br\/reitoria\/avaliacao\/csace\/wp-json\/wp\/v2\/categories?post=1201"},{"taxonomy":"post_tag","embeddable":true,"href":"https:\/\/www.ufsm.br\/reitoria\/avaliacao\/csace\/wp-json\/wp\/v2\/tags?post=1201"}],"curies":[{"name":"wp","href":"https:\/\/api.w.org\/{rel}","templated":true}]}}