{"id":693,"date":"2020-01-27T08:11:23","date_gmt":"2020-01-27T11:11:23","guid":{"rendered":"https:\/\/www.ufsm.br\/reitoria\/avaliacao\/csace\/?page_id=693"},"modified":"2025-11-18T17:20:02","modified_gmt":"2025-11-18T20:20:02","slug":"equipe-caice-csa-ce","status":"publish","type":"page","link":"https:\/\/www.ufsm.br\/reitoria\/avaliacao\/csace\/equipe-caice-csa-ce","title":{"rendered":"Equipe CAICE\/CSA-CE"},"content":{"rendered":"\n<p>\u00a0<\/p>\n<p><strong>Presidente:<\/strong><\/p>\n<p><span style=\"font-size: inherit\">TAE Diego Stigger Marins<\/span><\/p>\n<p><strong>Vice-Presidente:<\/strong><\/p>\n<p><span style=\"font-size: inherit\">Professora Fabiane Adela Tonetto Costas<\/span><\/p>\n<p><b>TAE:<\/b><\/p>\n<p>Assistente em Administra\u00e7\u00e3o Charlene do Nascimento Loreto<\/p>\n<p><strong>Bolsistas: <\/strong><\/p>\n<p>Acad\u00eamica Denise \u00c2ngela Wunder Della Flora<\/p>\n<p>Acad\u00eamico Gabriel Gollmann Rohr<\/p>\n<p><strong>Consultoria Interna:<\/strong><\/p>\n<p>Professor Jos\u00e9 Luiz Padilha Damilano<\/p>\n","protected":false},"excerpt":{"rendered":"<p>\u00a0 Presidente: TAE Diego Stigger Marins Vice-Presidente: Professora Fabiane Adela Tonetto Costas TAE: Assistente em Administra\u00e7\u00e3o Charlene do Nascimento Loreto Bolsistas: Acad\u00eamica Denise \u00c2ngela Wunder Della Flora Acad\u00eamico Gabriel Gollmann Rohr Consultoria Interna: Professor Jos\u00e9 Luiz Padilha Damilano<\/p>\n","protected":false},"author":2222,"featured_media":0,"parent":0,"menu_order":0,"comment_status":"closed","ping_status":"closed","template":"","meta":{"footnotes":""},"categories":[],"tags":[],"class_list":["post-693","page","type-page","status-publish","hentry"],"acf":[],"_links":{"self":[{"href":"https:\/\/www.ufsm.br\/reitoria\/avaliacao\/csace\/wp-json\/wp\/v2\/pages\/693","targetHints":{"allow":["GET"]}}],"collection":[{"href":"https:\/\/www.ufsm.br\/reitoria\/avaliacao\/csace\/wp-json\/wp\/v2\/pages"}],"about":[{"href":"https:\/\/www.ufsm.br\/reitoria\/avaliacao\/csace\/wp-json\/wp\/v2\/types\/page"}],"author":[{"embeddable":true,"href":"https:\/\/www.ufsm.br\/reitoria\/avaliacao\/csace\/wp-json\/wp\/v2\/users\/2222"}],"replies":[{"embeddable":true,"href":"https:\/\/www.ufsm.br\/reitoria\/avaliacao\/csace\/wp-json\/wp\/v2\/comments?post=693"}],"version-history":[{"count":0,"href":"https:\/\/www.ufsm.br\/reitoria\/avaliacao\/csace\/wp-json\/wp\/v2\/pages\/693\/revisions"}],"wp:attachment":[{"href":"https:\/\/www.ufsm.br\/reitoria\/avaliacao\/csace\/wp-json\/wp\/v2\/media?parent=693"}],"wp:term":[{"taxonomy":"category","embeddable":true,"href":"https:\/\/www.ufsm.br\/reitoria\/avaliacao\/csace\/wp-json\/wp\/v2\/categories?post=693"},{"taxonomy":"post_tag","embeddable":true,"href":"https:\/\/www.ufsm.br\/reitoria\/avaliacao\/csace\/wp-json\/wp\/v2\/tags?post=693"}],"curies":[{"name":"wp","href":"https:\/\/api.w.org\/{rel}","templated":true}]}}