{"id":2,"date":"2019-05-14T15:59:30","date_gmt":"2019-05-14T18:59:30","guid":{"rendered":"https:\/\/www.ufsm.br\/laboratorios-larp\/?page_id=2"},"modified":"2025-01-13T12:10:04","modified_gmt":"2025-01-13T15:10:04","slug":"pagina-inicial","status":"publish","type":"page","link":"https:\/\/www.ufsm.br\/reitoria\/avaliacao\/csacefd\/","title":{"rendered":"P\u00e1gina inicial"},"content":{"rendered":"\t\t<div data-elementor-type=\"wp-post\" data-elementor-id=\"2\" class=\"elementor elementor-2\">\n\t\t\t\t\t\t<section class=\"elementor-section elementor-top-section elementor-element elementor-element-709a112 elementor-section-boxed elementor-section-height-default elementor-section-height-default\" data-id=\"709a112\" data-element_type=\"section\">\n\t\t\t\t\t\t<div class=\"elementor-container elementor-column-gap-default\">\n\t\t\t\t\t<div class=\"elementor-column elementor-col-100 elementor-top-column elementor-element elementor-element-a971546\" data-id=\"a971546\" data-element_type=\"column\">\n\t\t\t<div class=\"elementor-widget-wrap elementor-element-populated\">\n\t\t\t\t\t\t<div class=\"elementor-element elementor-element-4d661d2 elementor-widget elementor-widget-wp-widget-ufsm_noticias_widget\" data-id=\"4d661d2\" data-element_type=\"widget\" data-widget_type=\"wp-widget-ufsm_noticias_widget.default\">\n\t\t\t\t<div class=\"elementor-widget-container\">\n\t\t\t<div id='ufsm-carousel-1775566351-1497650484' class='carousel slide carousel-ufsm' data-bs-ride='carousel' aria-hidden='true'>\n    <div class='carousel-inner'>\n                    \n\n            <div class='carousel-item active' data-bs-interval='4000'>\n                                    <!-- Slider Image -->\n                    <img class='w-100'  style='max-height:250px; object-fit:cover;' alt=\"O papel da Comiss\u00e3o Setorial de Avalia\u00e7\u00e3o do Centro de Educa\u00e7\u00e3o F\u00edsica e Desportos As Comiss\u00f5es Setoriais de Avalia\u00e7\u00e3o atuam em todos os Centros de Ensino, Col\u00e9gios e campi fora da sede da UFSM.\u00a0 Elas divulgam e mobilizam a comunidade&hellip;\" srcset=\"https:\/\/www.ufsm.br\/app\/uploads\/sites\/734\/2021\/08\/Template-banner-1-300x75.jpg 300w, https:\/\/www.ufsm.br\/app\/uploads\/sites\/734\/2021\/08\/Template-banner-1-768x192.jpg 768w, https:\/\/www.ufsm.br\/app\/uploads\/sites\/734\/2021\/08\/Template-banner-1.jpg 1000w\">\n                \n                \n                                                            <\/div>\n                    <!-- Exibi Indicadores -->\n            <\/div>\n<\/div>\n<!-- Acessibilidade, apenas leitor de tela -->\n<ul class='visually-hidden'>\n    <li><a href='https:\/\/www.ufsm.br\/reitoria\/avaliacao\/csacefd\/sobre'>Conhe\u00e7a a CSACEFD<\/a><\/li><\/ul>\n\t\t<\/div>\n\t\t\t\t<\/div>\n\t\t\t\t\t<\/div>\n\t\t<\/div>\n\t\t\t\t\t<\/div>\n\t\t<\/section>\n\t\t\t\t<section class=\"elementor-section elementor-top-section elementor-element elementor-element-bc0957d elementor-section-boxed elementor-section-height-default elementor-section-height-default\" data-id=\"bc0957d\" data-element_type=\"section\">\n\t\t\t\t\t\t<div class=\"elementor-container elementor-column-gap-default\">\n\t\t\t\t\t<div class=\"elementor-column elementor-col-100 elementor-top-column elementor-element elementor-element-c178818\" data-id=\"c178818\" data-element_type=\"column\">\n\t\t\t<div class=\"elementor-widget-wrap elementor-element-populated\">\n\t\t\t\t\t\t<div class=\"elementor-element elementor-element-73cf6ba elementor-widget elementor-widget-text-editor\" data-id=\"73cf6ba\" data-element_type=\"widget\" data-widget_type=\"text-editor.default\">\n\t\t\t\t<div class=\"elementor-widget-container\">\n\t\t\t\t\t\t\t<p>A Avalia\u00e7\u00e3o Institucional \u00e9 um processo essencial para o fortalecimento e desenvolvimento da Universidade Federal de Santa Maria (UFSM). Por meio dela, a institui\u00e7\u00e3o busca identificar seus pontos fortes, \u00e1reas a serem aprimoradas e propor a\u00e7\u00f5es estrat\u00e9gicas que garantam a qualidade acad\u00eamica, administrativa e social.<br \/>Este processo, conduzido com transpar\u00eancia e participa\u00e7\u00e3o da comunidade acad\u00eamica, \u00e9 fundamentado nas diretrizes do Sistema Nacional de Avalia\u00e7\u00e3o da Educa\u00e7\u00e3o Superior (SINAES). A Avalia\u00e7\u00e3o Institucional envolve an\u00e1lises cont\u00ednuas que abrangem aspectos como ensino, pesquisa, extens\u00e3o, infraestrutura, gest\u00e3o, entre outros.<\/p>\t\t\t\t\t\t<\/div>\n\t\t\t\t<\/div>\n\t\t\t\t<div class=\"elementor-element elementor-element-684e9ce elementor-widget-divider--view-line elementor-widget elementor-widget-divider\" data-id=\"684e9ce\" data-element_type=\"widget\" data-widget_type=\"divider.default\">\n\t\t\t\t<div class=\"elementor-widget-container\">\n\t\t\t\t\t<div class=\"elementor-divider\">\n\t\t\t<span class=\"elementor-divider-separator\">\n\t\t\t\t\t\t<\/span>\n\t\t<\/div>\n\t\t\t\t<\/div>\n\t\t\t\t<\/div>\n\t\t\t\t<div class=\"elementor-element elementor-element-666c041 elementor-tabs-view-horizontal elementor-widget elementor-widget-tabs\" data-id=\"666c041\" data-element_type=\"widget\" data-widget_type=\"tabs.default\">\n\t\t\t\t<div class=\"elementor-widget-container\">\n\t\t\t\t\t<div class=\"elementor-tabs\">\n\t\t\t<div class=\"elementor-tabs-wrapper\" role=\"tablist\" >\n\t\t\t\t\t\t\t\t\t<div id=\"elementor-tab-title-1071\" class=\"elementor-tab-title elementor-tab-desktop-title\" aria-selected=\"true\" data-tab=\"1\" role=\"tab\" tabindex=\"0\" aria-controls=\"elementor-tab-content-1071\" aria-expanded=\"false\">Contato e Membros<\/div>\n\t\t\t\t\t\t\t\t\t<div id=\"elementor-tab-title-1072\" class=\"elementor-tab-title elementor-tab-desktop-title\" aria-selected=\"false\" data-tab=\"2\" role=\"tab\" tabindex=\"-1\" aria-controls=\"elementor-tab-content-1072\" aria-expanded=\"false\">A\u00e7\u00f5es Desenvolvidas<\/div>\n\t\t\t\t\t\t\t\t\t<div id=\"elementor-tab-title-1073\" class=\"elementor-tab-title elementor-tab-desktop-title\" aria-selected=\"false\" data-tab=\"3\" role=\"tab\" tabindex=\"-1\" aria-controls=\"elementor-tab-content-1073\" aria-expanded=\"false\">Fotos<\/div>\n\t\t\t\t\t\t\t<\/div>\n\t\t\t<div class=\"elementor-tabs-content-wrapper\" role=\"tablist\" aria-orientation=\"vertical\">\n\t\t\t\t\t\t\t\t\t<div class=\"elementor-tab-title elementor-tab-mobile-title\" aria-selected=\"true\" data-tab=\"1\" role=\"tab\" tabindex=\"0\" aria-controls=\"elementor-tab-content-1071\" aria-expanded=\"false\">Contato e Membros<\/div>\n\t\t\t\t\t<div id=\"elementor-tab-content-1071\" class=\"elementor-tab-content elementor-clearfix\" data-tab=\"1\" role=\"tabpanel\" aria-labelledby=\"elementor-tab-title-1071\" tabindex=\"0\" hidden=\"false\"><p><strong><a href=\"https:\/\/drive.google.com\/file\/d\/11UZm-aNHbEXWpW4jJryA32yeKySy0v92\/view\">Membros (Port. 29\/2024 CEFD)<\/a><\/strong><br \/>TAE Gisandro Cunha Ilha \u2013 Presidente<br \/>TAE Joice Gaspary Alves<br \/>Prof\u00ba. Frederico Diniz Lima<br \/>Prof\u00aa. Gitane Fuke<\/p><p><strong>Contato<br \/><\/strong>csa.cefd@ufsm.br<\/p><\/div>\n\t\t\t\t\t\t\t\t\t<div class=\"elementor-tab-title elementor-tab-mobile-title\" aria-selected=\"false\" data-tab=\"2\" role=\"tab\" tabindex=\"-1\" aria-controls=\"elementor-tab-content-1072\" aria-expanded=\"false\">A\u00e7\u00f5es Desenvolvidas<\/div>\n\t\t\t\t\t<div id=\"elementor-tab-content-1072\" class=\"elementor-tab-content elementor-clearfix\" data-tab=\"2\" role=\"tabpanel\" aria-labelledby=\"elementor-tab-title-1072\" tabindex=\"0\" hidden=\"hidden\"><p><strong>2024<\/strong><br \/>&#8211; Mobiliza\u00e7\u00e3o e conscientiza\u00e7\u00e3o dos estudantes \u00e0 participa\u00e7\u00e3o nos processos avaliativos;<br \/>&#8211; Confec\u00e7\u00e3o de um banner permanente para divulga\u00e7\u00e3o da avalia\u00e7\u00e3o ensino-aprendizagem;<br \/>&#8211; Visando a maior participa\u00e7\u00e3o de discentes, foi feita a compra de alguns brindes da Grife\/UFSM que foram sorteados entre os respondentes da avalia\u00e7\u00e3o 2024\/1;<\/p><p>&#8211; Aquisi\u00e7\u00e3o de 10 refletores de LED de 200w, instalados para a melhoria da ilumina\u00e7\u00e3o entre os pr\u00e9dios do CEFD;<\/p><p>&#8211; Custeio integral dos banners da JAI a todos os estudantes do CEFD (gradua\u00e7\u00e3o e p\u00f3s-gradua\u00e7\u00e3o);<\/p><p>&#8211; Pagamento de passagens rodovi\u00e1rias para 9 estudantes e 1 professora do Curso de Dan\u00e7a-Licenciatura para o evento \u201cPaix\u00e3o pela Dan\u00e7a \u2013 18 anos do Grupo Tch\u00ea UFRGS\u201d;<\/p><p>&#8211; Repasse ao almoxarifado Central da UFSM, para a aquisi\u00e7\u00e3o de papel higi\u00eanico e sabonete l\u00edquido para banheiros do CEFD.<br \/><strong><br \/>Investimento total aplicado nas a\u00e7\u00f5es: R$10.808,90<\/strong><\/p><\/div>\n\t\t\t\t\t\t\t\t\t<div class=\"elementor-tab-title elementor-tab-mobile-title\" aria-selected=\"false\" data-tab=\"3\" role=\"tab\" tabindex=\"-1\" aria-controls=\"elementor-tab-content-1073\" aria-expanded=\"false\">Fotos<\/div>\n\t\t\t\t\t<div id=\"elementor-tab-content-1073\" class=\"elementor-tab-content elementor-clearfix\" data-tab=\"3\" role=\"tabpanel\" aria-labelledby=\"elementor-tab-title-1073\" tabindex=\"0\" hidden=\"hidden\"><p>\u00a0<\/p><figure id=\"attachment_576\" aria-describedby=\"caption-attachment-576\" style=\"width: 929px\" class=\"wp-caption aligncenter\"><a href=\"https:\/\/www.ufsm.br\/reitoria\/avaliacao\/csacefd\/img-20241209-wa0034-1\" rel=\"attachment wp-att-576\"><img fetchpriority=\"high\" decoding=\"async\" class=\"wp-image-576\" src=\"https:\/\/www.ufsm.br\/app\/uploads\/sites\/734\/2025\/01\/IMG-20241209-WA0034-1-1024x768.jpg\" alt=\"\" width=\"929\" height=\"697\" srcset=\"https:\/\/www.ufsm.br\/app\/uploads\/sites\/734\/2025\/01\/IMG-20241209-WA0034-1-1024x768.jpg 1024w, https:\/\/www.ufsm.br\/app\/uploads\/sites\/734\/2025\/01\/IMG-20241209-WA0034-1-300x225.jpg 300w, https:\/\/www.ufsm.br\/app\/uploads\/sites\/734\/2025\/01\/IMG-20241209-WA0034-1-768x576.jpg 768w, https:\/\/www.ufsm.br\/app\/uploads\/sites\/734\/2025\/01\/IMG-20241209-WA0034-1.jpg 1032w\" sizes=\"(max-width: 929px) 100vw, 929px\" \/><\/a><figcaption id=\"caption-attachment-576\" class=\"wp-caption-text\">Grupo de Estudantes do Curso Dan\u00e7a-Licenciatura, no evento \u201cPaix\u00e3o pela Dan\u00e7a \u2013 18 anos do Grupo Tch\u00ea UFRGS\u201d;<\/figcaption><\/figure><p>\u00a0<\/p><\/div>\n\t\t\t\t\t\t\t<\/div>\n\t\t<\/div>\n\t\t\t\t<\/div>\n\t\t\t\t<\/div>\n\t\t\t\t<div class=\"elementor-element elementor-element-1757fad elementor-widget elementor-widget-wp-widget-ufsm_noticias_widget\" data-id=\"1757fad\" data-element_type=\"widget\" data-widget_type=\"wp-widget-ufsm_noticias_widget.default\">\n\t\t\t\t<div class=\"elementor-widget-container\">\n\t\t\t<p>Nenhuma not\u00edcia encontrada para esta se\u00e7\u00e3o.<\/p>\t\t<\/div>\n\t\t\t\t<\/div>\n\t\t\t\t\t<\/div>\n\t\t<\/div>\n\t\t\t\t\t<\/div>\n\t\t<\/section>\n\t\t\t\t<\/div>\n\t\t","protected":false},"excerpt":{"rendered":"<p>A Avalia\u00e7\u00e3o Institucional \u00e9 um processo essencial para o fortalecimento e desenvolvimento da Universidade Federal de Santa Maria (UFSM). Por meio dela, a institui\u00e7\u00e3o busca identificar seus pontos fortes, \u00e1reas a serem aprimoradas e propor a\u00e7\u00f5es estrat\u00e9gicas que garantam a qualidade acad\u00eamica, administrativa e social.Este processo, conduzido com transpar\u00eancia e participa\u00e7\u00e3o da comunidade acad\u00eamica, \u00e9 [&hellip;]<\/p>\n","protected":false},"author":26,"featured_media":0,"parent":0,"menu_order":0,"comment_status":"closed","ping_status":"open","template":"","meta":{"footnotes":""},"categories":[],"tags":[],"class_list":["post-2","page","type-page","status-publish","hentry"],"acf":[],"_links":{"self":[{"href":"https:\/\/www.ufsm.br\/reitoria\/avaliacao\/csacefd\/wp-json\/wp\/v2\/pages\/2","targetHints":{"allow":["GET"]}}],"collection":[{"href":"https:\/\/www.ufsm.br\/reitoria\/avaliacao\/csacefd\/wp-json\/wp\/v2\/pages"}],"about":[{"href":"https:\/\/www.ufsm.br\/reitoria\/avaliacao\/csacefd\/wp-json\/wp\/v2\/types\/page"}],"author":[{"embeddable":true,"href":"https:\/\/www.ufsm.br\/reitoria\/avaliacao\/csacefd\/wp-json\/wp\/v2\/users\/26"}],"replies":[{"embeddable":true,"href":"https:\/\/www.ufsm.br\/reitoria\/avaliacao\/csacefd\/wp-json\/wp\/v2\/comments?post=2"}],"version-history":[{"count":0,"href":"https:\/\/www.ufsm.br\/reitoria\/avaliacao\/csacefd\/wp-json\/wp\/v2\/pages\/2\/revisions"}],"wp:attachment":[{"href":"https:\/\/www.ufsm.br\/reitoria\/avaliacao\/csacefd\/wp-json\/wp\/v2\/media?parent=2"}],"wp:term":[{"taxonomy":"category","embeddable":true,"href":"https:\/\/www.ufsm.br\/reitoria\/avaliacao\/csacefd\/wp-json\/wp\/v2\/categories?post=2"},{"taxonomy":"post_tag","embeddable":true,"href":"https:\/\/www.ufsm.br\/reitoria\/avaliacao\/csacefd\/wp-json\/wp\/v2\/tags?post=2"}],"curies":[{"name":"wp","href":"https:\/\/api.w.org\/{rel}","templated":true}]}}