{"id":22,"date":"2019-05-14T17:01:42","date_gmt":"2019-05-14T20:01:42","guid":{"rendered":"https:\/\/www.ufsm.br\/template-laboratprio\/?page_id=22"},"modified":"2025-01-13T12:05:33","modified_gmt":"2025-01-13T15:05:33","slug":"sobre","status":"publish","type":"page","link":"https:\/\/www.ufsm.br\/reitoria\/avaliacao\/csacefd\/sobre","title":{"rendered":"Conhe\u00e7a a CSACEFD"},"content":{"rendered":"\t\t<div data-elementor-type=\"wp-post\" data-elementor-id=\"22\" class=\"elementor elementor-22\">\n\t\t\t\t\t\t<section class=\"elementor-section elementor-top-section elementor-element elementor-element-920814a elementor-section-boxed elementor-section-height-default elementor-section-height-default\" data-id=\"920814a\" data-element_type=\"section\">\n\t\t\t\t\t\t<div class=\"elementor-container elementor-column-gap-default\">\n\t\t\t\t\t<div class=\"elementor-column elementor-col-100 elementor-top-column elementor-element elementor-element-63088f7\" data-id=\"63088f7\" data-element_type=\"column\">\n\t\t\t<div class=\"elementor-widget-wrap elementor-element-populated\">\n\t\t\t\t\t\t<div class=\"elementor-element elementor-element-68a406f elementor-widget elementor-widget-toggle\" data-id=\"68a406f\" data-element_type=\"widget\" data-widget_type=\"toggle.default\">\n\t\t\t\t<div class=\"elementor-widget-container\">\n\t\t\t\t\t<div class=\"elementor-toggle\">\n\t\t\t\t\t\t\t<div class=\"elementor-toggle-item\">\n\t\t\t\t\t<div id=\"elementor-tab-title-1091\" class=\"elementor-tab-title\" data-tab=\"1\" role=\"button\" aria-controls=\"elementor-tab-content-1091\" aria-expanded=\"false\">\n\t\t\t\t\t\t\t\t\t\t\t\t<a class=\"elementor-toggle-title\" tabindex=\"0\">O papel da Comiss\u00e3o Setorial de Avalia\u00e7\u00e3o do Centro de Educa\u00e7\u00e3o F\u00edsica e Desportos<\/a>\n\t\t\t\t\t<\/div>\n\n\t\t\t\t\t<div id=\"elementor-tab-content-1091\" class=\"elementor-tab-content elementor-clearfix\" data-tab=\"1\" role=\"region\" aria-labelledby=\"elementor-tab-title-1091\"><p><span style=\"font-family: georgia, palatino, serif;font-size: 12pt\">As Comiss\u00f5es Setoriais de Avalia\u00e7\u00e3o atuam em todos os Centros de Ensino, Col\u00e9gios e campi fora da sede da UFSM.\u00a0<\/span><\/p><p><span style=\"font-family: georgia, palatino, serif;font-size: 12pt\">Elas divulgam e mobilizam a comunidade universit\u00e1ria para participar dos processos de avalia\u00e7\u00e3o institucional, o qual auxilia na formula\u00e7\u00e3o dos conceitos de curso e da pr\u00f3pria Universidade.<\/span><\/p><p>O objetivo da CSA \u00e9 expandir e consolidar o processo de avalia\u00e7\u00e3o dentro do Centro, envolvendo a comunidade universit\u00e1ria nos processos avaliativos.<br \/>De acordo com o art. 17 da Resolu\u00e7\u00e3o N.067\/2021, compete \u00e0s CSAs:<\/p><p>1. Sensibilizar a comunidade acad\u00eamica da respectiva unidade para os processos de avalia\u00e7\u00e3o institucional;<br \/>2. Desenvolver o processo de autoavalia\u00e7\u00e3o na unidade, conforme o projeto de autoavalia\u00e7\u00e3o da Universidade e orienta\u00e7\u00f5es da CPA;<br \/>3. Sistematizar e prestar as informa\u00e7\u00f5es solicitadas pela CPA;<br \/>4. Acompanhar os processos de avalia\u00e7\u00f5es interna e externa espec\u00edficas dos cursos da respectiva unidade de ensino;<br \/>5. Fornecer aos(\u00e0s) gestores(as) e coordenadores(as) de curso da respectiva unidade de ensino relat\u00f3rios anal\u00edticos e diagn\u00f3sticos com base nos resultados das avalia\u00e7\u00f5es internas coordenadas pela CPA, bem como relacionados aos indicadores estrat\u00e9gicos previstos no PDI da UFSM;<br \/>6. Fornecer \u00e0 CPA, relat\u00f3rio anual de avalia\u00e7\u00e3o da unidade de ensino, fundamentado nos resultados das avalia\u00e7\u00f5es internas, externas e indicadores estrat\u00e9gicos adotados no PDI da UFSM, apresentando a\u00e7\u00f5es realizadas e previstas com base no diagn\u00f3stico; e,<br \/>7. Reunir-se periodicamente, conforme considerar adequado, para delibera\u00e7\u00f5es no \u00e2mbito da<br \/>respectiva unidade de ensino.<\/p><p>\u00a0<\/p><p><strong>A Avalia\u00e7\u00e3o Institucional segmenta-se em duas modalidades:<\/strong><br \/><br \/><strong><span style=\"text-decoration: underline\">Autoavalia\u00e7\u00e3o<\/span><\/strong> \u2013 Coordenada pela Comiss\u00e3o Pr\u00f3pria de Avalia\u00e7\u00e3o (CPA) de cada institui\u00e7\u00e3o e orientada pelas diretrizes e pelo roteiro da autoavalia\u00e7\u00e3o institucional da Conaes. A autoavalia\u00e7\u00e3o serve para subsidiar a gest\u00e3o universit\u00e1ria, inclusive, para gerar projetos institucionais em v\u00e1rias \u00e1reas que poder\u00e3o fazer parte do Plano de Desenvolvimento Institucional (PDI), qualificando a gest\u00e3o universit\u00e1ria. O resultado da autoavalia\u00e7\u00e3o proporciona \u00e0s unidades de ensino a possibilidade de realizar seu planejamento por meio dos planos de a\u00e7\u00e3o, contribuindo com a verifica\u00e7\u00e3o das necessidades da Institui\u00e7\u00e3o como um todo.<br \/><br \/><strong><span style=\"text-decoration: underline\">Avalia\u00e7\u00e3o externa<\/span><\/strong> \u2013 Realizada por comiss\u00f5es designadas pelo Inep, a avalia\u00e7\u00e3o externa tem como refer\u00eancia os padr\u00f5es de qualidade para a educa\u00e7\u00e3o superior expressos nos instrumentos de avalia\u00e7\u00e3o e os relat\u00f3rios das autoavalia\u00e7\u00f5es.<\/p><\/div>\n\t\t\t\t<\/div>\n\t\t\t\t\t\t\t<div class=\"elementor-toggle-item\">\n\t\t\t\t\t<div id=\"elementor-tab-title-1092\" class=\"elementor-tab-title\" data-tab=\"2\" role=\"button\" aria-controls=\"elementor-tab-content-1092\" aria-expanded=\"false\">\n\t\t\t\t\t\t\t\t\t\t\t\t<a class=\"elementor-toggle-title\" tabindex=\"0\">Solu\u00e7\u00f5es encaminhadas<\/a>\n\t\t\t\t\t<\/div>\n\n\t\t\t\t\t<div id=\"elementor-tab-content-1092\" class=\"elementor-tab-content elementor-clearfix\" data-tab=\"2\" role=\"region\" aria-labelledby=\"elementor-tab-title-1092\"><p>Al\u00e9m disso, as CSAs recebem um pequeno recurso or\u00e7ament\u00e1rio para atender a algumas necessidades indicadas pela comunidade universit\u00e1ria, atrav\u00e9s dos processos de avalia\u00e7\u00e3o. Ou seja: a CSA conduz o processo avaliativo, voc\u00ea participa, opina sobre o que deve melhorar no Centro e a Comiss\u00e3o encaminha a solu\u00e7\u00e3o (ou redu\u00e7\u00e3o) dos problemas, com o recurso que recebe.<\/p><\/div>\n\t\t\t\t<\/div>\n\t\t\t\t\t\t\t<div class=\"elementor-toggle-item\">\n\t\t\t\t\t<div id=\"elementor-tab-title-1093\" class=\"elementor-tab-title\" data-tab=\"3\" role=\"button\" aria-controls=\"elementor-tab-content-1093\" aria-expanded=\"false\">\n\t\t\t\t\t\t\t\t\t\t\t\t<a class=\"elementor-toggle-title\" tabindex=\"0\">Composi\u00e7\u00e3o<\/a>\n\t\t\t\t\t<\/div>\n\n\t\t\t\t\t<div id=\"elementor-tab-content-1093\" class=\"elementor-tab-content elementor-clearfix\" data-tab=\"3\" role=\"region\" aria-labelledby=\"elementor-tab-title-1093\"><p><a href=\"https:\/\/drive.google.com\/file\/d\/11UZm-aNHbEXWpW4jJryA32yeKySy0v92\/view\">Membros (Port. 29\/2024 CEFD)<\/a><br \/>TAE Gisandro Cunha Ilha \u2013 Presidente<br \/>TAE Joice Gaspary Alves<br \/>Prof\u00ba. Frederico Diniz Lima<br \/>Prof\u00aa. Gitane Fuke<\/p><\/div>\n\t\t\t\t<\/div>\n\t\t\t\t\t\t\t<div class=\"elementor-toggle-item\">\n\t\t\t\t\t<div id=\"elementor-tab-title-1094\" class=\"elementor-tab-title\" data-tab=\"4\" role=\"button\" aria-controls=\"elementor-tab-content-1094\" aria-expanded=\"false\">\n\t\t\t\t\t\t\t\t\t\t\t\t<a class=\"elementor-toggle-title\" tabindex=\"0\">Mais informa\u00e7\u00f5es<\/a>\n\t\t\t\t\t<\/div>\n\n\t\t\t\t\t<div id=\"elementor-tab-content-1094\" class=\"elementor-tab-content elementor-clearfix\" data-tab=\"4\" role=\"region\" aria-labelledby=\"elementor-tab-title-1094\"><p>Fique atento\/a \u00e0s not\u00edcias publicadas pela CSA e saiba:\u00a0<\/p><p>&#8211; como participar dos processos avaliativos;<\/p><p>&#8211; como os recursos est\u00e3o sendo usados;<\/p><p>&#8211; como voc\u00ea pode fazer parte da Comiss\u00e3o.<\/p><\/div>\n\t\t\t\t<\/div>\n\t\t\t\t\t\t\t\t<\/div>\n\t\t\t\t<\/div>\n\t\t\t\t<\/div>\n\t\t\t\t\t<\/div>\n\t\t<\/div>\n\t\t\t\t\t<\/div>\n\t\t<\/section>\n\t\t\t\t<section class=\"elementor-section elementor-top-section elementor-element elementor-element-ff3d9ea elementor-section-boxed elementor-section-height-default elementor-section-height-default\" data-id=\"ff3d9ea\" data-element_type=\"section\">\n\t\t\t\t\t\t<div class=\"elementor-container elementor-column-gap-default\">\n\t\t\t\t\t<header class=\"elementor-column elementor-col-100 elementor-top-column elementor-element elementor-element-f1a57bd\" data-id=\"f1a57bd\" data-element_type=\"column\">\n\t\t\t<div class=\"elementor-widget-wrap elementor-element-populated\">\n\t\t\t\t\t\t<div class=\"elementor-element elementor-element-d95b37a elementor-widget elementor-widget-heading\" data-id=\"d95b37a\" data-element_type=\"widget\" data-widget_type=\"heading.default\">\n\t\t\t\t<div class=\"elementor-widget-container\">\n\t\t\t<h1 class=\"elementor-heading-title elementor-size-large\">Avaliar \u00e9 qualificar!<\/h1>\t\t<\/div>\n\t\t\t\t<\/div>\n\t\t\t\t\t<\/div>\n\t\t<\/header>\n\t\t\t\t\t<\/div>\n\t\t<\/section>\n\t\t\t\t<section class=\"elementor-section elementor-top-section elementor-element elementor-element-b2e0eb5 elementor-section-boxed elementor-section-height-default elementor-section-height-default\" data-id=\"b2e0eb5\" data-element_type=\"section\">\n\t\t\t\t\t\t<div class=\"elementor-container elementor-column-gap-default\">\n\t\t\t\t\t<div class=\"elementor-column elementor-col-100 elementor-top-column elementor-element elementor-element-bc9f8d6\" data-id=\"bc9f8d6\" data-element_type=\"column\">\n\t\t\t<div class=\"elementor-widget-wrap\">\n\t\t\t\t\t\t\t<\/div>\n\t\t<\/div>\n\t\t\t\t\t<\/div>\n\t\t<\/section>\n\t\t\t\t<\/div>\n\t\t","protected":false},"excerpt":{"rendered":"<p>O papel da Comiss\u00e3o Setorial de Avalia\u00e7\u00e3o do Centro de Educa\u00e7\u00e3o F\u00edsica e Desportos As Comiss\u00f5es Setoriais de Avalia\u00e7\u00e3o atuam em todos os Centros de Ensino, Col\u00e9gios e campi fora da sede da UFSM.\u00a0 Elas divulgam e mobilizam a comunidade universit\u00e1ria para participar dos processos de avalia\u00e7\u00e3o institucional, o qual auxilia na formula\u00e7\u00e3o dos conceitos [&hellip;]<\/p>\n","protected":false},"author":124,"featured_media":575,"parent":0,"menu_order":0,"comment_status":"closed","ping_status":"closed","template":"","meta":{"footnotes":""},"categories":[9],"tags":[],"class_list":["post-22","page","type-page","status-publish","has-post-thumbnail","hentry","category-banner"],"acf":[],"_links":{"self":[{"href":"https:\/\/www.ufsm.br\/reitoria\/avaliacao\/csacefd\/wp-json\/wp\/v2\/pages\/22","targetHints":{"allow":["GET"]}}],"collection":[{"href":"https:\/\/www.ufsm.br\/reitoria\/avaliacao\/csacefd\/wp-json\/wp\/v2\/pages"}],"about":[{"href":"https:\/\/www.ufsm.br\/reitoria\/avaliacao\/csacefd\/wp-json\/wp\/v2\/types\/page"}],"author":[{"embeddable":true,"href":"https:\/\/www.ufsm.br\/reitoria\/avaliacao\/csacefd\/wp-json\/wp\/v2\/users\/124"}],"replies":[{"embeddable":true,"href":"https:\/\/www.ufsm.br\/reitoria\/avaliacao\/csacefd\/wp-json\/wp\/v2\/comments?post=22"}],"version-history":[{"count":0,"href":"https:\/\/www.ufsm.br\/reitoria\/avaliacao\/csacefd\/wp-json\/wp\/v2\/pages\/22\/revisions"}],"wp:featuredmedia":[{"embeddable":true,"href":"https:\/\/www.ufsm.br\/reitoria\/avaliacao\/csacefd\/wp-json\/wp\/v2\/media\/575"}],"wp:attachment":[{"href":"https:\/\/www.ufsm.br\/reitoria\/avaliacao\/csacefd\/wp-json\/wp\/v2\/media?parent=22"}],"wp:term":[{"taxonomy":"category","embeddable":true,"href":"https:\/\/www.ufsm.br\/reitoria\/avaliacao\/csacefd\/wp-json\/wp\/v2\/categories?post=22"},{"taxonomy":"post_tag","embeddable":true,"href":"https:\/\/www.ufsm.br\/reitoria\/avaliacao\/csacefd\/wp-json\/wp\/v2\/tags?post=22"}],"curies":[{"name":"wp","href":"https:\/\/api.w.org\/{rel}","templated":true}]}}