{"id":431,"date":"2019-07-25T16:17:13","date_gmt":"2019-07-25T19:17:13","guid":{"rendered":"https:\/\/www.ufsm.br\/reitoria\/avaliacao\/csacefd\/?page_id=431"},"modified":"2019-10-04T15:25:44","modified_gmt":"2019-10-04T18:25:44","slug":"legislacao","status":"publish","type":"page","link":"https:\/\/www.ufsm.br\/reitoria\/avaliacao\/csacefd\/legislacao","title":{"rendered":"Legisla\u00e7\u00e3o e Normas"},"content":{"rendered":"\t\t<div data-elementor-type=\"wp-page\" data-elementor-id=\"431\" class=\"elementor elementor-431\">\n\t\t\t\t\t\t<section class=\"elementor-section elementor-top-section elementor-element elementor-element-715bc86 elementor-section-boxed elementor-section-height-default elementor-section-height-default\" data-id=\"715bc86\" data-element_type=\"section\">\n\t\t\t\t\t\t<div class=\"elementor-container elementor-column-gap-default\">\n\t\t\t\t\t<div class=\"elementor-column elementor-col-100 elementor-top-column elementor-element elementor-element-a4b7e19\" data-id=\"a4b7e19\" data-element_type=\"column\">\n\t\t\t<div class=\"elementor-widget-wrap elementor-element-populated\">\n\t\t\t\t\t\t<div class=\"elementor-element elementor-element-8b3992b elementor-widget elementor-widget-text-editor\" data-id=\"8b3992b\" data-element_type=\"widget\" data-widget_type=\"text-editor.default\">\n\t\t\t\t<div class=\"elementor-widget-container\">\n\t\t\t\t\t\t\t<p><a href=\"https:\/\/www.ufsm.br\/reitoria\/avaliacao\/wp-content\/uploads\/sites\/504\/2019\/01\/regimento-1.pdf\">Resolu\u00e7\u00e3o e Regimento da CPA<\/a><\/p><p><a href=\"https:\/\/www.ufsm.br\/reitoria\/avaliacao\/wp-content\/uploads\/sites\/504\/2019\/01\/parecerconselho-1.pdf\">Aditamento do Regimento<\/a><\/p><p><a href=\"https:\/\/www.ufsm.br\/reitoria\/avaliacao\/wp-content\/uploads\/sites\/504\/2019\/01\/be1eb2e0-4629-442e-b1af-79c251e3ac83.pdf\">Plano de Desenvolvimento Institucional 2011-2015<\/a><\/p><p><a href=\"https:\/\/www.ufsm.br\/reitoria\/avaliacao\/csacefd\/wp-content\/uploads\/sites\/734\/2019\/10\/Lei-no-10.861-de-14-de-abril-de-2004.doc\">Lei n\u00ba 10861, de 14 de abril de 2004 Lei do SINAES<\/a><\/p><p><a href=\"https:\/\/www.ufsm.br\/reitoria\/avaliacao\/csacefd\/wp-content\/uploads\/sites\/734\/2019\/10\/Portaria-no-2.051-de-9-de-julho-de-2004.doc\">Portaria n\u00ba 2.051, de 9 de julho de 2004<\/a><\/p><p><a href=\"http:\/\/www.ufrgs.br\/sai\/legislacao\/arquivos-legislacao\/Lei%20Federal%209.394-1996%20-%20LDB.pdf\">Lei de Diretrizes e Bases da Educa\u00e7\u00e3o (1996)<\/a><\/p><p><a href=\"http:\/\/www.ufrgs.br\/sai\/legislacao\/arquivos-legislacao\/Plano%20Nacional%20de%20Educacao_2011_2020_Projeto%20de%20Lei.pdf\">Plano Nacional de Educa\u00e7\u00e3o (2011-2020) Projeto de Lei<\/a><\/p><p><a href=\"http:\/\/www.ufrgs.br\/sai\/legislacao\/arquivos-legislacao\/pne%202001-2010.pdf\">Plano Nacional de Educa\u00e7\u00e3o (2001-2010)<\/a><\/p><p><a href=\"https:\/\/www.ufsm.br\/reitoria\/avaliacao\/wp-content\/uploads\/sites\/504\/2019\/01\/projetoavaliacao.pdf\">Projeto de Autoavalia\u00e7\u00e3o Institucional<\/a><\/p>\t\t\t\t\t\t<\/div>\n\t\t\t\t<\/div>\n\t\t\t\t\t<\/div>\n\t\t<\/div>\n\t\t\t\t\t<\/div>\n\t\t<\/section>\n\t\t\t\t<\/div>\n\t\t","protected":false},"excerpt":{"rendered":"<p>Resolu\u00e7\u00e3o e Regimento da CPA Aditamento do Regimento Plano de Desenvolvimento Institucional 2011-2015 Lei n\u00ba 10861, de 14 de abril de 2004 Lei do SINAES Portaria n\u00ba 2.051, de 9 de julho de 2004 Lei de Diretrizes e Bases da Educa\u00e7\u00e3o (1996) Plano Nacional de Educa\u00e7\u00e3o (2011-2020) Projeto de Lei Plano Nacional de Educa\u00e7\u00e3o (2001-2010) [&hellip;]<\/p>\n","protected":false},"author":723,"featured_media":0,"parent":0,"menu_order":0,"comment_status":"closed","ping_status":"closed","template":"","meta":{"footnotes":""},"categories":[],"tags":[],"class_list":["post-431","page","type-page","status-publish","hentry"],"acf":[],"_links":{"self":[{"href":"https:\/\/www.ufsm.br\/reitoria\/avaliacao\/csacefd\/wp-json\/wp\/v2\/pages\/431","targetHints":{"allow":["GET"]}}],"collection":[{"href":"https:\/\/www.ufsm.br\/reitoria\/avaliacao\/csacefd\/wp-json\/wp\/v2\/pages"}],"about":[{"href":"https:\/\/www.ufsm.br\/reitoria\/avaliacao\/csacefd\/wp-json\/wp\/v2\/types\/page"}],"author":[{"embeddable":true,"href":"https:\/\/www.ufsm.br\/reitoria\/avaliacao\/csacefd\/wp-json\/wp\/v2\/users\/723"}],"replies":[{"embeddable":true,"href":"https:\/\/www.ufsm.br\/reitoria\/avaliacao\/csacefd\/wp-json\/wp\/v2\/comments?post=431"}],"version-history":[{"count":0,"href":"https:\/\/www.ufsm.br\/reitoria\/avaliacao\/csacefd\/wp-json\/wp\/v2\/pages\/431\/revisions"}],"wp:attachment":[{"href":"https:\/\/www.ufsm.br\/reitoria\/avaliacao\/csacefd\/wp-json\/wp\/v2\/media?parent=431"}],"wp:term":[{"taxonomy":"category","embeddable":true,"href":"https:\/\/www.ufsm.br\/reitoria\/avaliacao\/csacefd\/wp-json\/wp\/v2\/categories?post=431"},{"taxonomy":"post_tag","embeddable":true,"href":"https:\/\/www.ufsm.br\/reitoria\/avaliacao\/csacefd\/wp-json\/wp\/v2\/tags?post=431"}],"curies":[{"name":"wp","href":"https:\/\/api.w.org\/{rel}","templated":true}]}}