{"id":457,"date":"2019-09-27T16:46:08","date_gmt":"2019-09-27T19:46:08","guid":{"rendered":"https:\/\/www.ufsm.br\/reitoria\/avaliacao\/csacefd\/?page_id=457"},"modified":"2019-10-02T08:34:56","modified_gmt":"2019-10-02T11:34:56","slug":"2018-2","status":"publish","type":"page","link":"https:\/\/www.ufsm.br\/reitoria\/avaliacao\/csacefd\/relatorios\/2018-2","title":{"rendered":"Relat\u00f3rios 2018"},"content":{"rendered":"\t\t<div data-elementor-type=\"wp-post\" data-elementor-id=\"457\" class=\"elementor elementor-457\">\n\t\t\t\t\t\t<section class=\"elementor-section elementor-top-section elementor-element elementor-element-dcbe66a elementor-section-boxed elementor-section-height-default elementor-section-height-default\" data-id=\"dcbe66a\" data-element_type=\"section\">\n\t\t\t\t\t\t<div class=\"elementor-container elementor-column-gap-default\">\n\t\t\t\t\t<div class=\"elementor-column elementor-col-100 elementor-top-column elementor-element elementor-element-beb1ce3\" data-id=\"beb1ce3\" data-element_type=\"column\">\n\t\t\t<div class=\"elementor-widget-wrap elementor-element-populated\">\n\t\t\t\t\t\t<div class=\"elementor-element elementor-element-c3b75d4 elementor-widget elementor-widget-text-editor\" data-id=\"c3b75d4\" data-element_type=\"widget\" data-widget_type=\"text-editor.default\">\n\t\t\t\t<div class=\"elementor-widget-container\">\n\t\t\t\t\t\t\t<p><a href=\"https:\/\/www.ufsm.br\/reitoria\/avaliacao\/wp-content\/uploads\/sites\/504\/2019\/09\/RelatorioAutoavalia%C3%A7%C3%A3o2018-2019_pag.pdf\">Relat\u00f3rio de Avalia\u00e7\u00e3o Interna: Autoavalia\u00e7\u00e3o da UFSM 2018\/2019 &#8211; CPA<\/a><\/p><p><a href=\"https:\/\/www.ufsm.br\/reitoria\/avaliacao\/wp-content\/uploads\/sites\/504\/2019\/04\/RelatorioAutoavalia%C3%A7%C3%A3o2018-2019.pdf\">Relat\u00f3rio de Avalia\u00e7\u00e3o Interna: Autoavalia\u00e7\u00e3o da UFSM 2018 &#8211; CPA<\/a><\/p><p>\u00a0<\/p>\t\t\t\t\t\t<\/div>\n\t\t\t\t<\/div>\n\t\t\t\t\t<\/div>\n\t\t<\/div>\n\t\t\t\t\t<\/div>\n\t\t<\/section>\n\t\t\t\t<\/div>\n\t\t","protected":false},"excerpt":{"rendered":"<p>Relat\u00f3rio de Avalia\u00e7\u00e3o Interna: Autoavalia\u00e7\u00e3o da UFSM 2018\/2019 &#8211; CPA Relat\u00f3rio de Avalia\u00e7\u00e3o Interna: Autoavalia\u00e7\u00e3o da UFSM 2018 &#8211; CPA<\/p>\n","protected":false},"author":1886,"featured_media":0,"parent":477,"menu_order":0,"comment_status":"closed","ping_status":"closed","template":"","meta":{"footnotes":""},"categories":[],"tags":[],"class_list":["post-457","page","type-page","status-publish","hentry"],"acf":[],"_links":{"self":[{"href":"https:\/\/www.ufsm.br\/reitoria\/avaliacao\/csacefd\/wp-json\/wp\/v2\/pages\/457","targetHints":{"allow":["GET"]}}],"collection":[{"href":"https:\/\/www.ufsm.br\/reitoria\/avaliacao\/csacefd\/wp-json\/wp\/v2\/pages"}],"about":[{"href":"https:\/\/www.ufsm.br\/reitoria\/avaliacao\/csacefd\/wp-json\/wp\/v2\/types\/page"}],"author":[{"embeddable":true,"href":"https:\/\/www.ufsm.br\/reitoria\/avaliacao\/csacefd\/wp-json\/wp\/v2\/users\/1886"}],"replies":[{"embeddable":true,"href":"https:\/\/www.ufsm.br\/reitoria\/avaliacao\/csacefd\/wp-json\/wp\/v2\/comments?post=457"}],"version-history":[{"count":0,"href":"https:\/\/www.ufsm.br\/reitoria\/avaliacao\/csacefd\/wp-json\/wp\/v2\/pages\/457\/revisions"}],"up":[{"embeddable":true,"href":"https:\/\/www.ufsm.br\/reitoria\/avaliacao\/csacefd\/wp-json\/wp\/v2\/pages\/477"}],"wp:attachment":[{"href":"https:\/\/www.ufsm.br\/reitoria\/avaliacao\/csacefd\/wp-json\/wp\/v2\/media?parent=457"}],"wp:term":[{"taxonomy":"category","embeddable":true,"href":"https:\/\/www.ufsm.br\/reitoria\/avaliacao\/csacefd\/wp-json\/wp\/v2\/categories?post=457"},{"taxonomy":"post_tag","embeddable":true,"href":"https:\/\/www.ufsm.br\/reitoria\/avaliacao\/csacefd\/wp-json\/wp\/v2\/tags?post=457"}],"curies":[{"name":"wp","href":"https:\/\/api.w.org\/{rel}","templated":true}]}}