{"id":461,"date":"2019-10-01T09:37:03","date_gmt":"2019-10-01T12:37:03","guid":{"rendered":"https:\/\/www.ufsm.br\/reitoria\/avaliacao\/csacefd\/?page_id=461"},"modified":"2019-10-01T10:10:31","modified_gmt":"2019-10-01T13:10:31","slug":"2016-2","status":"publish","type":"page","link":"https:\/\/www.ufsm.br\/reitoria\/avaliacao\/csacefd\/2016-2","title":{"rendered":"Relat\u00f3rios 2016"},"content":{"rendered":"\t\t<div data-elementor-type=\"wp-page\" data-elementor-id=\"461\" class=\"elementor elementor-461\">\n\t\t\t\t\t\t<section class=\"elementor-section elementor-top-section elementor-element elementor-element-1547124 elementor-section-boxed elementor-section-height-default elementor-section-height-default\" data-id=\"1547124\" data-element_type=\"section\">\n\t\t\t\t\t\t<div class=\"elementor-container elementor-column-gap-default\">\n\t\t\t\t\t<div class=\"elementor-column elementor-col-100 elementor-top-column elementor-element elementor-element-8c8b0ee\" data-id=\"8c8b0ee\" data-element_type=\"column\">\n\t\t\t<div class=\"elementor-widget-wrap elementor-element-populated\">\n\t\t\t\t\t\t<div class=\"elementor-element elementor-element-e0662ef elementor-widget elementor-widget-text-editor\" data-id=\"e0662ef\" data-element_type=\"widget\" data-widget_type=\"text-editor.default\">\n\t\t\t\t<div class=\"elementor-widget-container\">\n\t\t\t\t\t\t\t<p><a href=\"http:\/\/coral.ufsm.br\/enade\/images\/anexos\/2016\/Educacao_Fisica_Bacharelado.pdf\">Relat\u00f3rio de Curso ENADE 2016 \u2013 Educa\u00e7\u00e3o F\u00edsica Bacharelado<\/a><\/p><p><a href=\"https:\/\/www.ufsm.br\/reitoria\/avaliacao\/wp-content\/uploads\/sites\/504\/2019\/01\/CEFD-2.pdf\">Relat\u00f3rio das Respostas Obtidas na Pesquisa de Autoavalia\u00e7\u00e3o 2016 &#8211; CEFD: Modalidade Presencial<\/a><\/p><p><a href=\"https:\/\/www.ufsm.br\/reitoria\/avaliacao\/wp-content\/uploads\/sites\/504\/2019\/01\/2016-2017.pdf\">Relat\u00f3rio de Avalia\u00e7\u00e3o Interna: Autoavalia\u00e7\u00e3o da UFSM 2016 &#8211; CPA<\/a><\/p>\t\t\t\t\t\t<\/div>\n\t\t\t\t<\/div>\n\t\t\t\t\t<\/div>\n\t\t<\/div>\n\t\t\t\t\t<\/div>\n\t\t<\/section>\n\t\t\t\t<\/div>\n\t\t","protected":false},"excerpt":{"rendered":"<p>Relat\u00f3rio de Curso ENADE 2016 \u2013 Educa\u00e7\u00e3o F\u00edsica Bacharelado Relat\u00f3rio das Respostas Obtidas na Pesquisa de Autoavalia\u00e7\u00e3o 2016 &#8211; CEFD: Modalidade Presencial Relat\u00f3rio de Avalia\u00e7\u00e3o Interna: Autoavalia\u00e7\u00e3o da UFSM 2016 &#8211; CPA<\/p>\n","protected":false},"author":1886,"featured_media":0,"parent":0,"menu_order":0,"comment_status":"closed","ping_status":"closed","template":"","meta":{"footnotes":""},"categories":[],"tags":[],"class_list":["post-461","page","type-page","status-publish","hentry"],"acf":[],"_links":{"self":[{"href":"https:\/\/www.ufsm.br\/reitoria\/avaliacao\/csacefd\/wp-json\/wp\/v2\/pages\/461","targetHints":{"allow":["GET"]}}],"collection":[{"href":"https:\/\/www.ufsm.br\/reitoria\/avaliacao\/csacefd\/wp-json\/wp\/v2\/pages"}],"about":[{"href":"https:\/\/www.ufsm.br\/reitoria\/avaliacao\/csacefd\/wp-json\/wp\/v2\/types\/page"}],"author":[{"embeddable":true,"href":"https:\/\/www.ufsm.br\/reitoria\/avaliacao\/csacefd\/wp-json\/wp\/v2\/users\/1886"}],"replies":[{"embeddable":true,"href":"https:\/\/www.ufsm.br\/reitoria\/avaliacao\/csacefd\/wp-json\/wp\/v2\/comments?post=461"}],"version-history":[{"count":0,"href":"https:\/\/www.ufsm.br\/reitoria\/avaliacao\/csacefd\/wp-json\/wp\/v2\/pages\/461\/revisions"}],"wp:attachment":[{"href":"https:\/\/www.ufsm.br\/reitoria\/avaliacao\/csacefd\/wp-json\/wp\/v2\/media?parent=461"}],"wp:term":[{"taxonomy":"category","embeddable":true,"href":"https:\/\/www.ufsm.br\/reitoria\/avaliacao\/csacefd\/wp-json\/wp\/v2\/categories?post=461"},{"taxonomy":"post_tag","embeddable":true,"href":"https:\/\/www.ufsm.br\/reitoria\/avaliacao\/csacefd\/wp-json\/wp\/v2\/tags?post=461"}],"curies":[{"name":"wp","href":"https:\/\/api.w.org\/{rel}","templated":true}]}}