{"id":26,"date":"2019-05-14T17:03:27","date_gmt":"2019-05-14T20:03:27","guid":{"rendered":"https:\/\/www.ufsm.br\/template-laboratprio\/?page_id=26"},"modified":"2023-06-13T11:24:40","modified_gmt":"2023-06-13T14:24:40","slug":"contato","status":"publish","type":"page","link":"https:\/\/www.ufsm.br\/reitoria\/avaliacao\/csacs\/contato","title":{"rendered":"Contato"},"content":{"rendered":"\n<p><span style=\"font-weight: 400\">E-mail: <a href=\"mailto:csa-cs@ufsm.br\">csa-cs@ufsm.br<\/a><\/span><\/p>\n<p><span style=\"font-weight: 400\">Instagram: <a href=\"https:\/\/www.instagram.com\/csa.ufsm.cs\/\">@csa.ufsm.cs<\/a><\/span><\/p>\n<p><span style=\"font-weight: 400\">Facebook: <a href=\"https:\/\/www.facebook.com\/CSAUFSMCS\">Comiss\u00e3o Setorial de Avalia\u00e7\u00e3o UFSM CS<\/a><\/span><\/p>\n","protected":false},"excerpt":{"rendered":"<p>E-mail: csa-cs@ufsm.br Instagram: @csa.ufsm.cs Facebook: Comiss\u00e3o Setorial de Avalia\u00e7\u00e3o UFSM CS<\/p>\n","protected":false},"author":124,"featured_media":0,"parent":0,"menu_order":0,"comment_status":"closed","ping_status":"closed","template":"","meta":{"footnotes":""},"categories":[],"tags":[],"class_list":["post-26","page","type-page","status-publish","hentry"],"acf":[],"_links":{"self":[{"href":"https:\/\/www.ufsm.br\/reitoria\/avaliacao\/csacs\/wp-json\/wp\/v2\/pages\/26","targetHints":{"allow":["GET"]}}],"collection":[{"href":"https:\/\/www.ufsm.br\/reitoria\/avaliacao\/csacs\/wp-json\/wp\/v2\/pages"}],"about":[{"href":"https:\/\/www.ufsm.br\/reitoria\/avaliacao\/csacs\/wp-json\/wp\/v2\/types\/page"}],"author":[{"embeddable":true,"href":"https:\/\/www.ufsm.br\/reitoria\/avaliacao\/csacs\/wp-json\/wp\/v2\/users\/124"}],"replies":[{"embeddable":true,"href":"https:\/\/www.ufsm.br\/reitoria\/avaliacao\/csacs\/wp-json\/wp\/v2\/comments?post=26"}],"version-history":[{"count":0,"href":"https:\/\/www.ufsm.br\/reitoria\/avaliacao\/csacs\/wp-json\/wp\/v2\/pages\/26\/revisions"}],"wp:attachment":[{"href":"https:\/\/www.ufsm.br\/reitoria\/avaliacao\/csacs\/wp-json\/wp\/v2\/media?parent=26"}],"wp:term":[{"taxonomy":"category","embeddable":true,"href":"https:\/\/www.ufsm.br\/reitoria\/avaliacao\/csacs\/wp-json\/wp\/v2\/categories?post=26"},{"taxonomy":"post_tag","embeddable":true,"href":"https:\/\/www.ufsm.br\/reitoria\/avaliacao\/csacs\/wp-json\/wp\/v2\/tags?post=26"}],"curies":[{"name":"wp","href":"https:\/\/api.w.org\/{rel}","templated":true}]}}