{"id":386,"date":"2019-07-22T17:35:47","date_gmt":"2019-07-22T20:35:47","guid":{"rendered":"https:\/\/www.ufsm.br\/reitoria\/avaliacao\/csacs\/?page_id=386"},"modified":"2023-06-13T11:02:29","modified_gmt":"2023-06-13T14:02:29","slug":"formularios","status":"publish","type":"page","link":"https:\/\/www.ufsm.br\/reitoria\/avaliacao\/csacs\/formularios","title":{"rendered":"Avalia\u00e7\u00e3o Ensino-Aprendizagem"},"content":{"rendered":"\n\n\n<p><span class=\"im\">A Avalia\u00e7\u00e3o Ensino-Aprendizagem \u00e9 realizada em todo o final de semestre no intuito do estudante opinar sobre as disciplinas cursadas. A partir da Avalia\u00e7\u00e3o \u00e9 poss\u00edvel dar um feedback para os docentes, possibilitando, assim, melhorias nas pr\u00e1ticas pedag\u00f3gicas.<\/span><\/p>\n<p><span class=\"im\">A Avalia\u00e7\u00e3o fica dispon\u00edvel no aplicativo <a href=\"https:\/\/play.google.com\/store\/apps\/details?id=br.ufsm.cpd.ufsmdigital&amp;pli=1\" target=\"_blank\" rel=\"noopener\">UFSM Digital<\/a>\u00a0e no\u00a0<a href=\"https:\/\/portal.ufsm.br\/aluno\/\" target=\"_blank\" rel=\"noopener\">Portal do Aluno.<\/a><\/span><\/p>\n<p>\u00a0<\/p>\n<p><strong>Resultados 2022\/2:<\/strong><\/p>\n<p><span style=\"font-weight: 400\"><a href=\"https:\/\/www.ufsm.br\/app\/uploads\/sites\/743\/2023\/06\/COMISSAO-SETORIAL-DE-AVALIACAO-1.pdf\">Avalia\u00e7\u00e3o de Ensino e Aprendizagem<\/a><\/span><\/p>\n<p><span style=\"text-decoration: underline\"><span style=\"font-weight: 400\">Resultados Preliminares da Avalia\u00e7\u00e3o 2022\/2:<\/span><\/span><\/p>\n<p><a href=\"https:\/\/www.ufsm.br\/app\/uploads\/sites\/743\/2023\/06\/WhatsApp-Image-2023-06-13-at-10.45.59-1.jpeg\"><img fetchpriority=\"high\" decoding=\"async\" class=\" wp-image-444 alignleft\" src=\"https:\/\/www.ufsm.br\/app\/uploads\/sites\/743\/2023\/06\/WhatsApp-Image-2023-06-13-at-10.45.59-1-300x169.jpeg\" alt=\"\" width=\"467\" height=\"263\" srcset=\"https:\/\/www.ufsm.br\/app\/uploads\/sites\/743\/2023\/06\/WhatsApp-Image-2023-06-13-at-10.45.59-1-300x169.jpeg 300w, https:\/\/www.ufsm.br\/app\/uploads\/sites\/743\/2023\/06\/WhatsApp-Image-2023-06-13-at-10.45.59-1-1024x576.jpeg 1024w, https:\/\/www.ufsm.br\/app\/uploads\/sites\/743\/2023\/06\/WhatsApp-Image-2023-06-13-at-10.45.59-1-768x432.jpeg 768w, https:\/\/www.ufsm.br\/app\/uploads\/sites\/743\/2023\/06\/WhatsApp-Image-2023-06-13-at-10.45.59-1-1536x864.jpeg 1536w, https:\/\/www.ufsm.br\/app\/uploads\/sites\/743\/2023\/06\/WhatsApp-Image-2023-06-13-at-10.45.59-1.jpeg 1600w\" sizes=\"(max-width: 467px) 100vw, 467px\" \/><\/a> <a href=\"https:\/\/www.ufsm.br\/app\/uploads\/sites\/743\/2023\/06\/WhatsApp-Image-2023-06-13-at-10.45.59.jpeg\"><img decoding=\"async\" class=\" wp-image-445 alignleft\" src=\"https:\/\/www.ufsm.br\/app\/uploads\/sites\/743\/2023\/06\/WhatsApp-Image-2023-06-13-at-10.45.59-300x157.jpeg\" alt=\"\" width=\"504\" height=\"264\" srcset=\"https:\/\/www.ufsm.br\/app\/uploads\/sites\/743\/2023\/06\/WhatsApp-Image-2023-06-13-at-10.45.59-300x157.jpeg 300w, https:\/\/www.ufsm.br\/app\/uploads\/sites\/743\/2023\/06\/WhatsApp-Image-2023-06-13-at-10.45.59-1024x537.jpeg 1024w, https:\/\/www.ufsm.br\/app\/uploads\/sites\/743\/2023\/06\/WhatsApp-Image-2023-06-13-at-10.45.59-768x403.jpeg 768w, https:\/\/www.ufsm.br\/app\/uploads\/sites\/743\/2023\/06\/WhatsApp-Image-2023-06-13-at-10.45.59.jpeg 1192w\" sizes=\"(max-width: 504px) 100vw, 504px\" \/><\/a><\/p>\n<p>\u00a0<\/p>\n<p>\u00a0<\/p>\n<p>\u00a0<\/p>\n<p>\u00a0<\/p>\n<p>\u00a0<\/p>\n<p>\u00a0<\/p>\n<p>\u00a0<\/p>\n<p><strong>Resultado 2022\/1:<\/strong><\/p>\n<p><a href=\"https:\/\/www.ufsm.br\/app\/uploads\/sites\/743\/2023\/06\/resultado-CSA-2022.1.jpg\"><img decoding=\"async\" class=\" wp-image-443 alignleft\" src=\"https:\/\/www.ufsm.br\/app\/uploads\/sites\/743\/2023\/06\/resultado-CSA-2022.1-300x171.jpg\" alt=\"\" width=\"643\" height=\"366\" srcset=\"https:\/\/www.ufsm.br\/app\/uploads\/sites\/743\/2023\/06\/resultado-CSA-2022.1-300x171.jpg 300w, https:\/\/www.ufsm.br\/app\/uploads\/sites\/743\/2023\/06\/resultado-CSA-2022.1-1024x584.jpg 1024w, https:\/\/www.ufsm.br\/app\/uploads\/sites\/743\/2023\/06\/resultado-CSA-2022.1-768x438.jpg 768w, https:\/\/www.ufsm.br\/app\/uploads\/sites\/743\/2023\/06\/resultado-CSA-2022.1.jpg 1095w\" sizes=\"(max-width: 643px) 100vw, 643px\" \/><\/a><\/p>\n<p>\u00a0<\/p>\n<p>\u00a0<\/p>\n<p>\u00a0<\/p>\n<p>\u00a0<\/p>\n<p>\u00a0<\/p>\n<p>\u00a0<\/p>\n<p>\u00a0<\/p>\n<p>\u00a0<\/p>\n<p><a href=\"https:\/\/www.ufsm.br\/reitoria\/avaliacao\/avaliacao-do-rede\"><strong>Avalia\u00e7\u00e3o do REDE<\/strong><\/a><\/p>\n\n\n\n<p>\u00a0<\/p>\n<p>\u00a0<\/p>\n<p>\u00a0<\/p>\n","protected":false},"excerpt":{"rendered":"<p>A Avalia\u00e7\u00e3o Ensino-Aprendizagem \u00e9 realizada em todo o final de semestre no intuito do estudante opinar sobre as disciplinas cursadas. A partir da Avalia\u00e7\u00e3o \u00e9 poss\u00edvel dar um feedback para os docentes, possibilitando, assim, melhorias nas pr\u00e1ticas pedag\u00f3gicas. A Avalia\u00e7\u00e3o fica dispon\u00edvel no aplicativo UFSM Digital\u00a0e no\u00a0Portal do Aluno. \u00a0 Resultados 2022\/2: Avalia\u00e7\u00e3o de Ensino [&hellip;]<\/p>\n","protected":false},"author":723,"featured_media":0,"parent":0,"menu_order":0,"comment_status":"closed","ping_status":"closed","template":"","meta":{"footnotes":""},"categories":[],"tags":[],"class_list":["post-386","page","type-page","status-publish","hentry"],"acf":[],"_links":{"self":[{"href":"https:\/\/www.ufsm.br\/reitoria\/avaliacao\/csacs\/wp-json\/wp\/v2\/pages\/386","targetHints":{"allow":["GET"]}}],"collection":[{"href":"https:\/\/www.ufsm.br\/reitoria\/avaliacao\/csacs\/wp-json\/wp\/v2\/pages"}],"about":[{"href":"https:\/\/www.ufsm.br\/reitoria\/avaliacao\/csacs\/wp-json\/wp\/v2\/types\/page"}],"author":[{"embeddable":true,"href":"https:\/\/www.ufsm.br\/reitoria\/avaliacao\/csacs\/wp-json\/wp\/v2\/users\/723"}],"replies":[{"embeddable":true,"href":"https:\/\/www.ufsm.br\/reitoria\/avaliacao\/csacs\/wp-json\/wp\/v2\/comments?post=386"}],"version-history":[{"count":0,"href":"https:\/\/www.ufsm.br\/reitoria\/avaliacao\/csacs\/wp-json\/wp\/v2\/pages\/386\/revisions"}],"wp:attachment":[{"href":"https:\/\/www.ufsm.br\/reitoria\/avaliacao\/csacs\/wp-json\/wp\/v2\/media?parent=386"}],"wp:term":[{"taxonomy":"category","embeddable":true,"href":"https:\/\/www.ufsm.br\/reitoria\/avaliacao\/csacs\/wp-json\/wp\/v2\/categories?post=386"},{"taxonomy":"post_tag","embeddable":true,"href":"https:\/\/www.ufsm.br\/reitoria\/avaliacao\/csacs\/wp-json\/wp\/v2\/tags?post=386"}],"curies":[{"name":"wp","href":"https:\/\/api.w.org\/{rel}","templated":true}]}}