{"id":22,"date":"2019-05-14T17:01:42","date_gmt":"2019-05-14T20:01:42","guid":{"rendered":"https:\/\/www.ufsm.br\/template-laboratprio\/?page_id=22"},"modified":"2022-05-09T15:40:25","modified_gmt":"2022-05-09T18:40:25","slug":"sobre","status":"publish","type":"page","link":"https:\/\/www.ufsm.br\/reitoria\/avaliacao\/csact\/sobre","title":{"rendered":"Sobre"},"content":{"rendered":"\n<p>A Comiss\u00e3o Setorial de Avalia\u00e7\u00e3o do Centro de Tecnologia (CSA-CT) tem por objetivo desenvolver o processo de autoavalia\u00e7\u00e3o institucional na unidade, conforme o projeto de autoavalia\u00e7\u00e3o da Universidade e as orienta\u00e7\u00f5es da Comiss\u00e3o Pr\u00f3pria de Avalia\u00e7\u00e3o (CPA-UFSM). Nesse processo, s\u00e3o tamb\u00e9m considerados os indicadores estrat\u00e9gicos dispostos no Plano de Desenvolvimento Institucional (PDI) da UFSM.<\/p>\n<p>\u00a0<\/p>\n","protected":false},"excerpt":{"rendered":"<p>A Comiss\u00e3o Setorial de Avalia\u00e7\u00e3o do Centro de Tecnologia (CSA-CT) tem por objetivo desenvolver o processo de autoavalia\u00e7\u00e3o institucional na unidade, conforme o projeto de autoavalia\u00e7\u00e3o da Universidade e as orienta\u00e7\u00f5es da Comiss\u00e3o Pr\u00f3pria de Avalia\u00e7\u00e3o (CPA-UFSM). Nesse processo, s\u00e3o tamb\u00e9m considerados os indicadores estrat\u00e9gicos dispostos no Plano de Desenvolvimento Institucional (PDI) da UFSM. \u00a0<\/p>\n","protected":false},"author":124,"featured_media":0,"parent":0,"menu_order":0,"comment_status":"closed","ping_status":"closed","template":"","meta":{"footnotes":""},"categories":[],"tags":[],"class_list":["post-22","page","type-page","status-publish","hentry"],"acf":[],"_links":{"self":[{"href":"https:\/\/www.ufsm.br\/reitoria\/avaliacao\/csact\/wp-json\/wp\/v2\/pages\/22","targetHints":{"allow":["GET"]}}],"collection":[{"href":"https:\/\/www.ufsm.br\/reitoria\/avaliacao\/csact\/wp-json\/wp\/v2\/pages"}],"about":[{"href":"https:\/\/www.ufsm.br\/reitoria\/avaliacao\/csact\/wp-json\/wp\/v2\/types\/page"}],"author":[{"embeddable":true,"href":"https:\/\/www.ufsm.br\/reitoria\/avaliacao\/csact\/wp-json\/wp\/v2\/users\/124"}],"replies":[{"embeddable":true,"href":"https:\/\/www.ufsm.br\/reitoria\/avaliacao\/csact\/wp-json\/wp\/v2\/comments?post=22"}],"version-history":[{"count":0,"href":"https:\/\/www.ufsm.br\/reitoria\/avaliacao\/csact\/wp-json\/wp\/v2\/pages\/22\/revisions"}],"wp:attachment":[{"href":"https:\/\/www.ufsm.br\/reitoria\/avaliacao\/csact\/wp-json\/wp\/v2\/media?parent=22"}],"wp:term":[{"taxonomy":"category","embeddable":true,"href":"https:\/\/www.ufsm.br\/reitoria\/avaliacao\/csact\/wp-json\/wp\/v2\/categories?post=22"},{"taxonomy":"post_tag","embeddable":true,"href":"https:\/\/www.ufsm.br\/reitoria\/avaliacao\/csact\/wp-json\/wp\/v2\/tags?post=22"}],"curies":[{"name":"wp","href":"https:\/\/api.w.org\/{rel}","templated":true}]}}