{"id":26,"date":"2019-05-14T17:03:27","date_gmt":"2019-05-14T20:03:27","guid":{"rendered":"https:\/\/www.ufsm.br\/template-laboratprio\/?page_id=26"},"modified":"2024-10-14T10:17:40","modified_gmt":"2024-10-14T13:17:40","slug":"contato","status":"publish","type":"page","link":"https:\/\/www.ufsm.br\/reitoria\/avaliacao\/csact\/contato","title":{"rendered":"Contato"},"content":{"rendered":"\n<p>Av. Roraima, n\u00ba 1000, Cidade Universit\u00e1ria<\/p>\n<p><span class=\"contact-street\">Pr\u00e9dio 07, Sala 139, T\u00e9rreo<br \/><\/span><\/p>\n<p><span class=\"contact-suburb\">Santa Maria \u2013\u00a0<\/span><span class=\"contact-state\">RS,\u00a0<\/span>Bairro Camobi<\/p>\n<p>CEP: 97105-900<\/p>\n<p><strong>E-mail: csact@ufsm.br<\/strong><\/p>\n<p>Atendimento online: <a href=\"https:\/\/mail.google.com\/chat\/\">Google Chat<\/a> para csact@ufsm.br<\/p>\n","protected":false},"excerpt":{"rendered":"<p>Av. Roraima, n\u00ba 1000, Cidade Universit\u00e1ria Pr\u00e9dio 07, Sala 139, T\u00e9rreo Santa Maria \u2013\u00a0RS,\u00a0Bairro Camobi CEP: 97105-900 E-mail: csact@ufsm.br Atendimento online: Google Chat para csact@ufsm.br<\/p>\n","protected":false},"author":124,"featured_media":0,"parent":0,"menu_order":0,"comment_status":"closed","ping_status":"closed","template":"","meta":{"footnotes":""},"categories":[],"tags":[],"class_list":["post-26","page","type-page","status-publish","hentry"],"acf":[],"_links":{"self":[{"href":"https:\/\/www.ufsm.br\/reitoria\/avaliacao\/csact\/wp-json\/wp\/v2\/pages\/26","targetHints":{"allow":["GET"]}}],"collection":[{"href":"https:\/\/www.ufsm.br\/reitoria\/avaliacao\/csact\/wp-json\/wp\/v2\/pages"}],"about":[{"href":"https:\/\/www.ufsm.br\/reitoria\/avaliacao\/csact\/wp-json\/wp\/v2\/types\/page"}],"author":[{"embeddable":true,"href":"https:\/\/www.ufsm.br\/reitoria\/avaliacao\/csact\/wp-json\/wp\/v2\/users\/124"}],"replies":[{"embeddable":true,"href":"https:\/\/www.ufsm.br\/reitoria\/avaliacao\/csact\/wp-json\/wp\/v2\/comments?post=26"}],"version-history":[{"count":0,"href":"https:\/\/www.ufsm.br\/reitoria\/avaliacao\/csact\/wp-json\/wp\/v2\/pages\/26\/revisions"}],"wp:attachment":[{"href":"https:\/\/www.ufsm.br\/reitoria\/avaliacao\/csact\/wp-json\/wp\/v2\/media?parent=26"}],"wp:term":[{"taxonomy":"category","embeddable":true,"href":"https:\/\/www.ufsm.br\/reitoria\/avaliacao\/csact\/wp-json\/wp\/v2\/categories?post=26"},{"taxonomy":"post_tag","embeddable":true,"href":"https:\/\/www.ufsm.br\/reitoria\/avaliacao\/csact\/wp-json\/wp\/v2\/tags?post=26"}],"curies":[{"name":"wp","href":"https:\/\/api.w.org\/{rel}","templated":true}]}}