{"id":391,"date":"2019-07-23T13:54:01","date_gmt":"2019-07-23T16:54:01","guid":{"rendered":"https:\/\/www.ufsm.br\/reitoria\/avaliacao\/csact\/?page_id=391"},"modified":"2023-03-29T09:09:17","modified_gmt":"2023-03-29T12:09:17","slug":"relatorios-de-avaliacao","status":"publish","type":"page","link":"https:\/\/www.ufsm.br\/reitoria\/avaliacao\/csact\/relatorios-de-avaliacao","title":{"rendered":"Relat\u00f3rios de Avalia\u00e7\u00e3o"},"content":{"rendered":"\n\n\n\n\n<h2 class=\"wp-block-heading\"><a href=\"https:\/\/www.ufsm.br\/reitoria\/avaliacao\/csact\/relatorios-2022\" data-type=\"URL\" data-id=\"https:\/\/www.ufsm.br\/reitoria\/avaliacao\/csact\/relatorios-2022\">Relat\u00f3rios 2019 a 2022<\/a> (clique)<\/h2>\n\n\n\n<h2 class=\"wp-block-heading\">_______________________________<\/h2>\n\n\n\n\n\n<figure class=\"wp-block-embed is-type-wp-embed is-provider-csa-ct wp-block-embed-csa-ct\"><div class=\"wp-block-embed__wrapper\">\n<blockquote class=\"wp-embedded-content\" data-secret=\"4iHAXXxEWz\"><a href=\"https:\/\/www.ufsm.br\/reitoria\/avaliacao\/csact\/resultados-da-avaliacao-ensino-aprendizagem-2022-1\">Resultados da Avalia\u00e7\u00e3o Ensino-Aprendizagem 2022\/1<\/a><\/blockquote><iframe class=\"wp-embedded-content\" sandbox=\"allow-scripts\" security=\"restricted\" style=\"position: absolute; clip: rect(1px, 1px, 1px, 1px);\" title=\"&#8220;Resultados da Avalia\u00e7\u00e3o Ensino-Aprendizagem 2022\/1&#8221; &#8212; CSA-CT\" src=\"https:\/\/www.ufsm.br\/reitoria\/avaliacao\/csact\/resultados-da-avaliacao-ensino-aprendizagem-2022-1\/embed#?secret=tlKgNiTHaC#?secret=4iHAXXxEWz\" data-secret=\"4iHAXXxEWz\" width=\"500\" height=\"282\" frameborder=\"0\" marginwidth=\"0\" marginheight=\"0\" scrolling=\"no\"><\/iframe>\n<\/div><\/figure>\n\n\n","protected":false},"excerpt":{"rendered":"<p>Relat\u00f3rios 2019 a 2022 (clique) _______________________________<\/p>\n","protected":false},"author":723,"featured_media":0,"parent":0,"menu_order":0,"comment_status":"closed","ping_status":"closed","template":"","meta":{"footnotes":""},"categories":[],"tags":[],"class_list":["post-391","page","type-page","status-publish","hentry"],"acf":[],"_links":{"self":[{"href":"https:\/\/www.ufsm.br\/reitoria\/avaliacao\/csact\/wp-json\/wp\/v2\/pages\/391","targetHints":{"allow":["GET"]}}],"collection":[{"href":"https:\/\/www.ufsm.br\/reitoria\/avaliacao\/csact\/wp-json\/wp\/v2\/pages"}],"about":[{"href":"https:\/\/www.ufsm.br\/reitoria\/avaliacao\/csact\/wp-json\/wp\/v2\/types\/page"}],"author":[{"embeddable":true,"href":"https:\/\/www.ufsm.br\/reitoria\/avaliacao\/csact\/wp-json\/wp\/v2\/users\/723"}],"replies":[{"embeddable":true,"href":"https:\/\/www.ufsm.br\/reitoria\/avaliacao\/csact\/wp-json\/wp\/v2\/comments?post=391"}],"version-history":[{"count":0,"href":"https:\/\/www.ufsm.br\/reitoria\/avaliacao\/csact\/wp-json\/wp\/v2\/pages\/391\/revisions"}],"wp:attachment":[{"href":"https:\/\/www.ufsm.br\/reitoria\/avaliacao\/csact\/wp-json\/wp\/v2\/media?parent=391"}],"wp:term":[{"taxonomy":"category","embeddable":true,"href":"https:\/\/www.ufsm.br\/reitoria\/avaliacao\/csact\/wp-json\/wp\/v2\/categories?post=391"},{"taxonomy":"post_tag","embeddable":true,"href":"https:\/\/www.ufsm.br\/reitoria\/avaliacao\/csact\/wp-json\/wp\/v2\/tags?post=391"}],"curies":[{"name":"wp","href":"https:\/\/api.w.org\/{rel}","templated":true}]}}