{"id":112,"date":"2019-01-15T11:09:23","date_gmt":"2019-01-15T13:09:23","guid":{"rendered":"https:\/\/www.ufsm.br\/reitoria\/avaliacao\/?page_id=112"},"modified":"2025-12-24T11:20:36","modified_gmt":"2025-12-24T14:20:36","slug":"atas-cpa","status":"publish","type":"page","link":"https:\/\/www.ufsm.br\/reitoria\/avaliacao\/atas-cpa","title":{"rendered":"Atas CPA"},"content":{"rendered":"\t\t<div data-elementor-type=\"wp-post\" data-elementor-id=\"112\" class=\"elementor elementor-112\">\n\t\t\t\t\t\t<section class=\"elementor-section elementor-top-section elementor-element elementor-element-660ab499 elementor-section-boxed elementor-section-height-default elementor-section-height-default\" data-id=\"660ab499\" data-element_type=\"section\">\n\t\t\t\t\t\t<div class=\"elementor-container elementor-column-gap-default\">\n\t\t\t\t\t<div class=\"elementor-column elementor-col-100 elementor-top-column elementor-element elementor-element-3ddfac53\" data-id=\"3ddfac53\" data-element_type=\"column\">\n\t\t\t<div class=\"elementor-widget-wrap elementor-element-populated\">\n\t\t\t\t\t\t<div class=\"elementor-element elementor-element-6238ec26 elementor-widget elementor-widget-text-editor\" data-id=\"6238ec26\" data-element_type=\"widget\" data-widget_type=\"text-editor.default\">\n\t\t\t\t<div class=\"elementor-widget-container\">\n\t\t\t\t\t\t\t<h5><b>2025<\/b><\/h5><p><a href=\"https:\/\/portal.ufsm.br\/documentos\/usuario\/processo\/documento.html?idDocumento=15646254\">Outubro<\/a><\/p><p><a href=\"https:\/\/portal.ufsm.br\/documentos\/publico\/processo\/documento.html?idDocumento=15461312\" target=\"_blank\" rel=\"noopener\">Maio<\/a><\/p><p><a href=\"https:\/\/portal.ufsm.br\/documentos\/usuario\/processo\/documento.html?idDocumento=15574178#\">Agosto<\/a><\/p><h5><span style=\"font-family: arial, helvetica, sans-serif;font-size: 12pt\"><b>2024<\/b><\/span><\/h5><p><a href=\"https:\/\/portal.ufsm.br\/documentos\/publico\/processo\/documento.html?idDocumento=15211577\" target=\"_blank\" rel=\"noopener\">Setembro<\/a><\/p><p><span style=\"font-family: arial, helvetica, sans-serif;font-size: 12pt\"><a href=\"https:\/\/portal.ufsm.br\/documentos\/publico\/processo\/componente.html?action=view&amp;id=4514193\" target=\"_blank\" rel=\"noopener\">Julho<\/a><\/span><\/p><h5><span style=\"font-family: arial, helvetica, sans-serif;font-size: 12pt\"><strong>2023<\/strong><\/span><\/h5><p><span style=\"font-family: arial, helvetica, sans-serif;font-size: 12pt\"><a href=\"https:\/\/www.ufsm.br\/app\/uploads\/sites\/504\/2023\/05\/Ata1CPAJan2023.pdf\" target=\"_blank\" rel=\"noopener\">Janeiro<\/a><\/span><\/p><p><span style=\"font-family: arial, helvetica, sans-serif;font-size: 12pt\"><a href=\"https:\/\/www.ufsm.br\/app\/uploads\/sites\/504\/2023\/05\/Ata2CPAMar2023.pdf\" target=\"_blank\" rel=\"noopener\">Mar\u00e7o<\/a><\/span><\/p><p><span style=\"font-family: arial, helvetica, sans-serif;font-size: 12pt\"><a href=\"https:\/\/www.ufsm.br\/app\/uploads\/sites\/504\/2024\/02\/Ata-03-CPA-05-07-2023-PEN-1.pdf\">Julho<\/a><\/span><\/p><p><span style=\"font-family: arial, helvetica, sans-serif;font-size: 12pt\"><a href=\"https:\/\/www.ufsm.br\/app\/uploads\/sites\/504\/2024\/02\/Ata-05-CPA-04-09-2023.pdf\">Setembro<\/a><\/span><\/p><p><span style=\"font-family: arial, helvetica, sans-serif;font-size: 12pt\"><a href=\"https:\/\/www.ufsm.br\/app\/uploads\/sites\/504\/2024\/02\/Ata-06-CPA-28-11-2023.pdf\">Novembro<\/a><\/span><\/p><h5><span style=\"font-family: arial, helvetica, sans-serif;font-size: 12pt\"><strong>2022<\/strong><\/span><\/h5><p><span style=\"font-family: arial, helvetica, sans-serif;font-size: 12pt\"><a href=\"https:\/\/www.ufsm.br\/app\/uploads\/sites\/504\/2023\/05\/Ata1CPAFev2022.pdf\" target=\"_blank\" rel=\"noopener\">Fevereiro<\/a><\/span><\/p><p><span style=\"font-family: arial, helvetica, sans-serif;font-size: 12pt\"><a href=\"https:\/\/www.ufsm.br\/app\/uploads\/sites\/504\/2023\/05\/Ata2CPAMai2022.pdf\" target=\"_blank\" rel=\"noopener\">Maio<\/a><\/span><\/p><p><span style=\"font-family: arial, helvetica, sans-serif;font-size: 12pt\"><a href=\"https:\/\/www.ufsm.br\/app\/uploads\/sites\/504\/2023\/05\/Ata3CPAAgo2022.pdf\" target=\"_blank\" rel=\"noopener\">Agosto\u00a0<\/a><\/span><\/p><p><span style=\"font-family: arial, helvetica, sans-serif;font-size: 12pt\"><a href=\"https:\/\/www.ufsm.br\/app\/uploads\/sites\/504\/2023\/05\/Ata4CPAOut2022.pdf\" target=\"_blank\" rel=\"noopener\">Outubro<\/a><\/span><\/p><h5><span style=\"font-family: arial, helvetica, sans-serif;font-size: 12pt\"><strong>2021<\/strong><\/span><\/h5><p><span style=\"font-family: arial, helvetica, sans-serif;font-size: 12pt\"><a href=\"https:\/\/www.ufsm.br\/app\/uploads\/sites\/504\/2021\/11\/Ata4CPAAgo2021.pdf\">Agosto<\/a><\/span><\/p><p><span style=\"font-family: arial, helvetica, sans-serif;font-size: 12pt\"><a href=\"https:\/\/www.ufsm.br\/app\/uploads\/sites\/504\/2021\/11\/Ata3CPAJuL2021.pdf\">Julho<\/a><\/span><\/p><p><span style=\"font-family: arial, helvetica, sans-serif;font-size: 12pt\"><a href=\"https:\/\/www.ufsm.br\/app\/uploads\/sites\/504\/2021\/11\/Ata2CPAJun2021.pdf\">Junho<\/a><\/span><\/p><h5><span style=\"font-family: arial, helvetica, sans-serif;font-size: 12pt\"><strong>2019<\/strong><\/span><\/h5><p><span style=\"font-family: arial, helvetica, sans-serif;font-size: 12pt\"><a href=\"https:\/\/www.ufsm.br\/reitoria\/avaliacao\/wp-content\/uploads\/sites\/504\/2020\/01\/CPA-6-2019-12-05.pdf\">Dezembro<\/a><\/span><\/p><p><span style=\"font-family: arial, helvetica, sans-serif;font-size: 12pt\"><a href=\"https:\/\/www.ufsm.br\/reitoria\/avaliacao\/wp-content\/uploads\/sites\/504\/2019\/12\/CPA-5-2019-11-01.pdf\">Novembro<\/a><\/span><\/p><p><span style=\"font-family: arial, helvetica, sans-serif;font-size: 12pt\"><a href=\"https:\/\/www.ufsm.br\/reitoria\/avaliacao\/wp-content\/uploads\/sites\/504\/2019\/12\/CPA-4-2019-09-02.pdf\">Setembro<\/a><\/span><\/p><p><span style=\"font-family: arial, helvetica, sans-serif;font-size: 12pt\"><a href=\"https:\/\/www.ufsm.br\/reitoria\/avaliacao\/wp-content\/uploads\/sites\/504\/2019\/04\/CPA-1-2019-03-28.pdf\">Mar\u00e7o<\/a><\/span><\/p><p><span style=\"font-family: arial, helvetica, sans-serif;font-size: 12pt\"><a href=\"https:\/\/www.ufsm.br\/reitoria\/avaliacao\/wp-content\/uploads\/sites\/504\/2019\/07\/CPA-2-2019-06-06Slides.pdf\" target=\"_blank\" rel=\"noopener\">Junho &#8211; Reuni\u00e3o de 06.06<\/a><\/span><\/p><p><span style=\"font-family: arial, helvetica, sans-serif;font-size: 12pt\"><a href=\"https:\/\/www.ufsm.br\/reitoria\/avaliacao\/wp-content\/uploads\/sites\/504\/2019\/07\/CPA-3-2019-06-17Slides.pdf\" target=\"_blank\" rel=\"noopener\">Junho &#8211; Reuni\u00e3o de 17.06<\/a><\/span><\/p><h5><span style=\"font-family: arial, helvetica, sans-serif;font-size: 12pt\"><strong>2018<\/strong><\/span><\/h5><div><span style=\"font-family: arial, helvetica, sans-serif;font-size: 12pt\"><a href=\"https:\/\/www.ufsm.br\/reitoria\/avaliacao\/wp-content\/uploads\/sites\/504\/2019\/01\/Memoria_reuniao_CPA_21_03_2018.pdf\" target=\"_blank\" rel=\"noopener\">Mar\u00e7o<\/a><\/span><\/div><div><span style=\"font-family: arial, helvetica, sans-serif;font-size: 12pt\"><a href=\"https:\/\/www.ufsm.br\/reitoria\/avaliacao\/wp-content\/uploads\/sites\/504\/2019\/01\/memoria_reuniao_21_06-1.pdf\" target=\"_blank\" rel=\"noopener\">Junho<\/a><\/span><\/div><div><span style=\"font-family: arial, helvetica, sans-serif;font-size: 12pt\"><a href=\"https:\/\/www.ufsm.br\/reitoria\/avaliacao\/wp-content\/uploads\/sites\/504\/2019\/01\/3_CPA-2018-08-07.pdf\" target=\"_blank\" rel=\"noopener\">Agosto<\/a><\/span><\/div><div><span style=\"font-family: arial, helvetica, sans-serif;font-size: 12pt\"><a href=\"https:\/\/www.ufsm.br\/reitoria\/avaliacao\/wp-content\/uploads\/sites\/504\/2019\/01\/4_CPA-2018-09-27.pdf\" target=\"_blank\" rel=\"noopener\">Setembro<\/a><\/span><br \/><span style=\"font-family: arial, helvetica, sans-serif;font-size: 12pt\"><a href=\"https:\/\/www.ufsm.br\/reitoria\/avaliacao\/wp-content\/uploads\/sites\/504\/2019\/03\/CPA-4-2018-10-29-1.pdf\" target=\"_blank\" rel=\"noopener\">Outubro<\/a><\/span><\/div><div>\u00a0<\/div><h5><span style=\"font-family: arial, helvetica, sans-serif;font-size: 12pt\"><strong>2017<\/strong><\/span><\/h5><div><span style=\"font-family: arial, helvetica, sans-serif;font-size: 12pt\"><a href=\"https:\/\/www.ufsm.br\/reitoria\/avaliacao\/wp-content\/uploads\/sites\/504\/2019\/01\/1-2017.pdf\" target=\"_blank\" rel=\"noopener\">Mar\u00e7o<\/a><\/span><\/div><div><span style=\"font-family: arial, helvetica, sans-serif;font-size: 12pt\"><a href=\"https:\/\/www.ufsm.br\/reitoria\/avaliacao\/wp-content\/uploads\/sites\/504\/2019\/01\/2-2017.pdf\" target=\"_blank\" rel=\"noopener\">Maio<\/a><\/span><\/div><div><span style=\"font-family: arial, helvetica, sans-serif;font-size: 12pt\"><a href=\"https:\/\/www.ufsm.br\/reitoria\/avaliacao\/wp-content\/uploads\/sites\/504\/2019\/01\/Memria_reunio_CPA_12.07.2017.pdf\" target=\"_blank\" rel=\"noopener\">Julho<\/a><\/span><\/div><div><span style=\"font-family: arial, helvetica, sans-serif;font-size: 12pt\"><a href=\"https:\/\/www.ufsm.br\/reitoria\/avaliacao\/wp-content\/uploads\/sites\/504\/2019\/01\/Memria_reunio_CPA_09.08.2017.pdf\" target=\"_blank\" rel=\"noopener\">Agosto<\/a><\/span><\/div><div><span style=\"font-family: arial, helvetica, sans-serif;font-size: 12pt\"><a href=\"https:\/\/www.ufsm.br\/reitoria\/avaliacao\/wp-content\/uploads\/sites\/504\/2019\/01\/5-2017.pdf\" target=\"_blank\" rel=\"noopener\">Setembro<\/a><\/span><\/div><div><span style=\"font-family: arial, helvetica, sans-serif;font-size: 12pt\"><a href=\"https:\/\/www.ufsm.br\/reitoria\/avaliacao\/wp-content\/uploads\/sites\/504\/2019\/01\/6-2017.pdf\" target=\"_blank\" rel=\"noopener\">Novembro<\/a><\/span><\/div><div>\u00a0<\/div><h5><span style=\"font-family: arial, helvetica, sans-serif;font-size: 12pt\"><strong>2016<\/strong><\/span><\/h5><p><span style=\"font-family: arial, helvetica, sans-serif;font-size: 12pt\"><a href=\"https:\/\/www.ufsm.br\/reitoria\/avaliacao\/wp-content\/uploads\/sites\/504\/2019\/01\/1_Memoria_reuniao_CPA_09.03.2016.pdf\" target=\"_blank\" rel=\"noopener\">Mar\u00e7o<\/a><\/span><br \/><span style=\"font-family: arial, helvetica, sans-serif;font-size: 12pt\"><a href=\"https:\/\/www.ufsm.br\/reitoria\/avaliacao\/wp-content\/uploads\/sites\/504\/2019\/01\/2_Memoria_reuniao_CPA_10_05_2016.pdf\" target=\"_blank\" rel=\"noopener\">Maio\u00a0<\/a><\/span><br \/><span style=\"font-family: arial, helvetica, sans-serif;font-size: 12pt\"><a href=\"https:\/\/www.ufsm.br\/reitoria\/avaliacao\/wp-content\/uploads\/sites\/504\/2019\/01\/3_Memoria_reuniao_CPA_14.07.2016.pdf\" target=\"_blank\" rel=\"noopener\">Julho<\/a><\/span><br \/><span style=\"font-family: arial, helvetica, sans-serif;font-size: 12pt\"><a href=\"https:\/\/www.ufsm.br\/reitoria\/avaliacao\/wp-content\/uploads\/sites\/504\/2019\/01\/4_Memoria_reuniao_10_08_2016.pdf\" target=\"_blank\" rel=\"noopener\">Agosto\u00a0<\/a><\/span><br \/><span style=\"font-family: arial, helvetica, sans-serif;font-size: 12pt\"><a href=\"https:\/\/www.ufsm.br\/reitoria\/avaliacao\/wp-content\/uploads\/sites\/504\/2019\/01\/5_Memoria_reuniao_CPA_08.11.2016.pdf\" target=\"_blank\" rel=\"noopener\">Novembro<\/a><\/span><br \/><span style=\"font-family: arial, helvetica, sans-serif;font-size: 12pt\"><a href=\"https:\/\/www.ufsm.br\/reitoria\/avaliacao\/wp-content\/uploads\/sites\/504\/2019\/01\/6_Memoria_reunio_CPA_07.12.2016.pdf\" target=\"_blank\" rel=\"noopener\">Dezembro<\/a><\/span><\/p><p><!-- \/wp:tadv\/classic-paragraph --><\/p>\t\t\t\t\t\t<\/div>\n\t\t\t\t<\/div>\n\t\t\t\t\t<\/div>\n\t\t<\/div>\n\t\t\t\t\t<\/div>\n\t\t<\/section>\n\t\t\t\t<\/div>\n\t\t","protected":false},"excerpt":{"rendered":"<p>2025 Outubro Maio Agosto 2024 Setembro Julho 2023 Janeiro Mar\u00e7o Julho Setembro Novembro 2022 Fevereiro Maio Agosto\u00a0 Outubro 2021 Agosto Julho Junho 2019 Dezembro Novembro Setembro Mar\u00e7o Junho &#8211; Reuni\u00e3o de 06.06 Junho &#8211; Reuni\u00e3o de 17.06 2018 Mar\u00e7oJunhoAgostoSetembroOutubro\u00a0 2017 Mar\u00e7oMaioJulhoAgostoSetembroNovembro\u00a0 2016 Mar\u00e7oMaio\u00a0JulhoAgosto\u00a0NovembroDezembro<\/p>\n","protected":false},"author":118,"featured_media":0,"parent":0,"menu_order":0,"comment_status":"closed","ping_status":"closed","template":"","meta":{"footnotes":""},"categories":[],"tags":[],"class_list":["post-112","page","type-page","status-publish","hentry"],"acf":[],"_links":{"self":[{"href":"https:\/\/www.ufsm.br\/reitoria\/avaliacao\/wp-json\/wp\/v2\/pages\/112","targetHints":{"allow":["GET"]}}],"collection":[{"href":"https:\/\/www.ufsm.br\/reitoria\/avaliacao\/wp-json\/wp\/v2\/pages"}],"about":[{"href":"https:\/\/www.ufsm.br\/reitoria\/avaliacao\/wp-json\/wp\/v2\/types\/page"}],"author":[{"embeddable":true,"href":"https:\/\/www.ufsm.br\/reitoria\/avaliacao\/wp-json\/wp\/v2\/users\/118"}],"replies":[{"embeddable":true,"href":"https:\/\/www.ufsm.br\/reitoria\/avaliacao\/wp-json\/wp\/v2\/comments?post=112"}],"version-history":[{"count":0,"href":"https:\/\/www.ufsm.br\/reitoria\/avaliacao\/wp-json\/wp\/v2\/pages\/112\/revisions"}],"wp:attachment":[{"href":"https:\/\/www.ufsm.br\/reitoria\/avaliacao\/wp-json\/wp\/v2\/media?parent=112"}],"wp:term":[{"taxonomy":"category","embeddable":true,"href":"https:\/\/www.ufsm.br\/reitoria\/avaliacao\/wp-json\/wp\/v2\/categories?post=112"},{"taxonomy":"post_tag","embeddable":true,"href":"https:\/\/www.ufsm.br\/reitoria\/avaliacao\/wp-json\/wp\/v2\/tags?post=112"}],"curies":[{"name":"wp","href":"https:\/\/api.w.org\/{rel}","templated":true}]}}